{"id":3851,"date":"2022-12-09T12:19:58","date_gmt":"2022-12-09T12:19:58","guid":{"rendered":"https:\/\/blogsaverroes.juntadeandalucia.es\/alunada\/?page_id=3851"},"modified":"2022-12-12T12:23:23","modified_gmt":"2022-12-12T12:23:23","slug":"plan-de-igualdad","status":"publish","type":"page","link":"https:\/\/blogsaverroes.juntadeandalucia.es\/alunada\/plan-de-igualdad\/","title":{"rendered":"Plan de Igualdad"},"content":{"rendered":"<p><a href=\"https:\/\/blogsaverroes.juntadeandalucia.es\/alunada\/files\/2022\/12\/Sin-nombre.jpg\"><img loading=\"lazy\" decoding=\"async\" class=\"aligncenter wp-image-3865\" src=\"https:\/\/blogsaverroes.juntadeandalucia.es\/alunada\/files\/2022\/12\/Sin-nombre-300x40.jpg\" alt=\"\" width=\"1118\" height=\"149\" srcset=\"https:\/\/blogsaverroes.juntadeandalucia.es\/alunada\/files\/2022\/12\/Sin-nombre-300x40.jpg 300w, https:\/\/blogsaverroes.juntadeandalucia.es\/alunada\/files\/2022\/12\/Sin-nombre-1024x136.jpg 1024w, https:\/\/blogsaverroes.juntadeandalucia.es\/alunada\/files\/2022\/12\/Sin-nombre-768x102.jpg 768w, https:\/\/blogsaverroes.juntadeandalucia.es\/alunada\/files\/2022\/12\/Sin-nombre.jpg 1211w\" sizes=\"(max-width: 1118px) 100vw, 1118px\" \/><\/a><\/p>\n<p><span style=\"font-size: 14pt\"><strong>\u00abLa Alunada se pone en marcha\u00bb<\/strong><\/span><\/p>\n<p>Con motivo de la celebraci\u00f3n del D\u00eda del Flamenco y el 25 de Noviembre contra La Violencia Machista nuestro centro ha realizado una serie de actividades como la investigaci\u00f3n, realizaci\u00f3n y exposici\u00f3n de figuras del hombre en el baile Flamenco (bailaores) culminando con la participaci\u00f3n de todo el alumnado&nbsp; en la visualizaci\u00f3n&nbsp; como p\u00fablico de una actuaci\u00f3n de cante, baile y toque flamenco en directo.<br \/>\nAdem\u00e1s el d\u00eda 25 de noviembre el segundo ciclo particip\u00f3 junto a los otros centros de la localidad en la Marcha organizada por el Ayuntamiento de nuestro pueblo para apoyar la lucha contra la violencia.<\/p>\n<p>&nbsp;<\/p>\n<p><a href=\"https:\/\/blogsaverroes.juntadeandalucia.es\/alunada\/files\/2022\/12\/Marcha-25N.jpg\"><img loading=\"lazy\" decoding=\"async\" class=\"aligncenter wp-image-3875 size-large\" src=\"https:\/\/blogsaverroes.juntadeandalucia.es\/alunada\/files\/2022\/12\/Marcha-25N-1024x785.jpg\" alt=\"Marcha 25N\" width=\"1024\" height=\"785\" srcset=\"https:\/\/blogsaverroes.juntadeandalucia.es\/alunada\/files\/2022\/12\/Marcha-25N-1024x785.jpg 1024w, https:\/\/blogsaverroes.juntadeandalucia.es\/alunada\/files\/2022\/12\/Marcha-25N-300x230.jpg 300w, https:\/\/blogsaverroes.juntadeandalucia.es\/alunada\/files\/2022\/12\/Marcha-25N-768x589.jpg 768w, https:\/\/blogsaverroes.juntadeandalucia.es\/alunada\/files\/2022\/12\/Marcha-25N.jpg 1080w\" sizes=\"(max-width: 1024px) 100vw, 1024px\" \/><\/a><\/p>\n<p><a href=\"https:\/\/blogsaverroes.juntadeandalucia.es\/alunada\/files\/2022\/11\/facebook_1668615746748_6998681701050356274.jpg\"><img loading=\"lazy\" decoding=\"async\" class=\"aligncenter size-full wp-image-3831\" src=\"https:\/\/blogsaverroes.juntadeandalucia.es\/alunada\/files\/2022\/11\/facebook_1668615746748_6998681701050356274.jpg\" alt=\"Pasillo de la Fama Flamenca\" width=\"960\" height=\"720\" srcset=\"https:\/\/blogsaverroes.juntadeandalucia.es\/alunada\/files\/2022\/11\/facebook_1668615746748_6998681701050356274.jpg 960w, https:\/\/blogsaverroes.juntadeandalucia.es\/alunada\/files\/2022\/11\/facebook_1668615746748_6998681701050356274-300x225.jpg 300w, https:\/\/blogsaverroes.juntadeandalucia.es\/alunada\/files\/2022\/11\/facebook_1668615746748_6998681701050356274-768x576.jpg 768w\" sizes=\"(max-width: 960px) 100vw, 960px\" \/><\/a><\/p>\n<p><a href=\"https:\/\/blogsaverroes.juntadeandalucia.es\/alunada\/files\/2022\/11\/IMG_9358-scaled.jpg\"><img loading=\"lazy\" decoding=\"async\" class=\"aligncenter size-full wp-image-3828\" src=\"https:\/\/blogsaverroes.juntadeandalucia.es\/alunada\/files\/2022\/11\/IMG_9358-scaled.jpg\" alt=\"D\u00eda Internacional del Flamenco\" width=\"1600\" height=\"900\" srcset=\"https:\/\/blogsaverroes.juntadeandalucia.es\/alunada\/files\/2022\/11\/IMG_9358-scaled.jpg 1600w, https:\/\/blogsaverroes.juntadeandalucia.es\/alunada\/files\/2022\/11\/IMG_9358-300x169.jpg 300w, https:\/\/blogsaverroes.juntadeandalucia.es\/alunada\/files\/2022\/11\/IMG_9358-1024x576.jpg 1024w, https:\/\/blogsaverroes.juntadeandalucia.es\/alunada\/files\/2022\/11\/IMG_9358-768x432.jpg 768w, https:\/\/blogsaverroes.juntadeandalucia.es\/alunada\/files\/2022\/11\/IMG_9358-1536x864.jpg 1536w, https:\/\/blogsaverroes.juntadeandalucia.es\/alunada\/files\/2022\/11\/IMG_9358-2048x1152.jpg 2048w\" sizes=\"(max-width: 1600px) 100vw, 1600px\" \/><\/a><\/p>\n","protected":false},"excerpt":{"rendered":"<p>\u00abLa Alunada se pone en marcha\u00bb Con motivo de la celebraci\u00f3n del D\u00eda del Flamenco y el 25 de Noviembre contra La Violencia Machista nuestro centro ha realizado una serie de actividades como la investigaci\u00f3n, realizaci\u00f3n y exposici\u00f3n de figuras&#46;&#46;&#46;<\/p>\n","protected":false},"author":1514,"featured_media":3865,"parent":0,"menu_order":0,"comment_status":"closed","ping_status":"closed","template":"","meta":{"ngg_post_thumbnail":0,"footnotes":""},"aioseo_notices":[],"_links":{"self":[{"href":"https:\/\/blogsaverroes.juntadeandalucia.es\/alunada\/wp-json\/wp\/v2\/pages\/3851"}],"collection":[{"href":"https:\/\/blogsaverroes.juntadeandalucia.es\/alunada\/wp-json\/wp\/v2\/pages"}],"about":[{"href":"https:\/\/blogsaverroes.juntadeandalucia.es\/alunada\/wp-json\/wp\/v2\/types\/page"}],"author":[{"embeddable":true,"href":"https:\/\/blogsaverroes.juntadeandalucia.es\/alunada\/wp-json\/wp\/v2\/users\/1514"}],"replies":[{"embeddable":true,"href":"https:\/\/blogsaverroes.juntadeandalucia.es\/alunada\/wp-json\/wp\/v2\/comments?post=3851"}],"version-history":[{"count":4,"href":"https:\/\/blogsaverroes.juntadeandalucia.es\/alunada\/wp-json\/wp\/v2\/pages\/3851\/revisions"}],"predecessor-version":[{"id":3866,"href":"https:\/\/blogsaverroes.juntadeandalucia.es\/alunada\/wp-json\/wp\/v2\/pages\/3851\/revisions\/3866"}],"wp:featuredmedia":[{"embeddable":true,"href":"https:\/\/blogsaverroes.juntadeandalucia.es\/alunada\/wp-json\/wp\/v2\/media\/3865"}],"wp:attachment":[{"href":"https:\/\/blogsaverroes.juntadeandalucia.es\/alunada\/wp-json\/wp\/v2\/media?parent=3851"}],"curies":[{"name":"wp","href":"https:\/\/api.w.org\/{rel}","templated":true}]}}