{"id":56,"date":"2015-02-17T12:40:54","date_gmt":"2015-02-17T12:40:54","guid":{"rendered":"http:\/\/blogsaverroes.juntadeandalucia.es\/alunada\/?page_id=56"},"modified":"2026-02-24T09:34:59","modified_gmt":"2026-02-24T09:34:59","slug":"estructura","status":"publish","type":"page","link":"https:\/\/blogsaverroes.juntadeandalucia.es\/alunada\/estructura\/","title":{"rendered":"Estructura"},"content":{"rendered":"<h1 style=\"text-align: justify\">Organigrama del centro<\/h1>\n<p style=\"text-align: justify\">A continuaci\u00f3n presentamos los componentes de los diversos \u00f3rganos que integran la organizaci\u00f3n del centro en el actual curso, es decir, presentamos el organigrama para el curso en el curso acad\u00e9mico 2026\/2027:<\/p>\n<h2 style=\"text-align: justify\">Claustro<\/h2>\n<ul>\n<li>D\u00aa. Rosal\u00eda Jes\u00fas Ben\u00edtez Algaba. (Educaci\u00f3n Primaria)<\/li>\n<li>D\u00aa. M\u00aa R. Gallego Fern\u00e1ndez. (M\u00fasica Primaria)<\/li>\n<li>D\u00aa. Teresa Rodr\u00edguez Carricondo \/ Mar\u00eda Sol Aguilera Guti\u00e9rrez&nbsp;(Lengua extranjera-ingl\u00e9s de Primaria)<\/li>\n<li>D\u00aa. Miriam Marco Mart\u00edn (Audici\u00f3n y Lenguaje)<\/li>\n<li>D\u00aa. M\u00aa Flor \u00c1lvarez Fern\u00e1ndez. (Educaci\u00f3n Infantil)<\/li>\n<li>D. Eduardo Fajardo Renqu\u00e9. (Educaci\u00f3n Primaria)<\/li>\n<li>D\u00aa. Mercedes Falc\u00f3n L\u00f3pez.&nbsp;(Educaci\u00f3n Infantil)<\/li>\n<li>D\u00aa. Rebeca Fern\u00e1ndez Vargas. (Educaci\u00f3n Primaria)<\/li>\n<li>D\u00aa. \u00c1ngela Mart\u00edn de los Santos. (Educaci\u00f3n Primaria)<\/li>\n<li>D\u00aa. Carmelo Ortiz Garc\u00eda. (Educaci\u00f3n Primaria)<\/li>\n<li>D\u00aa. Lourdes Le\u00f3n Jim\u00e9nez.&nbsp;(Educaci\u00f3n Primaria)<\/li>\n<li>D\u00aa. M\u00aa \u00c1ngeles Carri\u00f3n Guill\u00e9n. (Religi\u00f3n de Primaria)<\/li>\n<li>D\u00aa. Marta Ramos Sep\u00falveda. (Apoyo Educaci\u00f3n Infantil)<\/li>\n<li>D. Diego Mart\u00ednez Rom\u00e1n. (Educaci\u00f3n f\u00edsica Primaria)<\/li>\n<li>D\u00aa. Enriqueta Ortiz Le\u00f3n.&nbsp;(Educaci\u00f3n Infantil)<\/li>\n<li>D. Fco. Javier Pineda Ben\u00edtez.&nbsp;(Educaci\u00f3n Primaria)<\/li>\n<li>D. M\u00aa Jes\u00fas Bonilla Guerrero. (Educaci\u00f3n Primaria)<\/li>\n<li>D\u00aa. Mar\u00eda Dolores Rodr\u00edguez Bonilla. (Religi\u00f3n de Primaria)<\/li>\n<li>D. Mar\u00eda Jos\u00e9 Seda Espinosa (Pedagog\u00eda terap\u00e9utica)<\/li>\n<li>D. Sergio Arroyo Fern\u00e1ndez.&nbsp;(Lengua extranjera-franc\u00e9s de Primaria)<\/li>\n<li>D\u00aa. Vanesa Burgos Cobano.&nbsp;(Educaci\u00f3n Infantil)<\/li>\n<li>D\u00aa. Milagro Santos Morillo. (Educaci\u00f3n Primaria)<\/li>\n<li>D. Jos\u00e9 Manuel Sutil Le\u00f3n \/ D. Emilio J. Garrido V\u00e1zquez (Apoyo Educaci\u00f3n Primaria)<\/li>\n<li>D\u00aa Vanesa Guerrero Jim\u00e9nez (Educaci\u00f3n Infantil)<\/li>\n<li>D. Manuel Guill\u00e9n Garc\u00eda (Educaci\u00f3n Infantil)<\/li>\n<\/ul>\n<h2 style=\"text-align: justify\">Consejo Escolar<\/h2>\n<ul style=\"text-align: justify\">\n<li>&nbsp;<strong>Presidente:<\/strong> D. Diego Mart\u00ednez Rom\u00e1n. (Director)<\/li>\n<li><strong>Jefe de estudios: <\/strong>D. Eduardo Fajardo Renqu\u00e9.<\/li>\n<li><strong>Secretario:&nbsp;<\/strong>D. Fco. Javier Pineda Ben\u00edtez.<\/li>\n<li><strong>Representantes del profesorado:<\/strong>\n<ul>\n<li>D\u00aa. \u00c1lvarez Fern\u00e1ndez, Mar\u00eda de la Flor<\/li>\n<li>D\u00aa. Fern\u00e1ndez Vargas, Rebeca<\/li>\n<li>D\u00aa. Gallego Fern\u00e1ndez, Mar\u00eda del Roc\u00edo<\/li>\n<li>D\u00aa. Mart\u00edn De los Santos, \u00c1ngela<\/li>\n<li>D. Morales Guill\u00e9n, Jos\u00e9 Antonio<\/li>\n<li>D\u00aa. Rodr\u00edguez Bonilla, Mar\u00eda Dolores<\/li>\n<li>D\u00aa. Seda Espinosa, Mar\u00eda Jos\u00e9<\/li>\n<li>D. Sutil Le\u00f3n, Jos\u00e9 Manuel<\/li>\n<\/ul>\n<\/li>\n<li><strong>Representantes de los padres y las madres:<\/strong>\n<ul>\n<li>D\u00aa. Belloso Garc\u00eda, Montserrat<\/li>\n<li>D\u00aa. Belmonte Garfia, M\u00f3nica<\/li>\n<li>D\u00aa. Borreguero Mart\u00ednez, Rosario<\/li>\n<li>D\u00aa. Gonz\u00e1lez Gallego, Elena<\/li>\n<li>D\u00aa. L\u00f3pez Vergara, Araceli<\/li>\n<li>D\u00aa. Navarro P\u00e9rez, Mar\u00eda Auxiliadora<\/li>\n<li>D\u00aa. S\u00e1nchez Guerra, Desire\u00e9<\/li>\n<li>D\u00aa. Vergara Guerrero, Juana Gloria<\/li>\n<li>D\u00aa. Ruiz Hoyos, M.\u00aa Antonia (Representante AMPA La Lun\u00e1<\/li>\n<\/ul>\n<\/li>\n<li><strong>Representante del Excmo. Ayuntamiento:<\/strong> D. Salvat De Los Santos, Manuel<\/li>\n<\/ul>\n<h3 style=\"text-align: justify\">Equipo Directivo<\/h3>\n<ul style=\"text-align: justify\">\n<li><strong>Director:<\/strong> D.Diego Mart\u00ednez Rom\u00e1n.<\/li>\n<li><strong>Jefe de estudios:<\/strong> D. Eduardo Fajardo Renqu\u00e9.<\/li>\n<li><strong>Secretario:<\/strong> Fco. Javier Pineda Ben\u00edtez.<\/li>\n<\/ul>\n<h3 style=\"text-align: justify\">Equipo T\u00e9cnico de Coordinaci\u00f3n Pedag\u00f3gica (E.T.C.P.)<\/h3>\n<ul style=\"text-align: justify\">\n<li><strong>Equipo directivo:<\/strong>\n<ul>\n<li><strong>Director:<\/strong> D. Diego Mart\u00ednez Rom\u00e1n.<\/li>\n<li><strong>Jefe de estudio:<\/strong> D. Eduardo Fajardo Renqu\u00e9.<\/li>\n<li><strong>Secretario:<\/strong> Fco. Javier Pineda Ben\u00edtez.<\/li>\n<\/ul>\n<\/li>\n<li><strong>Educaci\u00f3n infantil:&nbsp;<\/strong>D\u00aa Vanesa Burgos Cobano .<\/li>\n<li><strong>Educaci\u00f3n Primaria:<\/strong>\n<ul>\n<li><strong>Primer ciclo:<\/strong> D\u00aa. Rosal\u00eda Ben\u00edtez Algaba<\/li>\n<li><strong>Segundo ciclo:<\/strong> D\u00aa. M.\u00aa Jes\u00fas Bonilla Guerrero.<\/li>\n<li><strong>Tercer ciclo:<\/strong> D. Sergio Arroyo Fern\u00e1ndez.<\/li>\n<\/ul>\n<\/li>\n<\/ul>\n<h3 style=\"text-align: justify\">Equipo de Orientaci\u00f3n y Apoyo (E.O.A.)<\/h3>\n<ul style=\"text-align: justify\">\n<li><strong>Orientadora:<\/strong> D. Juan Antonio \u00c1lvarez Alc\u00e1zar<\/li>\n<li><strong>Audici\u00f3n y lenguaje:&nbsp;<\/strong>D\u00aa. Miriam Marco Mart\u00edn.<\/li>\n<li><strong>Pedagog\u00eda terap\u00e9utica:&nbsp; <\/strong>D\u00aa. M\u00aa. Jos\u00e9 Seda Espinosa (Coord.)<\/li>\n<\/ul>\n<h3 style=\"text-align: justify\">Equipo TDE (Transformaci\u00f3n Digital Educativa)<\/h3>\n<ul>\n<li style=\"text-align: justify\"><strong>Coordinadora TDE: <\/strong>D\u00aa. Milagros Santos Morillo. (Coordinadora)<\/li>\n<li><strong>Coordinador STEM 4.0: <\/strong>D. Diego Mart\u00ednez Rom\u00e1n. (Coordinadora)<\/li>\n<\/ul>\n","protected":false},"excerpt":{"rendered":"<p>Organigrama del centro A continuaci\u00f3n presentamos los componentes de los diversos \u00f3rganos que integran la organizaci\u00f3n del centro en el actual curso, es decir, presentamos el organigrama para el curso en el curso acad\u00e9mico 2026\/2027: Claustro D\u00aa. Rosal\u00eda Jes\u00fas Ben\u00edtez&#46;&#46;&#46;<\/p>\n","protected":false},"author":1514,"featured_media":0,"parent":0,"menu_order":0,"comment_status":"open","ping_status":"open","template":"","meta":{"ngg_post_thumbnail":0,"footnotes":""},"aioseo_notices":[],"_links":{"self":[{"href":"https:\/\/blogsaverroes.juntadeandalucia.es\/alunada\/wp-json\/wp\/v2\/pages\/56"}],"collection":[{"href":"https:\/\/blogsaverroes.juntadeandalucia.es\/alunada\/wp-json\/wp\/v2\/pages"}],"about":[{"href":"https:\/\/blogsaverroes.juntadeandalucia.es\/alunada\/wp-json\/wp\/v2\/types\/page"}],"author":[{"embeddable":true,"href":"https:\/\/blogsaverroes.juntadeandalucia.es\/alunada\/wp-json\/wp\/v2\/users\/1514"}],"replies":[{"embeddable":true,"href":"https:\/\/blogsaverroes.juntadeandalucia.es\/alunada\/wp-json\/wp\/v2\/comments?post=56"}],"version-history":[{"count":22,"href":"https:\/\/blogsaverroes.juntadeandalucia.es\/alunada\/wp-json\/wp\/v2\/pages\/56\/revisions"}],"predecessor-version":[{"id":4703,"href":"https:\/\/blogsaverroes.juntadeandalucia.es\/alunada\/wp-json\/wp\/v2\/pages\/56\/revisions\/4703"}],"wp:attachment":[{"href":"https:\/\/blogsaverroes.juntadeandalucia.es\/alunada\/wp-json\/wp\/v2\/media?parent=56"}],"curies":[{"name":"wp","href":"https:\/\/api.w.org\/{rel}","templated":true}]}}