{"id":59,"date":"2015-02-17T12:49:19","date_gmt":"2015-02-17T12:49:19","guid":{"rendered":"http:\/\/blogsaverroes.juntadeandalucia.es\/alunada\/?page_id=59"},"modified":"2026-02-24T09:45:38","modified_gmt":"2026-02-24T09:45:38","slug":"plan-de-centro","status":"publish","type":"page","link":"https:\/\/blogsaverroes.juntadeandalucia.es\/alunada\/plan-de-centro\/","title":{"rendered":"Plan de centro"},"content":{"rendered":"<h1 style=\"text-align: justify\">Plan de centro<\/h1>\n<p style=\"text-align: justify\">El Plan de centro se compone del Proyecto educativo, el R.O.F. (Reglamento de organizaci\u00f3n y funcionamiento) y el Proyecto de gesti\u00f3n. A continuaci\u00f3n presentamos todos ellos:<\/p>\n<p style=\"padding-left: 30px\"><i class=\"fa fa-file-pdf-o fa-2x\"><\/i> <a href=\"https:\/\/drive.google.com\/file\/d\/1ItiTeS7IVZxLyGGqBJmjLnmz3z-nyvaz\/view?usp=drive_link\">Proyecto Educativo<\/a><\/p>\n<p style=\"padding-left: 30px\"><a href=\"https:\/\/drive.google.com\/file\/d\/1zImYYfHgvkxSVRIc5gMFJdg3j6X4zCzl\/view?usp=drive_link\">Reglamento de Organizaci\u00f3n y Funcionamiento<\/a><\/p>\n<p>&nbsp; &nbsp; &nbsp;<a href=\"https:\/\/drive.google.com\/file\/d\/1ep7ygMIxJnrh0UcLccRl1cb53ladA8Ky\/view?usp=drive_link\"> Proyecto de Gesti\u00f3n<\/a>&nbsp;<\/p>\n","protected":false},"excerpt":{"rendered":"<p>Plan de centro El Plan de centro se compone del Proyecto educativo, el R.O.F. (Reglamento de organizaci\u00f3n y funcionamiento) y el Proyecto de gesti\u00f3n. A continuaci\u00f3n presentamos todos ellos: Proyecto Educativo Reglamento de Organizaci\u00f3n y Funcionamiento &nbsp; &nbsp; &nbsp; Proyecto&#46;&#46;&#46;<\/p>\n","protected":false},"author":1514,"featured_media":0,"parent":0,"menu_order":0,"comment_status":"open","ping_status":"open","template":"","meta":{"ngg_post_thumbnail":0,"footnotes":""},"aioseo_notices":[],"_links":{"self":[{"href":"https:\/\/blogsaverroes.juntadeandalucia.es\/alunada\/wp-json\/wp\/v2\/pages\/59"}],"collection":[{"href":"https:\/\/blogsaverroes.juntadeandalucia.es\/alunada\/wp-json\/wp\/v2\/pages"}],"about":[{"href":"https:\/\/blogsaverroes.juntadeandalucia.es\/alunada\/wp-json\/wp\/v2\/types\/page"}],"author":[{"embeddable":true,"href":"https:\/\/blogsaverroes.juntadeandalucia.es\/alunada\/wp-json\/wp\/v2\/users\/1514"}],"replies":[{"embeddable":true,"href":"https:\/\/blogsaverroes.juntadeandalucia.es\/alunada\/wp-json\/wp\/v2\/comments?post=59"}],"version-history":[{"count":21,"href":"https:\/\/blogsaverroes.juntadeandalucia.es\/alunada\/wp-json\/wp\/v2\/pages\/59\/revisions"}],"predecessor-version":[{"id":4705,"href":"https:\/\/blogsaverroes.juntadeandalucia.es\/alunada\/wp-json\/wp\/v2\/pages\/59\/revisions\/4705"}],"wp:attachment":[{"href":"https:\/\/blogsaverroes.juntadeandalucia.es\/alunada\/wp-json\/wp\/v2\/media?parent=59"}],"curies":[{"name":"wp","href":"https:\/\/api.w.org\/{rel}","templated":true}]}}