{"id":63,"date":"2015-02-17T12:52:31","date_gmt":"2015-02-17T12:52:31","guid":{"rendered":"http:\/\/blogsaverroes.juntadeandalucia.es\/alunada\/?page_id=63"},"modified":"2024-11-20T12:43:02","modified_gmt":"2024-11-20T12:43:02","slug":"plan-de-autoproteccion","status":"publish","type":"page","link":"https:\/\/blogsaverroes.juntadeandalucia.es\/alunada\/plan-de-autoproteccion\/","title":{"rendered":"Plan de autoprotecci\u00f3n"},"content":{"rendered":"<h1 style=\"text-align: justify\">Plan de autoprotecci\u00f3n<\/h1>\n<p style=\"text-align: justify\">El actual Plan de autoprotecci\u00f3n&nbsp;es un documento que recoge el conjunto de medidas dise\u00f1adas e implantadas para evitar la materializaci\u00f3n de situaciones de emergencia y, en su caso, para minimizar las consecuencias derivadas de un siniestro y optimizar los recursos disponibles existentes al respecto. Toda esta informaci\u00f3n debe estar debidamente recogida y ser conocida por todos los ocupantes del centro para evitar respuestas improvisadas que conduzcan a la desorganizaci\u00f3n y el caos durante una eventual y urgente evacuaci\u00f3n. Una correcta planificaci\u00f3n en este sentido contribuir\u00e1 a mejorar la eficacia de la intervenci\u00f3n y reducir el tiempo de evacuaci\u00f3n, detect\u00e1ndose tambi\u00e9n con ello posibles deficiencias que se pudieran manifestar. Por lo tanto el plan debe ser un instrumento que basado en el estudio, desarrollo y puesta en pr\u00e1ctica de una serie de pautas de actuaci\u00f3n, en base a los medios disponibles, permite una respuesta r\u00e1pida y eficaz ante una emergencia.<\/p>\n<p style=\"text-align: justify\">El CEIP La Alunada cuenta con su propio Plan de Autoprotecci\u00f3n, el cual se adjunta a continuaci\u00f3n:<\/p>\n<p><a href=\"https:\/\/blogsaverroes.juntadeandalucia.es\/alunada\/files\/2024\/11\/zzPlan_de_Autoproteccion_Escolar-Protocolo-Olas-de-Calor-2024-2025.pdf\">Plan de Autoprotecci\u00f3n<\/a><\/p>\n<p style=\"text-align: justify\">&nbsp;<\/p>\n","protected":false},"excerpt":{"rendered":"<p>Plan de autoprotecci\u00f3n El actual Plan de autoprotecci\u00f3n&nbsp;es un documento que recoge el conjunto de medidas dise\u00f1adas e implantadas para evitar la materializaci\u00f3n de situaciones de emergencia y, en su caso, para minimizar las consecuencias derivadas de un siniestro y&#46;&#46;&#46;<\/p>\n","protected":false},"author":1514,"featured_media":0,"parent":0,"menu_order":0,"comment_status":"open","ping_status":"open","template":"","meta":{"ngg_post_thumbnail":0,"footnotes":""},"aioseo_notices":[],"_links":{"self":[{"href":"https:\/\/blogsaverroes.juntadeandalucia.es\/alunada\/wp-json\/wp\/v2\/pages\/63"}],"collection":[{"href":"https:\/\/blogsaverroes.juntadeandalucia.es\/alunada\/wp-json\/wp\/v2\/pages"}],"about":[{"href":"https:\/\/blogsaverroes.juntadeandalucia.es\/alunada\/wp-json\/wp\/v2\/types\/page"}],"author":[{"embeddable":true,"href":"https:\/\/blogsaverroes.juntadeandalucia.es\/alunada\/wp-json\/wp\/v2\/users\/1514"}],"replies":[{"embeddable":true,"href":"https:\/\/blogsaverroes.juntadeandalucia.es\/alunada\/wp-json\/wp\/v2\/comments?post=63"}],"version-history":[{"count":6,"href":"https:\/\/blogsaverroes.juntadeandalucia.es\/alunada\/wp-json\/wp\/v2\/pages\/63\/revisions"}],"predecessor-version":[{"id":4463,"href":"https:\/\/blogsaverroes.juntadeandalucia.es\/alunada\/wp-json\/wp\/v2\/pages\/63\/revisions\/4463"}],"wp:attachment":[{"href":"https:\/\/blogsaverroes.juntadeandalucia.es\/alunada\/wp-json\/wp\/v2\/media?parent=63"}],"curies":[{"name":"wp","href":"https:\/\/api.w.org\/{rel}","templated":true}]}}