{"id":66,"date":"2015-02-17T12:54:49","date_gmt":"2015-02-17T12:54:49","guid":{"rendered":"http:\/\/blogsaverroes.juntadeandalucia.es\/alunada\/?page_id=66"},"modified":"2026-02-24T09:50:59","modified_gmt":"2026-02-24T09:50:59","slug":"secretaria-y-direccion","status":"publish","type":"page","link":"https:\/\/blogsaverroes.juntadeandalucia.es\/alunada\/secretaria-y-direccion\/","title":{"rendered":"Secretar\u00eda y direcci\u00f3n"},"content":{"rendered":"<h1 style=\"text-align: justify\">Secretar\u00eda y direcci\u00f3n del centro<\/h1>\n<p style=\"text-align: justify\">La&nbsp;presente p\u00e1gina recoge y\/o difunde informaci\u00f3n relacionada con la secretar\u00eda y direcci\u00f3n del centro.<\/p>\n<h3 style=\"text-align: justify\">&nbsp;Horarios de atenci\u00f3n<\/h3>\n<h3 style=\"text-align: justify\"><strong style=\"font-size: 16px\">Direcci\u00f3n:&nbsp;<\/strong><span style=\"font-size: 16px\">De lunes a viernes de 9 a 10 horas y mi\u00e9rcoles de 12:30 a 13:30.<\/span><\/h3>\n<ul>\n<li><strong>Jefatura de estudio<\/strong>\n<ul>\n<li>Lunes y martes de 9:00 a 10:00 horas.<\/li>\n<li>Jueves de 9:00 a 11:00 horas.<\/li>\n<\/ul>\n<\/li>\n<\/ul>\n<ul>\n<li><strong>Secretar\u00eda:&nbsp;<\/strong>\n<ul>\n<li><strong>Padres, madres y\/o tutores\/as:&nbsp;<\/strong>Lunes y mi\u00e9rcoles de 12,30 a 13,30 horas.<\/li>\n<li><strong>Representantes:&nbsp;<\/strong>Martes y jueves de 12,30 a 13,30 horas.<\/li>\n<\/ul>\n<\/li>\n<\/ul>\n<h3 style=\"text-align: justify\"><strong>&nbsp;<\/strong>&nbsp;<strong>Solicitudes de admisi\u00f3n<\/strong><\/h3>\n<ul style=\"text-align: justify\">\n<li style=\"text-align: justify\"><strong>Plazo de presentaci\u00f3n:<\/strong> El periodo ordinario es durante el mes de marzo.<\/li>\n<li style=\"text-align: justify\"><strong>Localizaci\u00f3n de la normativa:&nbsp;<\/strong>Sitio&nbsp;web de la Consejer\u00eda de Educaci\u00f3n, Cultura&nbsp;y Deporte&nbsp; (<a href=\"http:\/\/www.juntadeandalucia.es\/educacion\">www.juntadeandalucia.es\/educacion\/<\/a>) y en los tablones de anuncios de cada centro docente tanto p\u00fablico como privado concertado durante todo el proceso.<\/li>\n<li style=\"text-align: justify\"><strong>Informaci\u00f3n:&nbsp;<\/strong>En el Tabl\u00f3n de Anuncios, en Secretar\u00eda preferentemente de 9 a 10 y de 12:30 a 13:30 horas y &nbsp;en este sitio web en la p\u00e1gina <a title=\"Ir\" href=\"http:\/\/blogsaverroes.juntadeandalucia.es\/alunada\/faq\/\" target=\"_blank\" rel=\"noopener\">FAQ<\/a>, en la cual se da respuesta a las preguntas m\u00e1s frecuentes.<\/li>\n<li style=\"text-align: justify\"><strong>Contacto:<\/strong>&nbsp;Le sugerimos que se dirija a la&nbsp;p\u00e1gina <a title=\"Ir\" href=\"http:\/\/blogsaverroes.juntadeandalucia.es\/alunada\/contacto\/\" target=\"_blank\" rel=\"noopener\">CONTACTO<\/a> para m\u00e1s informaci\u00f3n.<\/li>\n<\/ul>\n<h3 style=\"text-align: justify\"><strong>Impresos de matriculaci\u00f3n<\/strong><\/h3>\n<ul>\n<li style=\"text-align: justify\"><strong>Aplicable:<\/strong>&nbsp;A los\/as alumnos\/as que contin\u00faan en el centro o bien han sido admitidos como alumnos\/as de nuevo ingreso en el proceso de Admisi\u00f3n.<\/li>\n<li style=\"text-align: justify\"><strong>Fecha de cumplimentaci\u00f3n:<\/strong> desde el d\u00eda 1 al 8 de junio, en la primera semana de junio en el Anexo IV \u201cMatr\u00edcula\u201d.<\/li>\n<li style=\"text-align: justify\"><strong>Documentaci\u00f3n:&nbsp;<\/strong>\n<ul>\n<li>El alumnado que continua en el centro el Anexo.<\/li>\n<li>El alumnado de nuevo ingreso adem\u00e1s presentar\u00e1n el impreso de Religi\u00f3n\/Atenci\u00f3n Educativa y las autorizaciones de Protecci\u00f3n de Datos y las del Uso de Im\u00e1genes con fines educativos.<\/li>\n<\/ul>\n<\/li>\n<li style=\"text-align: justify\"><strong>Informaci\u00f3n:&nbsp;<\/strong>En el Tabl\u00f3n de Anuncios, en Secretar\u00eda preferentemente de 9 a 10 y de 12:30 a 13:30 horas y &nbsp;en este sitio web en la p\u00e1gina <a title=\"Ir\" href=\"http:\/\/blogsaverroes.juntadeandalucia.es\/alunada\/faq\/\" target=\"_blank\" rel=\"noopener\">FAQ<\/a>, en la cual se da respuesta a las preguntas m\u00e1s frecuentes.<\/li>\n<li style=\"text-align: justify\"><strong>Contacto:<\/strong>&nbsp;Le sugerimos que se dirija a la&nbsp;p\u00e1gina <a title=\"Ir\" href=\"http:\/\/blogsaverroes.juntadeandalucia.es\/alunada\/contacto\/\" target=\"_blank\" rel=\"noopener\">CONTACTO<\/a> para m\u00e1s informaci\u00f3n.<\/li>\n<\/ul>\n","protected":false},"excerpt":{"rendered":"<p>Secretar\u00eda y direcci\u00f3n del centro La&nbsp;presente p\u00e1gina recoge y\/o difunde informaci\u00f3n relacionada con la secretar\u00eda y direcci\u00f3n del centro. &nbsp;Horarios de atenci\u00f3n Direcci\u00f3n:&nbsp;De lunes a viernes de 9 a 10 horas y mi\u00e9rcoles de 12:30 a 13:30. Jefatura de estudio&#46;&#46;&#46;<\/p>\n","protected":false},"author":1514,"featured_media":0,"parent":0,"menu_order":0,"comment_status":"open","ping_status":"open","template":"","meta":{"ngg_post_thumbnail":0,"footnotes":""},"aioseo_notices":[],"_links":{"self":[{"href":"https:\/\/blogsaverroes.juntadeandalucia.es\/alunada\/wp-json\/wp\/v2\/pages\/66"}],"collection":[{"href":"https:\/\/blogsaverroes.juntadeandalucia.es\/alunada\/wp-json\/wp\/v2\/pages"}],"about":[{"href":"https:\/\/blogsaverroes.juntadeandalucia.es\/alunada\/wp-json\/wp\/v2\/types\/page"}],"author":[{"embeddable":true,"href":"https:\/\/blogsaverroes.juntadeandalucia.es\/alunada\/wp-json\/wp\/v2\/users\/1514"}],"replies":[{"embeddable":true,"href":"https:\/\/blogsaverroes.juntadeandalucia.es\/alunada\/wp-json\/wp\/v2\/comments?post=66"}],"version-history":[{"count":15,"href":"https:\/\/blogsaverroes.juntadeandalucia.es\/alunada\/wp-json\/wp\/v2\/pages\/66\/revisions"}],"predecessor-version":[{"id":4706,"href":"https:\/\/blogsaverroes.juntadeandalucia.es\/alunada\/wp-json\/wp\/v2\/pages\/66\/revisions\/4706"}],"wp:attachment":[{"href":"https:\/\/blogsaverroes.juntadeandalucia.es\/alunada\/wp-json\/wp\/v2\/media?parent=66"}],"curies":[{"name":"wp","href":"https:\/\/api.w.org\/{rel}","templated":true}]}}