{"id":99,"date":"2015-02-17T20:00:51","date_gmt":"2015-02-17T20:00:51","guid":{"rendered":"http:\/\/blogsaverroes.juntadeandalucia.es\/alunada\/?page_id=99"},"modified":"2020-12-10T09:25:58","modified_gmt":"2020-12-10T09:25:58","slug":"contacto","status":"publish","type":"page","link":"https:\/\/blogsaverroes.juntadeandalucia.es\/alunada\/contacto\/","title":{"rendered":"Contacto"},"content":{"rendered":"<h1 style=\"text-align: justify;\">Datos de contacto<\/h1>\n<ul style=\"text-align: justify;\">\n<li>Direcci\u00f3n:&nbsp;<a class=\"d-s\" tabindex=\"0\" href=\"https:\/\/www.google.com\/url?sa=D&amp;oi=plus&amp;q=https:\/\/www.google.com\/maps\/place\/Colegio%2BP%25C3%25BAblico%2Bla%2BAlunada\/data%3D!4m2!3m1!1s0xd1289c3d2ae9bf5:0x2f8b645a6ef8711f?gl%3DES%26hl%3Des\" target=\"_blank\" rel=\"noopener noreferrer\">Higuera, S\/N 41520 El Viso del Alcor, Sevilla, Espa\u00f1a<\/a><\/li>\n<li>Correo electr\u00f3nico:&nbsp;<a title=\"Correo electr\u00f3nico\" href=\"mailto:41602247.edu@juntadeandalucia.es\" target=\"_blank\" rel=\"noopener noreferrer\">41602247.edu@juntadeandalucia.es<\/a><\/li>\n<li>Tel\u00e9fono 1 (gratuito): 900 848 000<\/li>\n<li>Tel\u00e9fono 2:&nbsp;955 64 95 02<\/li>\n<\/ul>\n<h1 style=\"text-align: justify;\">Formulario de contacto<\/h1>\n<p style=\"text-align: justify;\">[contact_form]<\/p>\n<p style=\"text-align: justify;\"><span style=\"font-size: 10pt;\"><strong>NOTA<\/strong>. Si tiene alg\u00fan problema con este formulario de contacto, le sugerimos que nos env\u00ede directamente un correo electr\u00f3nico al siguiente e-mail del centro: <a title=\"Correo electr\u00f3nico\" href=\"mailto:41602247.edu@juntadeandalucia.es\" target=\"_blank\" rel=\"noopener noreferrer\">41602247.edu@juntadeandalucia.es<\/a>.<\/span><\/p>\n","protected":false},"excerpt":{"rendered":"<p>Datos de contacto Direcci\u00f3n:&nbsp;Higuera, S\/N 41520 El Viso del Alcor, Sevilla, Espa\u00f1a Correo electr\u00f3nico:&nbsp;41602247.edu@juntadeandalucia.es Tel\u00e9fono 1 (gratuito): 900 848 000 Tel\u00e9fono 2:&nbsp;955 64 95 02 Formulario de contacto [contact_form] NOTA. Si tiene alg\u00fan problema con este formulario de contacto, le&#46;&#46;&#46;<\/p>\n","protected":false},"author":1514,"featured_media":0,"parent":0,"menu_order":0,"comment_status":"open","ping_status":"open","template":"","meta":{"ngg_post_thumbnail":0,"footnotes":""},"aioseo_notices":[],"_links":{"self":[{"href":"https:\/\/blogsaverroes.juntadeandalucia.es\/alunada\/wp-json\/wp\/v2\/pages\/99"}],"collection":[{"href":"https:\/\/blogsaverroes.juntadeandalucia.es\/alunada\/wp-json\/wp\/v2\/pages"}],"about":[{"href":"https:\/\/blogsaverroes.juntadeandalucia.es\/alunada\/wp-json\/wp\/v2\/types\/page"}],"author":[{"embeddable":true,"href":"https:\/\/blogsaverroes.juntadeandalucia.es\/alunada\/wp-json\/wp\/v2\/users\/1514"}],"replies":[{"embeddable":true,"href":"https:\/\/blogsaverroes.juntadeandalucia.es\/alunada\/wp-json\/wp\/v2\/comments?post=99"}],"version-history":[{"count":21,"href":"https:\/\/blogsaverroes.juntadeandalucia.es\/alunada\/wp-json\/wp\/v2\/pages\/99\/revisions"}],"predecessor-version":[{"id":3569,"href":"https:\/\/blogsaverroes.juntadeandalucia.es\/alunada\/wp-json\/wp\/v2\/pages\/99\/revisions\/3569"}],"wp:attachment":[{"href":"https:\/\/blogsaverroes.juntadeandalucia.es\/alunada\/wp-json\/wp\/v2\/media?parent=99"}],"curies":[{"name":"wp","href":"https:\/\/api.w.org\/{rel}","templated":true}]}}