{"id":2,"date":"2016-09-06T10:14:08","date_gmt":"2016-09-06T10:14:08","guid":{"rendered":"http:\/\/blogsaverroes.juntadeandalucia.es\/ambitocientificotecnico\/?page_id=2"},"modified":"2017-12-20T20:10:54","modified_gmt":"2017-12-20T20:10:54","slug":"quienes-somos","status":"publish","type":"page","link":"https:\/\/blogsaverroes.juntadeandalucia.es\/ambitocientificotecnico\/quienes-somos\/","title":{"rendered":"Qui\u00e9nes somos"},"content":{"rendered":"<p>Los responsables de este blog somos los dos asesores del \u00c1mbito Cient\u00edfico-T\u00e9cnico de Secundaria del <a href=\"http:\/\/www.cepcordoba.org\" target=\"_blank\" rel=\"noopener\">Centro del Profesorado de C\u00f3rdoba<\/a>. Y aunque somos los que damos la cara, queremos que este espacio sea de todos, y as\u00ed, nuestra intenci\u00f3n es abrir la posibilidad de publicar a todas las personas que guardan con nosotros una relaci\u00f3n profesional y\/o intelectual. Sin m\u00e1s dilaci\u00f3n, nos presentamos:<\/p>\n<table>\n<tbody>\n<tr>\n<td><a href=\"http:\/\/blogsaverroes.juntadeandalucia.es\/ambitocientificotecnico\/files\/2016\/09\/Paco_E.jpg\"><img loading=\"lazy\" decoding=\"async\" class=\"alignnone size-medium wp-image-45\" src=\"http:\/\/blogsaverroes.juntadeandalucia.es\/ambitocientificotecnico\/files\/2016\/09\/Paco_E-218x300.jpg\" alt=\"Paco_E\" width=\"218\" height=\"300\" srcset=\"https:\/\/blogsaverroes.juntadeandalucia.es\/ambitocientificotecnico\/files\/2016\/09\/Paco_E-218x300.jpg 218w, https:\/\/blogsaverroes.juntadeandalucia.es\/ambitocientificotecnico\/files\/2016\/09\/Paco_E.jpg 363w\" sizes=\"(max-width: 218px) 100vw, 218px\" \/><\/a><\/td>\n<td><a href=\"http:\/\/blogsaverroes.juntadeandalucia.es\/ambitocientificotecnico\/files\/2016\/09\/foto_perfil_2.png\"><img loading=\"lazy\" decoding=\"async\" class=\"alignnone size-medium wp-image-46\" src=\"http:\/\/blogsaverroes.juntadeandalucia.es\/ambitocientificotecnico\/files\/2016\/09\/foto_perfil_2-300x296.png\" alt=\"foto_perfil_2\" width=\"300\" height=\"296\" srcset=\"https:\/\/blogsaverroes.juntadeandalucia.es\/ambitocientificotecnico\/files\/2016\/09\/foto_perfil_2-300x296.png 300w, https:\/\/blogsaverroes.juntadeandalucia.es\/ambitocientificotecnico\/files\/2016\/09\/foto_perfil_2-100x100.png 100w, https:\/\/blogsaverroes.juntadeandalucia.es\/ambitocientificotecnico\/files\/2016\/09\/foto_perfil_2.png 817w\" sizes=\"(max-width: 300px) 100vw, 300px\" \/><\/a><\/td>\n<\/tr>\n<tr>\n<td>\n<h4>Paco Espa\u00f1a<\/h4>\n<\/td>\n<td>\n<h4>Manuel Jim\u00e9nez<\/h4>\n<\/td>\n<\/tr>\n<tr>\n<td>Profesor de Matem\u00e1ticas[<a href=\"https:\/\/www.twitter.com\/pspain\" target=\"_blank\" rel=\"noopener\">@pspain<\/a>]<\/td>\n<td>Profesor de Inform\u00e1tica[<a href=\"https:\/\/www.twitter.com\/manolitotic\" target=\"_blank\" rel=\"noopener\">@manolitotic<\/a>]<\/td>\n<\/tr>\n<\/tbody>\n<\/table>\n<p>&nbsp;<\/p>\n","protected":false},"excerpt":{"rendered":"<p>Los responsables de este blog somos los dos asesores del \u00c1mbito Cient\u00edfico-T\u00e9cnico de Secundaria del Centro del Profesorado de C\u00f3rdoba. Y aunque somos los que damos la cara, queremos que este espacio sea de&#46;&#46;&#46;<\/p>\n","protected":false},"author":1432,"featured_media":0,"parent":0,"menu_order":0,"comment_status":"open","ping_status":"open","template":"","meta":{"ngg_post_thumbnail":0,"footnotes":""},"aioseo_notices":[],"_links":{"self":[{"href":"https:\/\/blogsaverroes.juntadeandalucia.es\/ambitocientificotecnico\/wp-json\/wp\/v2\/pages\/2"}],"collection":[{"href":"https:\/\/blogsaverroes.juntadeandalucia.es\/ambitocientificotecnico\/wp-json\/wp\/v2\/pages"}],"about":[{"href":"https:\/\/blogsaverroes.juntadeandalucia.es\/ambitocientificotecnico\/wp-json\/wp\/v2\/types\/page"}],"author":[{"embeddable":true,"href":"https:\/\/blogsaverroes.juntadeandalucia.es\/ambitocientificotecnico\/wp-json\/wp\/v2\/users\/1432"}],"replies":[{"embeddable":true,"href":"https:\/\/blogsaverroes.juntadeandalucia.es\/ambitocientificotecnico\/wp-json\/wp\/v2\/comments?post=2"}],"version-history":[{"count":6,"href":"https:\/\/blogsaverroes.juntadeandalucia.es\/ambitocientificotecnico\/wp-json\/wp\/v2\/pages\/2\/revisions"}],"predecessor-version":[{"id":259,"href":"https:\/\/blogsaverroes.juntadeandalucia.es\/ambitocientificotecnico\/wp-json\/wp\/v2\/pages\/2\/revisions\/259"}],"wp:attachment":[{"href":"https:\/\/blogsaverroes.juntadeandalucia.es\/ambitocientificotecnico\/wp-json\/wp\/v2\/media?parent=2"}],"curies":[{"name":"wp","href":"https:\/\/api.w.org\/{rel}","templated":true}]}}