{"id":32,"date":"2016-09-19T18:09:12","date_gmt":"2016-09-19T18:09:12","guid":{"rendered":"http:\/\/blogsaverroes.juntadeandalucia.es\/ambitocientificotecnico\/?page_id=32"},"modified":"2017-11-08T12:55:46","modified_gmt":"2017-11-08T12:55:46","slug":"comunidades-y-redes","status":"publish","type":"page","link":"https:\/\/blogsaverroes.juntadeandalucia.es\/ambitocientificotecnico\/comunidades-y-redes\/","title":{"rendered":"Comunidades y Redes"},"content":{"rendered":"<p>Aqu\u00ed tienes un punto de acceso a los espacios virtuales en los que participamos, y que de alguna forma se vinculan con el \u00e1mbito cient\u00edfico-t\u00e9cnol\u00f3gico.<\/p>\n<table style=\"width: 100%\">\n<tbody>\n<tr style=\"height: 202px\">\n<td style=\"width: 20%;text-align: left;vertical-align: middle;height: 202px\" colspan=\"2\"><a href=\"https:\/\/plus.google.com\/communities\/109772678557526745044\"><img loading=\"lazy\" decoding=\"async\" class=\"wp-image-35 alignleft\" src=\"https:\/\/blogsaverroes.juntadeandalucia.es\/ambitocientificotecnico\/files\/2016\/09\/bannertecnologiaseducativas-300x256.png\" alt=\"Tecnolog\u00edas Educativas\" width=\"200\" height=\"171\" srcset=\"https:\/\/blogsaverroes.juntadeandalucia.es\/ambitocientificotecnico\/files\/2016\/09\/bannertecnologiaseducativas-300x256.png 300w, https:\/\/blogsaverroes.juntadeandalucia.es\/ambitocientificotecnico\/files\/2016\/09\/bannertecnologiaseducativas.png 627w\" sizes=\"(max-width: 200px) 100vw, 200px\" \/><\/a><\/p>\n<h4><a href=\"https:\/\/plus.google.com\/communities\/109772678557526745044\">Tecnolog\u00edas Educativas<\/a><\/h4>\n<p>Comunidad en Google+ que trata de mantener en contacto al profesorado que ejerce de alguna manera el liderazgo pedag\u00f3gico-digital de su centro, ya&nbsp;sea desde la coordinaci\u00f3n TIC, o no. Personas inquietas hacia la innovaci\u00f3n a trav\u00e9s de las TAC y el fomento de la competencia digital docente y discente.&nbsp;<\/td>\n<\/tr>\n<tr style=\"height: 251px\">\n<td style=\"width: 20%;text-align: left;vertical-align: middle;height: 251px\" colspan=\"2\"><a href=\"http:\/\/thales.cica.es\/\"><img loading=\"lazy\" decoding=\"async\" class=\"wp-image-33 alignleft\" src=\"https:\/\/i0.wp.com\/blogsaverroes.juntadeandalucia.es\/ambitocientificotecnico\/files\/2016\/09\/LogoThales.gif\" alt=\"Thales\" width=\"200\" height=\"220\"><\/a><\/p>\n<h4><a href=\"http:\/\/thales.cica.es\/\">Sociedad \u00abThales\u00bb<\/a><\/h4>\n<p class=\"alignleft\">Sociedad andaluza de educaci\u00f3n metem\u00e1tica \u00abThales\u00bb.<\/p>\n<\/td>\n<\/tr>\n<tr style=\"height: 192px\">\n<td style=\"width: 20%;text-align: left;vertical-align: middle;height: 192px\" colspan=\"2\"><a href=\"https:\/\/plus.google.com\/communities\/101999880316717863002\"><img loading=\"lazy\" decoding=\"async\" class=\"wp-image-34 alignleft\" src=\"https:\/\/blogsaverroes.juntadeandalucia.es\/ambitocientificotecnico\/files\/2016\/09\/bannerRVenelaula-300x240.png\" alt=\"Realidad Virtual en el Aula\" width=\"200\" height=\"160\" srcset=\"https:\/\/blogsaverroes.juntadeandalucia.es\/ambitocientificotecnico\/files\/2016\/09\/bannerRVenelaula-300x240.png 300w, https:\/\/blogsaverroes.juntadeandalucia.es\/ambitocientificotecnico\/files\/2016\/09\/bannerRVenelaula.png 624w\" sizes=\"(max-width: 200px) 100vw, 200px\" \/><\/a><\/p>\n<h4><a href=\"https:\/\/plus.google.com\/communities\/101999880316717863002\">Realidad Virtual en el Aula<\/a><\/h4>\n<p>Comunidad en Google+ en la cual el profesorado participante en actividades formativas relacionadas con la realidad virtual en el CEP de C\u00f3rdoba, pone en com\u00fan recursos, experiencias, apps, noticias, y actividades que pueden ser de inter\u00e9s para todos.<\/td>\n<\/tr>\n<tr style=\"height: 199px\">\n<td style=\"width: 20%;text-align: left;vertical-align: middle;height: 199px\" colspan=\"2\"><a href=\"https:\/\/plus.google.com\/communities\/105469124228294084492\"><img loading=\"lazy\" decoding=\"async\" class=\" wp-image-33 alignleft\" src=\"https:\/\/blogsaverroes.juntadeandalucia.es\/ambitocientificotecnico\/files\/2016\/09\/bannerfpinformatica-300x251.png\" alt=\"FP Inform\u00e1tica C\u00f3rdoba\" width=\"200\" height=\"167\" srcset=\"https:\/\/blogsaverroes.juntadeandalucia.es\/ambitocientificotecnico\/files\/2016\/09\/bannerfpinformatica-300x251.png 300w, https:\/\/blogsaverroes.juntadeandalucia.es\/ambitocientificotecnico\/files\/2016\/09\/bannerfpinformatica.png 626w\" sizes=\"(max-width: 200px) 100vw, 200px\" \/><\/a><\/p>\n<h4><a href=\"https:\/\/plus.google.com\/communities\/105469124228294084492\">FP Inform\u00e1tica C\u00f3rdoba<\/a><\/h4>\n<p>Comunidad en Google+&nbsp;del profesorado de la familia profesional de Inform\u00e1tica en C\u00f3rdoba (Espa\u00f1a).<\/td>\n<\/tr>\n<tr style=\"height: 270px\">\n<td style=\"width: 20%;text-align: left;vertical-align: middle;height: 270px\" colspan=\"2\">\n<h4><a href=\"http:\/\/apccc.es\/\"><img loading=\"lazy\" decoding=\"async\" class=\"alignleft wp-image-106\" src=\"https:\/\/blogsaverroes.juntadeandalucia.es\/ambitocientificotecnico\/files\/2016\/09\/logo-apccc-257x300.jpg\" alt=\"\" width=\"200\" height=\"233\" srcset=\"https:\/\/blogsaverroes.juntadeandalucia.es\/ambitocientificotecnico\/files\/2016\/09\/logo-apccc-257x300.jpg 257w, https:\/\/blogsaverroes.juntadeandalucia.es\/ambitocientificotecnico\/files\/2016\/09\/logo-apccc.jpg 832w\" sizes=\"(max-width: 200px) 100vw, 200px\" \/><\/a><\/h4>\n<h4><a href=\"http:\/\/apccc.es\/\">Profesorado de C\u00f3rdoba por la Cultura Cient\u00edfica<\/a><\/h4>\n<p>La asociaci\u00f3n Profesorado de C\u00f3rdoba por la Culttura Cient\u00edfica (APCCC) tiene como objetivos promocionar y divulgar la Cultura Cient\u00edfica y hacerla llegar a la poblaci\u00f3n de forma amena para que su uso cotidiano sea a la vez formativo, instructivo, interesante y divertido.<\/td>\n<\/tr>\n<tr style=\"height: 217px\">\n<td style=\"width: 20%;text-align: left;vertical-align: middle;height: 217px\" colspan=\"2\"><a href=\"https:\/\/aptandalucia.wordpress.com\"><img loading=\"lazy\" decoding=\"async\" class=\"wp-image-104 alignleft\" src=\"https:\/\/blogsaverroes.juntadeandalucia.es\/ambitocientificotecnico\/files\/2016\/09\/apta-300x260.png\" alt=\"\" width=\"200\" height=\"173\" srcset=\"https:\/\/blogsaverroes.juntadeandalucia.es\/ambitocientificotecnico\/files\/2016\/09\/apta-300x260.png 300w, https:\/\/blogsaverroes.juntadeandalucia.es\/ambitocientificotecnico\/files\/2016\/09\/apta.png 476w\" sizes=\"(max-width: 200px) 100vw, 200px\" \/><\/a><\/p>\n<h4><a href=\"https:\/\/aptandalucia.wordpress.com\/\">APTA<\/a><\/h4>\n<p>La Asociaci\u00f3n del Profesorado de Tecnolog\u00eda de Andaluc\u00eda defiende y da a conocer la asignatura de Tenolog\u00eda en el sistema educativo. Promueve, participa y apoya actividades relacionadas con la tecnolog\u00eda y su promoci\u00f3n.<\/td>\n<\/tr>\n<tr style=\"height: 217px\">\n<td style=\"width: 20%;text-align: left;vertical-align: middle;height: 217px\" colspan=\"2\">\n<h4><a href=\"http:\/\/www.aapri.es\/\"><img loading=\"lazy\" decoding=\"async\" class=\"size-thumbnail wp-image-211 alignleft\" src=\"https:\/\/blogsaverroes.juntadeandalucia.es\/ambitocientificotecnico\/files\/2016\/09\/aapri-1-150x150.png\" alt=\"\" width=\"150\" height=\"150\" srcset=\"https:\/\/blogsaverroes.juntadeandalucia.es\/ambitocientificotecnico\/files\/2016\/09\/aapri-1-150x150.png 150w, https:\/\/blogsaverroes.juntadeandalucia.es\/ambitocientificotecnico\/files\/2016\/09\/aapri-1-100x100.png 100w, https:\/\/blogsaverroes.juntadeandalucia.es\/ambitocientificotecnico\/files\/2016\/09\/aapri-1-160x160.png 160w\" sizes=\"(max-width: 150px) 100vw, 150px\" \/>AAPRI<\/a><\/h4>\n<p>La Asociaci\u00f3n Andaluza de Profesores de Inform\u00e1tica, AAPRI, es un colectivo donde se integran tanto la especialidad de Inform\u00e1tica del Cuerpo de Profesores de Ense\u00f1anza Secundaria como el profesorado de Sistemas y Aplicaciones Inform\u00e1ticas del Cuerpo de Profesores T\u00e9cnicos de Formaci\u00f3n Profesional.<\/td>\n<\/tr>\n<\/tbody>\n<\/table>\n","protected":false},"excerpt":{"rendered":"<p>Aqu\u00ed tienes un punto de acceso a los espacios virtuales en los que participamos, y que de alguna forma se vinculan con el \u00e1mbito cient\u00edfico-t\u00e9cnol\u00f3gico. Tecnolog\u00edas Educativas Comunidad en Google+ que trata de mantener&#46;&#46;&#46;<\/p>\n","protected":false},"author":3851,"featured_media":0,"parent":0,"menu_order":0,"comment_status":"open","ping_status":"open","template":"","meta":{"ngg_post_thumbnail":0,"footnotes":""},"aioseo_notices":[],"_links":{"self":[{"href":"https:\/\/blogsaverroes.juntadeandalucia.es\/ambitocientificotecnico\/wp-json\/wp\/v2\/pages\/32"}],"collection":[{"href":"https:\/\/blogsaverroes.juntadeandalucia.es\/ambitocientificotecnico\/wp-json\/wp\/v2\/pages"}],"about":[{"href":"https:\/\/blogsaverroes.juntadeandalucia.es\/ambitocientificotecnico\/wp-json\/wp\/v2\/types\/page"}],"author":[{"embeddable":true,"href":"https:\/\/blogsaverroes.juntadeandalucia.es\/ambitocientificotecnico\/wp-json\/wp\/v2\/users\/3851"}],"replies":[{"embeddable":true,"href":"https:\/\/blogsaverroes.juntadeandalucia.es\/ambitocientificotecnico\/wp-json\/wp\/v2\/comments?post=32"}],"version-history":[{"count":55,"href":"https:\/\/blogsaverroes.juntadeandalucia.es\/ambitocientificotecnico\/wp-json\/wp\/v2\/pages\/32\/revisions"}],"predecessor-version":[{"id":214,"href":"https:\/\/blogsaverroes.juntadeandalucia.es\/ambitocientificotecnico\/wp-json\/wp\/v2\/pages\/32\/revisions\/214"}],"wp:attachment":[{"href":"https:\/\/blogsaverroes.juntadeandalucia.es\/ambitocientificotecnico\/wp-json\/wp\/v2\/media?parent=32"}],"curies":[{"name":"wp","href":"https:\/\/api.w.org\/{rel}","templated":true}]}}