{"id":160,"date":"2022-11-08T13:42:13","date_gmt":"2022-11-08T13:42:13","guid":{"rendered":"https:\/\/blogsaverroes.juntadeandalucia.es\/ambitocomunicacionespa2\/?page_id=160"},"modified":"2022-11-13T16:28:54","modified_gmt":"2022-11-13T16:28:54","slug":"donde-estamos","status":"publish","type":"page","link":"https:\/\/blogsaverroes.juntadeandalucia.es\/ambitocomunicacionespa2\/donde-estamos\/","title":{"rendered":"\u00bfD\u00f3nde estamos?"},"content":{"rendered":"<p style=\"text-align: center\"><span style=\"font-size: 18pt\">Actualmente nos podr\u00e1s encontrar en 2 centros principales:<\/span><\/p>\n<p style=\"text-align: center\"><span style=\"font-size: 18pt\">-Centro de Arbol\u00ed (Situado en la calle Arbol\u00ed, al lado de la plaza de las flores)<\/span><\/p>\n<p style=\"text-align: center\"><span style=\"font-size: 24pt\"><strong>C.alle Arbol\u00ed, 5, 11005 C\u00e1diz<\/strong><\/span><\/p>\n<p style=\"text-align: center\"><a href=\"http:\/\/iframe%20src=https:\/\/www.google.com\/maps\/embed?pb=!1m18!1m12!1m3!1d3205.997752501939!2d-6.29706!3d36.5300486!2m3!1f0!2f0!3f0!3m2!1i1024!2i768!4f13.1!3m3!1m2!1s0xd0dd161e3cfeddf%3A0xd5ad786d120fab56!2zQy4gQXJib2zDrSwgMTEwMDUgQ8OhZGl6!5e0!3m2!1ses!2ses!4v1668356792318!5m2!1ses!2ses%20width=600%20height=450%20style=border:0;%20allowfullscreen=%20loading=lazy%20referrerpolicy=no-referrer-when-downgrade\/iframe\"><iframe loading=\"lazy\" src=\"https:\/\/www.google.com\/maps\/embed?pb=!1m18!1m12!1m3!1d3205.997752501939!2d-6.29706!3d36.5300486!2m3!1f0!2f0!3f0!3m2!1i1024!2i768!4f13.1!3m3!1m2!1s0xd0dd161e3cfeddf%3A0xd5ad786d120fab56!2zQy4gQXJib2zDrSwgMTEwMDUgQ8OhZGl6!5e0!3m2!1ses!2ses!4v1668356792318!5m2!1ses!2ses\" width=\"600\" height=\"450\"><\/iframe><\/a><\/p>\n<p style=\"text-align: center\">&nbsp;<\/p>\n<p style=\"text-align: center\"><span style=\"font-size: 24pt\"><strong>Calle Pintor Zuloaga, 6, Bajo<\/strong><\/span><\/p>\n<p style=\"text-align: center\"><a href=\"http:\/\/iframe%20src=https:\/\/www.google.com\/maps\/embed?pb=!1m18!1m12!1m3!1d3206.919829957044!2d-6.278845986452826!3d36.50779729180741!2m3!1f0!2f0!3f0!3m2!1i1024!2i768!4f13.1!3m3!1m2!1s0xd0dd24a4301f0a7%3A0xf103dc2eda5a0602!2sC.%20Pintor%20Zuloaga%2C%206%2C%2011010%20C%C3%A1diz!5e0!3m2!1ses!2ses!4v1668356860821!5m2!1ses!2ses%20width=600%20height=450%20style=border:0;%20allowfullscreen=%20loading=lazy%20referrerpolicy=no-referrer-when-downgrade\/iframe\"><iframe loading=\"lazy\" src=\"https:\/\/www.google.com\/maps\/embed?pb=!1m18!1m12!1m3!1d3206.919829957044!2d-6.278845986452826!3d36.50779729180741!2m3!1f0!2f0!3f0!3m2!1i1024!2i768!4f13.1!3m3!1m2!1s0xd0dd24a4301f0a7%3A0xf103dc2eda5a0602!2sC.%20Pintor%20Zuloaga%2C%206%2C%2011010%20C%C3%A1diz!5e0!3m2!1ses!2ses!4v1668356860821!5m2!1ses!2ses\" width=\"600\" height=\"450\"><\/iframe><\/a><\/p>\n","protected":false},"excerpt":{"rendered":"<p>Actualmente nos podr\u00e1s encontrar en 2 centros principales: -Centro de Arbol\u00ed (Situado en la calle Arbol\u00ed, al lado de la plaza de las flores) C.alle Arbol\u00ed, 5, 11005 C\u00e1diz&#46;&#46;&#46;<\/p>\n","protected":false},"author":16412,"featured_media":0,"parent":0,"menu_order":0,"comment_status":"closed","ping_status":"closed","template":"","meta":{"ngg_post_thumbnail":0,"footnotes":""},"aioseo_notices":[],"_links":{"self":[{"href":"https:\/\/blogsaverroes.juntadeandalucia.es\/ambitocomunicacionespa2\/wp-json\/wp\/v2\/pages\/160"}],"collection":[{"href":"https:\/\/blogsaverroes.juntadeandalucia.es\/ambitocomunicacionespa2\/wp-json\/wp\/v2\/pages"}],"about":[{"href":"https:\/\/blogsaverroes.juntadeandalucia.es\/ambitocomunicacionespa2\/wp-json\/wp\/v2\/types\/page"}],"author":[{"embeddable":true,"href":"https:\/\/blogsaverroes.juntadeandalucia.es\/ambitocomunicacionespa2\/wp-json\/wp\/v2\/users\/16412"}],"replies":[{"embeddable":true,"href":"https:\/\/blogsaverroes.juntadeandalucia.es\/ambitocomunicacionespa2\/wp-json\/wp\/v2\/comments?post=160"}],"version-history":[{"count":7,"href":"https:\/\/blogsaverroes.juntadeandalucia.es\/ambitocomunicacionespa2\/wp-json\/wp\/v2\/pages\/160\/revisions"}],"predecessor-version":[{"id":240,"href":"https:\/\/blogsaverroes.juntadeandalucia.es\/ambitocomunicacionespa2\/wp-json\/wp\/v2\/pages\/160\/revisions\/240"}],"wp:attachment":[{"href":"https:\/\/blogsaverroes.juntadeandalucia.es\/ambitocomunicacionespa2\/wp-json\/wp\/v2\/media?parent=160"}],"curies":[{"name":"wp","href":"https:\/\/api.w.org\/{rel}","templated":true}]}}