{"id":36,"date":"2018-08-06T06:25:24","date_gmt":"2018-08-06T06:25:24","guid":{"rendered":"https:\/\/themify.me\/demo\/themes\/ultra-education\/?page_id=6"},"modified":"2020-11-11T16:32:58","modified_gmt":"2020-11-11T16:32:58","slug":"home","status":"publish","type":"page","link":"https:\/\/blogsaverroes.juntadeandalucia.es\/americocastrofoodfactory\/home\/","title":{"rendered":"Inicio"},"content":{"rendered":"<p><!--themify_builder_static--><\/p>\n<h1>Hu\u00e9tor Tajar<br \/>\nAm\u00e9rico Castro Food Factory<\/h1>\n<h1>Departamento de Industrias Alimentarias<\/h1>\n<h3>Ciclo FPB<\/h3>\n<p>T\u00e9cnico B\u00e1sico en Industrias Alimentarias <a href=\"https:\/\/themify.me\/\"> ver m\u00e1s <\/a><\/p>\n<h3>Ciclo FP GM<\/h3>\n<p>T\u00e9cnico en Elaboraci\u00f3n de Productos Alimentarios <a href=\"https:\/\/themify.me\/\"> ver m\u00e1s <\/a><\/p>\n<h3>Ciclo FP GS<\/h3>\n<p>T\u00e9cnico Superior en Procesos y Calidad en la Industria Alimentaria <a href=\"https:\/\/themify.me\/\"> ver m\u00e1s <\/a><\/p>\n<h1>El mundo de la industria Alimentaria<br \/>\nEl futuro est\u00e1 en tus manos<\/h1>\n<h2>Events<\/h2>\n<p><a href=\"https:\/\/themify.me\/demo\/themes\/ultra-education\/events\/\"> More Events <\/a><\/p>\n<h2>Latest News<\/h2>\n<h3>What people says about education<\/h3>\n<p>Stephen has a library of lessons that goes far beyond the surface, touching nearly every aspect of how to design and develop for the web and iOS.\u00bb<\/p>\n<figure> <img loading=\"lazy\" decoding=\"async\" src=\"https:\/\/themify.me\/demo\/themes\/ultra-education\/files\/2019\/03\/face8.jpg\" width=\"80\" height=\"80\" title=\"\" alt=\"\"><\/figure>\n<p>Shay Howe Designer &amp; Developer<\/p>\n<p>LearnPress is a WordPress complete solution for creating a Learning Management System (LMS).<\/p>\n<figure> <img loading=\"lazy\" decoding=\"async\" src=\"https:\/\/themify.me\/demo\/themes\/ultra-education\/files\/2019\/03\/face4.jpg\" width=\"80\" height=\"80\" title=\"\" alt=\"\"><\/figure>\n<p>Jonathan Doe Designer &amp; Developer<\/p>\n<p>Stephen has a library of lessons that goes far beyond the surface, touching nearly every aspect of how to design and develop for the web and&nbsp;touching.<\/p>\n<figure> <img loading=\"lazy\" decoding=\"async\" src=\"https:\/\/themify.me\/demo\/themes\/ultra-education\/files\/2019\/03\/face10.jpg\" width=\"80\" height=\"80\" title=\"\" alt=\"\"><\/figure>\n<p>Melissa Donovan Designer &amp; Developer<\/p>\n<h3>Subscribe<\/h3>\n<p>Subscribe now and receive weekly newsletter with educational materials, new courses, interesting posts, popular books and much more!<\/p>\n<p>MailChimp API Key is missing.<!--\/themify_builder_static--><\/p>\n","protected":false},"excerpt":{"rendered":"<p>Hu\u00e9tor Tajar Am\u00e9rico Castro Food Factory Departamento de Industrias Alimentarias Ciclo FPB T\u00e9cnico B\u00e1sico en Industrias Alimentarias ver m\u00e1s Ciclo FP GM T\u00e9cnico en Elaboraci\u00f3n de Productos Alimentarios ver m\u00e1s Ciclo FP GS T\u00e9cnico&#46;&#46;&#46;<\/p>\n","protected":false},"author":4031,"featured_media":0,"parent":0,"menu_order":0,"comment_status":"closed","ping_status":"closed","template":"","meta":{"ngg_post_thumbnail":0,"footnotes":""},"aioseo_notices":[],"_links":{"self":[{"href":"https:\/\/blogsaverroes.juntadeandalucia.es\/americocastrofoodfactory\/wp-json\/wp\/v2\/pages\/36"}],"collection":[{"href":"https:\/\/blogsaverroes.juntadeandalucia.es\/americocastrofoodfactory\/wp-json\/wp\/v2\/pages"}],"about":[{"href":"https:\/\/blogsaverroes.juntadeandalucia.es\/americocastrofoodfactory\/wp-json\/wp\/v2\/types\/page"}],"author":[{"embeddable":true,"href":"https:\/\/blogsaverroes.juntadeandalucia.es\/americocastrofoodfactory\/wp-json\/wp\/v2\/users\/4031"}],"replies":[{"embeddable":true,"href":"https:\/\/blogsaverroes.juntadeandalucia.es\/americocastrofoodfactory\/wp-json\/wp\/v2\/comments?post=36"}],"version-history":[{"count":10,"href":"https:\/\/blogsaverroes.juntadeandalucia.es\/americocastrofoodfactory\/wp-json\/wp\/v2\/pages\/36\/revisions"}],"predecessor-version":[{"id":109,"href":"https:\/\/blogsaverroes.juntadeandalucia.es\/americocastrofoodfactory\/wp-json\/wp\/v2\/pages\/36\/revisions\/109"}],"wp:attachment":[{"href":"https:\/\/blogsaverroes.juntadeandalucia.es\/americocastrofoodfactory\/wp-json\/wp\/v2\/media?parent=36"}],"curies":[{"name":"wp","href":"https:\/\/api.w.org\/{rel}","templated":true}]}}