{"id":712,"date":"2021-04-08T17:25:33","date_gmt":"2021-04-08T17:25:33","guid":{"rendered":"https:\/\/blogsaverroes.juntadeandalucia.es\/americocastrofoodfactory\/?page_id=712"},"modified":"2021-04-09T12:23:57","modified_gmt":"2021-04-09T12:23:57","slug":"analisis-de-alimentos","status":"publish","type":"page","link":"https:\/\/blogsaverroes.juntadeandalucia.es\/americocastrofoodfactory\/fp-grado-superior\/analisis-de-alimentos\/","title":{"rendered":"An\u00e1lisis de alimentos"},"content":{"rendered":"<p>El m\u00f3dulo de\u00a0<strong>An\u00e1lisis de Alimentos<\/strong>\u00a0est\u00e1 destinado a que el alumnado sea capaz de adquirir los siguientes resultados de aprendizaje:<\/p>\n<p><strong>RA 1<\/strong>. Organiza el laboratorio reconociendo las instalaciones, equipos y recursos que lo componen.<\/p>\n<p><strong>RA 2<\/strong>. Realiza el muestreo y preparaci\u00f3n de la muestra, relacion\u00e1ndolo con las determinaciones anal\u00edticas que se van a realizar.<\/p>\n<p><strong>RA 3<\/strong>. Aplica t\u00e9cnicas de an\u00e1lisis f\u00edsicos y qu\u00edmicos en alimentos, describiendo sus fundamentos.<\/p>\n<p><strong>RA 4<\/strong>. Realiza an\u00e1lisis instrumentales en productos alimenticios justificando la t\u00e9cnica seleccionada.<\/p>\n<p><strong>RA 5<\/strong>. Elabora informes t\u00e9cnicos relacionando los resultados obtenidos con el control del producto y del proceso productivo.<\/p>\n","protected":false},"excerpt":{"rendered":"<p>El m\u00f3dulo de\u00a0An\u00e1lisis de Alimentos\u00a0est\u00e1 destinado a que el alumnado sea capaz de adquirir los siguientes resultados de aprendizaje: RA 1. Organiza el laboratorio reconociendo las instalaciones, equipos y recursos que lo componen. RA&#46;&#46;&#46;<\/p>\n","protected":false},"author":4986,"featured_media":0,"parent":706,"menu_order":0,"comment_status":"closed","ping_status":"closed","template":"","meta":{"ngg_post_thumbnail":0,"footnotes":""},"aioseo_notices":[],"_links":{"self":[{"href":"https:\/\/blogsaverroes.juntadeandalucia.es\/americocastrofoodfactory\/wp-json\/wp\/v2\/pages\/712"}],"collection":[{"href":"https:\/\/blogsaverroes.juntadeandalucia.es\/americocastrofoodfactory\/wp-json\/wp\/v2\/pages"}],"about":[{"href":"https:\/\/blogsaverroes.juntadeandalucia.es\/americocastrofoodfactory\/wp-json\/wp\/v2\/types\/page"}],"author":[{"embeddable":true,"href":"https:\/\/blogsaverroes.juntadeandalucia.es\/americocastrofoodfactory\/wp-json\/wp\/v2\/users\/4986"}],"replies":[{"embeddable":true,"href":"https:\/\/blogsaverroes.juntadeandalucia.es\/americocastrofoodfactory\/wp-json\/wp\/v2\/comments?post=712"}],"version-history":[{"count":1,"href":"https:\/\/blogsaverroes.juntadeandalucia.es\/americocastrofoodfactory\/wp-json\/wp\/v2\/pages\/712\/revisions"}],"predecessor-version":[{"id":713,"href":"https:\/\/blogsaverroes.juntadeandalucia.es\/americocastrofoodfactory\/wp-json\/wp\/v2\/pages\/712\/revisions\/713"}],"up":[{"embeddable":true,"href":"https:\/\/blogsaverroes.juntadeandalucia.es\/americocastrofoodfactory\/wp-json\/wp\/v2\/pages\/706"}],"wp:attachment":[{"href":"https:\/\/blogsaverroes.juntadeandalucia.es\/americocastrofoodfactory\/wp-json\/wp\/v2\/media?parent=712"}],"curies":[{"name":"wp","href":"https:\/\/api.w.org\/{rel}","templated":true}]}}