{"id":2345,"date":"2015-06-25T09:45:07","date_gmt":"2015-06-25T09:45:07","guid":{"rendered":"http:\/\/blogsaverroes.juntadeandalucia.es\/ampaolea\/?page_id=2345"},"modified":"2018-10-26T17:10:41","modified_gmt":"2018-10-26T17:10:41","slug":"contacto","status":"publish","type":"page","link":"https:\/\/blogsaverroes.juntadeandalucia.es\/ampaolea\/contacto\/","title":{"rendered":"Or\u00edgenes del AMPA OLEA"},"content":{"rendered":"<p>Previendo un problema de masificaci\u00f3n, la Delegaci\u00f3n de Educaci\u00f3n de Sevilla plantea al Colegio La Reg\u00fcela una posible soluci\u00f3n, basada en la acci\u00f3n voluntaria de las familias, y en la utilizaci\u00f3n de unas caracolas de construcci\u00f3n permanente que hab\u00edan quedado libres, tras la construcci\u00f3n del edifico del IES Palomares.<br \/>\nEl grupo de familias de ni\u00f1os\/as escolarizados en La Reg\u00faela,que voluntariamente cambi\u00f3 a sus hijos de instalaciones en el curso 2014\/15,&nbsp; <strong>deciden asociarse a finales de dicho curso, debido a la inminente entrada en funcionamiento de su NUEVO COLEGIO en el curso 2015\/16<\/strong><\/p>\n<p>El nacimiento de esta asociaci\u00f3n se impulsa a trav\u00e9s de la convocatoria espontanea de varias reuniones a lo largo del mes de mayo de 2015. Se invita a todas las familias a participar en la creaci\u00f3n de esta asociaci\u00f3n. Se acuerdan varias reuniones en dias de la semana diferentes para que puedan acudir el mayor n\u00famero posible de padres y madres.<\/p>\n<p>Puedes ver <a href=\"https:\/\/blogsaverroes.juntadeandalucia.es\/ampaolea\/files\/2015\/06\/1\u00aa-reunion-GUION.pdf\" target=\"_blank\" rel=\"noopener\">el gui\u00f3n que marc\u00f3 la primera reuni\u00f3n aqu\u00ed.<\/a><\/p>\n<p>Despues de esta primera reun\u00ed\u00f3n todo fue saliendo de modo natural entre los asistentes. Sumando entusiamo y energ\u00eda, se le fue dando la forma a un colectivo de familias interesados en la formaci\u00f3n de sus hijos\/as.<\/p>\n<p>Los primeros pasos fueron repartir tareas con el objetivo de crear una filosof\u00eda de partida realmente participativa. Una asociaci\u00f3n de todos hecha por todos, desde abajo, en la que muchos tienen un papel activo<\/p>\n<p>Puedes leer aqu\u00ed los res\u00famenes de aquellas reuniones:<br \/>\n<a href=\"https:\/\/blogsaverroes.juntadeandalucia.es\/ampaolea\/files\/2015\/06\/Resumen-1\u00aa-Reunion-sobre-la-futura-AMPA.pdf\" target=\"_blank\" rel=\"noopener\">1\u00aa Reuni\u00f3n el 12 de mayo de 2015<\/a><br \/>\n<a href=\"https:\/\/blogsaverroes.juntadeandalucia.es\/ampaolea\/files\/2015\/06\/Resumen-2\u00aa-Reunion-sobre-la-futura-AMPA.pdf\" target=\"_blank\" rel=\"noopener\">2\u00aa Reuni\u00f3n el 20 de mayo de 2015<\/a><br \/>\n<a href=\"https:\/\/blogsaverroes.juntadeandalucia.es\/ampaolea\/files\/2015\/06\/Resumen-3\u00aa-Reunion-sobre-la-futura-AMPA.pdf\" target=\"_blank\" rel=\"noopener\">3\u00aa Reuni\u00f3n el 28 de mayo de 2015<\/a><\/p>\n<p>&nbsp;<\/p>\n","protected":false},"excerpt":{"rendered":"<p>Previendo un problema de masificaci\u00f3n, la Delegaci\u00f3n de Educaci\u00f3n de Sevilla plantea al Colegio La Reg\u00fcela una posible soluci\u00f3n, basada en la acci\u00f3n voluntaria de las familias, y en la utilizaci\u00f3n de unas caracolas&#46;&#46;&#46;<\/p>\n","protected":false},"author":1806,"featured_media":0,"parent":0,"menu_order":0,"comment_status":"closed","ping_status":"open","template":"","meta":{"ngg_post_thumbnail":0,"footnotes":"","_mc_calendar":[]},"aioseo_notices":[],"_links":{"self":[{"href":"https:\/\/blogsaverroes.juntadeandalucia.es\/ampaolea\/wp-json\/wp\/v2\/pages\/2345"}],"collection":[{"href":"https:\/\/blogsaverroes.juntadeandalucia.es\/ampaolea\/wp-json\/wp\/v2\/pages"}],"about":[{"href":"https:\/\/blogsaverroes.juntadeandalucia.es\/ampaolea\/wp-json\/wp\/v2\/types\/page"}],"author":[{"embeddable":true,"href":"https:\/\/blogsaverroes.juntadeandalucia.es\/ampaolea\/wp-json\/wp\/v2\/users\/1806"}],"replies":[{"embeddable":true,"href":"https:\/\/blogsaverroes.juntadeandalucia.es\/ampaolea\/wp-json\/wp\/v2\/comments?post=2345"}],"version-history":[{"count":10,"href":"https:\/\/blogsaverroes.juntadeandalucia.es\/ampaolea\/wp-json\/wp\/v2\/pages\/2345\/revisions"}],"predecessor-version":[{"id":6785,"href":"https:\/\/blogsaverroes.juntadeandalucia.es\/ampaolea\/wp-json\/wp\/v2\/pages\/2345\/revisions\/6785"}],"wp:attachment":[{"href":"https:\/\/blogsaverroes.juntadeandalucia.es\/ampaolea\/wp-json\/wp\/v2\/media?parent=2345"}],"curies":[{"name":"wp","href":"https:\/\/api.w.org\/{rel}","templated":true}]}}