{"id":2419,"date":"2015-06-27T21:11:55","date_gmt":"2015-06-27T21:11:55","guid":{"rendered":"http:\/\/blogsaverroes.juntadeandalucia.es\/ampaolea\/?page_id=2419"},"modified":"2015-09-06T16:12:30","modified_gmt":"2015-09-06T16:12:30","slug":"nos-movemos","status":"publish","type":"page","link":"https:\/\/blogsaverroes.juntadeandalucia.es\/ampaolea\/nos-movemos\/","title":{"rendered":"MU\u00c9VETE !!"},"content":{"rendered":"<p style=\"text-align: center\"><strong>\u00a1\u00a1Nadie mejor que t\u00fa, para moverte por tus hijos\/as!!<\/strong><\/p>\n<p style=\"text-align: left\">Si te mueves, generas movimiento. Este AMPA nace como plataforma para ayudarte a moverte en cualquier cuesti\u00f3n relacionada con la formaci\u00f3n y educaci\u00f3n de nuestros\u00a0hijos\/as. Nace\u00a0 para posiblitar la puesta en marcha de \u00a0las ideas o proyectos que tengas, relacionados con el entorno educativo de nuestros ni\u00f1os y ni\u00f1as:\u00a0su formaci\u00f3n, aprendizaje, entretenimiento, diversi\u00f3n, etc.<\/p>\n<p style=\"text-align: left\">\n","protected":false},"excerpt":{"rendered":"<p>\u00a1\u00a1Nadie mejor que t\u00fa, para moverte por tus hijos\/as!! Si te mueves, generas movimiento. Este AMPA nace como plataforma para ayudarte a moverte en cualquier cuesti\u00f3n relacionada con la formaci\u00f3n y educaci\u00f3n de nuestros\u00a0hijos\/as.&#46;&#46;&#46;<\/p>\n","protected":false},"author":1806,"featured_media":0,"parent":0,"menu_order":0,"comment_status":"closed","ping_status":"open","template":"","meta":{"ngg_post_thumbnail":0,"footnotes":"","_mc_calendar":[]},"aioseo_notices":[],"_links":{"self":[{"href":"https:\/\/blogsaverroes.juntadeandalucia.es\/ampaolea\/wp-json\/wp\/v2\/pages\/2419"}],"collection":[{"href":"https:\/\/blogsaverroes.juntadeandalucia.es\/ampaolea\/wp-json\/wp\/v2\/pages"}],"about":[{"href":"https:\/\/blogsaverroes.juntadeandalucia.es\/ampaolea\/wp-json\/wp\/v2\/types\/page"}],"author":[{"embeddable":true,"href":"https:\/\/blogsaverroes.juntadeandalucia.es\/ampaolea\/wp-json\/wp\/v2\/users\/1806"}],"replies":[{"embeddable":true,"href":"https:\/\/blogsaverroes.juntadeandalucia.es\/ampaolea\/wp-json\/wp\/v2\/comments?post=2419"}],"version-history":[{"count":8,"href":"https:\/\/blogsaverroes.juntadeandalucia.es\/ampaolea\/wp-json\/wp\/v2\/pages\/2419\/revisions"}],"predecessor-version":[{"id":2583,"href":"https:\/\/blogsaverroes.juntadeandalucia.es\/ampaolea\/wp-json\/wp\/v2\/pages\/2419\/revisions\/2583"}],"wp:attachment":[{"href":"https:\/\/blogsaverroes.juntadeandalucia.es\/ampaolea\/wp-json\/wp\/v2\/media?parent=2419"}],"curies":[{"name":"wp","href":"https:\/\/api.w.org\/{rel}","templated":true}]}}