{"id":2425,"date":"2015-06-27T21:25:23","date_gmt":"2015-06-27T21:25:23","guid":{"rendered":"http:\/\/blogsaverroes.juntadeandalucia.es\/ampaolea\/?page_id=2425"},"modified":"2018-12-05T18:41:50","modified_gmt":"2018-12-05T18:41:50","slug":"colegio","status":"publish","type":"page","link":"https:\/\/blogsaverroes.juntadeandalucia.es\/ampaolea\/colegio\/","title":{"rendered":"Conoce el colegio"},"content":{"rendered":"<p><a href=\"https:\/\/blogsaverroes.juntadeandalucia.es\/colegionuevodepalomares\/\" target=\"_blank\" rel=\"noopener\">WEB<\/a>&nbsp;del colegio<br \/>\nTlfno.:&nbsp;<strong>677982668 y 671533250<\/strong><br \/>\nE-mail: &nbsp;<strong>41018896.edu@juntadeandalucia.es<br \/>\n<\/strong><br \/>\n<em>Os recordamos que al no tener personal administrativo en secretar\u00eda, los miembros del equipo directivo atender\u00e1n el tel\u00e9fono&nbsp;en funci\u00f3n de las necesidades del centro. Intentar\u00e1n devolver las llamadas perdidas, siempre que sea posible.<\/em><br \/>\n<em> Tambi\u00e9n pod\u00e9is pedir cita para que se os atienda personalmente<\/em><\/p>\n<p>&#8230;<\/p>\n<p><strong>LOGO DEL COLEGIO:<\/strong><br \/>\nEn noviembre de 2017, finalizamos el proceso de elecci\u00f3n de logos. Tod@s pudimos votar entre todos aquellos propuestos por las familias que quisieron presentar uno.<br \/>\nPuedes conocer al ganador&nbsp;<a href=\"https:\/\/blogsaverroes.juntadeandalucia.es\/ampaolea\/2017\/11\/15\/logo-para-nuestro-ceip-agora\/\" target=\"_blank\" rel=\"noopener\">enlazando aqu\u00ed<\/a><\/p>\n<p>&#8230;<\/p>\n<p>Algunos de los<strong> PROYECTOS Y ACTIVIDADES<\/strong> que se desarrollan:<br \/>\n<a href=\"https:\/\/www.youtube.com\/watch?v=e_L34uWb9nM\" target=\"_blank\" rel=\"noopener\">Dia de la MUJER 2018 &#8211; video<\/a><br \/>\n<a href=\"https:\/\/blogsaverroes.juntadeandalucia.es\/ampaolea\/2018\/02\/04\/nuevos-proyectos-para-las-familias\/\" target=\"_blank\" rel=\"noopener\">Proyectos para toda la familia<\/a><br \/>\nAprendiendo en familia &#8211;<a href=\"https:\/\/www.youtube.com\/watch?v=xt437egZcCw\" target=\"_blank\" rel=\"noopener\"> Cuaderno de BIT-AGORA<\/a><br \/>\n<a href=\"https:\/\/blogsaverroes.juntadeandalucia.es\/ceipagora\/2017\/12\/04\/exposicion-de-6o-en-el-ies-palomares\/\" target=\"_blank\" rel=\"noopener\">Fomento de la LECTURA<\/a><br \/>\n<a href=\"https:\/\/blogsaverroes.juntadeandalucia.es\/colegionuevodepalomares\/mazinguerz-tv\/\" target=\"_blank\" rel=\"noopener\">MazinguerZ TV &#8211; Canal de Youtube<br \/>\n<\/a><a href=\"https:\/\/blogsaverroes.juntadeandalucia.es\/ampaolea\/2017\/06\/25\/a-lu-ci-nan-te-el-circo-agora\/\" target=\"_blank\" rel=\"noopener\">Fiesta de fin de curso 2017 &#8211; El Circo<\/a><a href=\"http:\/\/blogsaverroes.juntadeandalucia.es\/colegionuevodepalomares\/mazinguerz-tv\/\" target=\"_blank\" rel=\"noopener\"><br \/>\n<\/a><a href=\"https:\/\/blogsaverroes.juntadeandalucia.es\/ampaolea\/2017\/04\/25\/nuestro-agora-en-primavera-fotos\/\" target=\"_blank\" rel=\"noopener\">Fiesta de la primavera 2017<\/a> &#8211; tem\u00e1tica \u00ab\u00c1gora\u00bb, celebramos el nombre del colegio elegido entre todos<a href=\"http:\/\/blogsaverroes.juntadeandalucia.es\/colegionuevodepalomares\/mazinguerz-tv\/\" target=\"_blank\" rel=\"noopener\"><br \/>\n<\/a><a href=\"https:\/\/www.youtube.com\/watch?v=5JlogbNpYKc&amp;t=442s\" target=\"_blank\" rel=\"noopener\">D\u00eda de la MUJER 2017 &#8211; video<\/a><br \/>\n<a href=\"https:\/\/blogsaverroes.juntadeandalucia.es\/colegionuevodepalomares\/el-pasaporte-de-las-3-c\/\" target=\"_blank\" rel=\"noopener\">Pasaporte de las 3C<\/a>&nbsp;\/ <a href=\"https:\/\/www.youtube.com\/watch?v=3vfizetJGOs&amp;t=83s\" target=\"_blank\" rel=\"noopener\">Tutorial&nbsp;<\/a><br \/>\n<a href=\"https:\/\/blogsaverroes.juntadeandalucia.es\/colegionuevodepalomares\/martes-culturales\/\" target=\"_blank\" rel=\"noopener\">Martes Culturales <\/a><\/p>\n<p><a href=\"https:\/\/blogsaverroes.juntadeandalucia.es\/ampaolea\/actividades-para-pasarlo-bien\/\" target=\"_blank\" rel=\"noopener\">Actividades con FAMILIAS<\/a><br \/>\n&#8230;<\/p>\n<p><strong>ASAMBLEA GENERAL &#8211; octubre 2016<\/strong><br \/>\nConocimos<a href=\"https:\/\/blogsaverroes.juntadeandalucia.es\/colegionuevodepalomares\/metodologia\/\" target=\"_blank\" rel=\"noopener\"> LA METODOLOG\u00cdA<\/a> y el proyecto de centro. Tambi\u00e9n visualizamos el video de presentaci\u00f3n de la <a href=\"https:\/\/www.youtube.com\/watch?v=v3TftzultvQ\" target=\"_blank\" rel=\"noopener\">&nbsp;nueva plantilla de profesores <\/a><a href=\"https:\/\/www.youtube.com\/watch?v=v3TftzultvQ\" target=\"_blank\" rel=\"noopener\"><br \/>\n<\/a>Intervenci\u00f3n del <a href=\"https:\/\/www.youtube.com\/watch?v=zEfrSkh7I0k\" target=\"_blank\" rel=\"noopener\">director Jos\u00e9 Mar\u00eda Dominguez Palacios<\/a><a href=\"https:\/\/www.youtube.com\/watch?v=v3TftzultvQ\" target=\"_blank\" rel=\"noopener\"><br \/>\n<\/a>Intervenci\u00f3n del<a href=\"https:\/\/www.youtube.com\/watch?v=T0I5QKTslCQ\" target=\"_blank\" rel=\"noopener\"> Jefe de Estudios Rafael Redondo<br \/>\n<\/a>Puedes consultar aqu\u00ed las <a href=\"https:\/\/blogsaverroes.juntadeandalucia.es\/ampaolea\/files\/2016\/10\/ASAMBLEA-octubre25.pdf\" target=\"_blank\" rel=\"noopener\">ACTAS de dicha Asamblea<\/a><\/p>\n<p>&#8230;<\/p>\n<p><strong>NOMBRE DEL COLEGIO:<\/strong><br \/>\nEste AMPA en colaboraci\u00f3n con el <a href=\"https:\/\/blogsaverroes.juntadeandalucia.es\/colegionuevodepalomares\/pagina-ejemplo\/\" target=\"_blank\" rel=\"noopener\">EQUIPO DIRECTIVO<\/a>, impuls\u00f3 un proceso para que entre todos escogi\u00e9ramos un nombre para nuestro colegio. Tras un proceso de votaci\u00f3n,&nbsp;finalmente sali\u00f3 escogido el nombre de \u00ab\u00c1GORA\u00bb, que &nbsp;ser\u00e1 presentado a la administraci\u00f3n competente como PROPUESTA DE LA COMUNIDAD EDUCATIVA.<\/p>\n<p>&#8212;<\/p>\n<p><strong>CONSEJO ESCOLAR<\/strong><em><br \/>\n<\/em><a href=\"https:\/\/blogsaverroes.juntadeandalucia.es\/colegionuevodepalomares\/consejo-escolar\/\" target=\"_blank\" rel=\"noopener\">Enlaza aqu\u00ed al blog del colegio para informarte de todo el proceso de constituci\u00f3n de Consejo Escolar<\/a><br \/>\n&#8212;<\/p>\n<p><strong>TODOS A LA RADIO <\/strong><br \/>\nEscucha aqu\u00ed las entrevistas realizadas entre diciembre y enero, a diferentes miembros de nuestra comunidad educativa.<br \/>\n<a href=\"https:\/\/blogsaverroes.juntadeandalucia.es\/ampaolea\/2015\/12\/16\/nuestro-dire-en-la-radio\/\" target=\"_blank\" rel=\"noopener\">DIRECCI\u00d3N<\/a><br \/>\n<a href=\"https:\/\/blogsaverroes.juntadeandalucia.es\/ampaolea\/2015\/12\/10\/nuestro-colegio-en-la-radio\/\" target=\"_blank\" rel=\"noopener\">JEFATURA DE ESTUDIOS<\/a><br \/>\n<a href=\"https:\/\/blogsaverroes.juntadeandalucia.es\/ampaolea\/2016\/01\/13\/nos-entrevistan-en-la-radio\/\" target=\"_blank\" rel=\"noopener\">AMPA OLEA<\/a><br \/>\n<a href=\"https:\/\/blogsaverroes.juntadeandalucia.es\/ampaolea\/2016\/01\/22\/nuestras-ninasos-en-la-radio\/\" target=\"_blank\" rel=\"noopener\">ALUMNOS\/AS<\/a><br \/>\n<a href=\"https:\/\/www.youtube.com\/watch?v=-DwOdVqzV18&amp;feature=youtu.be\" target=\"_blank\" rel=\"noopener\">MAESTRO de educaci\u00f3n f\u00edsica, DAVID FENOY<\/a><br \/>\n<a href=\"https:\/\/blogsaverroes.juntadeandalucia.es\/ampaolea\/2016\/02\/18\/maestro-de-infantil-en-la-radio\/\" target=\"_blank\" rel=\"noopener\">MAESTRO de Infantil, JUANMI<\/a><a href=\"http:\/\/blogsaverroes.juntadeandalucia.es\/ampaolea\/2016\/02\/18\/maestro-de-infantil-en-la-radio\/\"><br \/>\n<\/a><a href=\"https:\/\/blogsaverroes.juntadeandalucia.es\/ampaolea\/2016\/02\/23\/madre-colaboradora-en-la-radio\/\" target=\"_blank\" rel=\"noopener\">MADRE PSICOLOGA Y COLABORADORA &#8211; Educaci\u00f3n emocional<\/a><\/p>\n<p>&#8212;<\/p>\n<p><strong>AMPA OLEA y la PUESTA EN MARCHA DEL COLEGI<\/strong><em><strong>O<\/strong><br \/>\nDiciembre 2015<\/em><br \/>\nLa AMPA OLEA lleva desde el principio de curso realizando una serie de actuaciones enfocadas a que la puesta en marcha de nuestro nuevo colegio se haga en las mejores condiciones posibles. <a href=\"https:\/\/blogsaverroes.juntadeandalucia.es\/ampaolea\/acciones\/\" target=\"_blank\" rel=\"noopener\">Consulta aqu\u00ed las acciones<\/a> llevadas a cabo para conseguir administrativo, conserje, materiales, PT, sombras, \u00e1rboles,&#8230; y otras muchas cosas necesarias en todos los colegios<\/p>\n<p style=\"text-align: left\">&#8212;&#8212;-<\/p>\n<p><strong>ASAMBLEA &#8211; 20 de octubre de 2015<\/strong><em><br \/>\n<\/em>El pr\u00f3ximo martes 27 de octubre a las 17h, tendr\u00e1 lugar la PRIMERA ASAMBLEA DEL CURSO. La AMPA OLEA se presentar\u00e1 como asociaci\u00f3n y expondr\u00e1 sus objetivos generales, tambi\u00e9n se recoger\u00e1n propuestas e ideas de todas las familias que lo deseen.<br \/>\nEL EQUIPO DIRECTIVO expondr\u00e1 su PROYECTO EDUCATIVO en nuestro colegio, as\u00ed como las pautas y m\u00e9todos de trabajo que van a utilizar&nbsp;en su tarea educativa.<br \/>\n<a href=\"https:\/\/blogsaverroes.juntadeandalucia.es\/ampaolea\/reuniones-actas\/\" target=\"_blank\" rel=\"noopener\">Consulta aqu\u00ed las actas y resumen&nbsp;<\/a>de este d\u00eda<\/p>\n<p>&#8212;<\/p>\n<p><strong>CREACI\u00d3N DEL COLEGIO<\/strong><em><br \/>\n<\/em>Con la publicaci\u00f3n en BOJA, hoy lunes 21 de Septiembre de 2015, del&nbsp;Decreto 424\/2015, de 8 de septiembre, nuestro colegio ya es una realidad.<br \/>\n<a href=\"https:\/\/juntadeandalucia.es\/boja\/2015\/184\/index.html\" target=\"_blank\" rel=\"noopener\">Consulta aqu\u00ed el texto del&nbsp; BOJA<\/a><\/p>\n<p>1<em>7 de septiembre de 2015<\/em><br \/>\nUna semana despu\u00e9s del comienzo de curso, seguimos sin ser Colegio. Hecho que supone un gran problema para resolver cuestiones esenciales de todos los comienzos de curso, y sobre todo en el nacimiento de un nuevo centro.<br \/>\nEl Consejo de Gobierno de la Junta de Andaluc\u00eda aprob\u00f3 por <a href=\"https:\/\/www.juntadeandalucia.es\/educacion\/educacion\/nav\/contenido.jsp?pag=\/Contenidos\/GabinetePrensa\/Notas_de_prensa\/2015\/09_Septiembre\/nota_prensa_080915_RegistroCentros&amp;vismenu=0,0,1,1,1,1,0,0,0\" target=\"_blank\" rel=\"noopener\">Decreto la creaci\u00f3n de este colegio<\/a>, el pasado 8 de septiembre.<br \/>\nA d\u00eda de hoy seguimos pendiente de que se haga efectivo con la&nbsp;publicaci\u00f3n en Boja, &nbsp;los nombramientos del nuevo equipo directivo, y las herramientas que les permitan ejercer como tales.<\/p>\n<p>&#8212;<\/p>\n<p><em>Julio de 2015<\/em><br \/>\nNuestro colegio ser\u00e1&nbsp;el&nbsp;tercer colegio de Palomares, y a la espera de poder tener nombre, se identifica con el c\u00f3digo&nbsp;&nbsp;41018896<br \/>\nCon este tercer colegio para Palomares, se ha conseguido &nbsp;reducir la ratio de alumnos por clase en bastantes grupos del colegio de origen, La Reg\u00fcela, ayudando as\u00ed a minimizar un posible problema de masificaci\u00f3n.<br \/>\nConsideramos que este hecho revierte en una mejor calidad educativa para todos los ni\u00f1os\/as implicados, los que se fueron y los que se quedaron en La Reg\u00fcela.<\/p>\n<p>&nbsp;<\/p>\n","protected":false},"excerpt":{"rendered":"<p>WEB&nbsp;del colegio Tlfno.:&nbsp;677982668 y 671533250 E-mail: &nbsp;41018896.edu@juntadeandalucia.es Os recordamos que al no tener personal administrativo en secretar\u00eda, los miembros del equipo directivo atender\u00e1n el tel\u00e9fono&nbsp;en funci\u00f3n de las necesidades del centro. Intentar\u00e1n devolver las&#46;&#46;&#46;<\/p>\n","protected":false},"author":1806,"featured_media":0,"parent":0,"menu_order":0,"comment_status":"closed","ping_status":"open","template":"","meta":{"ngg_post_thumbnail":0,"footnotes":"","_mc_calendar":[]},"aioseo_notices":[],"_links":{"self":[{"href":"https:\/\/blogsaverroes.juntadeandalucia.es\/ampaolea\/wp-json\/wp\/v2\/pages\/2425"}],"collection":[{"href":"https:\/\/blogsaverroes.juntadeandalucia.es\/ampaolea\/wp-json\/wp\/v2\/pages"}],"about":[{"href":"https:\/\/blogsaverroes.juntadeandalucia.es\/ampaolea\/wp-json\/wp\/v2\/types\/page"}],"author":[{"embeddable":true,"href":"https:\/\/blogsaverroes.juntadeandalucia.es\/ampaolea\/wp-json\/wp\/v2\/users\/1806"}],"replies":[{"embeddable":true,"href":"https:\/\/blogsaverroes.juntadeandalucia.es\/ampaolea\/wp-json\/wp\/v2\/comments?post=2425"}],"version-history":[{"count":58,"href":"https:\/\/blogsaverroes.juntadeandalucia.es\/ampaolea\/wp-json\/wp\/v2\/pages\/2425\/revisions"}],"predecessor-version":[{"id":6881,"href":"https:\/\/blogsaverroes.juntadeandalucia.es\/ampaolea\/wp-json\/wp\/v2\/pages\/2425\/revisions\/6881"}],"wp:attachment":[{"href":"https:\/\/blogsaverroes.juntadeandalucia.es\/ampaolea\/wp-json\/wp\/v2\/media?parent=2425"}],"curies":[{"name":"wp","href":"https:\/\/api.w.org\/{rel}","templated":true}]}}