{"id":2507,"date":"2015-07-10T16:47:51","date_gmt":"2015-07-10T16:47:51","guid":{"rendered":"http:\/\/blogsaverroes.juntadeandalucia.es\/ampaolea\/?page_id=2507"},"modified":"2023-05-17T08:34:46","modified_gmt":"2023-05-17T08:34:46","slug":"comedor","status":"publish","type":"page","link":"https:\/\/blogsaverroes.juntadeandalucia.es\/ampaolea\/comedor\/","title":{"rendered":"Comedor &#8211; Aula Matinal &#8211; Extraescolares"},"content":{"rendered":"<p><strong><em>Mayo 2023<br \/>\n<a href=\"https:\/\/blogsaverroes.juntadeandalucia.es\/ampaolea\/files\/2023\/05\/BASAL_CCS-1.pdf\" target=\"_blank\" rel=\"noopener noreferrer\"><img loading=\"lazy\" decoding=\"async\" class=\"alignleft size-medium wp-image-9235\" src=\"https:\/\/blogsaverroes.juntadeandalucia.es\/ampaolea\/files\/2023\/05\/MENU-MAYO23-300x212.png\" alt=\"\" width=\"300\" height=\"212\" srcset=\"https:\/\/blogsaverroes.juntadeandalucia.es\/ampaolea\/files\/2023\/05\/MENU-MAYO23-300x212.png 300w, https:\/\/blogsaverroes.juntadeandalucia.es\/ampaolea\/files\/2023\/05\/MENU-MAYO23-768x544.png 768w, https:\/\/blogsaverroes.juntadeandalucia.es\/ampaolea\/files\/2023\/05\/MENU-MAYO23-700x496.png 700w, https:\/\/blogsaverroes.juntadeandalucia.es\/ampaolea\/files\/2023\/05\/MENU-MAYO23.png 915w\" sizes=\"(max-width: 300px) 100vw, 300px\" \/><\/a><br \/>\n<\/em><\/strong><\/p>\n<p>&nbsp;<\/p>\n<p>&nbsp;<\/p>\n<p>&nbsp;<\/p>\n<p>&nbsp;<\/p>\n<p>&nbsp;<\/p>\n<p><em><strong>Octubre de 2022<\/strong><\/em><\/p>\n<p><a href=\"https:\/\/blogsaverroes.juntadeandalucia.es\/ampaolea\/files\/2022\/10\/Menu-octubre.jpeg\" target=\"_blank\" rel=\"noopener noreferrer\"><img loading=\"lazy\" decoding=\"async\" class=\"alignleft size-medium wp-image-8925\" src=\"https:\/\/blogsaverroes.juntadeandalucia.es\/ampaolea\/files\/2022\/10\/Menu-octubre-300x210.jpeg\" alt=\"\" width=\"300\" height=\"210\" srcset=\"https:\/\/blogsaverroes.juntadeandalucia.es\/ampaolea\/files\/2022\/10\/Menu-octubre-300x210.jpeg 300w, https:\/\/blogsaverroes.juntadeandalucia.es\/ampaolea\/files\/2022\/10\/Menu-octubre-1024x717.jpeg 1024w, https:\/\/blogsaverroes.juntadeandalucia.es\/ampaolea\/files\/2022\/10\/Menu-octubre-768x538.jpeg 768w, https:\/\/blogsaverroes.juntadeandalucia.es\/ampaolea\/files\/2022\/10\/Menu-octubre-700x490.jpeg 700w, https:\/\/blogsaverroes.juntadeandalucia.es\/ampaolea\/files\/2022\/10\/Menu-octubre.jpeg 1199w\" sizes=\"(max-width: 300px) 100vw, 300px\" \/><\/a><\/p>\n<p><a href=\"https:\/\/blogsaverroes.juntadeandalucia.es\/ampaolea\/files\/2022\/10\/Recomendaciones-cena-octubre.jpeg\" target=\"_blank\" rel=\"noopener noreferrer\"><img loading=\"lazy\" decoding=\"async\" class=\"alignleft wp-image-8926\" src=\"https:\/\/blogsaverroes.juntadeandalucia.es\/ampaolea\/files\/2022\/10\/Recomendaciones-cena-octubre-300x212.jpeg\" alt=\"\" width=\"266\" height=\"191\"><\/a><\/p>\n<p>&nbsp;<\/p>\n<p>&nbsp;<\/p>\n<p>&nbsp;<\/p>\n<p>&nbsp;<\/p>\n<p>&nbsp;<\/p>\n<p>&nbsp;<\/p>\n<p><em><strong>Septiembre de 2022<\/strong><\/em><\/p>\n<p><a href=\"https:\/\/blogsaverroes.juntadeandalucia.es\/ampaolea\/files\/2022\/09\/Menu-sept2022.jpeg\" target=\"_blank\" rel=\"noopener noreferrer\"><img loading=\"lazy\" decoding=\"async\" class=\"alignleft wp-image-8882\" src=\"https:\/\/blogsaverroes.juntadeandalucia.es\/ampaolea\/files\/2022\/09\/Menu-sept2022-300x214.jpeg\" alt=\"\" width=\"300\" height=\"214\" srcset=\"https:\/\/blogsaverroes.juntadeandalucia.es\/ampaolea\/files\/2022\/09\/Menu-sept2022-300x214.jpeg 300w, https:\/\/blogsaverroes.juntadeandalucia.es\/ampaolea\/files\/2022\/09\/Menu-sept2022-768x548.jpeg 768w, https:\/\/blogsaverroes.juntadeandalucia.es\/ampaolea\/files\/2022\/09\/Menu-sept2022-700x500.jpeg 700w, https:\/\/blogsaverroes.juntadeandalucia.es\/ampaolea\/files\/2022\/09\/Menu-sept2022.jpeg 1002w\" sizes=\"(max-width: 300px) 100vw, 300px\" \/><\/a><\/p>\n<p><a href=\"https:\/\/blogsaverroes.juntadeandalucia.es\/ampaolea\/files\/2022\/09\/Menu-cenas-sept2022.jpeg\" target=\"_blank\" rel=\"noopener noreferrer\"><img loading=\"lazy\" decoding=\"async\" class=\"alignleft wp-image-8883 size-thumbnail\" src=\"https:\/\/blogsaverroes.juntadeandalucia.es\/ampaolea\/files\/2022\/09\/Menu-cenas-sept2022-150x150.jpeg\" alt=\"\" width=\"150\" height=\"150\" srcset=\"https:\/\/blogsaverroes.juntadeandalucia.es\/ampaolea\/files\/2022\/09\/Menu-cenas-sept2022-150x150.jpeg 150w, https:\/\/blogsaverroes.juntadeandalucia.es\/ampaolea\/files\/2022\/09\/Menu-cenas-sept2022-432x432.jpeg 432w, https:\/\/blogsaverroes.juntadeandalucia.es\/ampaolea\/files\/2022\/09\/Menu-cenas-sept2022-268x268.jpeg 268w\" sizes=\"(max-width: 150px) 100vw, 150px\" \/><\/a><\/p>\n<p>&nbsp;<\/p>\n<p>&nbsp;<\/p>\n<p>&nbsp;<\/p>\n<p>&nbsp;<\/p>\n<p>&nbsp;<\/p>\n<p>&nbsp;<\/p>\n<p>Recuerda solicitar tu <strong>bonificaci\u00f3n para los servicios de comedor o actividades extraescolares, dentro del PLAN DE APERTURA<\/strong>&nbsp;que se ofrece en el colegio.&nbsp;<em>(No confundir con talleres extraescolares del AMPA).&nbsp;<\/em><strong>Hasta el 7 de septiembre (inclusive)<\/strong><br \/>\n<a href=\"https:\/\/www.juntadeandalucia.es\/educacion\/secretariavirtual\/accesoTramite\/381\" target=\"_blank\" rel=\"noopener noreferrer\">https:\/\/www.juntadeandalucia.es\/educacion\/secretariavirtual\/accesoTramite\/381<\/a>\/&nbsp;<\/p>\n<p><strong><em>Septiembre de 2021<\/em><\/strong><\/p>\n<ul>\n<li><a href=\"https:\/\/blogsaverroes.juntadeandalucia.es\/ampaolea\/files\/2021\/10\/menu-octubre2021.pdf\" target=\"_blank\" rel=\"noopener noreferrer\">Men\u00fa del comedor para Octubre<\/a><\/li>\n<li>Gesti\u00f3n del comedor 2021\/2022 por A<a href=\"https:\/\/blogsaverroes.juntadeandalucia.es\/ampaolea\/files\/2021\/09\/Catering-ARAMAK-2021-2022.pdf\" target=\"_blank\" rel=\"noopener noreferrer\">RAMAK. Consulta aqu\u00ed normativa, indicaciones, men\u00fas, etc.<\/a><\/li>\n<li>Recuerda solicitar tu <strong>bonificaci\u00f3n para los servicios de comedor o actividades extraescolares, dentro del PLAN DE APERTURA<\/strong>&nbsp;que se ofrece en el colegio.&nbsp;<em>(No confundir con talleres extraescolares del AMPA).&nbsp;<\/em><strong>Hasta el 7 de septiembre (inclusive)<\/strong><br \/>\n<a href=\"https:\/\/www.juntadeandalucia.es\/educacion\/secretariavirtual\/accesoTramite\/381\/\" target=\"_blank\" rel=\"noopener noreferrer\">https:\/\/www.juntadeandalucia.es\/educacion\/secretariavirtual\/accesoTramite\/381\/<\/a><\/li>\n<\/ul>\n<p><em><strong>Septiembre de 2020<\/strong><\/em><\/p>\n<p>&#8211; A 21 de septiembre recibimos la desagradable noticia de que la empresa va a reducir monitores de comedor dada la baja asistencia que est\u00e1 teniendo el servicio.&nbsp; Entendemos que la baja asistencia es precisamente por la falta de seguridad por no tener concedido el desdoble en el comedor. Rechazamos esta intenci\u00f3n de la empresa que no ayuda en nada a atender a las familias que siguen necesitando del servicio a pesar de no ir. En breve, emprenderemos acciones para intentar evitar esta mala noticia.<\/p>\n<p><em>-El AMPA OLEA compra mamparas para minimizar los riesgos de contagio en el comedor<\/em><\/p>\n<p><em><img loading=\"lazy\" decoding=\"async\" class=\"alignleft size-thumbnail wp-image-8015\" src=\"https:\/\/blogsaverroes.juntadeandalucia.es\/ampaolea\/files\/2020\/09\/Mamparas-comedor-150x150.jpeg\" alt=\"\" width=\"150\" height=\"150\" srcset=\"https:\/\/blogsaverroes.juntadeandalucia.es\/ampaolea\/files\/2020\/09\/Mamparas-comedor-150x150.jpeg 150w, https:\/\/blogsaverroes.juntadeandalucia.es\/ampaolea\/files\/2020\/09\/Mamparas-comedor-100x100.jpeg 100w, https:\/\/blogsaverroes.juntadeandalucia.es\/ampaolea\/files\/2020\/09\/Mamparas-comedor-432x432.jpeg 432w, https:\/\/blogsaverroes.juntadeandalucia.es\/ampaolea\/files\/2020\/09\/Mamparas-comedor-268x268.jpeg 268w\" sizes=\"(max-width: 150px) 100vw, 150px\" \/><img loading=\"lazy\" decoding=\"async\" class=\"alignleft size-thumbnail wp-image-8014\" src=\"https:\/\/blogsaverroes.juntadeandalucia.es\/ampaolea\/files\/2020\/09\/mamparas-comedor4-150x150.jpeg\" alt=\"\" width=\"150\" height=\"150\" srcset=\"https:\/\/blogsaverroes.juntadeandalucia.es\/ampaolea\/files\/2020\/09\/mamparas-comedor4-150x150.jpeg 150w, https:\/\/blogsaverroes.juntadeandalucia.es\/ampaolea\/files\/2020\/09\/mamparas-comedor4-100x100.jpeg 100w, https:\/\/blogsaverroes.juntadeandalucia.es\/ampaolea\/files\/2020\/09\/mamparas-comedor4-432x432.jpeg 432w, https:\/\/blogsaverroes.juntadeandalucia.es\/ampaolea\/files\/2020\/09\/mamparas-comedor4-268x268.jpeg 268w\" sizes=\"(max-width: 150px) 100vw, 150px\" \/><img loading=\"lazy\" decoding=\"async\" class=\"alignleft size-thumbnail wp-image-8012\" src=\"https:\/\/blogsaverroes.juntadeandalucia.es\/ampaolea\/files\/2020\/09\/mamparas-comedor2-150x150.jpeg\" alt=\"\" width=\"150\" height=\"150\" srcset=\"https:\/\/blogsaverroes.juntadeandalucia.es\/ampaolea\/files\/2020\/09\/mamparas-comedor2-150x150.jpeg 150w, https:\/\/blogsaverroes.juntadeandalucia.es\/ampaolea\/files\/2020\/09\/mamparas-comedor2-100x100.jpeg 100w, https:\/\/blogsaverroes.juntadeandalucia.es\/ampaolea\/files\/2020\/09\/mamparas-comedor2-432x432.jpeg 432w, https:\/\/blogsaverroes.juntadeandalucia.es\/ampaolea\/files\/2020\/09\/mamparas-comedor2-268x268.jpeg 268w\" sizes=\"(max-width: 150px) 100vw, 150px\" \/><\/em><\/p>\n<p>&nbsp;<\/p>\n<p>&nbsp;<\/p>\n<p>&nbsp;<\/p>\n<p>&nbsp;<\/p>\n<p>-Nota de la direcci\u00f3n del Colegio en relaci\u00f3n a la situaci\u00f3n del comedor ante la inminente apertura del comedor:<em><br \/>\n\u00abSituaci\u00f3n a fecha 11\/09\/2020 del comedor: Desde la empresa adjudicataria se nos indica que, a pesar de estar aprobado el segundo turno, no tienen constancia de parte de la administraci\u00f3n del aumento de monitores para la atenci\u00f3n del alumnado. <strong>Desde el centro le insistimos en que no es posible garantizar el cumplimiento del protocolo en estas condiciones, por lo que no podemos asegurar la apertura del mismo el pr\u00f3ximo martes 15.<\/strong> Cualquier cambio en la situaci\u00f3n actual ser\u00e1 trasladada a toda la comunidad educativa\u00bb<\/em><\/p>\n<p><em><a href=\"https:\/\/www.juntadeandalucia.es\/educacion\/secretariavirtual\/accesoTramite\/381\/\">&#8211; Acceso on-line a las SOLICITUDES DE BONIFICACIONES para el Plan de apertura: aula matinal, comedor, actividades extraescolares (ofrecidas por el colegio)<\/a> . Plazo 1 a 7 de septiembre de 2020<\/em><\/p>\n<p><em><strong>Septiembre de 2019<\/strong><br \/>\n<\/em>&#8211;<a href=\"https:\/\/blogsaverroes.juntadeandalucia.es\/ampaolea\/files\/2019\/09\/Comedor-ausencias.jpg\" target=\"_blank\" rel=\"noopener noreferrer\">Aclaraciones sobre las normas de funcionamiento del comedor:<strong> ausencias,<\/strong> etc<\/a><em><br \/>\n<\/em>-Como cada a\u00f1o, recuerda que debes solicitar la bonificaci\u00f3n para el Plan de apertura (comedor, aula matinal y extraescolares del colegio), durante los primeros d\u00edas de septiembre.&nbsp;<\/p>\n<p><em><strong>Octubre de 2018<\/strong><br \/>\n<\/em><strong>Bonificaciones<\/strong> para el Plan de apertura: comedor, aula matinal y extraescolares del colegio.<br \/>\n<a href=\"https:\/\/blogsaverroes.juntadeandalucia.es\/ceipagora\/files\/2018\/10\/Listado_de_bonificaciones.pdf\" target=\"_blank\" rel=\"noopener noreferrer\">Listado de familias bonificadas<\/a><br \/>\nM\u00e1s info en la web del colegio<\/p>\n<p><em>Septiembre de 2018<\/em><br \/>\nConsulta aqu\u00ed las <a href=\"https:\/\/blogsaverroes.juntadeandalucia.es\/ceipagora\/2018\/09\/05\/normas-de-comedor\/\" target=\"_blank\" rel=\"noopener noreferrer\">NORMAS publicadas por el colegio sobre el servicio del comedor<br \/>\n<\/a>Plazo de SOLICITUD DE BONIFICACIONES para el Plan de Apertura: comedor, aula matinal y extraescolares (del colegio, no del AMPA). <strong>Hasta el 7 de septiembre<\/strong><\/p>\n<p><em>Junio de 2018<\/em><br \/>\n<a href=\"https:\/\/blogsaverroes.juntadeandalucia.es\/ampaolea\/files\/2018\/07\/Listado-definitivo-plan-apertura.pdf\" target=\"_blank\" rel=\"noopener noreferrer\">Listado definitivo de admintidos y suplentes en los servicios del PLAN DE APERTURA<\/a>: COMEDOR, AULA MATINAL Y ACTIVIDADES EXTRAESCOLARES del colegio (no del AMPA)<\/p>\n<p><em>ABRIL de 2018<br \/>\n<\/em>Desde la FAMPA, Federacion de AMPAs, nos env\u00edan a las familias usuarias del servicio de COMEDOR, esta encuesta para conocer la valoraci\u00f3n del mismo<br \/>\n<a href=\"https:\/\/docs.google.com\/forms\/d\/e\/1FAIpQLSfFImKs5hIoOwAf-0ed53iAEVsbhbq3Izb_FUdmaItvAlSFlg\/viewform?c=0&amp;w=1\" target=\"_blank\" rel=\"noopener noreferrer\">Pincha aqu\u00ed para acceder al enlace del CUESTIONARIO<\/a><\/p>\n<p><em>FEBRERO de 2018<\/em><br \/>\n<a href=\"https:\/\/blogsaverroes.juntadeandalucia.es\/ceipagora\/2018\/02\/26\/gestion-de-cobros-de-comedor-escolar\/\" target=\"_blank\" rel=\"noopener noreferrer\">El colegio nos notifica<\/a> que el nuevo tel\u00e9fono de la empresa suministradora del servicio de comedor, para cualquier duda relacionada con la gesti\u00f3n de cobros es 625080464<\/p>\n<p><em>DICIEMBRE de 2017<br \/>\n<\/em>&#8211; <a href=\"https:\/\/blogsaverroes.juntadeandalucia.es\/ceipagora\/2017\/12\/19\/nota-informativa\/\" target=\"_blank\" rel=\"noopener noreferrer\">El colegio nos notifica <\/a>que ha habido un error en los cobros por parte de la empresa suministradora del servicio de comedor. Dichos errores ser\u00e1n subsanados en los pr\u00f3ximos recibos.&nbsp;SI TIENEN ALGUNA DUDA, ESCRIBAN UN CORREO A LA&nbsp;DIRECCI\u00d3N QUE SE INDICA ABAJO, PONIENDO EN EL ASUNTO DEL CORREO \u201cLOTE 5\u201d.&nbsp;PERDONEN LAS MOLESTIAS.<br \/>\nCelia I Ruiz&nbsp;954 09 09 36 &#8211;&nbsp;675 96 88 87<\/p>\n<p><em>NOVIEMBRE de 2017<br \/>\n<\/em>&#8211; Publicada la <a href=\"https:\/\/blogsaverroes.juntadeandalucia.es\/ampaolea\/files\/2017\/11\/bonificacion-defeinitiva.pdf\" target=\"_blank\" rel=\"noopener noreferrer\">lista de familias BONIFICADAS<\/a> en el plan de apertura : comedor, aula matinal, extraescolares. M\u00e1s <a href=\"https:\/\/blogsaverroes.juntadeandalucia.es\/ceipagora\/2017\/11\/20\/resolucion-definitiva-bonificaciones-2\/\" target=\"_blank\" rel=\"noopener noreferrer\">info en el blog del colegio<br \/>\n<\/a>&#8211; La nueva empresa de catering que gestiona el comedor es LUIS SOSA RODRIGUEZ. Dec\u00e1rgate aqu\u00ed su<a href=\"https:\/\/blogsaverroes.juntadeandalucia.es\/ampaolea\/files\/2017\/11\/DOSSIER-DE-FUNCIONAMIENTO-CATERING-LUIS-SOSA-.pdf\" target=\"_blank\" rel=\"noopener noreferrer\"> \u00abdossier informativo\u00bb<\/a>. Puedes ver esta misma info en<a href=\"https:\/\/blogsaverroes.juntadeandalucia.es\/ceipagora\/2017\/11\/03\/dossier-informativo-nuevo-catering\/\" target=\"_blank\" rel=\"noopener noreferrer\"> el blog del colegio<\/a><\/p>\n<p><em>OCTUBRE de 2017<\/em><br \/>\n&#8211; Cambia la empresa adjudicataria encargada de la gesti\u00f3n del comedor escolar. Ser\u00e1 \u00abLUIS SOSA RODRIGUEZ\u00bb. El personal que atiende directamente a l@s ni\u00f1@s, ser\u00e1 el de siempre.<br \/>\n<a href=\"https:\/\/blogsaverroes.juntadeandalucia.es\/ceipagora\/2017\/10\/18\/cambio-de-empresa-del-comedor\/\" target=\"_blank\" rel=\"noopener noreferrer\">M\u00e1s info aqu\u00ed<\/a><\/p>\n<p><em>SEPTIEMBRE de 2017<br \/>\n&#8211; <\/em>Solicitud de Bonificaciones, del 1 al 7 de septiembre.<em><br \/>\n<\/em>Se abre el plazo para solicitar la BONIFICACI\u00d3N en los servicios del Plan de Apertura: comedor, aula matinal y extraescolares del colegio<br \/>\n<a href=\"https:\/\/blogsaverroes.juntadeandalucia.es\/ampaolea\/2017\/09\/01\/bonificaciones-comedor-aula-matinal-y-extraescolares\/\" target=\"_blank\" rel=\"noopener noreferrer\">M\u00e1s info aqu\u00ed<\/a><\/p>\n<p><em>JUNIO de 2017<br \/>\n&#8211;<\/em> <a href=\"https:\/\/blogsaverroes.juntadeandalucia.es\/ampaolea\/files\/2017\/06\/Admitidos-y-suplentes-plan-apertura-definitivo.pdf\" target=\"_blank\" rel=\"noopener noreferrer\">Listado DEFINITIVO de ADMINITIDOS y SUPLENTES<\/a> en el COMEDOR, AULA MATINAL Y ACTIVIDADES EXTRAESCOLARES del Colegio (Ingles y deporte)<em><br \/>\n<\/em><em>&#8211; <\/em>Junto a la matr\u00edcula debes SOLICITAR los servicios que te interesen del Plan de Apertura : <a href=\"https:\/\/blogsaverroes.juntadeandalucia.es\/ampaolea\/files\/2017\/06\/Solicitud-COMEDOR-AM-AAEE.pdf\" target=\"_blank\" rel=\"noopener noreferrer\">CO MEDOR, AULA MATINAL, o ACTIVIDADES EXTRAESCOLARES<\/a><\/p>\n<ul>\n<li><em>*Consulta aqu\u00ed<a href=\"https:\/\/blogsaverroes.juntadeandalucia.es\/ampaolea\/files\/2017\/06\/AAEE-\u00c1GORA-2017-2018.pdf\" target=\"_blank\" rel=\"noopener noreferrer\"> la oferta que el colegio tiene de actividades extraescolares<\/a>, y unas <a href=\"https:\/\/blogsaverroes.juntadeandalucia.es\/ampaolea\/files\/2017\/06\/aclaraci\u00f3nsolicitudesanexoii.pdf\" target=\"_blank\" rel=\"noopener noreferrer\">aclaraciones que te ayudaran a cumplimentar la solicitud<\/a><\/em><\/li>\n<\/ul>\n<p><em>MARZO de 2017<br \/>\n&#8211; <\/em><a href=\"https:\/\/blogsaverroes.juntadeandalucia.es\/ampaolea\/files\/2017\/03\/autorizacion-oferta-educativa.pdf\" target=\"_blank\" rel=\"noopener noreferrer\">Publicada la Oferta Educativa del CEIP Nuevo de Palomares<\/a>, que ofrecer\u00e1 para el curso 2017\/18: 60 plazas de comedor, 60 plazas de aula matinal, y actividades extraescolares<\/p>\n<p><em>NOVIEMBRE de 2016<\/em><br \/>\n&#8211; Publicadas las listas definitivas &nbsp;de las familias BONIFICADAS para el servicio de Aula Matinal, Comedor y\/o Actividades Extraescolares.<br \/>\n<a href=\"https:\/\/blogsaverroes.juntadeandalucia.es\/ampaolea\/files\/2016\/11\/resolucion-bonificaciones.pdf\" target=\"_blank\" rel=\"noopener noreferrer\">&nbsp;Consulta la resoluci\u00f3n AQU\u00cd<\/a><\/p>\n<p><em>OCTUBRE de 2016<\/em><br \/>\n&#8211; Publicadas las listas provisionales con las familias BONIFICADAS para usar el servicio de comedor.<a href=\"https:\/\/blogsaverroes.juntadeandalucia.es\/ampaolea\/files\/2016\/10\/bonificaciones-provisional-20152016.pdf\" target=\"_blank\" rel=\"noopener noreferrer\"> Cons\u00faltalas aqu\u00ed<\/a><br \/>\n&#8211; Comienzan las actividades extraescolares que ofrece el Colegio: PEQUEDEPORTE (martes y jueves de 16-17h), y MULTIDEPORTE (martes y jueves de 17-18h). Puedes apuntarte en cualquier momento. Contacta con la secretar\u00eda del Colegio<\/p>\n<p><em>SEPTIEMBRE de 2016<br \/>\n<\/em>&#8211; <span style=\"text-decoration: underline\"><strong>Si has sido admitido al comedor, pero finalmente no vas a necesitar usarlo, POR FAVOR, comun\u00edcalo al colegio para que puedan llamar a otras familias que s\u00ed lo necesitan<\/strong><\/span><br \/>\n&#8211; Es necesario que comuniques&nbsp;en la secretar\u00eda del colegio, el d\u00eda que tus hijos empezar\u00e1n a usar el comedor.<br \/>\n&#8211; Reuni\u00f3n para usuarios del COMEDOR, jueves 8 de septiembre a las 17.30h<br \/>\n-Todos los solicitantes del Aula Matinal del curso 2016\/17 han sido admitidos<em><br \/>\n&#8212;&#8211;<br \/>\nJUNIO de 2016<br \/>\n<\/em><span style=\"text-decoration: underline\"><strong>Podr\u00e1s solicitar la BONIFICACI\u00d3N para el comedor o el aula de mediodia del 1 al 7 de septiembre de 2016<\/strong><\/span><br \/>\n<em>&#8212;&#8211;<br \/>\n<\/em>Ya est\u00e1n publicadas las LISTAS DEFINITIVAS de admitidos y suplentes en COMEDOR, AULA MATINAL y EXTRAESCOLARES del colegio. <a href=\"https:\/\/blogsaverroes.juntadeandalucia.es\/colegionuevodepalomares\/2016\/06\/29\/listado-definitivo-plan-apertura\/\" target=\"_blank\" rel=\"noopener noreferrer\">Cons\u00faltalos enlazando aqu\u00ed con el &nbsp;blog del colegio<\/a>.<em><br \/>\n<\/em><em>&#8212;&#8211;<br \/>\n<\/em>Entre la documentaci\u00f3n de matr\u00edcula encontrar\u00e1s <a href=\"https:\/\/blogsaverroes.juntadeandalucia.es\/ampaolea\/files\/2016\/06\/inscripcion_PLAN-DE-APERTURA2016-17.pdf\" target=\"_blank\" rel=\"noopener noreferrer\">el anexo para apuntar a tu hijo\/a en el COMEDOR, AULA MATINAL O ACTIVIDADES EXTRAESCOLARES<\/a> gestionadas por el colegio.<br \/>\n&#8212;&#8211;<br \/>\nAdemas el colegio publica en su blog algunas&nbsp;<a href=\"https:\/\/blogsaverroes.juntadeandalucia.es\/colegionuevodepalomares\/2016\/05\/27\/consideraciones-importantes-sobre-el-plan-de-apertura-aula-matinal-comedor-y-actividades-extraescolares\/\" target=\"_blank\" rel=\"noopener noreferrer\">Consideraciones de inter\u00e9s para todo aquel que solicite el servicio de COMEDOR Y\/O AULA MATINAL&nbsp;<\/a><\/p>\n<p>&#8212;&#8212;&#8211;<br \/>\n<a href=\"https:\/\/blogsaverroes.juntadeandalucia.es\/ampaolea\/files\/2016\/03\/MENU_MARZO_PUBLICO.pdf\" target=\"_blank\" rel=\"noopener noreferrer\">Men\u00fa de MARZO 2016<br \/>\n<\/a><a href=\"https:\/\/blogsaverroes.juntadeandalucia.es\/ampaolea\/files\/2016\/03\/MENU_FEBRERO_PUBLICO.pdf\" target=\"_blank\" rel=\"noopener noreferrer\">Men\u00fa de FEBRERO 2016<\/a><br \/>\n&#8212;<br \/>\n<em>Marzo 2016<\/em><br \/>\nPublicado el listado de colegios autorizados para ofrecer servicios de comedor, aula matinal y extraescolares (del propio colegio), para el curso 2016\/17<br \/>\n<a href=\"https:\/\/blogsaverroes.juntadeandalucia.es\/ampaolea\/files\/2016\/03\/BOJA-listado-de-centros-comedor-aula-extra-16-17.pdf\" target=\"_blank\" rel=\"noopener noreferrer\">Resoluci\u00f3n de 7 de marzo &nbsp;(BOJA 51 de 16 de marzo de 2016)<\/a><br \/>\n&#8212;<br \/>\n<em>Octubre 2015<\/em><br \/>\nPublicadas desde el d\u00eda 1 de octubre, el listado de familias que reciben la bonificaci\u00f3n para utilizar estos servicios. Puedes verlo en el tabl\u00f3n de secretar\u00eda a la entrada del colegio.<br \/>\n&#8212;<br \/>\n<em>Septiembre 2015<\/em><br \/>\n<strong><span style=\"text-decoration: underline\">REUNION informativa sobre el COMEDOR y AULA MATINAL<\/span>:<\/strong><br \/>\n<strong>LUNES 7 de septiembre, 18.30h en el CEIP \u00abLA REG\u00dcELA\u00bb<\/strong><\/p>\n<p><a href=\"https:\/\/blogsaverroes.juntadeandalucia.es\/ampaolea\/files\/2015\/09\/Comedor-2015-2016.jpeg\" target=\"_blank\" rel=\"noopener noreferrer\">SOLICITUD COMEDOR<\/a><br \/>\n<a href=\"https:\/\/blogsaverroes.juntadeandalucia.es\/ampaolea\/files\/2015\/09\/Aula-matinal-2015-2016.jpeg\" target=\"_blank\" rel=\"noopener noreferrer\">SOLICITUD AULA MATINAL<\/a><br \/>\n<a href=\"https:\/\/blogsaverroes.juntadeandalucia.es\/ampaolea\/files\/2015\/09\/Aramark.jpeg\" target=\"_blank\" rel=\"noopener noreferrer\">Informaci\u00f3n del catering\u00bb Aramark\u00bb<\/a><\/p>\n<p><a href=\"http:\/\/blogsaverroes.juntadeandalucia.es\/ampaolea\/aula-de-mediodia\/\" target=\"_blank\" rel=\"noopener noreferrer\">&#8211;<\/a>&#8212;&#8211;<br \/>\nPara el curso 2015\/16, nuestro nuevo colegio contar\u00e1 con 60 plazas de comedor, y 30 de aula matinal.<br \/>\n&#8212;&#8212;-<br \/>\n<a href=\"https:\/\/blogsaverroes.juntadeandalucia.es\/ampaolea\/files\/2015\/10\/AULA_MATINAL_Y_COMEDOR_2015-16.pdf\" target=\"_blank\" rel=\"noopener noreferrer\">Documentaci\u00f3n, informaci\u00f3n y plazos para solicitar Aula Matinal, Comedor y Actividades extraescolares, as\u00ed como su bonificaci\u00f3n<\/a><\/p>\n","protected":false},"excerpt":{"rendered":"<p>Mayo 2023 &nbsp; &nbsp; &nbsp; &nbsp; &nbsp; Octubre de 2022 &nbsp; &nbsp; &nbsp; &nbsp; &nbsp; &nbsp; Septiembre de 2022 &nbsp; &nbsp; &nbsp; &nbsp; &nbsp; &nbsp; Recuerda solicitar tu bonificaci\u00f3n para los servicios de comedor&#46;&#46;&#46;<\/p>\n","protected":false},"author":1806,"featured_media":0,"parent":0,"menu_order":0,"comment_status":"closed","ping_status":"open","template":"","meta":{"ngg_post_thumbnail":0,"footnotes":"","_mc_calendar":[]},"aioseo_notices":[],"_links":{"self":[{"href":"https:\/\/blogsaverroes.juntadeandalucia.es\/ampaolea\/wp-json\/wp\/v2\/pages\/2507"}],"collection":[{"href":"https:\/\/blogsaverroes.juntadeandalucia.es\/ampaolea\/wp-json\/wp\/v2\/pages"}],"about":[{"href":"https:\/\/blogsaverroes.juntadeandalucia.es\/ampaolea\/wp-json\/wp\/v2\/types\/page"}],"author":[{"embeddable":true,"href":"https:\/\/blogsaverroes.juntadeandalucia.es\/ampaolea\/wp-json\/wp\/v2\/users\/1806"}],"replies":[{"embeddable":true,"href":"https:\/\/blogsaverroes.juntadeandalucia.es\/ampaolea\/wp-json\/wp\/v2\/comments?post=2507"}],"version-history":[{"count":82,"href":"https:\/\/blogsaverroes.juntadeandalucia.es\/ampaolea\/wp-json\/wp\/v2\/pages\/2507\/revisions"}],"predecessor-version":[{"id":9237,"href":"https:\/\/blogsaverroes.juntadeandalucia.es\/ampaolea\/wp-json\/wp\/v2\/pages\/2507\/revisions\/9237"}],"wp:attachment":[{"href":"https:\/\/blogsaverroes.juntadeandalucia.es\/ampaolea\/wp-json\/wp\/v2\/media?parent=2507"}],"curies":[{"name":"wp","href":"https:\/\/api.w.org\/{rel}","templated":true}]}}