{"id":2545,"date":"2015-08-22T20:36:41","date_gmt":"2015-08-22T20:36:41","guid":{"rendered":"http:\/\/blogsaverroes.juntadeandalucia.es\/ampaolea\/?page_id=2545"},"modified":"2017-11-26T22:29:15","modified_gmt":"2017-11-26T22:29:15","slug":"normativa","status":"publish","type":"page","link":"https:\/\/blogsaverroes.juntadeandalucia.es\/ampaolea\/normativa\/","title":{"rendered":"Normativa"},"content":{"rendered":"<p>Enlaza aqu\u00ed con el<a href=\"http:\/\/www.juntadeandalucia.es\/educacion\/portals\/web\/inspeccion-educativa\/normativa\" target=\"_blank\" rel=\"noopener\"> buscador de normativas<\/a> de la Consejer\u00eda de Educaci\u00f3n<\/p>\n<p>EDUCACI\u00d3N&nbsp;INFANTIL<br \/>\nEDUCACI\u00d3N PRIMARIA<br \/>\nADMISI\u00d3N DE ALUMNOS &#8211; ESCOLARIZACI\u00d3N<a href=\"http:\/\/www.juntadeandalucia.es\/educacion\/webportal\/web\/inspeccion\/legislacion\/resultados-de-busqueda\/-\/categorias\/categoria\/Meg0\/plan-de-apoyo-a-familias\"><br \/>\n<\/a>ORGANIZACI\u00d3N DE CENTROS<br \/>\nAPOYO A LAS FAMILIAS<br \/>\nCOMEDOR<br \/>\nAULA MATINAL<br \/>\nACTIVIDADES EXTRAESCOLARES<a href=\"http:\/\/www.juntadeandalucia.es\/boja\/2010\/169\/2\"><br \/>\n<\/a>COMUNIDADES DE APRENDIZAJE<\/p>\n<p>&nbsp;<\/p>\n","protected":false},"excerpt":{"rendered":"<p>Enlaza aqu\u00ed con el buscador de normativas de la Consejer\u00eda de Educaci\u00f3n EDUCACI\u00d3N&nbsp;INFANTIL EDUCACI\u00d3N PRIMARIA ADMISI\u00d3N DE ALUMNOS &#8211; ESCOLARIZACI\u00d3N ORGANIZACI\u00d3N DE CENTROS APOYO A LAS FAMILIAS COMEDOR AULA MATINAL ACTIVIDADES EXTRAESCOLARES COMUNIDADES DE&#46;&#46;&#46;<\/p>\n","protected":false},"author":1806,"featured_media":0,"parent":0,"menu_order":0,"comment_status":"closed","ping_status":"open","template":"","meta":{"ngg_post_thumbnail":0,"footnotes":"","_mc_calendar":[]},"aioseo_notices":[],"_links":{"self":[{"href":"https:\/\/blogsaverroes.juntadeandalucia.es\/ampaolea\/wp-json\/wp\/v2\/pages\/2545"}],"collection":[{"href":"https:\/\/blogsaverroes.juntadeandalucia.es\/ampaolea\/wp-json\/wp\/v2\/pages"}],"about":[{"href":"https:\/\/blogsaverroes.juntadeandalucia.es\/ampaolea\/wp-json\/wp\/v2\/types\/page"}],"author":[{"embeddable":true,"href":"https:\/\/blogsaverroes.juntadeandalucia.es\/ampaolea\/wp-json\/wp\/v2\/users\/1806"}],"replies":[{"embeddable":true,"href":"https:\/\/blogsaverroes.juntadeandalucia.es\/ampaolea\/wp-json\/wp\/v2\/comments?post=2545"}],"version-history":[{"count":7,"href":"https:\/\/blogsaverroes.juntadeandalucia.es\/ampaolea\/wp-json\/wp\/v2\/pages\/2545\/revisions"}],"predecessor-version":[{"id":5682,"href":"https:\/\/blogsaverroes.juntadeandalucia.es\/ampaolea\/wp-json\/wp\/v2\/pages\/2545\/revisions\/5682"}],"wp:attachment":[{"href":"https:\/\/blogsaverroes.juntadeandalucia.es\/ampaolea\/wp-json\/wp\/v2\/media?parent=2545"}],"curies":[{"name":"wp","href":"https:\/\/api.w.org\/{rel}","templated":true}]}}