{"id":2996,"date":"2015-12-09T22:07:38","date_gmt":"2015-12-09T22:07:38","guid":{"rendered":"http:\/\/blogsaverroes.juntadeandalucia.es\/ampaolea\/?page_id=2996"},"modified":"2023-02-10T07:44:39","modified_gmt":"2023-02-10T07:44:39","slug":"reuniones-con-profesores","status":"publish","type":"page","link":"https:\/\/blogsaverroes.juntadeandalucia.es\/ampaolea\/reuniones-con-profesores\/","title":{"rendered":"Reuniones con el equipo directivo del colegio"},"content":{"rendered":"<p><em>*Encontrar\u00e1s aqu\u00ed los res\u00famenes de algunas de las reuniones mantenidas entre&nbsp; miembros de la Junta Directiva del AMPA y el Equipo Directivo del colegio. <strong>Son <span style=\"text-decoration: underline\">anotaciones<\/span> realizadas por alguna de las asistentes del ampa<\/strong>, por lo que <strong>en<span style=\"text-decoration: underline\"><strong>&nbsp;nin<\/strong>g\u00fan caso se pueden considerar actas formales<\/span> de dichos encuentros. No est\u00e1n rese\u00f1adas todas las reuniones que realmente se han hecho, solo aquellas en las que se registraron por escrito.<\/strong><\/em><\/p>\n<p><span style=\"text-decoration: underline\"><strong>Reuniones durante el curso 2022\/2023<\/strong><\/span><\/p>\n<p>&#8211;<a href=\"https:\/\/blogsaverroes.juntadeandalucia.es\/ampaolea\/files\/2022\/11\/Reunion-AMPA-COLE-11nov2022.pdf\" target=\"_blank\" rel=\"noopener noreferrer\">Viernes 11 de noviembre de 2022<\/a><\/p>\n<p><span style=\"text-decoration: underline\"><strong>Reuniones durante el curso 2021\/2022<\/strong><\/span><\/p>\n<p><span style=\"text-decoration: underline\"><strong>Reuniones durante el curso 2020\/2021<\/strong><\/span><\/p>\n<p>&#8211; <a href=\"https:\/\/blogsaverroes.juntadeandalucia.es\/ampaolea\/files\/2021\/06\/Reunion-cole-ampa-11junio.pdf\" target=\"_blank\" rel=\"noopener noreferrer\">Viernes 11 de junio de 2021<\/a><br \/>\n&#8211; Viernes 19 de marzo de 2021<br \/>\n&#8211; Viernes 12 de febrero de 2021<br \/>\n&#8211; Viernes 19 de enero de 2021<br \/>\n&#8211; Viernes <a href=\"https:\/\/blogsaverroes.juntadeandalucia.es\/ampaolea\/files\/2020\/12\/Reunion-Cole-ampa-noviembre27-Documentos-de-Google.pdf\" target=\"_blank\" rel=\"noopener noreferrer\">27 de noviembre de 2020<\/a><\/p>\n<p><span style=\"text-decoration: underline\"><strong>Reuniones durante el curso 2019\/2020<\/strong><\/span><\/p>\n<p>-Viernes <a href=\"https:\/\/blogsaverroes.juntadeandalucia.es\/ampaolea\/files\/2020\/02\/resumen-equipo-ampa-14-02-20.jpeg\" target=\"_blank\" rel=\"noopener noreferrer\">14 de febrero de 2020<\/a><br \/>\n&#8211; Viernes <a href=\"https:\/\/blogsaverroes.juntadeandalucia.es\/ampaolea\/files\/2020\/02\/reunion-ampa-cole-24ene20.jpg\" target=\"_blank\" rel=\"noopener noreferrer\">24 de enero de 2020<\/a><br \/>\n-Mi\u00e9rcoles <a href=\"https:\/\/blogsaverroes.juntadeandalucia.es\/ampaolea\/files\/2019\/12\/Reunion-Cole-Ampa.pdf\" target=\"_blank\" rel=\"noopener noreferrer\">4 de diciembre de 2019<\/a><br \/>\n-Diciembre 2019 &#8211; Reuni\u00f3n <a href=\"https:\/\/blogsaverroes.juntadeandalucia.es\/ampaolea\/files\/2019\/12\/Reunion-Cole-Delegadas.pdf\" target=\"_blank\" rel=\"noopener noreferrer\">Equipo Directivo-Delegadas<\/a><br \/>\n-Viernes <a href=\"https:\/\/blogsaverroes.juntadeandalucia.es\/ampaolea\/files\/2019\/10\/Reunion-AMPA-PROFES-18-10-19.pdf\" target=\"_blank\" rel=\"noopener noreferrer\">18 de octubre de 2019<\/a><\/p>\n<p><span style=\"text-decoration: underline\"><strong>Reuniones durante el curso 2018\/2019:<\/strong><\/span><\/p>\n<p>Viernes <a href=\"https:\/\/blogsaverroes.juntadeandalucia.es\/ampaolea\/files\/2019\/02\/2019-02-15-Reunion-Ampa-Eq-Direct-Agora.pdf\" target=\"_blank\" rel=\"noopener noreferrer\">15 de febrero de 2018<\/a><br \/>\nViernes <a href=\"https:\/\/blogsaverroes.juntadeandalucia.es\/ampaolea\/files\/2019\/01\/reunion-profes-25enero.pdf\" target=\"_blank\" rel=\"noopener noreferrer\">25 de enero de 2018<\/a><br \/>\nViernes <a href=\"https:\/\/blogsaverroes.juntadeandalucia.es\/ampaolea\/files\/2018\/11\/2018-11-16-Reunion-Ampa-Eq-Direct-Agora.pdf\" target=\"_blank\" rel=\"noopener noreferrer\">16 de noviembre de 2018<\/a><br \/>\nViernes 2<a href=\"https:\/\/blogsaverroes.juntadeandalucia.es\/ampaolea\/files\/2018\/09\/2018-09-21-Reunion-Ampa-Eq-Direct-Agora-1.pdf\" target=\"_blank\" rel=\"noopener noreferrer\">1 de septiembre de 2018<\/a><\/p>\n<p><span style=\"text-decoration: underline\"><strong>Reuniones durante el curso 2017\/18:<br \/>\n<\/strong><\/span><\/p>\n<p>Lunes <a href=\"https:\/\/blogsaverroes.juntadeandalucia.es\/ampaolea\/files\/2018\/05\/Resumen-profes-14-5-18.pdf\" target=\"_blank\" rel=\"noopener noreferrer\">14 de mayo de 2018<\/a><br \/>\nViernes <a href=\"https:\/\/blogsaverroes.juntadeandalucia.es\/ampaolea\/files\/2018\/04\/2018-04-06-Reunion-Ampa-Eq-Direct-Agora.pdf\" target=\"_blank\" rel=\"noopener noreferrer\">6 de abril de 2018<\/a><span style=\"text-decoration: underline\"><strong><br \/>\n<\/strong><\/span>Viernes <a href=\"https:\/\/blogsaverroes.juntadeandalucia.es\/ampaolea\/files\/2018\/03\/Resumen-reunion-profes-2-1-18.pdf\" target=\"_blank\" rel=\"noopener noreferrer\">2 de marzo de 2018<\/a>&nbsp;<span style=\"text-decoration: underline\"><strong><br \/>\n<\/strong><\/span>Viernes 9 de febrero de 2018. ( los temas tratados se integran en las actas del 12 de febrero de 2018 de la Junta Directiva del AMPA)<br \/>\nViernes <a href=\"https:\/\/blogsaverroes.juntadeandalucia.es\/ampaolea\/files\/2018\/01\/2018-01-12-Reunion-Ampa-Eq-Direct-Agora.pdf\" target=\"_blank\" rel=\"noopener noreferrer\">12 de enero de 2018<\/a><span style=\"text-decoration: underline\"><strong><br \/>\n<\/strong><\/span>Viernes <a href=\"https:\/\/blogsaverroes.juntadeandalucia.es\/ampaolea\/files\/2017\/12\/Reunion-profes-24-11-2017.pdf\" target=\"_blank\" rel=\"noopener noreferrer\">24 de noviembre de 2017<\/a><span style=\"text-decoration: underline\"><strong><br \/>\n<\/strong><\/span>Viernes <a href=\"https:\/\/blogsaverroes.juntadeandalucia.es\/ampaolea\/files\/2017\/10\/Resumen-profes-27-10-17.pdf\" target=\"_blank\" rel=\"noopener noreferrer\">27 de octubre de 2017<\/a><span style=\"text-decoration: underline\"><strong><br \/>\n<\/strong><\/span>Viernes <a href=\"https:\/\/blogsaverroes.juntadeandalucia.es\/ampaolea\/files\/2017\/10\/septiembre22-resumen-profes.pdf\">22 de septiembre de 2017<\/a><\/p>\n<p><span style=\"text-decoration: underline\"><strong>Reuniones durante el curso 2016\/17:<br \/>\n<\/strong><\/span>Viernes <a href=\"https:\/\/blogsaverroes.juntadeandalucia.es\/ampaolea\/files\/2017\/06\/Reunion-Profes-26mayo.pdf\" target=\"_blank\" rel=\"noopener noreferrer\">26 de mayo de 2017<\/a><span style=\"text-decoration: underline\"><strong><br \/>\n<\/strong><\/span>Viernes <a href=\"https:\/\/blogsaverroes.juntadeandalucia.es\/ampaolea\/files\/2017\/05\/Reunion-profes-12mayo2017.pdf\" target=\"_blank\" rel=\"noopener noreferrer\">12 de mayo de 2017<\/a><span style=\"text-decoration: underline\"><strong><br \/>\n<\/strong><\/span>Viernes 7 de abril de 2017:&nbsp;(sin resumen, todo el contenido de la reuni\u00f3n gir\u00f3 en torno a la organizaci\u00f3n de la fiesta de primavera)<span style=\"text-decoration: underline\"><strong><br \/>\n<\/strong><\/span>Viernes <a href=\"https:\/\/blogsaverroes.juntadeandalucia.es\/ampaolea\/files\/2017\/03\/2017-03-24-Reunion-Ampa-Eq-Direct-Manzanilla-1.pdf\" target=\"_blank\" rel=\"noopener noreferrer\">24 de marzo de 2017<\/a><span style=\"text-decoration: underline\"><strong><br \/>\n<\/strong><\/span>Viernes <a href=\"https:\/\/blogsaverroes.juntadeandalucia.es\/ampaolea\/files\/2017\/03\/marzo17-resumen-profes.pdf\" target=\"_blank\" rel=\"noopener noreferrer\">17 de marzo de 2017<\/a><span style=\"text-decoration: underline\"><strong><br \/>\n<\/strong><\/span>Viernes <a href=\"https:\/\/blogsaverroes.juntadeandalucia.es\/ampaolea\/files\/2017\/03\/2017-03-03-Reunion-Ampa-Eq-Direct-Manzanilla-2.pdf\" target=\"_blank\" rel=\"noopener noreferrer\">3 de marzo de 2017<\/a><span style=\"text-decoration: underline\"><strong><br \/>\n<\/strong><\/span>Viernes <a href=\"https:\/\/blogsaverroes.juntadeandalucia.es\/ampaolea\/files\/2017\/02\/2017-02-24-Reunion-Ampa-Eq-Direct-Manzanilla-2.pdf\" target=\"_blank\" rel=\"noopener noreferrer\">24 de febrero de 2017<\/a><br \/>\nViernes&nbsp;<a href=\"https:\/\/blogsaverroes.juntadeandalucia.es\/ampaolea\/files\/2017\/02\/Febrero-10-REunion-profes.pdf.pdf\" target=\"_blank\" rel=\"noopener noreferrer\">10 de febrero de 201<\/a>7<br \/>\nViernes <a href=\"https:\/\/blogsaverroes.juntadeandalucia.es\/ampaolea\/files\/2017\/02\/3-febrero-resumen-profes.pdf\" target=\"_blank\" rel=\"noopener noreferrer\">3 de febrero de 201<\/a>7<br \/>\nViernes <a href=\"https:\/\/blogsaverroes.juntadeandalucia.es\/ampaolea\/files\/2017\/01\/7-enero13-resumen-profes.pdf\" target=\"_blank\" rel=\"noopener noreferrer\">13 de enero de 201<\/a>7<br \/>\nViernes <a href=\"https:\/\/blogsaverroes.juntadeandalucia.es\/ampaolea\/files\/2016\/12\/Reunion-profes-9DIC.PDF.pdf\" target=\"_blank\" rel=\"noopener noreferrer\">9 de diciembre de 2016<\/a><br \/>\nViernes <a href=\"https:\/\/blogsaverroes.juntadeandalucia.es\/ampaolea\/files\/2016\/12\/6-diciembre2-resumen-profes.pdf\" target=\"_blank\" rel=\"noopener noreferrer\">2 de diciembre de 2016<\/a><br \/>\nViernes <a href=\"https:\/\/blogsaverroes.juntadeandalucia.es\/ampaolea\/files\/2016\/12\/5-noviembre25-resumen-profes.pdf\" target=\"_blank\" rel=\"noopener noreferrer\">25 de noviembre de 2016<\/a><br \/>\nViernes <a href=\"https:\/\/blogsaverroes.juntadeandalucia.es\/ampaolea\/files\/2016\/11\/Noviembre-11-resumen-profes.pdf\">11 de noviembre de 2016<\/a><br \/>\nViernes <a href=\"https:\/\/blogsaverroes.juntadeandalucia.es\/ampaolea\/files\/2016\/10\/Profes-Octubre21.pdf\" target=\"_blank\" rel=\"noopener noreferrer\">21 de octubre de 2016<\/a><br \/>\nViernes <a href=\"https:\/\/blogsaverroes.juntadeandalucia.es\/ampaolea\/files\/2016\/10\/2-octubre14-resumen-profes.pdf\" target=\"_blank\" rel=\"noopener noreferrer\">14 de octubre de 2016<\/a><br \/>\nViernes <a href=\"https:\/\/blogsaverroes.juntadeandalucia.es\/ampaolea\/files\/2016\/10\/Septiembre-30-resumen-profes.pdf\" target=\"_blank\" rel=\"noopener noreferrer\">30 de septiembre de 2016<\/a><\/p>\n<p><span style=\"text-decoration: underline\"><strong>Reuniones durante el curso 2015\/16:<\/strong><\/span><br \/>\nViernes 10 de junio de 2016 (sin resumen, todo el contenido de la reuni\u00f3n gir\u00f3 en torno a la organizaci\u00f3n de la fiesta de fin de curso)<br \/>\nViernes <a href=\"https:\/\/blogsaverroes.juntadeandalucia.es\/ampaolea\/files\/2016\/06\/PROFES-mayo-27.pdf\" target=\"_blank\" rel=\"noopener noreferrer\">27 de mayo de 2016<\/a><br \/>\nViernes <a href=\"https:\/\/blogsaverroes.juntadeandalucia.es\/ampaolea\/files\/2016\/05\/PROFES-mayo-20.pdf\" target=\"_blank\" rel=\"noopener noreferrer\">20 de mayo de 2016<\/a><br \/>\nViernes <a href=\"https:\/\/blogsaverroes.juntadeandalucia.es\/ampaolea\/files\/2016\/05\/PROFES-mayo-13.pdf\" target=\"_blank\" rel=\"noopener noreferrer\">13 de mayo de 2016<\/a><br \/>\nViernes <a href=\"https:\/\/blogsaverroes.juntadeandalucia.es\/ampaolea\/files\/2016\/05\/PROFES-mayo-6.pdf\" target=\"_blank\" rel=\"noopener noreferrer\">6 de mayo de 2016<\/a><a href=\"http:\/\/blogsaverroes.juntadeandalucia.es\/ampaolea\/files\/2016\/02\/PROFES-resumen-12feb.pdf\" target=\"_blank\" rel=\"noopener noreferrer\"><br \/>\n<\/a>Viernes <a href=\"https:\/\/blogsaverroes.juntadeandalucia.es\/ampaolea\/files\/2016\/04\/PROFES-abril-1.pdf\" target=\"_blank\" rel=\"noopener noreferrer\">1 de abril de 2016<\/a><a href=\"http:\/\/blogsaverroes.juntadeandalucia.es\/ampaolea\/files\/2016\/02\/PROFES-resumen-12feb.pdf\" target=\"_blank\" rel=\"noopener noreferrer\"><br \/>\n<\/a>Viernes <a href=\"https:\/\/blogsaverroes.juntadeandalucia.es\/ampaolea\/files\/2016\/04\/PROFES-resumen-18-marzo.doc\" target=\"_blank\" rel=\"noopener noreferrer\">18 de marzo de 2016<\/a><a href=\"http:\/\/blogsaverroes.juntadeandalucia.es\/ampaolea\/files\/2016\/02\/PROFES-resumen-12feb.pdf\" target=\"_blank\" rel=\"noopener noreferrer\"><br \/>\n<\/a>Viernes<a href=\"https:\/\/blogsaverroes.juntadeandalucia.es\/ampaolea\/files\/2016\/03\/PROFES-resumen-4marzo.pdf\" target=\"_blank\" rel=\"noopener noreferrer\"> 4 de marzo de 2016<\/a><a href=\"http:\/\/blogsaverroes.juntadeandalucia.es\/ampaolea\/files\/2016\/02\/PROFES-resumen-12feb.pdf\" target=\"_blank\" rel=\"noopener noreferrer\"><br \/>\n<\/a>Viernes<a href=\"https:\/\/blogsaverroes.juntadeandalucia.es\/ampaolea\/files\/2016\/03\/PROFES-resumen-19feb.pdf\" target=\"_blank\" rel=\"noopener noreferrer\"> 19 de febrero de 2016<\/a><a href=\"http:\/\/blogsaverroes.juntadeandalucia.es\/ampaolea\/files\/2016\/02\/PROFES-resumen-12feb.pdf\" target=\"_blank\" rel=\"noopener noreferrer\"><br \/>\n<\/a>Viernes<a href=\"https:\/\/blogsaverroes.juntadeandalucia.es\/ampaolea\/files\/2016\/02\/PROFES-resumen-12feb.pdf\" target=\"_blank\" rel=\"noopener noreferrer\"> 12 de febrero de 2016<br \/>\n<\/a>Viernes<a href=\"https:\/\/blogsaverroes.juntadeandalucia.es\/ampaolea\/files\/2016\/02\/PROFES-resumen-5feb2016.pdf\" target=\"_blank\" rel=\"noopener noreferrer\"> 5 de febrero de 2016<\/a><a href=\"http:\/\/blogsaverroes.juntadeandalucia.es\/ampaolea\/files\/2016\/01\/PROFES-resumen-18dic.pdf\" target=\"_blank\" rel=\"noopener noreferrer\"><br \/>\n<\/a>Viernes<a href=\"https:\/\/blogsaverroes.juntadeandalucia.es\/ampaolea\/files\/2016\/01\/PROFES-resumen-15ene2016.pdf\" target=\"_blank\" rel=\"noopener noreferrer\"> 15 de enero de 2016<br \/>\n<\/a>Viernes <a href=\"https:\/\/blogsaverroes.juntadeandalucia.es\/ampaolea\/files\/2016\/01\/PROFES-resumen-18dic.pdf\" target=\"_blank\" rel=\"noopener noreferrer\">18 de diciembre de 2015<\/a><br \/>\nViernes <a href=\"https:\/\/blogsaverroes.juntadeandalucia.es\/ampaolea\/files\/2015\/12\/PROFES-resumen-14dic.pdf\" target=\"_blank\" rel=\"noopener noreferrer\">11 de diciembre de 2015<\/a><br \/>\nViernes <a href=\"https:\/\/blogsaverroes.juntadeandalucia.es\/ampaolea\/files\/2015\/12\/PROFES-resumen-27nov.pdf\" target=\"_blank\" rel=\"noopener noreferrer\">27 de noviembre de 2015<\/a><br \/>\nViernes <a href=\"https:\/\/blogsaverroes.juntadeandalucia.es\/ampaolea\/files\/2015\/12\/PROFES-resumen-20nov.pdf\" target=\"_blank\" rel=\"noopener noreferrer\">20 de noviembre de 2015<\/a><br \/>\nViernes <a href=\"https:\/\/blogsaverroes.juntadeandalucia.es\/ampaolea\/files\/2015\/12\/PROFES-resumen-13nov.pdf\" target=\"_blank\" rel=\"noopener noreferrer\">13 de noviembre de 2015<\/a><a href=\"http:\/\/blogsaverroes.juntadeandalucia.es\/ampaolea\/files\/2016\/01\/PROFES-resumen-15ene2016.pdf\" target=\"_blank\" rel=\"noopener noreferrer\"><br \/>\n<\/a>Viernes<a href=\"https:\/\/blogsaverroes.juntadeandalucia.es\/ampaolea\/files\/2015\/12\/PROFES-resumen-6nov.pdf\"> 6 de noviembre de 2015<\/a><a href=\"http:\/\/blogsaverroes.juntadeandalucia.es\/ampaolea\/files\/2016\/01\/PROFES-resumen-15ene2016.pdf\" target=\"_blank\" rel=\"noopener noreferrer\"><br \/>\n<\/a>Viernes 30 de octubre de 2015<br \/>\nViernes <a href=\"https:\/\/blogsaverroes.juntadeandalucia.es\/ampaolea\/files\/2015\/12\/PROFES-resumen-24oct.pdf\" target=\"_blank\" rel=\"noopener noreferrer\">23 de octubre de 2015<\/a><br \/>\nViernes <a href=\"https:\/\/blogsaverroes.juntadeandalucia.es\/ampaolea\/files\/2015\/12\/PROFES-resumen-16oct.pdf\" target=\"_blank\" rel=\"noopener noreferrer\">16 de octubre de 2015<\/a><br \/>\nViernes<a href=\"https:\/\/blogsaverroes.juntadeandalucia.es\/ampaolea\/files\/2015\/12\/PROFES-resumen-9oct.pdf\" target=\"_blank\" rel=\"noopener noreferrer\"> 9 de octubre de 2015<\/a><a href=\"http:\/\/blogsaverroes.juntadeandalucia.es\/ampaolea\/files\/2016\/01\/PROFES-resumen-15ene2016.pdf\" target=\"_blank\" rel=\"noopener noreferrer\"><br \/>\n<\/a>Viernes<a href=\"https:\/\/blogsaverroes.juntadeandalucia.es\/ampaolea\/files\/2016\/01\/PROFES-resumen-2oct.pdf\" target=\"_blank\" rel=\"noopener noreferrer\"> 2 de octubre de 2015<\/a><a href=\"http:\/\/blogsaverroes.juntadeandalucia.es\/ampaolea\/files\/2016\/01\/PROFES-resumen-15ene2016.pdf\" target=\"_blank\" rel=\"noopener noreferrer\"><br \/>\n<\/a>Viernes <a href=\"https:\/\/blogsaverroes.juntadeandalucia.es\/ampaolea\/files\/2016\/01\/PROFES-resumen-25sept.pdf\" target=\"_blank\" rel=\"noopener noreferrer\">25 de septiembre de 2015<\/a><a href=\"http:\/\/blogsaverroes.juntadeandalucia.es\/ampaolea\/files\/2016\/01\/PROFES-resumen-15ene2016.pdf\" target=\"_blank\" rel=\"noopener noreferrer\"><br \/>\n<\/a>Viernes <a href=\"https:\/\/blogsaverroes.juntadeandalucia.es\/ampaolea\/files\/2016\/01\/PROFES-resumen-18sept.pdf\" target=\"_blank\" rel=\"noopener noreferrer\">18 de septiembre de 2015<\/a><a href=\"http:\/\/blogsaverroes.juntadeandalucia.es\/ampaolea\/files\/2016\/01\/PROFES-resumen-15ene2016.pdf\" target=\"_blank\" rel=\"noopener noreferrer\"><br \/>\n<\/a><\/p>\n<p>&nbsp;<\/p>\n","protected":false},"excerpt":{"rendered":"<p>*Encontrar\u00e1s aqu\u00ed los res\u00famenes de algunas de las reuniones mantenidas entre&nbsp; miembros de la Junta Directiva del AMPA y el Equipo Directivo del colegio. Son anotaciones realizadas por alguna de las asistentes del ampa,&#46;&#46;&#46;<\/p>\n","protected":false},"author":1806,"featured_media":0,"parent":0,"menu_order":0,"comment_status":"closed","ping_status":"open","template":"","meta":{"ngg_post_thumbnail":0,"footnotes":"","_mc_calendar":[]},"aioseo_notices":[],"_links":{"self":[{"href":"https:\/\/blogsaverroes.juntadeandalucia.es\/ampaolea\/wp-json\/wp\/v2\/pages\/2996"}],"collection":[{"href":"https:\/\/blogsaverroes.juntadeandalucia.es\/ampaolea\/wp-json\/wp\/v2\/pages"}],"about":[{"href":"https:\/\/blogsaverroes.juntadeandalucia.es\/ampaolea\/wp-json\/wp\/v2\/types\/page"}],"author":[{"embeddable":true,"href":"https:\/\/blogsaverroes.juntadeandalucia.es\/ampaolea\/wp-json\/wp\/v2\/users\/1806"}],"replies":[{"embeddable":true,"href":"https:\/\/blogsaverroes.juntadeandalucia.es\/ampaolea\/wp-json\/wp\/v2\/comments?post=2996"}],"version-history":[{"count":101,"href":"https:\/\/blogsaverroes.juntadeandalucia.es\/ampaolea\/wp-json\/wp\/v2\/pages\/2996\/revisions"}],"predecessor-version":[{"id":9161,"href":"https:\/\/blogsaverroes.juntadeandalucia.es\/ampaolea\/wp-json\/wp\/v2\/pages\/2996\/revisions\/9161"}],"wp:attachment":[{"href":"https:\/\/blogsaverroes.juntadeandalucia.es\/ampaolea\/wp-json\/wp\/v2\/media?parent=2996"}],"curies":[{"name":"wp","href":"https:\/\/api.w.org\/{rel}","templated":true}]}}