{"id":3237,"date":"2016-01-29T04:33:25","date_gmt":"2016-01-29T04:33:25","guid":{"rendered":"http:\/\/blogsaverroes.juntadeandalucia.es\/ampaolea\/?page_id=3237"},"modified":"2023-04-26T18:50:06","modified_gmt":"2023-04-26T18:50:06","slug":"calendario-escolar-1516","status":"publish","type":"page","link":"https:\/\/blogsaverroes.juntadeandalucia.es\/ampaolea\/calendario-escolar-1516\/","title":{"rendered":"Calendario  escolar 2022\/23"},"content":{"rendered":"<p><strong>D\u00cdAS sin clase durante el curso 2022\/2023<\/strong><\/p>\n<p><u style=\"font-size: small\">El curso empieza el lunes 12 de septiembre de 2022<\/u><\/p>\n<p><span style=\"font-family: DejaVu Sans, sans-serif\"><span style=\"font-size: small\">Mi\u00e9rcoles 12 de octubre (Fiesta Nacional)<br \/>\n<\/span><\/span><span style=\"font-family: DejaVu Sans, sans-serif\"><span style=\"font-size: small\">Martes 1 de noviembre (Fiesta Nacional)<br \/>\nLunes 5 de diciembre (Elegido a nivel local*)<br \/>\n<\/span><\/span><span style=\"font-family: DejaVu Sans, sans-serif\"><span style=\"font-size: small\">Martes 6 de diciembre (Fiesta Nacional)<br \/>\n<\/span><\/span><span style=\"font-family: DejaVu Sans, sans-serif\"><span style=\"font-size: small\">Mi\u00e9rcoles 7 de diciembre (Elegido a nivel local*)<br \/>\nJueves 8 de diciembre (Fiesta Nacional)<br \/>\n<\/span><\/span><span style=\"font-family: DejaVu Sans, sans-serif\"><span style=\"font-size: small\">NAVIDAD: viernes 23 de diciembre a viernes 6de enero (ambos incluidos)<br \/>\n<\/span><\/span><span style=\"font-family: DejaVu Sans, sans-serif\"><span style=\"font-size: small\">Lunes 27 de febrero (Fiesta Provincial \u2013 D\u00eda de la Comunidad Educativa)<br \/>\n<\/span><\/span><span style=\"font-family: DejaVu Sans, sans-serif\"><span style=\"font-size: small\">Martes 28 de febrero (Fiesta en Andaluc\u00eda)<br \/>\n<\/span><\/span><span style=\"font-family: DejaVu Sans, sans-serif\"><span style=\"font-size: small\">SEMANA SANTA: lunes 3 al viernes 7 de abril<br \/>\n<\/span><\/span><span style=\"font-size: small\">FERIA: Viernes 28 de abril (Elegido a nivel local*)<br \/>\nLunes 1 de mayo (Fiesta Nacional)<br \/>\n<\/span><span style=\"font-family: DejaVu Sans, sans-serif\"><span style=\"font-size: small\">Lunes 29 de mayo (Lunes del Roc\u00edo)<br \/>\n<\/span><\/span><span style=\"font-family: DejaVu Sans, sans-serif\"><span style=\"font-size: small\"><u>El curso acaba el viernes 23 de junio de 2023<br \/>\n<\/u><\/span><\/span><\/p>\n<p><span style=\"font-family: DejaVu Sans, sans-serif\"><span style=\"font-size: small\"><b>* D\u00edas de libre designaci\u00f3n escogidos en el Consejo Escolar Municipal<\/b><\/span><\/span><\/p>\n<p style=\"text-align: center\">******<\/p>\n<p><a href=\"https:\/\/blogsaverroes.juntadeandalucia.es\/ampaolea\/files\/2023\/04\/Dias-sin-cole-22-23.pdf\" target=\"_blank\" rel=\"noopener noreferrer\">DESC\u00c1RGATE AQU\u00cd EL ARCHIVO EN PDF con los d\u00edas sin colegio en el curso escolar 2022\/2023<\/a><\/p>\n<p style=\"text-align: center\">***<\/p>\n<p><a href=\"https:\/\/blogsaverroes.juntadeandalucia.es\/ampaolea\/files\/2022\/09\/CALENDARIO-Sevilla-2022_2023.pdf.pdf\" target=\"_blank\" rel=\"noopener noreferrer\">CALENDARIO OFICIAL de la Junta de Andaluc\u00eda 2022\/2023<\/a>aplicable en Palomares del R\u00edo. Recoge los d\u00edas no lectivos nacionales, auton\u00f3micos y provinciales, pero no los locales<\/p>\n<p>Tambi\u00e9n puedes consultar en el<a href=\"https:\/\/www.juntadeandalucia.es\/educacion\/secretariavirtual\/consulta\/calendario-escolar\/provincia\/41\/\" target=\"_blank\" rel=\"noopener noreferrer\">&nbsp;BUSCADOR DE CALENDARIOS ESCOLARES<\/a>&nbsp;en la web de la Consejer\u00eda de Educaci\u00f3n de la Junta de Andaluc\u00eda<\/p>\n<p>&nbsp;<\/p>\n","protected":false},"excerpt":{"rendered":"<p>D\u00cdAS sin clase durante el curso 2022\/2023 El curso empieza el lunes 12 de septiembre de 2022 Mi\u00e9rcoles 12 de octubre (Fiesta Nacional) Martes 1 de noviembre (Fiesta Nacional) Lunes 5 de diciembre (Elegido&#46;&#46;&#46;<\/p>\n","protected":false},"author":1806,"featured_media":0,"parent":0,"menu_order":0,"comment_status":"closed","ping_status":"open","template":"","meta":{"ngg_post_thumbnail":0,"footnotes":"","_mc_calendar":[]},"aioseo_notices":[],"_links":{"self":[{"href":"https:\/\/blogsaverroes.juntadeandalucia.es\/ampaolea\/wp-json\/wp\/v2\/pages\/3237"}],"collection":[{"href":"https:\/\/blogsaverroes.juntadeandalucia.es\/ampaolea\/wp-json\/wp\/v2\/pages"}],"about":[{"href":"https:\/\/blogsaverroes.juntadeandalucia.es\/ampaolea\/wp-json\/wp\/v2\/types\/page"}],"author":[{"embeddable":true,"href":"https:\/\/blogsaverroes.juntadeandalucia.es\/ampaolea\/wp-json\/wp\/v2\/users\/1806"}],"replies":[{"embeddable":true,"href":"https:\/\/blogsaverroes.juntadeandalucia.es\/ampaolea\/wp-json\/wp\/v2\/comments?post=3237"}],"version-history":[{"count":77,"href":"https:\/\/blogsaverroes.juntadeandalucia.es\/ampaolea\/wp-json\/wp\/v2\/pages\/3237\/revisions"}],"predecessor-version":[{"id":9218,"href":"https:\/\/blogsaverroes.juntadeandalucia.es\/ampaolea\/wp-json\/wp\/v2\/pages\/3237\/revisions\/9218"}],"wp:attachment":[{"href":"https:\/\/blogsaverroes.juntadeandalucia.es\/ampaolea\/wp-json\/wp\/v2\/media?parent=3237"}],"curies":[{"name":"wp","href":"https:\/\/api.w.org\/{rel}","templated":true}]}}