{"id":3872,"date":"2016-08-22T11:55:50","date_gmt":"2016-08-22T11:55:50","guid":{"rendered":"http:\/\/blogsaverroes.juntadeandalucia.es\/ampaolea\/?page_id=3872"},"modified":"2021-09-02T08:19:23","modified_gmt":"2021-09-02T08:19:23","slug":"escuela-de-familias","status":"publish","type":"page","link":"https:\/\/blogsaverroes.juntadeandalucia.es\/ampaolea\/escuela-de-familias\/","title":{"rendered":"Escuela de Familias"},"content":{"rendered":"<p>La Escuela de Familias est\u00e1 coordinada por JuanMi (profe de Infantil),&nbsp;y son sesiones abiertas a todo el que quiera venir a compartir experiencias. En cada sesi\u00f3n se debate sobre un tema diferente<\/p>\n<p><span style=\"text-decoration: underline\"><em><strong>Curso 20\/21<br \/>\n<\/strong><\/em><\/span>Durante el curso 2020\/2021 no se desarrollaron sesiones de Escuela de Familias en el colegio debido al protocolo COVID.<br \/>\nEste AMPA s\u00ed ofreci\u00f3 Escuela de Familias a trav\u00e9s de sesiones tem\u00e1ticas, on-line.<\/p>\n<p><span style=\"text-decoration: underline\"><em><strong>Curso 19\/20<br \/>\n<img loading=\"lazy\" decoding=\"async\" class=\"size-thumbnail wp-image-7832 alignleft\" src=\"https:\/\/blogsaverroes.juntadeandalucia.es\/ampaolea\/files\/2020\/03\/escuela-familiasB-25-2-20-150x150.jpeg\" alt=\"\" width=\"150\" height=\"150\" srcset=\"https:\/\/blogsaverroes.juntadeandalucia.es\/ampaolea\/files\/2020\/03\/escuela-familiasB-25-2-20-150x150.jpeg 150w, https:\/\/blogsaverroes.juntadeandalucia.es\/ampaolea\/files\/2020\/03\/escuela-familiasB-25-2-20-100x100.jpeg 100w, https:\/\/blogsaverroes.juntadeandalucia.es\/ampaolea\/files\/2020\/03\/escuela-familiasB-25-2-20-432x432.jpeg 432w, https:\/\/blogsaverroes.juntadeandalucia.es\/ampaolea\/files\/2020\/03\/escuela-familiasB-25-2-20-268x268.jpeg 268w\" sizes=\"(max-width: 150px) 100vw, 150px\" \/><\/strong><\/em><\/span><\/p>\n<p><img loading=\"lazy\" decoding=\"async\" class=\"size-thumbnail wp-image-7793 alignnone\" src=\"https:\/\/blogsaverroes.juntadeandalucia.es\/ampaolea\/files\/2020\/01\/disciplina-positiva-2-150x150.jpg\" alt=\"\" width=\"150\" height=\"150\" srcset=\"https:\/\/blogsaverroes.juntadeandalucia.es\/ampaolea\/files\/2020\/01\/disciplina-positiva-2-150x150.jpg 150w, https:\/\/blogsaverroes.juntadeandalucia.es\/ampaolea\/files\/2020\/01\/disciplina-positiva-2-100x100.jpg 100w, https:\/\/blogsaverroes.juntadeandalucia.es\/ampaolea\/files\/2020\/01\/disciplina-positiva-2-432x432.jpg 432w, https:\/\/blogsaverroes.juntadeandalucia.es\/ampaolea\/files\/2020\/01\/disciplina-positiva-2-268x268.jpg 268w\" sizes=\"(max-width: 150px) 100vw, 150px\" \/>&nbsp;<\/p>\n<p>25 de febrero de 2020 &#8211; \u00abC\u00f3mo contar cuentos\u00bb<br \/>\n\u00abDisciplina Positiva &#8211; 2\u00aa parte\u00bb, 28 de enero de 2020, 16h<br \/>\n\u00abDisciplina Positiva &#8211; T\u00e9cnicas\u00bb, 26 de noviembre de 2019, 16h<\/p>\n<p><span style=\"text-decoration: underline\"><em><strong>Curso 18\/19<\/strong><\/em><\/span><\/p>\n<p>Biodiversidad: <strong>Familia y Naturaleza<\/strong>, 28 de mayo de 2019<\/p>\n<p><strong>\u00abCon\u00e9ctate seguro\u00bb<\/strong>, 26 de marzo de 2019<\/p>\n<p>16 sesi\u00f3n, 5 de marzo de 2019 <strong>\u00abMujer y deporte\u00bb<\/strong><\/p>\n<p>15\u00aa Sesi\u00f3n, 29 de enero de 2019 <strong>\u00abInfancia y alimentaci\u00f3n sana II \u00ab<\/strong><\/p>\n<p>14\u00aa Sesi\u00f3n, 27 de noviembre de 2018 \u00ab<strong>Infancia y alimentaci\u00f3n sana\u00bb<\/strong><\/p>\n<p><span style=\"text-decoration: underline\"><em><strong>Curso 17\/18<br \/>\n<\/strong><\/em><\/span><\/p>\n<p>13\u00aa Sesi\u00f3n, 29 de mayo de 2018: \u00ab<strong>Autonom\u00eda y\/ seguridad\u00bb<\/strong><\/p>\n<p>12\u00aa Sesi\u00f3n, 8 de mayo de 2018: \u00ab<strong>Educaci\u00f3n Sexual II\u00bb<\/strong><\/p>\n<p>11\u00aa Sesi\u00f3n, 10 de abril de 2018 \u00ab<strong>Educaci\u00f3n Sexual<\/strong>\u00bb<\/p>\n<p>10\u00aa Sesi\u00f3n, 28 de noviembre de 2017 \u00ab<strong>Comportamientos y H\u00e1bitos\u00bb<\/strong>. Con la psic\u00f3loga \u00c1ngeles S\u00e1nchez, del Gabinete \u00abCrecer\u00bb<\/p>\n<p><strong><em><span style=\"text-decoration: underline\">Curso 16\/17<\/span><\/em><\/strong><\/p>\n<p>9\u00aa Sesi\u00f3n, 30 de mayo de 2017. \u00ab<strong>Gesti\u00f3n del tiempo libre\u00bb<\/strong><\/p>\n<p>8\u00aa Sesi\u00f3n, 29 de marzo de 2017. \u00ab<strong>Coeducaci\u00f3n<\/strong>\u00ab. Conocimos&nbsp;&nbsp;a la&nbsp;protagonista del cuento SUPERLOLA, de la mano de su creadora GEMA OTERO<\/p>\n<p>7\u00aa Sesi\u00f3n, 31 de enero de 2017, 17h. \u00ab<strong>M\u00e9todo ABN<\/strong>\u00ab, sistema de aprendizaje num\u00e9rico y c\u00e1lculo \u00abAbierto Basado en N\u00fameros\u00bb<\/p>\n<p>6\u00aa Sesi\u00f3n, 22 de noviembre de 2016, 16h. \u00ab<strong>Deberes II<\/strong>\u00ab: continuamos hablando de deberes, en esta ocasi\u00f3n focalizando la importancia que tienen para las familias unas materias y no otras.<\/p>\n<p><span style=\"text-decoration: underline\"><em><strong>Curso 15\/16<\/strong><\/em><\/span><\/p>\n<p>5\u00aa Sesi\u00f3n, 31 de mayo de 2016, 17h \u00ab<strong>Cierre del curso: conclusiones y planificaci\u00f3n del pr\u00f3ximo\u00bb<\/strong><\/p>\n<p>4\u00aa Sesi\u00f3n, 29 de marzo de 2016, 17h. \u00ab<strong>Metodolog\u00eda: proyectos, trabajo cooperativo, grupos interactivos,&#8230; y mi hijo cu\u00e1ndo trabaja<\/strong>?\u00bb Sesi\u00f3n que iniciamos con este video de Ken Robinson, \u00abParadigma del sistema educativo\u00bb<\/p>\n<p>3\u00aa Sesi\u00f3n, 23 de febrero de 2016, 17h. \u00ab<strong>Aprendiendo a gestionar emociones\u00bb<\/strong><\/p>\n<p>2\u00aa Sesi\u00f3n, 2 de febrero de 2016, 17h. \u00ab<strong>Deberes s\u00ed, deberes no\u00bb<\/strong><\/p>\n<p>1\u00aa Sesi\u00f3n, 24 de noviembre de 2015, 17h. <strong>\u00abCu\u00e9ntame un cuento<\/strong>\u00bb&nbsp;<\/p>\n<p>&#8212;&#8212;&#8212;-<\/p>\n<p>Julio 2015 Queremos potenciar el intercambio de experiencias en la crianza y educaci\u00f3n de nuestros ni\u00f1os. Contamos con la colaboraci\u00f3n del maestro de infantil JuanMi, que a lo largo del curso 2014\/15 ya nos ofreci\u00f3 varias sesiones de ESCUELA DE FAMILIAS, en las que adem\u00e1s, en alugna ocasi\u00f3n, contamos con la aportaci\u00f3n voluntaria de una psicologa, madre tambien de nuestro colegio.<\/p>\n<p>&nbsp;<\/p>\n<p style=\"text-align: center\">&nbsp;<\/p>\n","protected":false},"excerpt":{"rendered":"<p>La Escuela de Familias est\u00e1 coordinada por JuanMi (profe de Infantil),&nbsp;y son sesiones abiertas a todo el que quiera venir a compartir experiencias. En cada sesi\u00f3n se debate sobre un tema diferente Curso 20\/21&#46;&#46;&#46;<\/p>\n","protected":false},"author":1806,"featured_media":0,"parent":0,"menu_order":0,"comment_status":"closed","ping_status":"open","template":"","meta":{"ngg_post_thumbnail":0,"footnotes":"","_mc_calendar":[]},"aioseo_notices":[],"_links":{"self":[{"href":"https:\/\/blogsaverroes.juntadeandalucia.es\/ampaolea\/wp-json\/wp\/v2\/pages\/3872"}],"collection":[{"href":"https:\/\/blogsaverroes.juntadeandalucia.es\/ampaolea\/wp-json\/wp\/v2\/pages"}],"about":[{"href":"https:\/\/blogsaverroes.juntadeandalucia.es\/ampaolea\/wp-json\/wp\/v2\/types\/page"}],"author":[{"embeddable":true,"href":"https:\/\/blogsaverroes.juntadeandalucia.es\/ampaolea\/wp-json\/wp\/v2\/users\/1806"}],"replies":[{"embeddable":true,"href":"https:\/\/blogsaverroes.juntadeandalucia.es\/ampaolea\/wp-json\/wp\/v2\/comments?post=3872"}],"version-history":[{"count":28,"href":"https:\/\/blogsaverroes.juntadeandalucia.es\/ampaolea\/wp-json\/wp\/v2\/pages\/3872\/revisions"}],"predecessor-version":[{"id":8446,"href":"https:\/\/blogsaverroes.juntadeandalucia.es\/ampaolea\/wp-json\/wp\/v2\/pages\/3872\/revisions\/8446"}],"wp:attachment":[{"href":"https:\/\/blogsaverroes.juntadeandalucia.es\/ampaolea\/wp-json\/wp\/v2\/media?parent=3872"}],"curies":[{"name":"wp","href":"https:\/\/api.w.org\/{rel}","templated":true}]}}