{"id":4633,"date":"2017-02-11T19:06:21","date_gmt":"2017-02-11T19:06:21","guid":{"rendered":"http:\/\/blogsaverroes.juntadeandalucia.es\/ampaolea\/?page_id=4633"},"modified":"2021-11-15T10:01:57","modified_gmt":"2021-11-15T10:01:57","slug":"inversiones-inventario","status":"publish","type":"page","link":"https:\/\/blogsaverroes.juntadeandalucia.es\/ampaolea\/inversiones-inventario\/","title":{"rendered":"INVERSIONES &#8211; Inventario"},"content":{"rendered":"<p>Si quieres informaci\u00f3n econ\u00f3mica sobre alg\u00fan asunto concreto y de forma m\u00e1s detallada, por favor, no dudes en solicitarlo a: ampaolea.palomares@gmail.com<\/p>\n<p><a href=\"https:\/\/blogsaverroes.juntadeandalucia.es\/ampaolea\/files\/2020\/11\/Inversiones-2020.png\" target=\"_blank\" rel=\"noopener noreferrer\"><img loading=\"lazy\" decoding=\"async\" class=\"aligncenter wp-image-8074 size-large\" src=\"https:\/\/blogsaverroes.juntadeandalucia.es\/ampaolea\/files\/2020\/11\/Inversiones-2020-1024x682.png\" alt=\"\" width=\"660\" height=\"440\" srcset=\"https:\/\/blogsaverroes.juntadeandalucia.es\/ampaolea\/files\/2020\/11\/Inversiones-2020-1024x682.png 1024w, https:\/\/blogsaverroes.juntadeandalucia.es\/ampaolea\/files\/2020\/11\/Inversiones-2020-300x200.png 300w, https:\/\/blogsaverroes.juntadeandalucia.es\/ampaolea\/files\/2020\/11\/Inversiones-2020-768x512.png 768w, https:\/\/blogsaverroes.juntadeandalucia.es\/ampaolea\/files\/2020\/11\/Inversiones-2020-700x466.png 700w, https:\/\/blogsaverroes.juntadeandalucia.es\/ampaolea\/files\/2020\/11\/Inversiones-2020-24x16.png 24w, https:\/\/blogsaverroes.juntadeandalucia.es\/ampaolea\/files\/2020\/11\/Inversiones-2020-36x24.png 36w, https:\/\/blogsaverroes.juntadeandalucia.es\/ampaolea\/files\/2020\/11\/Inversiones-2020-48x32.png 48w, https:\/\/blogsaverroes.juntadeandalucia.es\/ampaolea\/files\/2020\/11\/Inversiones-2020.png 1133w\" sizes=\"(max-width: 660px) 100vw, 660px\" \/><\/a>Desde que el AMPA OLEA se constituy\u00f3 oficialmente en septiembre de 2015, la participaci\u00f3n en las actividades del colegio y la colaboraci\u00f3n con el equipo directivo, ha sido permanente y cercana. Dada las carencias materiales con las que arranc\u00f3 el colegio, el AMPA ha realizado numerosas inversiones de diferente magnitud, en materiales que directamente repercuten en el d\u00eda a d\u00eda de nuestros hijos\/as, o que ayudan al profesorado a realizar sus tareas con los alumnos\/as.&nbsp; Adem\u00e1s&nbsp; de materiales,&nbsp; el&nbsp; AMPA invierte en otras cuestiones educativas. Por ejemplo, en el&nbsp; curso&nbsp; pasado&nbsp; se&nbsp; invirti\u00f3&nbsp; en&nbsp;<a href=\"https:\/\/blogsaverroes.juntadeandalucia.es\/ampaolea\/2021\/05\/25\/actividades-en-clase-gestionando-emociones\/\" target=\"_blank\" rel=\"noopener noreferrer\"> talleres&nbsp; y actividades&nbsp; desarrolladas&nbsp; en&nbsp; horario escolar,&nbsp; relacionadas&nbsp; con&nbsp; la&nbsp; gesti\u00f3n&nbsp; de&nbsp; emociones<\/a><a href=\"https:\/\/blogsaverroes.juntadeandalucia.es\/ampaolea\/files\/2018\/12\/inversiones-tabl\u00f3n.pdf\" target=\"_blank\" rel=\"noopener noreferrer\"><img loading=\"lazy\" decoding=\"async\" class=\"size-medium wp-image-6970 alignleft\" src=\"https:\/\/blogsaverroes.juntadeandalucia.es\/ampaolea\/files\/2018\/12\/inversiones-tabl\u00f3n-001-212x300.jpg\" alt=\"\" width=\"212\" height=\"300\" srcset=\"https:\/\/blogsaverroes.juntadeandalucia.es\/ampaolea\/files\/2018\/12\/inversiones-tabl\u00f3n-001-212x300.jpg 212w, https:\/\/blogsaverroes.juntadeandalucia.es\/ampaolea\/files\/2018\/12\/inversiones-tabl\u00f3n-001-768x1086.jpg 768w, https:\/\/blogsaverroes.juntadeandalucia.es\/ampaolea\/files\/2018\/12\/inversiones-tabl\u00f3n-001-724x1024.jpg 724w, https:\/\/blogsaverroes.juntadeandalucia.es\/ampaolea\/files\/2018\/12\/inversiones-tabl\u00f3n-001-700x990.jpg 700w, https:\/\/blogsaverroes.juntadeandalucia.es\/ampaolea\/files\/2018\/12\/inversiones-tabl\u00f3n-001-17x24.jpg 17w, https:\/\/blogsaverroes.juntadeandalucia.es\/ampaolea\/files\/2018\/12\/inversiones-tabl\u00f3n-001-25x36.jpg 25w, https:\/\/blogsaverroes.juntadeandalucia.es\/ampaolea\/files\/2018\/12\/inversiones-tabl\u00f3n-001-34x48.jpg 34w, https:\/\/blogsaverroes.juntadeandalucia.es\/ampaolea\/files\/2018\/12\/inversiones-tabl\u00f3n-001.jpg 1131w\" sizes=\"(max-width: 212px) 100vw, 212px\" \/><\/a><\/p>\n<p>Puedes descargar aqu\u00ed los archivos pdf con im\u00e1genes de las compras realizadas:<br \/>\n<a href=\"https:\/\/blogsaverroes.juntadeandalucia.es\/ampaolea\/files\/2018\/12\/inversiones-tabl\u00f3n.pdf\" target=\"_blank\" rel=\"noopener noreferrer\">Listado resumido de INVERSIONES a fecha de diciembre de 2018<\/a><br \/>\n<a href=\"https:\/\/blogsaverroes.juntadeandalucia.es\/ampaolea\/files\/2018\/06\/INVERSIONES-actualizado-a-junio18.pdf\" target=\"_blank\" rel=\"noopener noreferrer\">Listado detallado de INVERSIONES a fecha de junio de 2018<\/a><br \/>\n<a href=\"https:\/\/blogsaverroes.juntadeandalucia.es\/ampaolea\/files\/2018\/06\/Inventario-Manuel-enero-2018.pdf\" target=\"_blank\" rel=\"noopener noreferrer\">Listado detallado de INVERSIONES a fecha de enero de 2018<\/a><\/p>\n<p><a href=\"https:\/\/blogsaverroes.juntadeandalucia.es\/ampaolea\/files\/2017\/10\/Control-inventario-Ampa.pdf\" target=\"_blank\" rel=\"noopener noreferrer\">Listado de inversiones a d\u00eda 1\/10\/2017)<\/a><\/p>\n<p>&nbsp;<\/p>\n<p>Algunas de nuestras inversiones:<\/p>\n<p><img loading=\"lazy\" decoding=\"async\" class=\"alignleft size-thumbnail wp-image-8049\" src=\"https:\/\/blogsaverroes.juntadeandalucia.es\/ampaolea\/files\/2020\/10\/Purificador-desde-arriba-150x150.jpeg\" alt=\"\" width=\"150\" height=\"150\" srcset=\"https:\/\/blogsaverroes.juntadeandalucia.es\/ampaolea\/files\/2020\/10\/Purificador-desde-arriba-150x150.jpeg 150w, https:\/\/blogsaverroes.juntadeandalucia.es\/ampaolea\/files\/2020\/10\/Purificador-desde-arriba-100x100.jpeg 100w, https:\/\/blogsaverroes.juntadeandalucia.es\/ampaolea\/files\/2020\/10\/Purificador-desde-arriba-432x432.jpeg 432w, https:\/\/blogsaverroes.juntadeandalucia.es\/ampaolea\/files\/2020\/10\/Purificador-desde-arriba-268x268.jpeg 268w\" sizes=\"(max-width: 150px) 100vw, 150px\" \/><\/p>\n<p><img loading=\"lazy\" decoding=\"async\" class=\"alignleft size-thumbnail wp-image-8014\" src=\"https:\/\/blogsaverroes.juntadeandalucia.es\/ampaolea\/files\/2020\/09\/mamparas-comedor4-150x150.jpeg\" alt=\"\" width=\"150\" height=\"150\" srcset=\"https:\/\/blogsaverroes.juntadeandalucia.es\/ampaolea\/files\/2020\/09\/mamparas-comedor4-150x150.jpeg 150w, https:\/\/blogsaverroes.juntadeandalucia.es\/ampaolea\/files\/2020\/09\/mamparas-comedor4-100x100.jpeg 100w, https:\/\/blogsaverroes.juntadeandalucia.es\/ampaolea\/files\/2020\/09\/mamparas-comedor4-432x432.jpeg 432w, https:\/\/blogsaverroes.juntadeandalucia.es\/ampaolea\/files\/2020\/09\/mamparas-comedor4-268x268.jpeg 268w\" sizes=\"(max-width: 150px) 100vw, 150px\" \/><\/p>\n<p><img loading=\"lazy\" decoding=\"async\" class=\"alignleft size-thumbnail wp-image-7536\" src=\"https:\/\/blogsaverroes.juntadeandalucia.es\/ampaolea\/files\/2019\/09\/WhatsApp-Image-2019-09-16-at-20.46.27-150x150.jpeg\" alt=\"\" width=\"150\" height=\"150\" srcset=\"https:\/\/blogsaverroes.juntadeandalucia.es\/ampaolea\/files\/2019\/09\/WhatsApp-Image-2019-09-16-at-20.46.27-150x150.jpeg 150w, https:\/\/blogsaverroes.juntadeandalucia.es\/ampaolea\/files\/2019\/09\/WhatsApp-Image-2019-09-16-at-20.46.27-100x100.jpeg 100w, https:\/\/blogsaverroes.juntadeandalucia.es\/ampaolea\/files\/2019\/09\/WhatsApp-Image-2019-09-16-at-20.46.27-432x432.jpeg 432w, https:\/\/blogsaverroes.juntadeandalucia.es\/ampaolea\/files\/2019\/09\/WhatsApp-Image-2019-09-16-at-20.46.27-268x268.jpeg 268w\" sizes=\"(max-width: 150px) 100vw, 150px\" \/><\/p>\n<p><img loading=\"lazy\" decoding=\"async\" class=\"alignleft size-thumbnail wp-image-7276\" src=\"https:\/\/blogsaverroes.juntadeandalucia.es\/ampaolea\/files\/2019\/04\/Toldo4-150x150.jpeg\" alt=\"\" width=\"150\" height=\"150\" srcset=\"https:\/\/blogsaverroes.juntadeandalucia.es\/ampaolea\/files\/2019\/04\/Toldo4-150x150.jpeg 150w, https:\/\/blogsaverroes.juntadeandalucia.es\/ampaolea\/files\/2019\/04\/Toldo4-100x100.jpeg 100w, https:\/\/blogsaverroes.juntadeandalucia.es\/ampaolea\/files\/2019\/04\/Toldo4-432x432.jpeg 432w, https:\/\/blogsaverroes.juntadeandalucia.es\/ampaolea\/files\/2019\/04\/Toldo4-268x268.jpeg 268w\" sizes=\"(max-width: 150px) 100vw, 150px\" \/><\/p>\n<p><img loading=\"lazy\" decoding=\"async\" class=\"alignleft size-thumbnail wp-image-6534\" src=\"https:\/\/blogsaverroes.juntadeandalucia.es\/ampaolea\/files\/2018\/06\/bicicletero1-150x150.jpeg\" alt=\"\" width=\"150\" height=\"150\" srcset=\"https:\/\/blogsaverroes.juntadeandalucia.es\/ampaolea\/files\/2018\/06\/bicicletero1-150x150.jpeg 150w, https:\/\/blogsaverroes.juntadeandalucia.es\/ampaolea\/files\/2018\/06\/bicicletero1-100x100.jpeg 100w, https:\/\/blogsaverroes.juntadeandalucia.es\/ampaolea\/files\/2018\/06\/bicicletero1-432x432.jpeg 432w, https:\/\/blogsaverroes.juntadeandalucia.es\/ampaolea\/files\/2018\/06\/bicicletero1-268x268.jpeg 268w\" sizes=\"(max-width: 150px) 100vw, 150px\" \/><\/p>\n<p><img loading=\"lazy\" decoding=\"async\" class=\"alignleft size-thumbnail wp-image-6536\" src=\"https:\/\/blogsaverroes.juntadeandalucia.es\/ampaolea\/files\/2018\/06\/cojines-fundas_1-150x150.jpg\" alt=\"\" width=\"150\" height=\"150\" srcset=\"https:\/\/blogsaverroes.juntadeandalucia.es\/ampaolea\/files\/2018\/06\/cojines-fundas_1-150x150.jpg 150w, https:\/\/blogsaverroes.juntadeandalucia.es\/ampaolea\/files\/2018\/06\/cojines-fundas_1-100x100.jpg 100w, https:\/\/blogsaverroes.juntadeandalucia.es\/ampaolea\/files\/2018\/06\/cojines-fundas_1-432x432.jpg 432w, https:\/\/blogsaverroes.juntadeandalucia.es\/ampaolea\/files\/2018\/06\/cojines-fundas_1-268x268.jpg 268w\" sizes=\"(max-width: 150px) 100vw, 150px\" \/><\/p>\n<p><img loading=\"lazy\" decoding=\"async\" class=\"alignleft size-thumbnail wp-image-6537\" src=\"https:\/\/blogsaverroes.juntadeandalucia.es\/ampaolea\/files\/2018\/06\/lilbros-lotes-2-150x150.jpg\" alt=\"\" width=\"150\" height=\"150\" srcset=\"https:\/\/blogsaverroes.juntadeandalucia.es\/ampaolea\/files\/2018\/06\/lilbros-lotes-2-150x150.jpg 150w, https:\/\/blogsaverroes.juntadeandalucia.es\/ampaolea\/files\/2018\/06\/lilbros-lotes-2-100x100.jpg 100w, https:\/\/blogsaverroes.juntadeandalucia.es\/ampaolea\/files\/2018\/06\/lilbros-lotes-2-432x432.jpg 432w, https:\/\/blogsaverroes.juntadeandalucia.es\/ampaolea\/files\/2018\/06\/lilbros-lotes-2-268x268.jpg 268w\" sizes=\"(max-width: 150px) 100vw, 150px\" \/><\/p>\n<p><img loading=\"lazy\" decoding=\"async\" class=\"alignleft size-thumbnail wp-image-6538\" src=\"https:\/\/blogsaverroes.juntadeandalucia.es\/ampaolea\/files\/2018\/06\/merendero1-150x150.jpeg\" alt=\"\" width=\"150\" height=\"150\" srcset=\"https:\/\/blogsaverroes.juntadeandalucia.es\/ampaolea\/files\/2018\/06\/merendero1-150x150.jpeg 150w, https:\/\/blogsaverroes.juntadeandalucia.es\/ampaolea\/files\/2018\/06\/merendero1-100x100.jpeg 100w, https:\/\/blogsaverroes.juntadeandalucia.es\/ampaolea\/files\/2018\/06\/merendero1-432x432.jpeg 432w, https:\/\/blogsaverroes.juntadeandalucia.es\/ampaolea\/files\/2018\/06\/merendero1-268x268.jpeg 268w\" sizes=\"(max-width: 150px) 100vw, 150px\" \/><\/p>\n<p><img loading=\"lazy\" decoding=\"async\" class=\"alignleft size-thumbnail wp-image-6540\" src=\"https:\/\/blogsaverroes.juntadeandalucia.es\/ampaolea\/files\/2018\/06\/plancha-3-150x150.jpeg\" alt=\"\" width=\"150\" height=\"150\" srcset=\"https:\/\/blogsaverroes.juntadeandalucia.es\/ampaolea\/files\/2018\/06\/plancha-3-150x150.jpeg 150w, https:\/\/blogsaverroes.juntadeandalucia.es\/ampaolea\/files\/2018\/06\/plancha-3-100x100.jpeg 100w, https:\/\/blogsaverroes.juntadeandalucia.es\/ampaolea\/files\/2018\/06\/plancha-3-432x432.jpeg 432w, https:\/\/blogsaverroes.juntadeandalucia.es\/ampaolea\/files\/2018\/06\/plancha-3-268x268.jpeg 268w\" sizes=\"(max-width: 150px) 100vw, 150px\" \/><\/p>\n<p><img loading=\"lazy\" decoding=\"async\" class=\"alignleft size-thumbnail wp-image-6541\" src=\"https:\/\/blogsaverroes.juntadeandalucia.es\/ampaolea\/files\/2018\/06\/trajeCarteroReal-150x150.jpg\" alt=\"\" width=\"150\" height=\"150\" srcset=\"https:\/\/blogsaverroes.juntadeandalucia.es\/ampaolea\/files\/2018\/06\/trajeCarteroReal-150x150.jpg 150w, https:\/\/blogsaverroes.juntadeandalucia.es\/ampaolea\/files\/2018\/06\/trajeCarteroReal-100x100.jpg 100w, https:\/\/blogsaverroes.juntadeandalucia.es\/ampaolea\/files\/2018\/06\/trajeCarteroReal-432x432.jpg 432w, https:\/\/blogsaverroes.juntadeandalucia.es\/ampaolea\/files\/2018\/06\/trajeCarteroReal-268x268.jpg 268w\" sizes=\"(max-width: 150px) 100vw, 150px\" \/><\/p>\n<p><a href=\"https:\/\/blogsaverroes.juntadeandalucia.es\/ampaolea\/files\/2017\/08\/focos2.jpg\"><img loading=\"lazy\" decoding=\"async\" class=\"alignleft size-thumbnail wp-image-5414\" src=\"https:\/\/blogsaverroes.juntadeandalucia.es\/ampaolea\/files\/2017\/08\/focos2-150x150.jpg\" alt=\"\" width=\"150\" height=\"150\" srcset=\"https:\/\/blogsaverroes.juntadeandalucia.es\/ampaolea\/files\/2017\/08\/focos2-150x150.jpg 150w, https:\/\/blogsaverroes.juntadeandalucia.es\/ampaolea\/files\/2017\/08\/focos2-100x100.jpg 100w, https:\/\/blogsaverroes.juntadeandalucia.es\/ampaolea\/files\/2017\/08\/focos2-432x432.jpg 432w, https:\/\/blogsaverroes.juntadeandalucia.es\/ampaolea\/files\/2017\/08\/focos2-268x268.jpg 268w\" sizes=\"(max-width: 150px) 100vw, 150px\" \/><\/a><\/p>\n<p><a href=\"https:\/\/blogsaverroes.juntadeandalucia.es\/ampaolea\/files\/2017\/08\/focos.jpg\"><img loading=\"lazy\" decoding=\"async\" class=\"alignleft size-thumbnail wp-image-5413\" src=\"https:\/\/blogsaverroes.juntadeandalucia.es\/ampaolea\/files\/2017\/08\/focos-150x150.jpg\" alt=\"\" width=\"150\" height=\"150\" srcset=\"https:\/\/blogsaverroes.juntadeandalucia.es\/ampaolea\/files\/2017\/08\/focos-150x150.jpg 150w, https:\/\/blogsaverroes.juntadeandalucia.es\/ampaolea\/files\/2017\/08\/focos-100x100.jpg 100w, https:\/\/blogsaverroes.juntadeandalucia.es\/ampaolea\/files\/2017\/08\/focos-432x432.jpg 432w, https:\/\/blogsaverroes.juntadeandalucia.es\/ampaolea\/files\/2017\/08\/focos-268x268.jpg 268w\" sizes=\"(max-width: 150px) 100vw, 150px\" \/><\/a><\/p>\n<p><a href=\"https:\/\/blogsaverroes.juntadeandalucia.es\/ampaolea\/files\/2017\/02\/MUSICA-materiales.jpg\"><img loading=\"lazy\" decoding=\"async\" class=\"alignleft wp-image-4640 size-thumbnail\" src=\"https:\/\/blogsaverroes.juntadeandalucia.es\/ampaolea\/files\/2017\/02\/MUSICA-materiales-150x150.jpg\" alt=\"MUSICA materiales\" width=\"150\" height=\"150\" srcset=\"https:\/\/blogsaverroes.juntadeandalucia.es\/ampaolea\/files\/2017\/02\/MUSICA-materiales-150x150.jpg 150w, https:\/\/blogsaverroes.juntadeandalucia.es\/ampaolea\/files\/2017\/02\/MUSICA-materiales-100x100.jpg 100w, https:\/\/blogsaverroes.juntadeandalucia.es\/ampaolea\/files\/2017\/02\/MUSICA-materiales-432x432.jpg 432w, https:\/\/blogsaverroes.juntadeandalucia.es\/ampaolea\/files\/2017\/02\/MUSICA-materiales-268x268.jpg 268w\" sizes=\"(max-width: 150px) 100vw, 150px\" \/><\/a> <a href=\"https:\/\/blogsaverroes.juntadeandalucia.es\/ampaolea\/files\/2017\/02\/internet-cable2.jpg\"><img loading=\"lazy\" decoding=\"async\" class=\"alignleft wp-image-4639 size-thumbnail\" src=\"https:\/\/blogsaverroes.juntadeandalucia.es\/ampaolea\/files\/2017\/02\/internet-cable2-150x150.jpg\" alt=\"internet cable2\" width=\"150\" height=\"150\" srcset=\"https:\/\/blogsaverroes.juntadeandalucia.es\/ampaolea\/files\/2017\/02\/internet-cable2-150x150.jpg 150w, https:\/\/blogsaverroes.juntadeandalucia.es\/ampaolea\/files\/2017\/02\/internet-cable2-100x100.jpg 100w, https:\/\/blogsaverroes.juntadeandalucia.es\/ampaolea\/files\/2017\/02\/internet-cable2-432x432.jpg 432w, https:\/\/blogsaverroes.juntadeandalucia.es\/ampaolea\/files\/2017\/02\/internet-cable2-268x268.jpg 268w\" sizes=\"(max-width: 150px) 100vw, 150px\" \/><\/a> <a href=\"https:\/\/blogsaverroes.juntadeandalucia.es\/ampaolea\/files\/2017\/02\/EDUCACION-FISICA-material.jpg\"><img loading=\"lazy\" decoding=\"async\" class=\"alignleft wp-image-4643 size-thumbnail\" src=\"https:\/\/blogsaverroes.juntadeandalucia.es\/ampaolea\/files\/2017\/02\/EDUCACION-FISICA-material-150x150.jpg\" alt=\"EDUCACION FISICA material\" width=\"150\" height=\"150\" srcset=\"https:\/\/blogsaverroes.juntadeandalucia.es\/ampaolea\/files\/2017\/02\/EDUCACION-FISICA-material-150x150.jpg 150w, https:\/\/blogsaverroes.juntadeandalucia.es\/ampaolea\/files\/2017\/02\/EDUCACION-FISICA-material-100x100.jpg 100w, https:\/\/blogsaverroes.juntadeandalucia.es\/ampaolea\/files\/2017\/02\/EDUCACION-FISICA-material-432x432.jpg 432w, https:\/\/blogsaverroes.juntadeandalucia.es\/ampaolea\/files\/2017\/02\/EDUCACION-FISICA-material-268x268.jpg 268w\" sizes=\"(max-width: 150px) 100vw, 150px\" \/><\/a><\/p>\n<p>&nbsp;<\/p>\n<p><a href=\"https:\/\/blogsaverroes.juntadeandalucia.es\/ampaolea\/files\/2017\/02\/equipo-sonido.jpg\"><img loading=\"lazy\" decoding=\"async\" class=\"alignleft wp-image-4645 size-thumbnail\" src=\"https:\/\/blogsaverroes.juntadeandalucia.es\/ampaolea\/files\/2017\/02\/equipo-sonido-150x150.jpg\" alt=\"equipo sonido\" width=\"150\" height=\"150\" srcset=\"https:\/\/blogsaverroes.juntadeandalucia.es\/ampaolea\/files\/2017\/02\/equipo-sonido-150x150.jpg 150w, https:\/\/blogsaverroes.juntadeandalucia.es\/ampaolea\/files\/2017\/02\/equipo-sonido-100x100.jpg 100w, https:\/\/blogsaverroes.juntadeandalucia.es\/ampaolea\/files\/2017\/02\/equipo-sonido-432x432.jpg 432w, https:\/\/blogsaverroes.juntadeandalucia.es\/ampaolea\/files\/2017\/02\/equipo-sonido-268x268.jpg 268w\" sizes=\"(max-width: 150px) 100vw, 150px\" \/><\/a> <a href=\"https:\/\/blogsaverroes.juntadeandalucia.es\/ampaolea\/files\/2017\/02\/encuadernadora.jpg\"><img loading=\"lazy\" decoding=\"async\" class=\"alignleft wp-image-4644 size-thumbnail\" src=\"https:\/\/blogsaverroes.juntadeandalucia.es\/ampaolea\/files\/2017\/02\/encuadernadora-150x150.jpg\" alt=\"encuadernadora\" width=\"150\" height=\"150\" srcset=\"https:\/\/blogsaverroes.juntadeandalucia.es\/ampaolea\/files\/2017\/02\/encuadernadora-150x150.jpg 150w, https:\/\/blogsaverroes.juntadeandalucia.es\/ampaolea\/files\/2017\/02\/encuadernadora-100x100.jpg 100w, https:\/\/blogsaverroes.juntadeandalucia.es\/ampaolea\/files\/2017\/02\/encuadernadora-432x432.jpg 432w, https:\/\/blogsaverroes.juntadeandalucia.es\/ampaolea\/files\/2017\/02\/encuadernadora-268x268.jpg 268w\" sizes=\"(max-width: 150px) 100vw, 150px\" \/><\/a> <a href=\"https:\/\/blogsaverroes.juntadeandalucia.es\/ampaolea\/files\/2017\/02\/focos.jpg\"><img loading=\"lazy\" decoding=\"async\" class=\"alignleft wp-image-4646 size-thumbnail\" src=\"https:\/\/blogsaverroes.juntadeandalucia.es\/ampaolea\/files\/2017\/02\/focos-150x150.jpg\" alt=\"focos\" width=\"150\" height=\"150\" srcset=\"https:\/\/blogsaverroes.juntadeandalucia.es\/ampaolea\/files\/2017\/02\/focos-150x150.jpg 150w, https:\/\/blogsaverroes.juntadeandalucia.es\/ampaolea\/files\/2017\/02\/focos-100x100.jpg 100w, https:\/\/blogsaverroes.juntadeandalucia.es\/ampaolea\/files\/2017\/02\/focos-432x432.jpg 432w, https:\/\/blogsaverroes.juntadeandalucia.es\/ampaolea\/files\/2017\/02\/focos-268x268.jpg 268w\" sizes=\"(max-width: 150px) 100vw, 150px\" \/><\/a><a href=\"https:\/\/blogsaverroes.juntadeandalucia.es\/ampaolea\/files\/2017\/02\/suelo-goma.gif\"><img loading=\"lazy\" decoding=\"async\" class=\"alignleft wp-image-4756 size-thumbnail\" src=\"https:\/\/blogsaverroes.juntadeandalucia.es\/ampaolea\/files\/2017\/02\/suelo-goma-150x150.gif\" alt=\"\" width=\"150\" height=\"150\" srcset=\"https:\/\/blogsaverroes.juntadeandalucia.es\/ampaolea\/files\/2017\/02\/suelo-goma-150x150.gif 150w, https:\/\/blogsaverroes.juntadeandalucia.es\/ampaolea\/files\/2017\/02\/suelo-goma-100x100.gif 100w, https:\/\/blogsaverroes.juntadeandalucia.es\/ampaolea\/files\/2017\/02\/suelo-goma-432x432.gif 432w, https:\/\/blogsaverroes.juntadeandalucia.es\/ampaolea\/files\/2017\/02\/suelo-goma-268x268.gif 268w\" sizes=\"(max-width: 150px) 100vw, 150px\" \/><\/a><\/p>\n<p><a href=\"https:\/\/blogsaverroes.juntadeandalucia.es\/ampaolea\/files\/2017\/02\/juguetes1.jpg\"><img loading=\"lazy\" decoding=\"async\" class=\"alignleft wp-image-4731 size-thumbnail\" src=\"https:\/\/blogsaverroes.juntadeandalucia.es\/ampaolea\/files\/2017\/02\/juguetes1-150x150.jpg\" alt=\"\" width=\"150\" height=\"150\" srcset=\"https:\/\/blogsaverroes.juntadeandalucia.es\/ampaolea\/files\/2017\/02\/juguetes1-150x150.jpg 150w, https:\/\/blogsaverroes.juntadeandalucia.es\/ampaolea\/files\/2017\/02\/juguetes1-100x100.jpg 100w, https:\/\/blogsaverroes.juntadeandalucia.es\/ampaolea\/files\/2017\/02\/juguetes1-432x432.jpg 432w, https:\/\/blogsaverroes.juntadeandalucia.es\/ampaolea\/files\/2017\/02\/juguetes1-268x268.jpg 268w\" sizes=\"(max-width: 150px) 100vw, 150px\" \/><\/a><\/p>\n<p>&nbsp;<\/p>\n<p>&nbsp;<\/p>\n<p>&nbsp;<\/p>\n<p>&nbsp;<\/p>\n","protected":false},"excerpt":{"rendered":"<p>Si quieres informaci\u00f3n econ\u00f3mica sobre alg\u00fan asunto concreto y de forma m\u00e1s detallada, por favor, no dudes en solicitarlo a: ampaolea.palomares@gmail.com Desde que el AMPA OLEA se constituy\u00f3 oficialmente en septiembre de 2015, la&#46;&#46;&#46;<\/p>\n","protected":false},"author":1806,"featured_media":0,"parent":0,"menu_order":0,"comment_status":"closed","ping_status":"open","template":"","meta":{"ngg_post_thumbnail":0,"footnotes":"","_mc_calendar":[]},"aioseo_notices":[],"_links":{"self":[{"href":"https:\/\/blogsaverroes.juntadeandalucia.es\/ampaolea\/wp-json\/wp\/v2\/pages\/4633"}],"collection":[{"href":"https:\/\/blogsaverroes.juntadeandalucia.es\/ampaolea\/wp-json\/wp\/v2\/pages"}],"about":[{"href":"https:\/\/blogsaverroes.juntadeandalucia.es\/ampaolea\/wp-json\/wp\/v2\/types\/page"}],"author":[{"embeddable":true,"href":"https:\/\/blogsaverroes.juntadeandalucia.es\/ampaolea\/wp-json\/wp\/v2\/users\/1806"}],"replies":[{"embeddable":true,"href":"https:\/\/blogsaverroes.juntadeandalucia.es\/ampaolea\/wp-json\/wp\/v2\/comments?post=4633"}],"version-history":[{"count":38,"href":"https:\/\/blogsaverroes.juntadeandalucia.es\/ampaolea\/wp-json\/wp\/v2\/pages\/4633\/revisions"}],"predecessor-version":[{"id":8576,"href":"https:\/\/blogsaverroes.juntadeandalucia.es\/ampaolea\/wp-json\/wp\/v2\/pages\/4633\/revisions\/8576"}],"wp:attachment":[{"href":"https:\/\/blogsaverroes.juntadeandalucia.es\/ampaolea\/wp-json\/wp\/v2\/media?parent=4633"}],"curies":[{"name":"wp","href":"https:\/\/api.w.org\/{rel}","templated":true}]}}