{"id":2,"date":"2025-12-14T17:26:37","date_gmt":"2025-12-14T16:26:37","guid":{"rendered":"http:\/\/blogsaverroes.juntadeandalucia.es\/amrandado\/?page_id=2"},"modified":"2025-12-14T17:26:37","modified_gmt":"2025-12-14T16:26:37","slug":"pagina-ejemplo","status":"publish","type":"page","link":"https:\/\/blogsaverroes.juntadeandalucia.es\/amrandado\/","title":{"rendered":""},"content":{"rendered":"<div id=\"bannercontainer\">\n<div class=\"banner row\">\n<div class=\"grid_12\">\n<div class=\"widget-area\">\n<div id=\"text-15\" class=\"widget widget_text\">\n<div class=\"textwidget\" style=\"text-align: center\">\n<h1 style=\"text-align: center\"><span style=\"font-family: trebuchet ms,geneva,sans-serif;font-size: 36pt\">&nbsp;<span style=\"color: #000000\"> INSTALACIONES <span style=\"color: #ff6600\">+<\/span><\/span><span style=\"color: #333399\">&nbsp;EDUCACI\u00d3N<\/span><\/span><\/h1>\n<hr>\n<p><span style=\"font-family: trebuchet ms,geneva,sans-serif;color: #000000;font-size: 10pt\">Ser\u00eda insensato, y contradictorio en s\u00ed mismo, pensar que es posible hacer lo que hasta ahora nunca se ha hecho por procedimientos que no sean totalmente nuevos.<\/span><\/p>\n<p style=\"text-align: center\"><span style=\"color: #333399;font-size: 12pt\"><em><strong><span style=\"font-family: 'trebuchet ms', geneva, sans-serif\"> <cite>Francis Bacon, 1620. Novum Organum.<\/cite><\/span><\/strong><\/em><\/span><\/p>\n<hr>\n<table class=\" aligncenter\" style=\"width: 57.7616%;height: 723px;border-color: #e0e0e0\">\n<tbody>\n<tr style=\"height: 21px\">\n<td style=\"width: 24.7544%;height: 21px;background-color: #dedede;border-color: #ffffff;vertical-align: top\"><span style=\"color: #000000;font-size: 18pt;font-family: 'trebuchet ms', geneva, sans-serif\"><strong>MI CORREO<\/strong><\/span><\/p>\n<p><span style=\"color: #000000;font-size: 10pt;font-family: 'trebuchet ms', geneva, sans-serif\">Para acceder a mi cuenta de correo.<\/span><\/p>\n<p><span style=\"font-size: 14pt;color: #000000\"><strong><span style=\"font-family: 'trebuchet ms', geneva, sans-serif\"> <a style=\"color: #000000\" href=\"https:\/\/accounts.google.com\/ServiceLogin?service=mail&amp;continue=https:\/\/mail.google.com\/mail\/&amp;hl=es#identifier\" target=\"_blank\" rel=\"noopener noreferrer\">Aqu\u00ed<span class=\"meta-nav\">\u2192<\/span><\/a><\/span><\/strong><\/span><\/td>\n<td style=\"width: 24.9509%;height: 21px;background-color: #ffffff;border-color: #ffffff;vertical-align: top\"><span style=\"color: #000000;font-size: 18pt;font-family: 'trebuchet ms', geneva, sans-serif\"><strong>CEJA<\/strong><\/span><\/p>\n<p><span style=\"color: #000000;font-size: 10pt;font-family: 'trebuchet ms', geneva, sans-serif\">Consejer\u00eda Educaci\u00f3n Junta Andaluc\u00eda.<\/span><\/p>\n<p><span style=\"font-size: 14pt;color: #000000\"><strong><span style=\"font-family: 'trebuchet ms', geneva, sans-serif\"> <a style=\"color: #000000\" href=\"https:\/\/www.juntadeandalucia.es\/educacion\/portals\/web\/ced\" target=\"_blank\" rel=\"noopener noreferrer\">Aqu\u00ed<span class=\"meta-nav\">\u2192<\/span><\/a><\/span><\/strong><\/span><\/p>\n<p><span style=\"color: #000000\"><a style=\"color: #000000\" href=\"https:\/\/www.juntadeandalucia.es\/educacion\/portaldocente\/\" target=\"_blank\" rel=\"noopener noreferrer\">Portal Docente<\/a><\/span><\/td>\n<td style=\"width: 25.442%;height: 21px;background-color: #dedede;border-color: #ffffff;vertical-align: top\"><span style=\"font-size: 18pt;color: #000000\"><a style=\"color: #000000\" href=\"https:\/\/www.juntadeandalucia.es\/educacion\/sipri\/inicio\/\" target=\"_blank\" rel=\"noopener noreferrer\"><span style=\"font-family: 'trebuchet ms', geneva, sans-serif\"><strong>CONSEJER\u00cdA INDUSTRIA<\/strong><\/span><\/a><\/span><\/p>\n<p><span style=\"font-size: 10pt;color: #000000\"><a style=\"color: #000000\" href=\"https:\/\/www.juntadeandalucia.es\/educacion\/sipri\/inicio\/\" target=\"_blank\" rel=\"noopener noreferrer\"><span style=\"font-family: 'trebuchet ms', geneva, sans-serif\">Consejer\u00eda Industria Junta Andaluc\u00eda.<\/span><\/a><\/span><\/p>\n<p><span style=\"font-size: 14pt;color: #000000\"><a style=\"color: #000000\" href=\"https:\/\/www.juntadeandalucia.es\/organismos\/transformacioneconomicaindustriaconocimientoyuniversidades\/areas\/industria.html\" target=\"_blank\" rel=\"noopener noreferrer\"><strong><span style=\"font-family: 'trebuchet ms', geneva, sans-serif\"> Aqu\u00ed<span class=\"meta-nav\">\u2192<\/span><\/span><\/strong><\/a><\/span><\/p>\n<p><span style=\"color: #000000\"><a style=\"color: #000000\" href=\"https:\/\/www.juntadeandalucia.es\/empleoempresaycomercio\/oficinavirtual\/bienvenida.do\">PUES<\/a><\/span><\/td>\n<td style=\"width: 23.9686%;height: 21px;background-color: #ffffff;border-color: #ffffff;vertical-align: top\"><span style=\"font-size: 18pt;font-family: 'trebuchet ms', geneva, sans-serif;color: #000000\"><strong>MINISTERIO INDUSTRIA<\/strong><\/span><\/p>\n<p><span style=\"font-size: 14pt;color: #000000\"><strong><span style=\"font-family: 'trebuchet ms', geneva, sans-serif\"><a style=\"color: #000000\" href=\"https:\/\/industria.gob.es\/Calidad-Industrial\/seguridadindustrial\/instalacionesindustriales\/Paginas\/index.aspx\" target=\"_blank\" rel=\"noopener noreferrer\">Aqu\u00ed<span class=\"meta-nav\">\u2192<\/span><\/a><\/span><\/strong><\/span><\/td>\n<\/tr>\n<tr style=\"height: 21px\">\n<td style=\"width: 24.7544%;height: 21px;background-color: #dedede;border-color: #ffffff;vertical-align: top\"><span style=\"color: #000000;font-size: 18pt;font-family: 'trebuchet ms', geneva, sans-serif\"><strong>MAESTRA MCLV<\/strong><\/span><\/p>\n<p><span style=\"color: #000000;font-size: 10pt;font-family: 'trebuchet ms', geneva, sans-serif\">La clase de Mari Carmen.<\/span><\/p>\n<p><span style=\"font-size: 14pt;color: #000000\"><a style=\"color: #000000\" href=\"https:\/\/blogsaverroes.juntadeandalucia.es\/maestramaricarmen\/\" target=\"_blank\" rel=\"noopener noreferrer\"><strong><span style=\"font-family: 'trebuchet ms', geneva, sans-serif\">Aqu\u00ed<span class=\"meta-nav\">\u2192<\/span><\/span><\/strong><\/a><\/span><\/td>\n<td style=\"width: 24.9509%;height: 21px;background-color: #ffffff;border-color: #ffffff;vertical-align: top\"><span style=\"font-size: 18pt;color: #000000\"><a style=\"color: #000000\" href=\"https:\/\/blogsaverroes.juntadeandalucia.es\/maestramaricarmen\/\" target=\"_blank\" rel=\"noopener noreferrer\"><span style=\"font-family: 'trebuchet ms', geneva, sans-serif\"><strong>S\u00c9NECA<\/strong><\/span><\/a><\/span><\/p>\n<p><span style=\"font-size: 10pt;color: #000000\"><span style=\"font-family: 'trebuchet ms', geneva, sans-serif\">Portal S\u00e9neca.<\/span><\/span><\/p>\n<p><span style=\"color: #000000\"><a style=\"color: #000000\" href=\"https:\/\/www.juntadeandalucia.es\/educacion\/senecav2\/seneca\/jsp\/portal\/\" target=\"_blank\" rel=\"noopener noreferrer\"><span style=\"font-size: 14pt\"><strong><span style=\"font-family: 'trebuchet ms', geneva, sans-serif\">Aqu\u00ed<\/span><\/strong><strong><span style=\"font-family: 'trebuchet ms', geneva, sans-serif\"><span class=\"meta-nav\">\u2192<\/span><\/span><\/strong><\/span><\/a><\/span><\/td>\n<td style=\"width: 25.442%;height: 21px;background-color: #dedede;border-color: #ffffff;vertical-align: top\"><span style=\"color: #000000\"><span style=\"font-family: 'trebuchet ms', geneva, sans-serif\">&nbsp;<\/span><span style=\"font-size: 18pt;font-family: 'trebuchet ms', geneva, sans-serif\"><strong>AGENCIA ANDALUZA DE LA ENERG\u00cdA<\/strong><\/span><\/span><\/p>\n<p><span style=\"color: #000000;font-size: 14pt\"><strong><span style=\"font-family: 'trebuchet ms', geneva, sans-serif\"><a style=\"color: #000000\" href=\"https:\/\/www.agenciaandaluzadelaenergia.es\/es\" target=\"_blank\" rel=\"noopener noreferrer\">Aqu\u00ed<span class=\"meta-nav\">\u2192<\/span><\/a><\/span><\/strong><\/span><\/td>\n<td style=\"width: 23.9686%;height: 21px;background-color: #ffffff;border-color: #ffffff;vertical-align: top\"><span style=\"color: #000000\"><span style=\"font-family: 'trebuchet ms', geneva, sans-serif\">&nbsp;<\/span><span style=\"font-size: 18pt;font-family: 'trebuchet ms', geneva, sans-serif\"><strong>IDAE<\/strong><\/span><\/span><\/p>\n<p><span style=\"font-size: 10pt;color: #000000;font-family: 'trebuchet ms', geneva, sans-serif\">Instituto para la Diversificaci\u00f3n y el Ahorro Energ\u00e9tico.<\/span><\/p>\n<p><span style=\"color: #000000;font-size: 14pt\"><strong><span style=\"font-family: 'trebuchet ms', geneva, sans-serif\"><a style=\"color: #000000\" href=\"https:\/\/www.idae.es\/home\" target=\"_blank\" rel=\"noopener noreferrer\">Aqu\u00ed<span class=\"meta-nav\">\u2192<\/span><\/a><\/span><\/strong><\/span><\/td>\n<\/tr>\n<tr style=\"height: 21px\">\n<td style=\"width: 24.7544%;height: 21px;background-color: #dedede;border-color: #ffffff;vertical-align: top\"><span style=\"font-size: 24px;color: #000000\"><strong><span style=\"font-family: 'trebuchet ms', geneva, sans-serif\">IACP<\/span><\/strong><\/span><\/p>\n<p><span style=\"color: #000000\"><span style=\"font-family: 'trebuchet ms', geneva, sans-serif;font-size: 10pt\">Instituto Andaluz de&nbsp;<\/span><span style=\"font-family: 'trebuchet ms', geneva, sans-serif;font-size: 10pt\">Cualificaciones Profesionales<\/span><\/span><\/p>\n<p><span style=\"font-family: 'trebuchet ms', geneva, sans-serif;font-size: 14pt;color: #000000\"><strong><a style=\"color: #000000\" href=\"http:\/\/www.juntadeandalucia.es\/educacion\/portals\/web\/iacp\" target=\"_blank\" rel=\"noopener noreferrer\">Aqu\u00ed<span class=\"meta-nav\">\u2192<\/span><\/a><\/strong><\/span><\/p>\n<p><span style=\"color: #000000\"><a style=\"color: #000000\" href=\"https:\/\/www.juntadeandalucia.es\/educacion\/acredita\/\" target=\"_blank\" rel=\"noopener noreferrer\">Plataforma ACREDITA<\/a><\/span><\/p>\n<p>&nbsp;<\/td>\n<td style=\"width: 24.9509%;height: 21px;background-color: #ffffff;border-color: #ffffff;vertical-align: top\"><span style=\"color: #000000;font-size: 18pt;font-family: 'trebuchet ms', geneva, sans-serif\"><strong>TODO FP<\/strong><\/span><\/p>\n<p><span style=\"color: #000000;font-size: 10pt;font-family: 'trebuchet ms', geneva, sans-serif\">Portal con toda la informaci\u00f3n sobre Formaci\u00f3n Profesional.<\/span><\/p>\n<p><span style=\"font-size: 14pt;color: #000000\"><strong><span style=\"font-family: 'trebuchet ms', geneva, sans-serif\"><a style=\"color: #000000\" href=\"http:\/\/todofp.es\/\" target=\"_blank\" rel=\"noopener noreferrer\">Aqu\u00ed<span class=\"meta-nav\">\u2192<\/span><\/a><\/span><\/strong><\/span><\/td>\n<td style=\"width: 25.442%;height: 21px;background-color: #dedede;border-color: #ffffff;vertical-align: top\"><span style=\"color: #000000;font-size: 18pt;font-family: 'trebuchet ms', geneva, sans-serif\"><strong>RITE&#8217;21<\/strong><\/span><\/p>\n<p><span style=\"color: #000000;font-size: 10pt;font-family: 'trebuchet ms', geneva, sans-serif\">Reglamento Instalaciones T\u00e9rmicas en Edificios.<\/span><\/p>\n<p><span style=\"font-size: 14pt;color: #000000\"><strong><span style=\"font-family: 'trebuchet ms', geneva, sans-serif\"><a style=\"color: #000000\" href=\"https:\/\/drive.google.com\/file\/d\/1yx8jl7l3bw6fHznX1l2iJUxMtSDCMFLq\/view?usp=sharing\" target=\"_blank\" rel=\"noopener noreferrer\">Aqu\u00ed<span class=\"meta-nav\">\u2192<\/span><\/a><\/span><\/strong><\/span><\/td>\n<td style=\"width: 23.9686%;height: 21px;background-color: #ffffff;border-color: #ffffff;vertical-align: top\"><span style=\"font-family: 'trebuchet ms', geneva, sans-serif;font-size: 24px;color: #000000\"><strong>CTE<\/strong><b>&nbsp;<\/b><\/span><\/p>\n<p><span style=\"font-size: 13.3333px;color: #000000\">C\u00f3digo T\u00e9cnico de la Edificaci\u00f3n.<\/span><\/p>\n<p><span style=\"font-size: 14pt;color: #000000\"><strong><a style=\"font-family: 'trebuchet ms', geneva, sans-serif;color: #000000\" href=\"https:\/\/www.codigotecnico.org\/\" target=\"_blank\" rel=\"noopener noreferrer\">Aqu\u00ed<span class=\"meta-nav\">\u2192<\/span><\/a><\/strong><\/span><\/td>\n<\/tr>\n<tr style=\"height: 21px\">\n<td style=\"width: 24.7544%;height: 21px;background-color: #dedede;border-color: #ffffff\"><span style=\"font-size: 24px;color: #000000\"><strong><span style=\"font-family: 'trebuchet ms', geneva, sans-serif\">INCUAL<\/span><\/strong><\/span><\/p>\n<p><span style=\"font-family: 'trebuchet ms', geneva, sans-serif;color: #000000;font-size: 13.3333px\">Instituto Nacional de las Cualificaciones<\/span><\/p>\n<p><span style=\"font-family: 'trebuchet ms', geneva, sans-serif;font-size: 14pt;color: #000000\"><strong><a style=\"color: #000000\" href=\"https:\/\/incual.educacion.gob.es\/inicio\" target=\"_blank\" rel=\"noopener noreferrer\">Aqu\u00ed<span class=\"meta-nav\">\u2192<\/span><\/a><\/strong><\/span><\/p>\n<p><span style=\"font-size: 12pt;color: #000000;font-family: 'trebuchet ms', geneva, sans-serif\">&nbsp;<\/span><\/td>\n<td style=\"width: 24.9509%;height: 21px;background-color: #ffffff;border-color: #ffffff;vertical-align: top\"><span style=\"color: #000000;font-size: 18pt;font-family: 'trebuchet ms', geneva, sans-serif\">&nbsp;<strong>Blogs AVERROES<\/strong><\/span><\/p>\n<p><span style=\"color: #000000;font-size: 10pt;font-family: 'trebuchet ms', geneva, sans-serif\">Crea el Blog o la Web de tu clase.<\/span><\/p>\n<p><span style=\"font-size: 14pt;color: #000000\"><strong><span style=\"font-family: 'trebuchet ms', geneva, sans-serif\"><a style=\"color: #000000\" href=\"https:\/\/blogsaverroes.juntadeandalucia.es\/\" target=\"_blank\" rel=\"noopener noreferrer\">Aqu\u00ed<span class=\"meta-nav\">\u2192<\/span><\/a><\/span><\/strong><\/span><\/td>\n<td style=\"width: 25.442%;height: 21px;background-color: #dedede;border-color: #ffffff;vertical-align: top\"><span style=\"color: #000000;font-size: 18pt;font-family: 'trebuchet ms', geneva, sans-serif\"><strong>RSIF&#8217;19<\/strong><\/span><\/p>\n<p><span style=\"color: #000000;font-size: 10pt;font-family: 'trebuchet ms', geneva, sans-serif\">Reglamento Seguridad en Instalaciones Frigor\u00edficas.<\/span><\/p>\n<p><span style=\"color: #000000\"><a style=\"color: #000000\" href=\"https:\/\/drive.google.com\/file\/d\/1zJa7I4y2KZOUmc-kwxvbpRl31Xug4z0d\/view?usp=sharing\"><span style=\"font-size: 14pt\"><strong><span style=\"font-family: 'trebuchet ms', geneva, sans-serif\">Aqu\u00ed<span class=\"meta-nav\">\u2192<\/span><\/span><\/strong><\/span><\/a><\/span><\/p>\n<p><span style=\"color: #000000\"><a style=\"color: #000000\" href=\"https:\/\/drive.google.com\/file\/d\/1zKeJUYLIs6j1KdNv35dy2NysQwtWTfC9\/view?usp=sharing\" target=\"_blank\" rel=\"noopener noreferrer\">Gu\u00eda de Aplicaci\u00f3n RSIF<\/a><\/span><\/td>\n<td style=\"width: 23.9686%;height: 21px;background-color: #ffffff;border-color: #ffffff;vertical-align: top\"><span style=\"color: #000000;font-size: 18pt;font-family: 'trebuchet ms', geneva, sans-serif\"><strong>COGITISE<\/strong><\/span><\/p>\n<p><span style=\"color: #000000;font-size: 10pt;font-family: 'trebuchet ms', geneva, sans-serif\">Colegio de Ingenieros T\u00e9cnicos Industriales de Sevilla.<\/span><\/p>\n<p><span style=\"font-size: 14pt;color: #000000\"><strong><span style=\"font-family: 'trebuchet ms', geneva, sans-serif\"> <a style=\"color: #000000\" href=\"https:\/\/www.cogitise.es\/inicio\" target=\"_blank\" rel=\"noopener noreferrer\">Aqu\u00ed<span class=\"meta-nav\">\u2192<\/span><\/a><\/span><\/strong><\/span><\/p>\n<p><a href=\"https:\/\/mupiti.com\/\"><span style=\"color: #000000\">MUPITI<\/span><\/a><\/p>\n<p><span style=\"font-family: 'trebuchet ms', geneva, sans-serif;color: #000000\"><span style=\"font-family: 'trebuchet ms', geneva, sans-serif\">&nbsp;<\/span><\/span><\/td>\n<\/tr>\n<\/tbody>\n<\/table>\n<p>&nbsp;<\/p>\n<hr>\n<p><span style=\"font-family: trebuchet ms,geneva,sans-serif;font-size: 10pt;color: #000000\">La principal meta de la Educacion es crear hombres capaces de hacer cosas nuevas y no simplemente repetir lo que han hecho otras generaciones: hombres creadores, inventores y descubridores.<\/span><\/p>\n<\/div>\n<\/div>\n<\/div>\n<\/div>\n<\/div>\n<\/div>\n<p style=\"text-align: center\"><span style=\"font-family: trebuchet ms,geneva,sans-serif;font-size: 10pt;color: #000000\">La segunda meta de la Educaci\u00f3n es formar mentes que puedan ser cr\u00edticas, que puedan verificar y no aceptar todo lo que se les ofrece.<\/span><br \/>\n<span style=\"font-size: 12pt;color: #333399\"><em><strong><span style=\"font-family: trebuchet ms,geneva,sans-serif\"><span style=\"font-family: 'trebuchet ms', geneva, sans-serif\"><cite>Jean William Fritz Piaget, 1980.<\/cite><\/span><\/span><\/strong><\/em><\/span><\/p>\n","protected":false},"excerpt":{"rendered":"<p>&nbsp; INSTALACIONES +&nbsp;EDUCACI\u00d3N Ser\u00eda insensato, y contradictorio en s\u00ed mismo, pensar que es posible hacer lo que hasta ahora nunca se ha hecho por procedimientos que no sean totalmente nuevos. Francis Bacon, 1620. Novum Organum. MI CORREO Para acceder a&#46;&#46;&#46;<\/p>\n","protected":false},"author":4048,"featured_media":0,"parent":0,"menu_order":0,"comment_status":"closed","ping_status":"closed","template":"","meta":{"ngg_post_thumbnail":0,"footnotes":""},"aioseo_notices":[],"post_mailing_queue_ids":[],"_links":{"self":[{"href":"https:\/\/blogsaverroes.juntadeandalucia.es\/amrandado\/wp-json\/wp\/v2\/pages\/2"}],"collection":[{"href":"https:\/\/blogsaverroes.juntadeandalucia.es\/amrandado\/wp-json\/wp\/v2\/pages"}],"about":[{"href":"https:\/\/blogsaverroes.juntadeandalucia.es\/amrandado\/wp-json\/wp\/v2\/types\/page"}],"author":[{"embeddable":true,"href":"https:\/\/blogsaverroes.juntadeandalucia.es\/amrandado\/wp-json\/wp\/v2\/users\/4048"}],"replies":[{"embeddable":true,"href":"https:\/\/blogsaverroes.juntadeandalucia.es\/amrandado\/wp-json\/wp\/v2\/comments?post=2"}],"version-history":[{"count":138,"href":"https:\/\/blogsaverroes.juntadeandalucia.es\/amrandado\/wp-json\/wp\/v2\/pages\/2\/revisions"}],"predecessor-version":[{"id":14791,"href":"https:\/\/blogsaverroes.juntadeandalucia.es\/amrandado\/wp-json\/wp\/v2\/pages\/2\/revisions\/14791"}],"wp:attachment":[{"href":"https:\/\/blogsaverroes.juntadeandalucia.es\/amrandado\/wp-json\/wp\/v2\/media?parent=2"}],"curies":[{"name":"wp","href":"https:\/\/api.w.org\/{rel}","templated":true}]}}