{"id":62,"date":"2020-05-23T13:12:50","date_gmt":"2020-05-23T11:12:50","guid":{"rendered":"https:\/\/blogsaverroes.juntadeandalucia.es\/andafisqui\/?page_id=62"},"modified":"2020-05-23T13:12:50","modified_gmt":"2020-05-23T11:12:50","slug":"practica-laboratorio-en-casa","status":"publish","type":"page","link":"https:\/\/blogsaverroes.juntadeandalucia.es\/andafisqui\/practica-laboratorio-en-casa\/","title":{"rendered":"Pr\u00e1ctica laboratorio en casa"},"content":{"rendered":"<div id=\"attachment_67\" style=\"width: 310px\" class=\"wp-caption alignnone\"><img loading=\"lazy\" decoding=\"async\" aria-describedby=\"caption-attachment-67\" src=\"https:\/\/blogsaverroes.juntadeandalucia.es\/andafisqui\/files\/2020\/05\/3609911-300x200.jpg\" alt=\"\" width=\"300\" height=\"200\" class=\"size-medium wp-image-67\" srcset=\"https:\/\/blogsaverroes.juntadeandalucia.es\/andafisqui\/files\/2020\/05\/3609911-300x200.jpg 300w, https:\/\/blogsaverroes.juntadeandalucia.es\/andafisqui\/files\/2020\/05\/3609911-768x512.jpg 768w, https:\/\/blogsaverroes.juntadeandalucia.es\/andafisqui\/files\/2020\/05\/3609911-1024x683.jpg 1024w, https:\/\/blogsaverroes.juntadeandalucia.es\/andafisqui\/files\/2020\/05\/3609911-24x16.jpg 24w, https:\/\/blogsaverroes.juntadeandalucia.es\/andafisqui\/files\/2020\/05\/3609911-36x24.jpg 36w, https:\/\/blogsaverroes.juntadeandalucia.es\/andafisqui\/files\/2020\/05\/3609911-48x32.jpg 48w\" sizes=\"(max-width: 300px) 100vw, 300px\" \/><p id=\"caption-attachment-67\" class=\"wp-caption-text\"><a href=\"https:\/\/www.freepik.es\/fotos-vectores-gratis\/personas\">Vector de Personas creado por freepik &#8211; www.freepik.es<\/a><\/p><\/div>\n<p>Hola os propongo este experimento para hacer en casa relacionado con los conceptos de densidad y mezclas.<br \/>\nAntes vamos a ver algunos conceptos relacionado con el experimento<\/p>\n<p>Materia, es todo lo que tiene masa y volumen. Si echamos un vistazo a nuestro alrededor vemos que la materia es diversa: madera, cemento, agua, aire, etc<br \/>\nMasa y volumen son propiedades generales de la materia. Cualquier sustancia tiene masa y volumen y no nos sirven para diferenciar unas sustancias de otras<br \/>\nSi dividimos la masa de un cuerpo entre le volumen que ocupa se obtiene una nueva magnitud : LA DENSIDAD.<br \/>\nLa densidad es una propiedad caracter\u00edstica de las sustancias (cada sustancia tiene una densidad) y puede servirnos para identificarlas.<br \/>\nLas mezclas resultan de la uni\u00f3n de dos o m\u00e1s sustancias puras y no tienen propiedades espec\u00edficas<br \/>\nSe clasifican en:<br \/>\na)\tMezclas homog\u00e9neas<br \/>\nb)\tMezclas heterog\u00e9neas<\/p>\n<p><a href=\"http:\/\/recursostic.educacion.es\/secundaria\/edad\/3esofisicaquimica\/3quincena4\/3q4_index.htm\" rel=\"noopener noreferrer\" target=\"_blank\">Actividad sustancias, mezclas, disoluciones <\/a><\/p>\n<p><strong>EXPERIMENTO<\/strong><br \/>\n<img loading=\"lazy\" decoding=\"async\" src=\"https:\/\/blogsaverroes.juntadeandalucia.es\/andafisqui\/files\/2020\/05\/EXPERIMENTO-LIQUIDO-EN-CAPAS-1.jpg\" alt=\"\" width=\"232\" height=\"239\" class=\"alignnone size-full wp-image-74\" srcset=\"https:\/\/blogsaverroes.juntadeandalucia.es\/andafisqui\/files\/2020\/05\/EXPERIMENTO-LIQUIDO-EN-CAPAS-1.jpg 232w, https:\/\/blogsaverroes.juntadeandalucia.es\/andafisqui\/files\/2020\/05\/EXPERIMENTO-LIQUIDO-EN-CAPAS-1-24x24.jpg 24w, https:\/\/blogsaverroes.juntadeandalucia.es\/andafisqui\/files\/2020\/05\/EXPERIMENTO-LIQUIDO-EN-CAPAS-1-36x36.jpg 36w, https:\/\/blogsaverroes.juntadeandalucia.es\/andafisqui\/files\/2020\/05\/EXPERIMENTO-LIQUIDO-EN-CAPAS-1-48x48.jpg 48w\" sizes=\"(max-width: 232px) 100vw, 232px\" \/><\/p>\n<p>Necesita<br \/>\nUna botella pl\u00e1stica transparente<br \/>\nAgua<br \/>\nAceite<br \/>\nGlicerina (opcional)<br \/>\nColorantes vegetales l\u00edquidos<br \/>\nSi no ten\u00e9is colorante pod\u00e9is usar temperas de colores.<br \/>\nMontaje:<br \/>\nVierte un l\u00edquido dentro de la botella y observa la posici\u00f3n que toma. A\u00f1ade gotitas de colorante poco a poco para verlas bajar por los l\u00edquidos y disolverse. Cierra una botella con una tapa. Ahora trata de mezclar los l\u00edquidos batiendo la botella. D\u00e9jala reposar.<br \/>\n\u00bfQu\u00e9 est\u00e1 ocurriendo?<br \/>\nEstos l\u00edquidos no se mezclan entre s\u00ed. Siempre buscar\u00e1n separarse siempre que no est\u00e9n batidos. Unos son m\u00e1s densos que otros. <\/p>\n","protected":false},"excerpt":{"rendered":"<p>Hola os propongo este experimento para hacer en casa relacionado con los conceptos de densidad y mezclas. Antes vamos a ver algunos conceptos relacionado con el experimento Materia, es todo lo que tiene masa&#46;&#46;&#46;<\/p>\n","protected":false},"author":10137,"featured_media":0,"parent":0,"menu_order":0,"comment_status":"closed","ping_status":"closed","template":"","meta":{"ngg_post_thumbnail":0,"footnotes":""},"aioseo_notices":[],"_links":{"self":[{"href":"https:\/\/blogsaverroes.juntadeandalucia.es\/andafisqui\/wp-json\/wp\/v2\/pages\/62"}],"collection":[{"href":"https:\/\/blogsaverroes.juntadeandalucia.es\/andafisqui\/wp-json\/wp\/v2\/pages"}],"about":[{"href":"https:\/\/blogsaverroes.juntadeandalucia.es\/andafisqui\/wp-json\/wp\/v2\/types\/page"}],"author":[{"embeddable":true,"href":"https:\/\/blogsaverroes.juntadeandalucia.es\/andafisqui\/wp-json\/wp\/v2\/users\/10137"}],"replies":[{"embeddable":true,"href":"https:\/\/blogsaverroes.juntadeandalucia.es\/andafisqui\/wp-json\/wp\/v2\/comments?post=62"}],"version-history":[{"count":16,"href":"https:\/\/blogsaverroes.juntadeandalucia.es\/andafisqui\/wp-json\/wp\/v2\/pages\/62\/revisions"}],"predecessor-version":[{"id":81,"href":"https:\/\/blogsaverroes.juntadeandalucia.es\/andafisqui\/wp-json\/wp\/v2\/pages\/62\/revisions\/81"}],"wp:attachment":[{"href":"https:\/\/blogsaverroes.juntadeandalucia.es\/andafisqui\/wp-json\/wp\/v2\/media?parent=62"}],"curies":[{"name":"wp","href":"https:\/\/api.w.org\/{rel}","templated":true}]}}