{"id":403,"date":"2020-12-05T00:23:49","date_gmt":"2020-12-05T00:23:49","guid":{"rendered":"https:\/\/blogsaverroes.juntadeandalucia.es\/andreainfantil\/?page_id=403"},"modified":"2022-04-01T22:09:33","modified_gmt":"2022-04-01T22:09:33","slug":"ingles","status":"publish","type":"page","link":"https:\/\/blogsaverroes.juntadeandalucia.es\/andreainfantil\/ingles\/","title":{"rendered":"INGL\u00c9S."},"content":{"rendered":"<p>&nbsp;<\/p>\n<p style=\"text-align: center\">&nbsp; &nbsp;<span style=\"font-size: 18pt;color: #993366\"><strong>CURSO 21\/22<\/strong><\/span><\/p>\n<p>ESTE A\u00d1O TENEMOS UNA &nbsp;TEACHER NUEVA, SE LLAMA MAR\u00cdA JOS\u00c9 Y &nbsp;ESTAMOS TRABAJANDO CON ELLA, ESTAS CANCIONES, NOS LOS PASAMOS MUY BIEN CON ELLA.&nbsp;<\/p>\n<p>&nbsp; &nbsp; &nbsp;EN CASA PODEMOS &nbsp;PRACTICAR Y APRENDERNOSLA.<\/p>\n<p>ONE LITTLE FINGER&#8230;<\/p>\n<p><iframe loading=\"lazy\" src=\"\/\/www.youtube.com\/embed\/eBVqcTEC3zQ\" width=\"560\" height=\"314\"><\/iframe><\/p>\n<p>FINGER FAMILY SONG.<\/p>\n<p><iframe loading=\"lazy\" src=\"\/\/www.youtube.com\/embed\/XUbS1X5LERQ\" width=\"560\" height=\"314\"><\/iframe><\/p>\n<p>&nbsp;<\/p>\n<p>&nbsp;<\/p>\n<p>&nbsp;<\/p>\n<p>HELLO, HELLO!!!<\/p>\n<p><iframe loading=\"lazy\" src=\"\/\/www.youtube.com\/embed\/fN1Cyr0ZK9M\" width=\"560\" height=\"314\"><\/iframe><\/p>\n<p>&nbsp;<\/p>\n<p>NUMBERS 1 TO 10.<\/p>\n<p><iframe loading=\"lazy\" src=\"\/\/www.youtube.com\/embed\/85M1yxIcHpw\" width=\"560\" height=\"314\"><\/iframe><\/p>\n<p>&nbsp;<\/p>\n<p>COLOURS:<\/p>\n<p><iframe loading=\"lazy\" src=\"\/\/www.youtube.com\/embed\/5LbLwuu3bpk\" width=\"560\" height=\"314\"><\/iframe><\/p>\n<p>WEATHER &nbsp;SONG:<\/p>\n<p><iframe loading=\"lazy\" src=\"\/\/www.youtube.com\/embed\/XcW9Ct000yY\" width=\"560\" height=\"314\"><\/iframe><\/p>\n<p>FIVE LITLE PUMPKINS:<\/p>\n<p><iframe loading=\"lazy\" src=\"\/\/www.youtube.com\/embed\/trDl36m9pgA\" width=\"560\" height=\"314\"><\/iframe><\/p>\n<p style=\"text-align: center\"><strong><span style=\"font-size: 24pt;color: #ff0000\">CURSO 20\/21<\/span><\/strong><\/p>\n<p>&nbsp;TEACHER&nbsp; JUAN NOS&nbsp; HA MANDADO ESTOS CUENTOS:<iframe loading=\"lazy\" src=\"\/\/www.youtube.com\/embed\/KndSVsY5HWM \" width=\"560\" height=\"314\"><\/iframe><\/p>\n<p>Otra versi\u00f3n de \u00abRicitos de Oro\u00bb.<\/p>\n<p><video controls=\"controls\" width=\"300\" height=\"150\"><br \/>\n<\/video><\/p>\n<p>&nbsp;<\/p>\n<p><iframe loading=\"lazy\" src=\"\/\/www.youtube.com\/embed\/hewioIU4a64 \" width=\"560\" height=\"314\"><\/iframe><\/p>\n<p>ANIMALES DE LA GRANJA.<\/p>\n<p>&nbsp;NUESTRAS CLASES DE INGL\u00c9S, SON TODAS PR\u00c1CTICAS, APRENDEMOS A TRAV\u00c9S DE LAS CANCIONES:<\/p>\n<ol>\n<li>EMPEZAMOS CON LA CANCI\u00d3N DE LOS SALUDOS.<\/li>\n<\/ol>\n<p>&nbsp; &nbsp; &nbsp; &nbsp; &nbsp; &nbsp; &nbsp; &nbsp; &nbsp; &nbsp; &nbsp; &nbsp;&nbsp;<iframe loading=\"lazy\" src=\"\/\/www.youtube.com\/embed\/tVlcKp3bWH8\" width=\"560\" height=\"314\"><\/iframe><\/p>\n<p>2.- VEMOS EL TIEMPO.<\/p>\n<p style=\"text-align: center\"><iframe loading=\"lazy\" src=\"\/\/www.youtube.com\/embed\/rD6FRDd9Hew\" width=\"560\" height=\"314\"><\/iframe><\/p>\n<p>3.- LOS D\u00cdAS DE LA SEMANA.<\/p>\n<p>&nbsp; &nbsp; &nbsp; &nbsp; <iframe loading=\"lazy\" src=\"\/\/www.youtube.com\/embed\/mXMofxtDPUQ\" width=\"560\" height=\"314\"><\/iframe><\/p>\n<p>4.-LOS SENTIMIENTOS.<\/p>\n<p style=\"text-align: center\"><iframe loading=\"lazy\" src=\"\/\/www.youtube.com\/embed\/l4WNrvVjiTw\" width=\"560\" height=\"314\"><\/iframe><\/p>\n<p>5.- LOS N\u00daMEROS.<\/p>\n<p style=\"text-align: center\"><iframe loading=\"lazy\" src=\"\/\/www.youtube.com\/embed\/DR-cfDsHCGA\" width=\"560\" height=\"314\"><\/iframe><\/p>\n<p>6.-BAILE DE BABY SHARK.<\/p>\n<p style=\"text-align: center\">&nbsp; <iframe loading=\"lazy\" src=\"\/\/www.youtube.com\/embed\/XqZsoesa55w\" width=\"560\" height=\"314\"><\/iframe><\/p>\n<p>7.-LAS PARTES DEL CUERPO.<\/p>\n<p style=\"text-align: center\"><iframe loading=\"lazy\" src=\"\/\/www.youtube.com\/embed\/AsM1cgsip-o\" width=\"560\" height=\"314\"><\/iframe><\/p>\n<p>8.-CANCI\u00d3N LAS RUEDAS DEL AUTOB\u00daS.<\/p>\n<p style=\"text-align: center\"><iframe loading=\"lazy\" src=\"\/\/www.youtube.com\/embed\/e_04ZrNroTo\" width=\"560\" height=\"314\"><\/iframe><\/p>\n<p>9.- CINCO MONOS SALTAN EN LA CAMA.<\/p>\n<p style=\"text-align: center\"><iframe loading=\"lazy\" src=\"\/\/www.youtube.com\/embed\/b0NHrFNZWh0\" width=\"560\" height=\"314\"><\/iframe><\/p>\n<p>10.- BYE BYE.<\/p>\n<p style=\"text-align: center\"><iframe loading=\"lazy\" src=\"\/\/www.youtube.com\/embed\/PraN5ZoSjiY\" width=\"560\" height=\"314\"><\/iframe><\/p>\n<p>&nbsp;<\/p>\n<p>11.- LOS COLORES.<\/p>\n<p><iframe loading=\"lazy\" src=\"\/\/www.youtube.com\/embed\/zxIpA5nF_LY\" width=\"560\" height=\"314\"><\/iframe><\/p>\n<p>12.-MASCOTAS.<\/p>\n<p><iframe loading=\"lazy\" src=\"\/\/www.youtube.com\/embed\/TH801hTG4h8\" width=\"560\" height=\"314\"><\/iframe><\/p>\n<div style=\"width: 1280px;\" class=\"wp-video\"><!--[if lt IE 9]><script>document.createElement('video');<\/script><![endif]-->\n<video class=\"wp-video-shortcode\" id=\"video-403-1\" width=\"1280\" height=\"720\" preload=\"metadata\" controls=\"controls\"><source type=\"video\/mp4\" src=\"https:\/\/blogsaverroes.juntadeandalucia.es\/andreainfantil\/files\/2021\/02\/VID_20210120_191206-1.mp4?_=1\" \/><a href=\"https:\/\/blogsaverroes.juntadeandalucia.es\/andreainfantil\/files\/2021\/02\/VID_20210120_191206-1.mp4\">https:\/\/blogsaverroes.juntadeandalucia.es\/andreainfantil\/files\/2021\/02\/VID_20210120_191206-1.mp4<\/a><\/video><\/div>\n<p>Nuestra amiga Martina, &nbsp;diciendo los n\u00fameros en ingl\u00e9s. \u00a1\u00a1Campeona!!.<\/p>\n<p><img loading=\"lazy\" decoding=\"async\" class=\"alignnone size-medium wp-image-804\" src=\"https:\/\/blogsaverroes.juntadeandalucia.es\/andreainfantil\/files\/2021\/02\/Bailamos-las-canciones-de-ingle\u0301s--266x300.jpg\" alt=\"\" width=\"266\" height=\"300\" srcset=\"https:\/\/blogsaverroes.juntadeandalucia.es\/andreainfantil\/files\/2021\/02\/Bailamos-las-canciones-de-ingle\u0301s--266x300.jpg 266w, https:\/\/blogsaverroes.juntadeandalucia.es\/andreainfantil\/files\/2021\/02\/Bailamos-las-canciones-de-ingle\u0301s--907x1024.jpg 907w, https:\/\/blogsaverroes.juntadeandalucia.es\/andreainfantil\/files\/2021\/02\/Bailamos-las-canciones-de-ingle\u0301s--768x867.jpg 768w, https:\/\/blogsaverroes.juntadeandalucia.es\/andreainfantil\/files\/2021\/02\/Bailamos-las-canciones-de-ingle\u0301s--1361x1536.jpg 1361w, https:\/\/blogsaverroes.juntadeandalucia.es\/andreainfantil\/files\/2021\/02\/Bailamos-las-canciones-de-ingle\u0301s--1814x2048.jpg 1814w, https:\/\/blogsaverroes.juntadeandalucia.es\/andreainfantil\/files\/2021\/02\/Bailamos-las-canciones-de-ingle\u0301s--700x790.jpg 700w, https:\/\/blogsaverroes.juntadeandalucia.es\/andreainfantil\/files\/2021\/02\/Bailamos-las-canciones-de-ingle\u0301s--332x375.jpg 332w, https:\/\/blogsaverroes.juntadeandalucia.es\/andreainfantil\/files\/2021\/02\/Bailamos-las-canciones-de-ingle\u0301s--21x24.jpg 21w, https:\/\/blogsaverroes.juntadeandalucia.es\/andreainfantil\/files\/2021\/02\/Bailamos-las-canciones-de-ingle\u0301s--32x36.jpg 32w, https:\/\/blogsaverroes.juntadeandalucia.es\/andreainfantil\/files\/2021\/02\/Bailamos-las-canciones-de-ingle\u0301s--43x48.jpg 43w\" sizes=\"(max-width: 266px) 100vw, 266px\" \/><\/p>\n<p>Alma bailando!! \u00a1\u00a1Guau, qu\u00e9 bien!!<\/p>\n<p>&nbsp;<\/p>\n<p>&nbsp;<\/p>\n","protected":false},"excerpt":{"rendered":"<p>&nbsp; &nbsp; &nbsp;CURSO 21\/22 ESTE A\u00d1O TENEMOS UNA &nbsp;TEACHER NUEVA, SE LLAMA MAR\u00cdA JOS\u00c9 Y &nbsp;ESTAMOS TRABAJANDO CON ELLA, ESTAS CANCIONES, NOS LOS PASAMOS MUY BIEN CON ELLA.&nbsp; &nbsp; &nbsp; &nbsp;EN CASA PODEMOS &nbsp;PRACTICAR&#46;&#46;&#46;<\/p>\n","protected":false},"author":11481,"featured_media":0,"parent":0,"menu_order":0,"comment_status":"closed","ping_status":"closed","template":"","meta":{"ngg_post_thumbnail":0,"footnotes":""},"aioseo_notices":[],"_links":{"self":[{"href":"https:\/\/blogsaverroes.juntadeandalucia.es\/andreainfantil\/wp-json\/wp\/v2\/pages\/403"}],"collection":[{"href":"https:\/\/blogsaverroes.juntadeandalucia.es\/andreainfantil\/wp-json\/wp\/v2\/pages"}],"about":[{"href":"https:\/\/blogsaverroes.juntadeandalucia.es\/andreainfantil\/wp-json\/wp\/v2\/types\/page"}],"author":[{"embeddable":true,"href":"https:\/\/blogsaverroes.juntadeandalucia.es\/andreainfantil\/wp-json\/wp\/v2\/users\/11481"}],"replies":[{"embeddable":true,"href":"https:\/\/blogsaverroes.juntadeandalucia.es\/andreainfantil\/wp-json\/wp\/v2\/comments?post=403"}],"version-history":[{"count":10,"href":"https:\/\/blogsaverroes.juntadeandalucia.es\/andreainfantil\/wp-json\/wp\/v2\/pages\/403\/revisions"}],"predecessor-version":[{"id":4022,"href":"https:\/\/blogsaverroes.juntadeandalucia.es\/andreainfantil\/wp-json\/wp\/v2\/pages\/403\/revisions\/4022"}],"wp:attachment":[{"href":"https:\/\/blogsaverroes.juntadeandalucia.es\/andreainfantil\/wp-json\/wp\/v2\/media?parent=403"}],"curies":[{"name":"wp","href":"https:\/\/api.w.org\/{rel}","templated":true}]}}