{"id":790,"date":"2021-01-30T23:36:58","date_gmt":"2021-01-30T23:36:58","guid":{"rendered":"https:\/\/blogsaverroes.juntadeandalucia.es\/andreainfantil\/?page_id=790"},"modified":"2022-06-12T20:45:45","modified_gmt":"2022-06-12T20:45:45","slug":"cuentos","status":"publish","type":"page","link":"https:\/\/blogsaverroes.juntadeandalucia.es\/andreainfantil\/cuentos\/","title":{"rendered":"CUENTOS"},"content":{"rendered":"<p style=\"text-align: center\">\u00abDON &nbsp;CARACOL Y BICHO BOLITA\u00bb<\/p>\n<p><iframe loading=\"lazy\" src=\"\/\/www.youtube.com\/embed\/CA15-hOTd0w\" width=\"560\" height=\"314\"><\/iframe><\/p>\n<p>&nbsp;<\/p>\n<p style=\"text-align: center\">\u00abTINO EL COCHINO\u00bb<\/p>\n<p><iframe loading=\"lazy\" src=\"\/\/www.youtube.com\/embed\/0sPPPD5GC4Q\" width=\"560\" height=\"314\"><\/iframe><\/p>\n<p>&nbsp;<\/p>\n<p style=\"text-align: center\">\u00abLA CEBRA CAMILA\u00bb<\/p>\n<p><iframe loading=\"lazy\" src=\"\/\/www.youtube.com\/embed\/tStMbwT2dQc\" width=\"560\" height=\"314\"><\/iframe><\/p>\n<p style=\"text-align: center\">\u00abVAC\u00cdO\u00bb<\/p>\n<p>&nbsp;<\/p>\n<p><iframe loading=\"lazy\" src=\"\/\/www.youtube.com\/embed\/bujv9-70eZA\" width=\"560\" height=\"314\"><\/iframe><\/p>\n<p>&nbsp;<\/p>\n<p style=\"text-align: center\">\u00abYO VOY CONMIGO\u00bb<\/p>\n<p><iframe loading=\"lazy\" src=\"\/\/www.youtube.com\/embed\/jrpxixzQ790?t=43s\" width=\"560\" height=\"314\"><\/iframe><\/p>\n<p style=\"text-align: center\">\u00bb CASA , CASITA\u00bb<\/p>\n<p><iframe loading=\"lazy\" src=\"\/\/www.youtube.com\/embed\/79lX_Js-FpE\" width=\"560\" height=\"314\"><\/iframe><\/p>\n<p>&nbsp;<\/p>\n<p style=\"text-align: center\">RENATO NICANOR EL FLAMENCO M\u00c1S FLAMENCO<\/p>\n<p><iframe loading=\"lazy\" src=\"\/\/www.youtube.com\/embed\/qcbLmjlMDko?t=229s\" width=\"560\" height=\"314\"><\/iframe><\/p>\n<p style=\"text-align: center\">\u00bfDE QU\u00c9 EST\u00c1N HECHAS LAS NI\u00d1AS FLAMENCAS?<\/p>\n<p><iframe loading=\"lazy\" src=\"\/\/www.youtube.com\/embed\/gf-FZVDUO74\" width=\"560\" height=\"314\"><\/iframe><\/p>\n<p>&nbsp;<\/p>\n<p style=\"text-align: center\">GARBANCITO<\/p>\n<p><iframe loading=\"lazy\" src=\"\/\/www.youtube.com\/embed\/SeH8guA0MOE\" width=\"560\" height=\"314\"><\/iframe><\/p>\n<p>&nbsp;<\/p>\n<p style=\"text-align: center\">LA CASTA\u00d1A QUE REVENT\u00d3 DE RISA.<\/p>\n<p style=\"text-align: center\"><iframe loading=\"lazy\" src=\"\/\/www.youtube.com\/embed\/xtDRu1JQ4kg\" width=\"560\" height=\"314\"><\/iframe><\/p>\n<p style=\"text-align: center\">&nbsp; &nbsp; &nbsp; &nbsp; &nbsp; &nbsp; BLANCANIEVES Y LOS SIETE ENANITOS.<\/p>\n<p style=\"text-align: center\"><iframe loading=\"lazy\" src=\"\/\/www.youtube.com\/embed\/4UpQrZ74EUE\" width=\"560\" height=\"314\"><\/iframe><\/p>\n<p style=\"text-align: center\">UN PU\u00d1ADO DE BOTONES.<\/p>\n<p style=\"text-align: center\"><iframe loading=\"lazy\" src=\"\/\/www.youtube.com\/embed\/L8oe2tNA0PQ\" width=\"560\" height=\"314\"><\/iframe><\/p>\n<p style=\"text-align: center\">DANIELA PIRATA<\/p>\n<p><iframe loading=\"lazy\" src=\"\/\/www.youtube.com\/embed\/O9NTZD3S1m0?t=93s\" width=\"560\" height=\"314\"><\/iframe><\/p>\n<p style=\"text-align: center\">PETER PAN<\/p>\n<p><iframe loading=\"lazy\" src=\"\/\/www.youtube.com\/embed\/BTmRtMcXwhc?t=19s\" width=\"560\" height=\"314\"><\/iframe><\/p>\n<p style=\"text-align: center\">SHREK<\/p>\n<p><iframe loading=\"lazy\" src=\"\/\/www.youtube.com\/embed\/IvIN6mDnHnU?t=11s\" width=\"560\" height=\"314\"><\/iframe><\/p>\n<p style=\"text-align: center\">CHIVOS CHIVONES<\/p>\n<p><iframe loading=\"lazy\" src=\"\/\/www.youtube.com\/embed\/oy371DY44S8?t=80s\" width=\"560\" height=\"314\"><\/iframe><\/p>\n<p style=\"text-align: center\">LA OVEJITA QUE VINO A CENAR<\/p>\n<p><iframe loading=\"lazy\" src=\"\/\/www.youtube.com\/embed\/ee-Wkw2SnnI?t=69s\" width=\"560\" height=\"314\"><\/iframe><\/p>\n<p style=\"text-align: center\">CAPERUCITA ROJA<\/p>\n<p style=\"text-align: center\"><iframe loading=\"lazy\" src=\"\/\/www.youtube.com\/embed\/sm1c1gVAnDE?t=11s\" width=\"560\" height=\"314\"><\/iframe><\/p>\n<p>&nbsp;<\/p>\n<p style=\"text-align: center\">NI GUAU NI MIAU.<\/p>\n<p style=\"text-align: center\"><iframe loading=\"lazy\" src=\"\/\/www.youtube.com\/embed\/w-cSIann7ec\" width=\"560\" height=\"314\"><\/iframe><\/p>\n<p style=\"text-align: center\">\u00abLOS 7 CABRITILLOS Y EL LOBO\u00bb<\/p>\n<p><iframe loading=\"lazy\" src=\"\/\/www.youtube.com\/embed\/vNSXfMs_hXA?t=143s\" width=\"560\" height=\"314\"><\/iframe><\/p>\n<p>&nbsp;<\/p>\n<p style=\"text-align: center\">\u00abSOY UNA SUPERNI\u00d1A\u00bb<\/p>\n<p style=\"text-align: center\"><iframe loading=\"lazy\" src=\"\/\/www.youtube.com\/embed\/fSrCOYvslC4\" width=\"560\" height=\"314\"><\/iframe><\/p>\n<p style=\"text-align: center\">LA MARIPOSA SIN ALAS.<\/p>\n<p style=\"text-align: center\"><iframe loading=\"lazy\" src=\"\/\/www.youtube.com\/embed\/NH2YemX-fE4\" width=\"560\" height=\"314\"><\/iframe><\/p>\n<p style=\"text-align: center\">H\u00c9RCULES LLEGA A ANDALUC\u00cdA.<\/p>\n<p><iframe loading=\"lazy\" src=\"\/\/www.youtube.com\/embed\/vDRc3VdmuGQ?t=1s\" width=\"560\" height=\"314\"><\/iframe><\/p>\n<p style=\"text-align: center\">EL PEZ ARCOIRIS.<\/p>\n<p><iframe loading=\"lazy\" src=\"\/\/www.youtube.com\/embed\/Dr92P3eXvAM\" width=\"560\" height=\"314\"><\/iframe><\/p>\n<p style=\"text-align: center\">VEO, VEO \u00bf UN GATO?<\/p>\n<p><iframe loading=\"lazy\" src=\"\/\/www.youtube.com\/embed\/NTYSOXnTREM\" width=\"560\" height=\"314\"><\/iframe><\/p>\n<p><strong>EL DEL PERIQUITO RAM\u00d3N QUE VIV\u00cdA EN UNA JAULA.<\/strong><\/p>\n<p><iframe loading=\"lazy\" src=\"\/\/www.youtube.com\/embed\/0WH-74SMZNs?t=16s\" width=\"560\" height=\"314\"><\/iframe><\/p>\n<p><strong>ERIZO ( D\u00cdA DE LA PAZ &#8211; 30 DE DICIEMBRE).<\/strong>&nbsp; &nbsp; &nbsp;<\/p>\n<p><iframe loading=\"lazy\" src=\"\/\/www.youtube.com\/embed\/wU2PXit6ixQ?t=3s\" width=\"560\" height=\"314\"><\/iframe><\/p>\n<p>&nbsp; <strong>&nbsp;MAM\u00c1 QUIERO UN PERRITO.<\/strong><\/p>\n<p>&nbsp;<\/p>\n<p><iframe loading=\"lazy\" src=\"\/\/www.youtube.com\/embed\/TFGmzdkhg6g?t=4s\" width=\"560\" height=\"314\"><\/iframe><\/p>\n<p><strong>-HOMBRE DE COLOR.<\/strong><\/p>\n<p><iframe loading=\"lazy\" src=\"\/\/www.youtube.com\/embed\/GP1NzTOLQZg?t=16s\" width=\"560\" height=\"314\"><\/iframe><\/p>\n<p><strong>-LA TORTUGA Y LA LIEBRE.<\/strong><\/p>\n<p><iframe loading=\"lazy\" src=\"\/\/www.youtube.com\/embed\/KDfI0dnUfjM?t=11s\" width=\"560\" height=\"314\"><\/iframe><\/p>\n<p><strong>-VEO- VEO &nbsp;\u00bfUN RAT\u00d3N?.<\/strong><\/p>\n<p><iframe loading=\"lazy\" src=\"\/\/www.youtube.com\/embed\/0DPjmMv-PpA?t=10s\" width=\"560\" height=\"314\"><\/iframe><\/p>\n<p><strong>LOS TRES CERDITOS.<\/strong><\/p>\n<p><iframe loading=\"lazy\" src=\"\/\/www.youtube.com\/embed\/ShypI8IYy0g?t=1s\" width=\"560\" height=\"314\"><\/iframe><\/p>\n<p><strong>LLEG\u00d3 EL OTO\u00d1O DE VIVALDI.<\/strong><\/p>\n<p><iframe loading=\"lazy\" src=\"\/\/www.youtube.com\/embed\/a_DL5Q8EY7g?t=13s\" width=\"560\" height=\"314\"><\/iframe><\/p>\n<p><strong>EL LOBO QUE QUER\u00cdA CAMBIAR DE COLOR.<\/strong><\/p>\n<p><iframe loading=\"lazy\" src=\"\/\/www.youtube.com\/embed\/eDKDTE0CP7U?t=13s\" width=\"560\" height=\"314\"><\/iframe><\/p>\n<p>&#8211;<strong>LOS MONSTRUOS TAMBI\u00c9N USAN &nbsp;MASCARILLA.<\/strong><\/p>\n<p><iframe loading=\"lazy\" src=\"\/\/www.youtube.com\/embed\/pBU3qL2HvNk?t=4s\" width=\"560\" height=\"314\"><\/iframe><\/p>\n<p>&#8211;<strong>EL PAIS DE LOS CINCO SENTIDOS.<\/strong><\/p>\n<p><iframe loading=\"lazy\" src=\"\/\/www.youtube.com\/embed\/55JgnrwlUmk?t=4s\" width=\"560\" height=\"314\"><\/iframe><\/p>\n<p><strong>-CUENTO \u00bfC\u00d3MO TE SIENTES?.<\/strong><\/p>\n<p><iframe loading=\"lazy\" src=\"\/\/www.youtube.com\/embed\/_HcN_oELECM\" width=\"560\" height=\"314\"><\/iframe><\/p>\n<p><strong>LOS DIENTES DE TRINO ROJO.<\/strong><\/p>\n<p><iframe loading=\"lazy\" src=\"\/\/www.youtube.com\/embed\/eE4r4iHA848?t=100s\" width=\"560\" height=\"314\"><\/iframe><\/p>\n<p><strong>EL MONSTRUO DE COLORES.<\/strong><\/p>\n<p><iframe loading=\"lazy\" src=\"\/\/www.youtube.com\/embed\/AhXjf9OHcp8?t=50s\" width=\"560\" height=\"314\"><\/iframe><\/p>\n<p><strong>-EL PASTORCITO MENTIROSO.<\/strong><\/p>\n<p><iframe loading=\"lazy\" src=\"\/\/www.youtube.com\/embed\/OrQbfaLHJLY?t=25s\" width=\"560\" height=\"314\"><\/iframe><\/p>\n<p>&#8211;<strong>ME VISTO SOLO.<\/strong><\/p>\n<p><iframe loading=\"lazy\" src=\"\/\/www.youtube.com\/embed\/y9BZQ9Ziv0g?t=71s\" width=\"560\" height=\"314\"><\/iframe><\/p>\n<p>LA CANCI\u00d3N.<\/p>\n<p><iframe loading=\"lazy\" src=\"\/\/www.youtube.com\/embed\/XH2Z2qTRWOo\" width=\"560\" height=\"314\"><\/iframe><\/p>\n<p><strong>-CUENTO PARA ANTES DE DESPERTAR \u00abLOS COLORES\u00bb<br \/>\n<\/strong><\/p>\n<p><iframe loading=\"lazy\" src=\"\/\/www.youtube.com\/embed\/-t-CtDdfIcI\" width=\"560\" height=\"314\"><\/iframe><\/p>\n<p><strong>-GUAPA.<\/strong><\/p>\n<p><iframe loading=\"lazy\" src=\"\/\/www.youtube.com\/embed\/UNDeCP2XmwI?t=9s\" width=\"560\" height=\"314\"><\/iframe><\/p>\n<p><strong>-VAYA RABIETA.<\/strong><\/p>\n<p><iframe loading=\"lazy\" src=\"\/\/www.youtube.com\/embed\/UK0gJuo8XDI?t=92s\" width=\"560\" height=\"314\"><\/iframe><\/p>\n<p><strong>-ADIOS CHUPETE.<\/strong><\/p>\n<p><iframe loading=\"lazy\" src=\"\/\/www.youtube.com\/embed\/N0H3fBtvcPA?t=22s\" width=\"560\" height=\"314\"><\/iframe><\/p>\n<p>-CUENTO MUSICAL &#8211; LUNA- LUNA-LUNA.<\/p>\n<p><iframe loading=\"lazy\" src=\"\/\/www.youtube.com\/embed\/EAkQe0HBqU4?t=17s\" width=\"560\" height=\"314\"><\/iframe><\/p>\n<p>&nbsp;<\/p>\n<p>&nbsp;<\/p>\n<p>&nbsp;<\/p>\n<p>&#8211;<\/p>\n<p>&nbsp;<\/p>\n","protected":false},"excerpt":{"rendered":"<p>\u00abDON &nbsp;CARACOL Y BICHO BOLITA\u00bb &nbsp; \u00abTINO EL COCHINO\u00bb &nbsp; \u00abLA CEBRA CAMILA\u00bb \u00abVAC\u00cdO\u00bb &nbsp; &nbsp; \u00abYO VOY CONMIGO\u00bb \u00bb CASA , CASITA\u00bb &nbsp; RENATO NICANOR EL FLAMENCO M\u00c1S FLAMENCO \u00bfDE QU\u00c9 EST\u00c1N HECHAS&#46;&#46;&#46;<\/p>\n","protected":false},"author":11481,"featured_media":4887,"parent":0,"menu_order":0,"comment_status":"closed","ping_status":"closed","template":"","meta":{"ngg_post_thumbnail":0,"footnotes":""},"aioseo_notices":[],"_links":{"self":[{"href":"https:\/\/blogsaverroes.juntadeandalucia.es\/andreainfantil\/wp-json\/wp\/v2\/pages\/790"}],"collection":[{"href":"https:\/\/blogsaverroes.juntadeandalucia.es\/andreainfantil\/wp-json\/wp\/v2\/pages"}],"about":[{"href":"https:\/\/blogsaverroes.juntadeandalucia.es\/andreainfantil\/wp-json\/wp\/v2\/types\/page"}],"author":[{"embeddable":true,"href":"https:\/\/blogsaverroes.juntadeandalucia.es\/andreainfantil\/wp-json\/wp\/v2\/users\/11481"}],"replies":[{"embeddable":true,"href":"https:\/\/blogsaverroes.juntadeandalucia.es\/andreainfantil\/wp-json\/wp\/v2\/comments?post=790"}],"version-history":[{"count":32,"href":"https:\/\/blogsaverroes.juntadeandalucia.es\/andreainfantil\/wp-json\/wp\/v2\/pages\/790\/revisions"}],"predecessor-version":[{"id":4886,"href":"https:\/\/blogsaverroes.juntadeandalucia.es\/andreainfantil\/wp-json\/wp\/v2\/pages\/790\/revisions\/4886"}],"wp:featuredmedia":[{"embeddable":true,"href":"https:\/\/blogsaverroes.juntadeandalucia.es\/andreainfantil\/wp-json\/wp\/v2\/media\/4887"}],"wp:attachment":[{"href":"https:\/\/blogsaverroes.juntadeandalucia.es\/andreainfantil\/wp-json\/wp\/v2\/media?parent=790"}],"curies":[{"name":"wp","href":"https:\/\/api.w.org\/{rel}","templated":true}]}}