{"id":859,"date":"2021-02-10T21:23:04","date_gmt":"2021-02-10T21:23:04","guid":{"rendered":"https:\/\/blogsaverroes.juntadeandalucia.es\/andreainfantil\/?page_id=859"},"modified":"2022-10-15T23:31:54","modified_gmt":"2022-10-15T23:31:54","slug":"canciones","status":"publish","type":"page","link":"https:\/\/blogsaverroes.juntadeandalucia.es\/andreainfantil\/canciones\/","title":{"rendered":"CANCIONES"},"content":{"rendered":"<p>&nbsp;<\/p>\n<p style=\"text-align: center\">CANCI\u00d3N DE LOS BUENOS D\u00cdAS, CON EL LENGUAJE DE LOS SIGNOS.,<\/p>\n<p><iframe loading=\"lazy\" src=\"\/\/www.youtube.com\/embed\/ERrV5XlInDw\" width=\"560\" height=\"314\"><\/iframe><\/p>\n<p style=\"text-align: center\">DEBAJO DE UN BOT\u00d3N.<\/p>\n<p style=\"text-align: center\"><iframe loading=\"lazy\" src=\"\/\/www.youtube.com\/embed\/cCdcaUwy65w\" width=\"560\" height=\"314\"><\/iframe><\/p>\n<p style=\"text-align: center\">\u00abUNA PUERTA VIOLETA\u00bb<\/p>\n<p style=\"text-align: center\"><iframe loading=\"lazy\" src=\"\/\/www.youtube.com\/embed\/gYyKuLV8A_c\" width=\"560\" height=\"314\"><\/iframe><\/p>\n<p style=\"text-align: center\">\u00bb EL BAILE DEL CUERPO\u00bb<\/p>\n<p><iframe loading=\"lazy\" src=\"\/\/www.youtube.com\/embed\/z6DoPp-LkTA\" width=\"560\" height=\"314\"><\/iframe><\/p>\n<p style=\"text-align: center\">\u00bb DU DU A\u00bb<\/p>\n<p><iframe loading=\"lazy\" src=\"\/\/www.youtube.com\/embed\/HtMgWusAZQ8\" width=\"560\" height=\"314\"><\/iframe><\/p>\n<p style=\"text-align: center\">\u00abLOS DERECHOS DE LOS NI\u00d1OS\u00bb<\/p>\n<p><iframe loading=\"lazy\" src=\"\/\/www.youtube.com\/embed\/kSD_Vs6TaG0\" width=\"560\" height=\"314\"><\/iframe><\/p>\n<p style=\"text-align: center\">COLORIN ( FLAMENCO KIDS)<\/p>\n<p><iframe loading=\"lazy\" src=\"\/\/www.youtube.com\/embed\/G3bqq4FN5jc\" width=\"560\" height=\"314\"><\/iframe><\/p>\n<p style=\"text-align: center\">CAMINO DE HALLOWEEN<\/p>\n<p><iframe loading=\"lazy\" src=\"\/\/www.youtube.com\/embed\/aToWPjO3nHE\" width=\"560\" height=\"314\"><\/iframe><\/p>\n<p style=\"text-align: center\">EL FANTASMA MANOLIN<\/p>\n<p><iframe loading=\"lazy\" src=\"\/\/www.youtube.com\/embed\/N4pmsQEPN20?t=27s\" width=\"560\" height=\"314\"><\/iframe><\/p>\n<p>&nbsp;<\/p>\n<p>LA FAMILIA PERFECTA.<\/p>\n<p><iframe loading=\"lazy\" src=\"\/\/www.youtube.com\/embed\/wql6YRHeugg\" width=\"560\" height=\"314\"><\/iframe><\/p>\n<p>&nbsp;<\/p>\n<p>DE COLORES SE VISTEN LOS CAMPOS EN LA PRIMAVERA&#8230;<\/p>\n<p><iframe loading=\"lazy\" src=\"\/\/www.youtube.com\/embed\/48vNfKUHWRw\" width=\"560\" height=\"314\"><\/iframe><\/p>\n<p>LA PRIMAVERA DE VIVALDI,<\/p>\n<p><iframe loading=\"lazy\" src=\"\/\/www.youtube.com\/embed\/l4Ad6pZ8vEQ\" width=\"560\" height=\"314\"><\/iframe><\/p>\n<p>SAL DE AH\u00cd CHIVITA. ( CANCI\u00d3N&nbsp; PARA ESTIMULAR LA MEMORIA)<\/p>\n<p><iframe loading=\"lazy\" src=\"\/\/www.youtube.com\/embed\/K9GLvX9rA_0\" width=\"560\" height=\"314\"><\/iframe><\/p>\n<p>&nbsp;<\/p>\n<p>LA CABRITA.<\/p>\n<p><iframe loading=\"lazy\" src=\"\/\/www.youtube.com\/embed\/rg-NSiFiQlE\" width=\"560\" height=\"314\"><\/iframe><\/p>\n<p>SOY UN PEZ.<\/p>\n<p><iframe loading=\"lazy\" src=\"\/\/www.youtube.com\/embed\/GZyUBh9YVc0\" width=\"560\" height=\"314\"><\/iframe><\/p>\n<p>ESTANDO EL SE\u00d1OR DON GATO&#8230;<\/p>\n<p><iframe loading=\"lazy\" src=\"\/\/www.youtube.com\/embed\/9Oyz_egsKI4\" width=\"560\" height=\"314\"><\/iframe><\/p>\n<p>-ERA UN GATO GRANDE.<\/p>\n<p><iframe loading=\"lazy\" src=\"\/\/www.youtube.com\/embed\/bjGUNYjLfxg\" width=\"560\" height=\"314\"><\/iframe><\/p>\n<p>EL INIVERNO DE VIVALDI.<\/p>\n<p><iframe loading=\"lazy\" src=\"\/\/www.youtube.com\/embed\/wqw-N7Pov6M\" width=\"560\" height=\"314\"><\/iframe><\/p>\n<p>UN MOSQUITO DE MADRID&#8230;<\/p>\n<p><iframe loading=\"lazy\" src=\"\/\/www.youtube.com\/embed\/WDg5jJPUH-c\" width=\"560\" height=\"314\"><\/iframe><\/p>\n<p>HOY EL COLE SE ACAB\u00d3&#8230;<\/p>\n<p><iframe loading=\"lazy\" src=\"\/\/www.youtube.com\/embed\/sH-o2UhI6Hs\" width=\"560\" height=\"314\"><\/iframe><\/p>\n<p>ADI\u00d3S&nbsp; ADI\u00d3S NUESTRA CLASE TERMINO.<\/p>\n<p>&nbsp;<\/p>\n<p><iframe loading=\"lazy\" src=\"\/\/www.youtube.com\/embed\/TfPVnZAFn7M\" width=\"560\" height=\"314\"><\/iframe><\/p>\n<p>CHUCHUWA<\/p>\n<p><iframe loading=\"lazy\" src=\"\/\/www.youtube.com\/embed\/8_RWPLfo8Xg\" width=\"560\" height=\"314\"><\/iframe><\/p>\n<p>SOY UNA SERPIENTE..<\/p>\n<p><iframe loading=\"lazy\" src=\"\/\/www.youtube.com\/embed\/WUol0rMWxAc\" width=\"560\" height=\"314\"><\/iframe><\/p>\n<p>POR LOS COLORES DEL ARCO IRIS..<\/p>\n<p><iframe loading=\"lazy\" src=\"\/\/www.youtube.com\/embed\/obvm-Jtk-qY\" width=\"560\" height=\"314\"><\/iframe><\/p>\n<p>LOS DERECHOS DE LOS NI\u00d1OS-AS<\/p>\n<p><iframe loading=\"lazy\" src=\"\/\/www.youtube.com\/embed\/BENG4HdElVo\" width=\"560\" height=\"314\"><\/iframe><\/p>\n<p>POCOY\u00d3 \u00a1\u00a1HEY CONSTITUCI\u00d3N!!<\/p>\n<p><iframe loading=\"lazy\" src=\"\/\/www.youtube.com\/embed\/Rn5E1ii5gNI\" width=\"560\" height=\"314\"><\/iframe><\/p>\n<p>CANCI\u00d3N DE LAS EMOCIONES.<\/p>\n<p><iframe loading=\"lazy\" src=\"\/\/www.youtube.com\/embed\/cpr7ttt1sOQ\" width=\"560\" height=\"314\"><\/iframe><\/p>\n<p>EL OTO\u00d1O DE VIVALDI<\/p>\n<p><iframe loading=\"lazy\" src=\"\/\/www.youtube.com\/embed\/a_DL5Q8EY7g?t=83s\" width=\"560\" height=\"314\"><\/iframe><\/p>\n<p>&nbsp;<\/p>\n<p>&nbsp;<\/p>\n<p>&nbsp;<\/p>\n<p>&nbsp;<\/p>\n","protected":false},"excerpt":{"rendered":"<p>&nbsp; CANCI\u00d3N DE LOS BUENOS D\u00cdAS, CON EL LENGUAJE DE LOS SIGNOS., DEBAJO DE UN BOT\u00d3N. \u00abUNA PUERTA VIOLETA\u00bb \u00bb EL BAILE DEL CUERPO\u00bb \u00bb DU DU A\u00bb \u00abLOS DERECHOS DE LOS NI\u00d1OS\u00bb COLORIN&#46;&#46;&#46;<\/p>\n","protected":false},"author":11481,"featured_media":0,"parent":0,"menu_order":0,"comment_status":"closed","ping_status":"closed","template":"","meta":{"ngg_post_thumbnail":0,"footnotes":""},"aioseo_notices":[],"_links":{"self":[{"href":"https:\/\/blogsaverroes.juntadeandalucia.es\/andreainfantil\/wp-json\/wp\/v2\/pages\/859"}],"collection":[{"href":"https:\/\/blogsaverroes.juntadeandalucia.es\/andreainfantil\/wp-json\/wp\/v2\/pages"}],"about":[{"href":"https:\/\/blogsaverroes.juntadeandalucia.es\/andreainfantil\/wp-json\/wp\/v2\/types\/page"}],"author":[{"embeddable":true,"href":"https:\/\/blogsaverroes.juntadeandalucia.es\/andreainfantil\/wp-json\/wp\/v2\/users\/11481"}],"replies":[{"embeddable":true,"href":"https:\/\/blogsaverroes.juntadeandalucia.es\/andreainfantil\/wp-json\/wp\/v2\/comments?post=859"}],"version-history":[{"count":13,"href":"https:\/\/blogsaverroes.juntadeandalucia.es\/andreainfantil\/wp-json\/wp\/v2\/pages\/859\/revisions"}],"predecessor-version":[{"id":5263,"href":"https:\/\/blogsaverroes.juntadeandalucia.es\/andreainfantil\/wp-json\/wp\/v2\/pages\/859\/revisions\/5263"}],"wp:attachment":[{"href":"https:\/\/blogsaverroes.juntadeandalucia.es\/andreainfantil\/wp-json\/wp\/v2\/media?parent=859"}],"curies":[{"name":"wp","href":"https:\/\/api.w.org\/{rel}","templated":true}]}}