{"id":2,"date":"2021-11-20T07:13:14","date_gmt":"2021-11-20T07:13:14","guid":{"rendered":"https:\/\/blogsaverroes.juntadeandalucia.es\/anteseracampo\/?page_id=2"},"modified":"2021-12-05T06:24:28","modified_gmt":"2021-12-05T06:24:28","slug":"pagina-ejemplo","status":"publish","type":"page","link":"https:\/\/blogsaverroes.juntadeandalucia.es\/anteseracampo\/pagina-ejemplo\/","title":{"rendered":"NUESTRO PROYECTO ALDEA"},"content":{"rendered":"\r\n<blockquote class=\"wp-block-quote\">\r\n<p>\u00a1Bienvenido\/a!<\/p>\r\n<p>Iniciamos este blog para dar a conocer nuestro&nbsp;<strong>proyecto Aldea \u00abanteseracampo\u00bb<\/strong>&nbsp;y animar a la participaci\u00f3n a todo el alumnado, profesorado, padres y madres, miembros del PAS.<br>Soy Ana Retamero y como coordinadora del programa asist\u00ed el 15 de noviembre a la jornada inicial Aldea de C\u00e1diz, donde recib\u00ed informaci\u00f3n para elaborar nuestro proyecto. Nuestras l\u00edneas de actuaci\u00f3n ser\u00e1n:<\/p>\r\n<p><strong>L\u00ednea de actuaci\u00f3n: Ecohuertos<\/strong>: una actividad que ya tiene un largo recorrido en nuestro centro y cuyos objetivos son la agricultura ecol\u00f3gica, el compostaje, la creaci\u00f3n de un banco de semillas, riego por goteo y la rotaci\u00f3n de cultivos, con t\u00e9cnicas respetuosas con el medio ambiente. Se tiene previsto construir \u201choteles de insectos\u201d para favorecer la polinizaci\u00f3n y mantener un equilibrio de especies, evitando algunas plagas.<\/p>\r\n<p><strong>L\u00ednea de actuaci\u00f3n: Conservaci\u00f3n y mejora de la biodiversidad (educaves y espacios naturales)<\/strong>: para conocer la diversidad biol\u00f3gica de nuestro entorno y promover su conservaci\u00f3n. Incluye la secci\u00f3n \u201cCita con la naturaleza\u201d con entrevistas realizadas por los alumnos\/as a personas relacionadas con la conservaci\u00f3n del medio ambiente. Se tiene previsto realizar talleres para construir comederos para aportar una alimentaci\u00f3n suplementaria a aves en invierno y cajas nido para su reproducci\u00f3nm que se colocar\u00e1n en los \u00e1rboles del centro<\/p>\r\n<p><strong>L\u00ednea de actuaci\u00f3n: Recapacicla<\/strong>, que pretende concienciar de la importancia del reciclado. Para ello, este a\u00f1o se va a colocar un contenedor para la recogida de basura electr\u00f3nica y pilas en el departamento de tecnolog\u00eda. Y como novedad, la participaci\u00f3n en \u00ab<em>The Journey of Mr Waste<\/em>\u00ab, una colaboraci\u00f3n con un interesante proyecto europeo para conocer el recorrido de nuestros residuos.<\/p>\r\n<p>Esperamos la participaci\u00f3n y sugerencias de todo el alumnado, profesorado, personal del PAS, padres y madres de nuestro centro, as\u00ed como miembros de asociaciones que compartan el inter\u00e9s por el medio ambiente.<\/p>\r\n<\/blockquote>\r\n","protected":false},"excerpt":{"rendered":"<p>\u00a1Bienvenido\/a! Iniciamos este blog para dar a conocer nuestro&nbsp;proyecto Aldea \u00abanteseracampo\u00bb&nbsp;y animar a la participaci\u00f3n a todo el alumnado, profesorado, padres y madres, miembros del PAS.Soy Ana Retamero y como coordinadora del programa asist\u00ed&#46;&#46;&#46;<\/p>\n","protected":false},"author":11526,"featured_media":0,"parent":0,"menu_order":0,"comment_status":"closed","ping_status":"open","template":"","meta":{"ngg_post_thumbnail":0,"footnotes":""},"aioseo_notices":[],"_links":{"self":[{"href":"https:\/\/blogsaverroes.juntadeandalucia.es\/anteseracampo\/wp-json\/wp\/v2\/pages\/2"}],"collection":[{"href":"https:\/\/blogsaverroes.juntadeandalucia.es\/anteseracampo\/wp-json\/wp\/v2\/pages"}],"about":[{"href":"https:\/\/blogsaverroes.juntadeandalucia.es\/anteseracampo\/wp-json\/wp\/v2\/types\/page"}],"author":[{"embeddable":true,"href":"https:\/\/blogsaverroes.juntadeandalucia.es\/anteseracampo\/wp-json\/wp\/v2\/users\/11526"}],"replies":[{"embeddable":true,"href":"https:\/\/blogsaverroes.juntadeandalucia.es\/anteseracampo\/wp-json\/wp\/v2\/comments?post=2"}],"version-history":[{"count":5,"href":"https:\/\/blogsaverroes.juntadeandalucia.es\/anteseracampo\/wp-json\/wp\/v2\/pages\/2\/revisions"}],"predecessor-version":[{"id":111,"href":"https:\/\/blogsaverroes.juntadeandalucia.es\/anteseracampo\/wp-json\/wp\/v2\/pages\/2\/revisions\/111"}],"wp:attachment":[{"href":"https:\/\/blogsaverroes.juntadeandalucia.es\/anteseracampo\/wp-json\/wp\/v2\/media?parent=2"}],"curies":[{"name":"wp","href":"https:\/\/api.w.org\/{rel}","templated":true}]}}