{"id":89,"date":"2021-12-04T08:29:27","date_gmt":"2021-12-04T08:29:27","guid":{"rendered":"https:\/\/blogsaverroes.juntadeandalucia.es\/anteseracampo\/?page_id=89"},"modified":"2021-12-05T06:23:23","modified_gmt":"2021-12-05T06:23:23","slug":"ecohuertos","status":"publish","type":"page","link":"https:\/\/blogsaverroes.juntadeandalucia.es\/anteseracampo\/ecohuertos\/","title":{"rendered":"ECOHUERTOS"},"content":{"rendered":"<p><strong>3.2. L\u00ednea de actuaci\u00f3n: Ecohuertos:<\/strong><\/p>\n<p>Objetivos espec\u00edficos:<\/p>\n<ul>\n<li>Concienciar al alumnado sobre la importancia de cultivar productos de forma sostenible.<\/li>\n<li>Conocer los ciclos naturales de las plantas tradicionales de huerto.<\/li>\n<li>Promover una conciencia de la agricultura ecol\u00f3gica y la importancia de la elaboraci\u00f3n del propio compost<\/li>\n<\/ul>\n<p><strong>Contenidos espec\u00edficos:<\/strong><\/p>\n<ul>\n<li>Agricultura ecol\u00f3gica: rotaci\u00f3n de cultivos, cultivos asociados, compost.<\/li>\n<li>Impacto ambiental y sobre la salud de pesticidas y herbicidas<\/li>\n<li>Conocimiento de los ciclos naturales de las plantas, cultivos de temporada, t\u00e9cnicas agr\u00edcolas respetuosas con el medio ambiente.<\/li>\n<\/ul>\n<p>&nbsp;<\/p>\n<ul>\n<li>&nbsp;<\/li>\n<\/ul>\n","protected":false},"excerpt":{"rendered":"<p>3.2. L\u00ednea de actuaci\u00f3n: Ecohuertos: Objetivos espec\u00edficos: Concienciar al alumnado sobre la importancia de cultivar productos de forma sostenible. Conocer los ciclos naturales de las plantas tradicionales de huerto. Promover una conciencia de la&#46;&#46;&#46;<\/p>\n","protected":false},"author":11526,"featured_media":0,"parent":0,"menu_order":0,"comment_status":"closed","ping_status":"closed","template":"","meta":{"ngg_post_thumbnail":0,"footnotes":""},"aioseo_notices":[],"_links":{"self":[{"href":"https:\/\/blogsaverroes.juntadeandalucia.es\/anteseracampo\/wp-json\/wp\/v2\/pages\/89"}],"collection":[{"href":"https:\/\/blogsaverroes.juntadeandalucia.es\/anteseracampo\/wp-json\/wp\/v2\/pages"}],"about":[{"href":"https:\/\/blogsaverroes.juntadeandalucia.es\/anteseracampo\/wp-json\/wp\/v2\/types\/page"}],"author":[{"embeddable":true,"href":"https:\/\/blogsaverroes.juntadeandalucia.es\/anteseracampo\/wp-json\/wp\/v2\/users\/11526"}],"replies":[{"embeddable":true,"href":"https:\/\/blogsaverroes.juntadeandalucia.es\/anteseracampo\/wp-json\/wp\/v2\/comments?post=89"}],"version-history":[{"count":2,"href":"https:\/\/blogsaverroes.juntadeandalucia.es\/anteseracampo\/wp-json\/wp\/v2\/pages\/89\/revisions"}],"predecessor-version":[{"id":109,"href":"https:\/\/blogsaverroes.juntadeandalucia.es\/anteseracampo\/wp-json\/wp\/v2\/pages\/89\/revisions\/109"}],"wp:attachment":[{"href":"https:\/\/blogsaverroes.juntadeandalucia.es\/anteseracampo\/wp-json\/wp\/v2\/media?parent=89"}],"curies":[{"name":"wp","href":"https:\/\/api.w.org\/{rel}","templated":true}]}}