{"id":36,"date":"2022-06-10T18:02:57","date_gmt":"2022-06-10T18:02:57","guid":{"rendered":"https:\/\/blogsaverroes.juntadeandalucia.es\/antoniocarrillo\/?page_id=36"},"modified":"2022-12-06T20:35:00","modified_gmt":"2022-12-06T20:35:00","slug":"historia-de-4o-eso","status":"publish","type":"page","link":"https:\/\/blogsaverroes.juntadeandalucia.es\/antoniocarrillo\/","title":{"rendered":"Material interactivo de Ciencias Sociales en la ESO"},"content":{"rendered":"<p><img loading=\"lazy\" decoding=\"async\" class=\" wp-image-45 aligncenter\" src=\"https:\/\/blogsaverroes.juntadeandalucia.es\/antoniocarrillo\/files\/2022\/06\/H5P-motivadora-300x199.jpg\" alt=\"\" width=\"375\" height=\"249\" srcset=\"https:\/\/blogsaverroes.juntadeandalucia.es\/antoniocarrillo\/files\/2022\/06\/H5P-motivadora-300x199.jpg 300w, https:\/\/blogsaverroes.juntadeandalucia.es\/antoniocarrillo\/files\/2022\/06\/H5P-motivadora-768x510.jpg 768w, https:\/\/blogsaverroes.juntadeandalucia.es\/antoniocarrillo\/files\/2022\/06\/H5P-motivadora.jpg 800w\" sizes=\"(max-width: 375px) 100vw, 375px\" \/><\/p>\n<p>Espacio donde ir\u00e9 subiendo&nbsp; recursos interactivos creados&nbsp; con H5P para las distintas materias de Geograf\u00eda e Historia. Dicho material lo podr\u00e1s descargar o reutilizar seg\u00fan tus necesidades. En la secci\u00f3n <strong>categor\u00edas<\/strong> aparecen los cursos y tambi\u00e9n est\u00e1n <strong>etiquetados<\/strong> seg\u00fan el tipo de recurso&nbsp; del que se trata.<\/p>\n","protected":false},"excerpt":{"rendered":"<p>Espacio donde ir\u00e9 subiendo&nbsp; recursos interactivos creados&nbsp; con H5P para las distintas materias de Geograf\u00eda e Historia. Dicho material lo podr\u00e1s descargar o reutilizar seg\u00fan&hellip;<\/p>\n","protected":false},"author":15356,"featured_media":0,"parent":0,"menu_order":0,"comment_status":"closed","ping_status":"closed","template":"","meta":{"ngg_post_thumbnail":0,"footnotes":""},"aioseo_notices":[],"_links":{"self":[{"href":"https:\/\/blogsaverroes.juntadeandalucia.es\/antoniocarrillo\/wp-json\/wp\/v2\/pages\/36"}],"collection":[{"href":"https:\/\/blogsaverroes.juntadeandalucia.es\/antoniocarrillo\/wp-json\/wp\/v2\/pages"}],"about":[{"href":"https:\/\/blogsaverroes.juntadeandalucia.es\/antoniocarrillo\/wp-json\/wp\/v2\/types\/page"}],"author":[{"embeddable":true,"href":"https:\/\/blogsaverroes.juntadeandalucia.es\/antoniocarrillo\/wp-json\/wp\/v2\/users\/15356"}],"replies":[{"embeddable":true,"href":"https:\/\/blogsaverroes.juntadeandalucia.es\/antoniocarrillo\/wp-json\/wp\/v2\/comments?post=36"}],"version-history":[{"count":10,"href":"https:\/\/blogsaverroes.juntadeandalucia.es\/antoniocarrillo\/wp-json\/wp\/v2\/pages\/36\/revisions"}],"predecessor-version":[{"id":209,"href":"https:\/\/blogsaverroes.juntadeandalucia.es\/antoniocarrillo\/wp-json\/wp\/v2\/pages\/36\/revisions\/209"}],"wp:attachment":[{"href":"https:\/\/blogsaverroes.juntadeandalucia.es\/antoniocarrillo\/wp-json\/wp\/v2\/media?parent=36"}],"curies":[{"name":"wp","href":"https:\/\/api.w.org\/{rel}","templated":true}]}}