{"id":145,"date":"2020-06-15T18:45:05","date_gmt":"2020-06-15T16:45:05","guid":{"rendered":"https:\/\/blogsaverroes.juntadeandalucia.es\/antoniomarin\/?page_id=145"},"modified":"2020-06-15T18:45:37","modified_gmt":"2020-06-15T16:45:37","slug":"proyecto-direccion-curso-inted","status":"publish","type":"page","link":"https:\/\/blogsaverroes.juntadeandalucia.es\/antoniomarin\/proyecto-direccion-curso-inted\/","title":{"rendered":"Proyecto Direcci\u00f3n curso INTEF"},"content":{"rendered":"<p>Hola a tod@s,&nbsp;<\/p>\n<p>os dejo el proyecto de direcci\u00f3n que he realizado como actividad final para el curso de Direcci\u00f3n INTEF, espero que os guste!<\/p>\n<p>Un saludo!<\/p>\n<p><a href=\"https:\/\/blogsaverroes.juntadeandalucia.es\/antoniomarin\/files\/2020\/06\/PROYECTO-DE-DIRECCI\u00d3N.pdf\">PROYECTO DE DIRECCI\u00d3N<\/a><\/p>\n<p>&nbsp;<\/p>\n<p>&nbsp;<\/p>\n<!--themify_builder_content-->\n<div id=\"themify_builder_content-145\" data-postid=\"145\" class=\"themify_builder_content themify_builder_content-145 themify_builder tf_clear\">\n    <\/div>\n<!--\/themify_builder_content-->\n","protected":false},"excerpt":{"rendered":"<p>Hola a tod@s,&nbsp; os dejo el proyecto de direcci\u00f3n que he realizado como actividad final para el curso de Direcci\u00f3n INTEF, espero que os guste! Un saludo! PROYECTO DE DIRECCI\u00d3N &nbsp; &nbsp;<\/p>\n","protected":false},"author":7704,"featured_media":0,"parent":0,"menu_order":0,"comment_status":"closed","ping_status":"closed","template":"","meta":{"ngg_post_thumbnail":0,"footnotes":""},"aioseo_notices":[],"_links":{"self":[{"href":"https:\/\/blogsaverroes.juntadeandalucia.es\/antoniomarin\/wp-json\/wp\/v2\/pages\/145"}],"collection":[{"href":"https:\/\/blogsaverroes.juntadeandalucia.es\/antoniomarin\/wp-json\/wp\/v2\/pages"}],"about":[{"href":"https:\/\/blogsaverroes.juntadeandalucia.es\/antoniomarin\/wp-json\/wp\/v2\/types\/page"}],"author":[{"embeddable":true,"href":"https:\/\/blogsaverroes.juntadeandalucia.es\/antoniomarin\/wp-json\/wp\/v2\/users\/7704"}],"replies":[{"embeddable":true,"href":"https:\/\/blogsaverroes.juntadeandalucia.es\/antoniomarin\/wp-json\/wp\/v2\/comments?post=145"}],"version-history":[{"count":5,"href":"https:\/\/blogsaverroes.juntadeandalucia.es\/antoniomarin\/wp-json\/wp\/v2\/pages\/145\/revisions"}],"predecessor-version":[{"id":152,"href":"https:\/\/blogsaverroes.juntadeandalucia.es\/antoniomarin\/wp-json\/wp\/v2\/pages\/145\/revisions\/152"}],"wp:attachment":[{"href":"https:\/\/blogsaverroes.juntadeandalucia.es\/antoniomarin\/wp-json\/wp\/v2\/media?parent=145"}],"curies":[{"name":"wp","href":"https:\/\/api.w.org\/{rel}","templated":true}]}}