{"id":162,"date":"2020-09-19T07:37:22","date_gmt":"2020-09-19T05:37:22","guid":{"rendered":"https:\/\/blogsaverroes.juntadeandalucia.es\/antoniomarin\/?page_id=162"},"modified":"2020-09-19T08:37:17","modified_gmt":"2020-09-19T06:37:17","slug":"presentacion-mobile-learning-intef-antonio-marin","status":"publish","type":"page","link":"https:\/\/blogsaverroes.juntadeandalucia.es\/antoniomarin\/presentacion-mobile-learning-intef-antonio-marin\/","title":{"rendered":"Presentaci\u00f3n Mobile Learning Intef Antonio Mar\u00edn"},"content":{"rendered":"\t\t<div data-elementor-type=\"wp-page\" data-elementor-id=\"162\" class=\"elementor elementor-162\">\n\t\t\t\t\t\t<section class=\"elementor-section elementor-top-section elementor-element elementor-element-4d424833 elementor-section-boxed elementor-section-height-default elementor-section-height-default\" data-id=\"4d424833\" data-element_type=\"section\">\n\t\t\t\t\t\t<div class=\"elementor-container elementor-column-gap-default\">\n\t\t\t\t\t<div class=\"elementor-column elementor-col-100 elementor-top-column elementor-element elementor-element-53db9e3f\" data-id=\"53db9e3f\" data-element_type=\"column\">\n\t\t\t<div class=\"elementor-widget-wrap elementor-element-populated\">\n\t\t\t\t\t\t<div class=\"elementor-element elementor-element-629a315d elementor-widget elementor-widget-image\" data-id=\"629a315d\" data-element_type=\"widget\" data-widget_type=\"image.default\">\n\t\t\t\t<div class=\"elementor-widget-container\">\n\t\t\t\t\t\t\t\t\t\t\t\t\t\t\t<img decoding=\"async\" src=\"https:\/\/blogsaverroes.juntadeandalucia.es\/antoniomarin\/files\/elementor\/thumbs\/technology-785742_1920-omn2aq140r80bxkc2xm6swugmmhm03ddzct16ejs8o.jpg\" title=\"technology-785742_1920\" alt=\"technology-785742_1920\" loading=\"lazy\" \/>\t\t\t\t\t\t\t\t\t\t\t\t\t\t\t<\/div>\n\t\t\t\t<\/div>\n\t\t\t\t\t<\/div>\n\t\t<\/div>\n\t\t\t\t\t<\/div>\n\t\t<\/section>\n\t\t\t\t<section class=\"elementor-section elementor-top-section elementor-element elementor-element-651009e5 elementor-section-boxed elementor-section-height-default elementor-section-height-default\" data-id=\"651009e5\" data-element_type=\"section\">\n\t\t\t\t\t\t<div class=\"elementor-container elementor-column-gap-default\">\n\t\t\t\t\t<div class=\"elementor-column elementor-col-33 elementor-top-column elementor-element elementor-element-10f8a4f5\" data-id=\"10f8a4f5\" data-element_type=\"column\">\n\t\t\t<div class=\"elementor-widget-wrap elementor-element-populated\">\n\t\t\t\t\t\t<div class=\"elementor-element elementor-element-6730b667 elementor-widget elementor-widget-heading\" data-id=\"6730b667\" data-element_type=\"widget\" data-widget_type=\"heading.default\">\n\t\t\t\t<div class=\"elementor-widget-container\">\n\t\t\t\t\t<h2 class=\"elementor-heading-title elementor-size-default\">Soy...<\/h2>\t\t\t\t<\/div>\n\t\t\t\t<\/div>\n\t\t\t\t\t<\/div>\n\t\t<\/div>\n\t\t\t\t<div class=\"elementor-column elementor-col-33 elementor-top-column elementor-element elementor-element-b44bc36\" data-id=\"b44bc36\" data-element_type=\"column\">\n\t\t\t<div class=\"elementor-widget-wrap elementor-element-populated\">\n\t\t\t\t\t\t<div class=\"elementor-element elementor-element-961732d elementor-widget elementor-widget-audio\" data-id=\"961732d\" data-element_type=\"widget\" data-widget_type=\"audio.default\">\n\t\t\t\t<div class=\"elementor-widget-container\">\n\t\t\t\t\t\t\t\t<div class=\"elementor-soundcloud-wrapper\">\n\t\t\t\t<iframe width=\"1165\" height=\"200\" scrolling=\"no\" frameborder=\"no\" src=\"https:\/\/w.soundcloud.com\/player\/?visual=false&#038;url=https%3A%2F%2Fapi.soundcloud.com%2Ftracks%2F895856929&#038;show_artwork=true&#038;maxheight=1000&#038;maxwidth=1165&#038;auto_play=false&#038;buying=true&#038;liking=true&#038;download=true&#038;sharing=true&#038;show_comments=true&#038;show_playcount=true&#038;show_user=true&#038;color\"><\/iframe>\t\t\t<\/div>\n\t\t\t\t\t\t\t<\/div>\n\t\t\t\t<\/div>\n\t\t\t\t\t<\/div>\n\t\t<\/div>\n\t\t\t\t<div class=\"elementor-column elementor-col-33 elementor-top-column elementor-element elementor-element-696b7e6a\" data-id=\"696b7e6a\" data-element_type=\"column\">\n\t\t\t<div class=\"elementor-widget-wrap elementor-element-populated\">\n\t\t\t\t\t\t<div class=\"elementor-element elementor-element-6773eacb elementor-widget elementor-widget-image\" data-id=\"6773eacb\" data-element_type=\"widget\" data-widget_type=\"image.default\">\n\t\t\t\t<div class=\"elementor-widget-container\">\n\t\t\t\t\t\t\t\t\t\t\t\t\t\t\t<img decoding=\"async\" src=\"https:\/\/blogsaverroes.juntadeandalucia.es\/antoniomarin\/files\/elementor\/thumbs\/foto-omn2ytlv7h3kgl9zrsc7dovorfrztooa33bwq9qaq8.jpg\" title=\"foto\" alt=\"foto\" loading=\"lazy\" \/>\t\t\t\t\t\t\t\t\t\t\t\t\t\t\t<\/div>\n\t\t\t\t<\/div>\n\t\t\t\t\t<\/div>\n\t\t<\/div>\n\t\t\t\t\t<\/div>\n\t\t<\/section>\n\t\t\t\t<section class=\"elementor-section elementor-top-section elementor-element elementor-element-196954e7 elementor-section-boxed elementor-section-height-default elementor-section-height-default\" data-id=\"196954e7\" data-element_type=\"section\">\n\t\t\t\t\t\t<div class=\"elementor-container elementor-column-gap-default\">\n\t\t\t\t\t<div class=\"elementor-column elementor-col-100 elementor-top-column elementor-element elementor-element-1ec5ef35\" data-id=\"1ec5ef35\" data-element_type=\"column\">\n\t\t\t<div class=\"elementor-widget-wrap elementor-element-populated\">\n\t\t\t\t\t\t<div class=\"elementor-element elementor-element-54b7ed60 elementor-widget elementor-widget-text-editor\" data-id=\"54b7ed60\" data-element_type=\"widget\" data-widget_type=\"text-editor.default\">\n\t\t\t\t<div class=\"elementor-widget-container\">\n\t\t\t\t\t\t\t\t\t<p><span style=\"color: #ffffff;font-size: 14pt\">&#8230; un profesor de inform\u00e1tica de La Rambla (C\u00f3rdoba), que nunca para de descubrir nuevos desaf\u00edos.<\/span><\/p><p><span style=\"color: #ffffff;font-size: 14pt\">Ahora mismo estoy aportando mi granito de arena en la Delegaci\u00f3n de Educaci\u00f3n de C\u00f3rdoba<\/span><\/p><p><span style=\"color: #ffffff;font-size: 14pt\">En este curso llamado \u00abMobile Learning &amp; Realidad aumentada e Inmersiva\u00bb, espero poder conocer nuevas herramientas para reforzar mi Competencia Digital Docente ya que el poder conjugar mis habilidades inform\u00e1ticas con la docencia es algo que me apasiona y que creo fundamental hoy en d\u00eda.<\/span><\/p><p><span style=\"color: #ffffff;font-size: 14pt\">En esta primera actividad, quiero contaros un poco m\u00e1s de m\u00ed<\/span><\/p>\t\t\t\t\t\t\t\t<\/div>\n\t\t\t\t<\/div>\n\t\t\t\t\t<\/div>\n\t\t<\/div>\n\t\t\t\t\t<\/div>\n\t\t<\/section>\n\t\t\t\t<section class=\"elementor-section elementor-top-section elementor-element elementor-element-3c1c3602 elementor-section-boxed elementor-section-height-default elementor-section-height-default\" data-id=\"3c1c3602\" data-element_type=\"section\">\n\t\t\t\t\t\t<div class=\"elementor-container elementor-column-gap-default\">\n\t\t\t\t\t<div class=\"elementor-column elementor-col-100 elementor-top-column elementor-element elementor-element-23b59321\" data-id=\"23b59321\" data-element_type=\"column\">\n\t\t\t<div class=\"elementor-widget-wrap elementor-element-populated\">\n\t\t\t\t\t\t<div class=\"elementor-element elementor-element-7045a903 elementor-tabs-view-horizontal elementor-widget elementor-widget-tabs\" data-id=\"7045a903\" data-element_type=\"widget\" data-widget_type=\"tabs.default\">\n\t\t\t\t<div class=\"elementor-widget-container\">\n\t\t\t\t\t\t\t<div class=\"elementor-tabs\">\n\t\t\t<div class=\"elementor-tabs-wrapper\" role=\"tablist\" >\n\t\t\t\t\t\t\t\t\t<div id=\"elementor-tab-title-1881\" class=\"elementor-tab-title elementor-tab-desktop-title\" aria-selected=\"true\" data-tab=\"1\" role=\"tab\" tabindex=\"0\" aria-controls=\"elementor-tab-content-1881\" aria-expanded=\"false\">1 - Soy profe porque...<\/div>\n\t\t\t\t\t\t\t\t\t<div id=\"elementor-tab-title-1882\" class=\"elementor-tab-title elementor-tab-desktop-title\" aria-selected=\"false\" data-tab=\"2\" role=\"tab\" tabindex=\"-1\" aria-controls=\"elementor-tab-content-1882\" aria-expanded=\"false\">2 - No dejar\u00eda de ...<\/div>\n\t\t\t\t\t\t\t\t\t<div id=\"elementor-tab-title-1883\" class=\"elementor-tab-title elementor-tab-desktop-title\" aria-selected=\"false\" data-tab=\"3\" role=\"tab\" tabindex=\"-1\" aria-controls=\"elementor-tab-content-1883\" aria-expanded=\"false\">3 - Personalmente...<\/div>\n\t\t\t\t\t\t\t<\/div>\n\t\t\t<div class=\"elementor-tabs-content-wrapper\" role=\"tablist\" aria-orientation=\"vertical\">\n\t\t\t\t\t\t\t\t\t<div class=\"elementor-tab-title elementor-tab-mobile-title\" aria-selected=\"true\" data-tab=\"1\" role=\"tab\" tabindex=\"0\" aria-controls=\"elementor-tab-content-1881\" aria-expanded=\"false\">1 - Soy profe porque...<\/div>\n\t\t\t\t\t<div id=\"elementor-tab-content-1881\" class=\"elementor-tab-content elementor-clearfix\" data-tab=\"1\" role=\"tabpanel\" aria-labelledby=\"elementor-tab-title-1881\" tabindex=\"0\" hidden=\"false\"><p><span style=\"color: #ffffff;font-size: 14pt\">&#8230; para m\u00ed, es la mejor manera que hay de seguir <span style=\"font-size: 18pt\"><strong>aprendiendo<\/strong><\/span> cosas nuevas cada d\u00eda, buscar nuevos retos y poder divertirme cada ma\u00f1ana con las ocurrencias que afloran en el aula.\u00a0<\/span><\/p><p><span style=\"color: #ffffff\"> <img fetchpriority=\"high\" decoding=\"async\" class=\"alignnone wp-image-63\" src=\"https:\/\/blogsaverroes.juntadeandalucia.es\/antoniomarin\/files\/2020\/03\/lesson-1014915_640-300x225.jpg\" alt=\"\" width=\"469\" height=\"352\" srcset=\"https:\/\/blogsaverroes.juntadeandalucia.es\/antoniomarin\/files\/2020\/03\/lesson-1014915_640-300x225.jpg 300w, https:\/\/blogsaverroes.juntadeandalucia.es\/antoniomarin\/files\/2020\/03\/lesson-1014915_640-24x18.jpg 24w, https:\/\/blogsaverroes.juntadeandalucia.es\/antoniomarin\/files\/2020\/03\/lesson-1014915_640-36x27.jpg 36w, https:\/\/blogsaverroes.juntadeandalucia.es\/antoniomarin\/files\/2020\/03\/lesson-1014915_640-48x36.jpg 48w, https:\/\/blogsaverroes.juntadeandalucia.es\/antoniomarin\/files\/2020\/03\/lesson-1014915_640.jpg 640w\" sizes=\"(max-width: 469px) 100vw, 469px\" \/><\/span><\/p><\/div>\n\t\t\t\t\t\t\t\t\t<div class=\"elementor-tab-title elementor-tab-mobile-title\" aria-selected=\"false\" data-tab=\"2\" role=\"tab\" tabindex=\"-1\" aria-controls=\"elementor-tab-content-1882\" aria-expanded=\"false\">2 - No dejar\u00eda de ...<\/div>\n\t\t\t\t\t<div id=\"elementor-tab-content-1882\" class=\"elementor-tab-content elementor-clearfix\" data-tab=\"2\" role=\"tabpanel\" aria-labelledby=\"elementor-tab-title-1882\" tabindex=\"0\" hidden=\"hidden\"><p><span style=\"font-size: 14pt;color: #ffffff\">1 &#8211; Hacer <span style=\"font-size: 18pt\"><strong>deporte<\/strong><\/span>, aunque cueste un poco, te mantiene activo y sano. Correr es la actividad que m\u00e1s me gusta, la practico desde hace 10 a\u00f1os y, adem\u00e1s, reseteamos nuestro ordenador personal, la mente.<\/span><\/p><p><span style=\"font-size: 14pt;color: #ffffff\">2- Salir a tomar algo con <span style=\"font-size: 18pt\"><strong>amigos<\/strong><\/span> y <strong><span style=\"font-size: 18pt\">familia<\/span><\/strong> para ponernos al d\u00eda, ser\u00eda impensable no hacerlo!<\/span><\/p><p><img decoding=\"async\" class=\"alignnone wp-image-62\" src=\"https:\/\/blogsaverroes.juntadeandalucia.es\/antoniomarin\/files\/2020\/03\/sport-1201014_640-300x168.jpg\" alt=\"\" width=\"466\" height=\"261\" srcset=\"https:\/\/blogsaverroes.juntadeandalucia.es\/antoniomarin\/files\/2020\/03\/sport-1201014_640-300x168.jpg 300w, https:\/\/blogsaverroes.juntadeandalucia.es\/antoniomarin\/files\/2020\/03\/sport-1201014_640-24x13.jpg 24w, https:\/\/blogsaverroes.juntadeandalucia.es\/antoniomarin\/files\/2020\/03\/sport-1201014_640-36x20.jpg 36w, https:\/\/blogsaverroes.juntadeandalucia.es\/antoniomarin\/files\/2020\/03\/sport-1201014_640-48x27.jpg 48w, https:\/\/blogsaverroes.juntadeandalucia.es\/antoniomarin\/files\/2020\/03\/sport-1201014_640.jpg 640w\" sizes=\"(max-width: 466px) 100vw, 466px\" \/><\/p><\/div>\n\t\t\t\t\t\t\t\t\t<div class=\"elementor-tab-title elementor-tab-mobile-title\" aria-selected=\"false\" data-tab=\"3\" role=\"tab\" tabindex=\"-1\" aria-controls=\"elementor-tab-content-1883\" aria-expanded=\"false\">3 - Personalmente...<\/div>\n\t\t\t\t\t<div id=\"elementor-tab-content-1883\" class=\"elementor-tab-content elementor-clearfix\" data-tab=\"3\" role=\"tabpanel\" aria-labelledby=\"elementor-tab-title-1883\" tabindex=\"0\" hidden=\"hidden\"><p><span style=\"font-size: 14pt;color: #ffffff\">Soy una persona que siempre&#8230;<\/span><\/p><ul><li><span style=\"font-size: 14pt;color: #ffffff\">est\u00e1 deseando <span style=\"font-size: 18pt\"><strong>ayudar<\/strong><\/span> a qui\u00e9n lo necesite (y la inform\u00e1tica se presta mucho a ello)<\/span><\/li><li><span style=\"font-size: 14pt;color: #ffffff\">tiene inquietud por <span style=\"font-size: 18pt\"><strong>aprender<\/strong><\/span> algo nuevo (alg\u00fan d\u00eda podr\u00eda descansar un poco, no s\u00e9 si llegar\u00e1 ese d\u00eda)<\/span><\/li><li><span style=\"font-size: 14pt;color: #ffffff\">le gusta llevar el <span style=\"font-size: 18pt\"><strong>humor<\/strong><\/span> tanto a lo bueno del d\u00eda a d\u00eda como a los momentos complicados<\/span>\u00a0<\/li><li>\u00a0<img decoding=\"async\" class=\"alignnone wp-image-60\" style=\"color: #ffffff;font-size: 14pt\" src=\"https:\/\/blogsaverroes.juntadeandalucia.es\/antoniomarin\/files\/2020\/03\/brain-2062057_640-300x228.jpg\" alt=\"\" width=\"324\" height=\"246\" srcset=\"https:\/\/blogsaverroes.juntadeandalucia.es\/antoniomarin\/files\/2020\/03\/brain-2062057_640-300x228.jpg 300w, https:\/\/blogsaverroes.juntadeandalucia.es\/antoniomarin\/files\/2020\/03\/brain-2062057_640-24x18.jpg 24w, https:\/\/blogsaverroes.juntadeandalucia.es\/antoniomarin\/files\/2020\/03\/brain-2062057_640-36x27.jpg 36w, https:\/\/blogsaverroes.juntadeandalucia.es\/antoniomarin\/files\/2020\/03\/brain-2062057_640-48x37.jpg 48w, https:\/\/blogsaverroes.juntadeandalucia.es\/antoniomarin\/files\/2020\/03\/brain-2062057_640.jpg 640w\" sizes=\"(max-width: 324px) 100vw, 324px\" \/><\/li><\/ul><\/div>\n\t\t\t\t\t\t\t<\/div>\n\t\t<\/div>\n\t\t\t\t\t\t<\/div>\n\t\t\t\t<\/div>\n\t\t\t\t\t<\/div>\n\t\t<\/div>\n\t\t\t\t\t<\/div>\n\t\t<\/section>\n\t\t\t\t<\/div>\n\t\t","protected":false},"excerpt":{"rendered":"<p>Soy&#8230; [soundcloud url=\u00bbhttps:\/\/api.soundcloud.com\/tracks\/895856929&#8243; params=\u00bbvisual=false&amp;show_artwork=true&amp;maxwidth=1165&amp;maxheight=1000&amp;dnt=1&amp;auto_play=false&amp;buying=true&amp;liking=true&amp;download=true&amp;sharing=true&amp;show_comments=true&amp;show_playcount=true&amp;show_user=true&amp;color=\u00bb width=\u00bb100%\u00bb height=\u00bb200&#8243; iframe=\u00bbtrue\u00bb \/] &#8230; un profesor de inform\u00e1tica de La Rambla (C\u00f3rdoba), que nunca para de descubrir nuevos desaf\u00edos. Ahora mismo estoy aportando mi granito de arena en la Delegaci\u00f3n de Educaci\u00f3n de C\u00f3rdoba En este curso llamado \u00abMobile Learning &amp; Realidad aumentada e Inmersiva\u00bb, espero poder conocer nuevas herramientas [&hellip;]<\/p>\n","protected":false},"author":7704,"featured_media":0,"parent":0,"menu_order":0,"comment_status":"closed","ping_status":"closed","template":"","meta":{"ngg_post_thumbnail":0,"footnotes":""},"aioseo_notices":[],"_links":{"self":[{"href":"https:\/\/blogsaverroes.juntadeandalucia.es\/antoniomarin\/wp-json\/wp\/v2\/pages\/162"}],"collection":[{"href":"https:\/\/blogsaverroes.juntadeandalucia.es\/antoniomarin\/wp-json\/wp\/v2\/pages"}],"about":[{"href":"https:\/\/blogsaverroes.juntadeandalucia.es\/antoniomarin\/wp-json\/wp\/v2\/types\/page"}],"author":[{"embeddable":true,"href":"https:\/\/blogsaverroes.juntadeandalucia.es\/antoniomarin\/wp-json\/wp\/v2\/users\/7704"}],"replies":[{"embeddable":true,"href":"https:\/\/blogsaverroes.juntadeandalucia.es\/antoniomarin\/wp-json\/wp\/v2\/comments?post=162"}],"version-history":[{"count":5,"href":"https:\/\/blogsaverroes.juntadeandalucia.es\/antoniomarin\/wp-json\/wp\/v2\/pages\/162\/revisions"}],"predecessor-version":[{"id":168,"href":"https:\/\/blogsaverroes.juntadeandalucia.es\/antoniomarin\/wp-json\/wp\/v2\/pages\/162\/revisions\/168"}],"wp:attachment":[{"href":"https:\/\/blogsaverroes.juntadeandalucia.es\/antoniomarin\/wp-json\/wp\/v2\/media?parent=162"}],"curies":[{"name":"wp","href":"https:\/\/api.w.org\/{rel}","templated":true}]}}