{"id":2,"date":"2019-09-30T08:40:59","date_gmt":"2019-09-30T06:40:59","guid":{"rendered":"https:\/\/blogsaverroes.juntadeandalucia.es\/antoniomarin\/?page_id=2"},"modified":"2020-09-19T07:36:26","modified_gmt":"2020-09-19T05:36:26","slug":"presentaciondireccionam","status":"publish","type":"page","link":"https:\/\/blogsaverroes.juntadeandalucia.es\/antoniomarin\/presentaciondireccionam\/","title":{"rendered":"Presentaci\u00f3n Direcci\u00f3n Antonio Mar\u00edn"},"content":{"rendered":"\t\t<div data-elementor-type=\"wp-post\" data-elementor-id=\"2\" class=\"elementor elementor-2\">\n\t\t\t\t\t\t<section class=\"elementor-section elementor-top-section elementor-element elementor-element-e9ff50f elementor-section-boxed elementor-section-height-default elementor-section-height-default\" data-id=\"e9ff50f\" data-element_type=\"section\">\n\t\t\t\t\t\t<div class=\"elementor-container elementor-column-gap-default\">\n\t\t\t\t\t<div class=\"elementor-column elementor-col-100 elementor-top-column elementor-element elementor-element-fb2510a\" data-id=\"fb2510a\" data-element_type=\"column\">\n\t\t\t<div class=\"elementor-widget-wrap elementor-element-populated\">\n\t\t\t\t\t\t<div class=\"elementor-element elementor-element-10e7700 elementor-widget elementor-widget-image\" data-id=\"10e7700\" data-element_type=\"widget\" data-widget_type=\"image.default\">\n\t\t\t\t<div class=\"elementor-widget-container\">\n\t\t\t\t\t\t\t\t\t\t\t\t\t\t\t<img decoding=\"async\" src=\"https:\/\/blogsaverroes.juntadeandalucia.es\/antoniomarin\/files\/elementor\/thumbs\/technology-785742_1920-omn2aq140r80bxkc2xm6swugmmhm03ddzct16ejs8o.jpg\" title=\"technology-785742_1920\" alt=\"technology-785742_1920\" loading=\"lazy\" \/>\t\t\t\t\t\t\t\t\t\t\t\t\t\t\t<\/div>\n\t\t\t\t<\/div>\n\t\t\t\t\t<\/div>\n\t\t<\/div>\n\t\t\t\t\t<\/div>\n\t\t<\/section>\n\t\t\t\t<section class=\"elementor-section elementor-top-section elementor-element elementor-element-c0ed571 elementor-section-boxed elementor-section-height-default elementor-section-height-default\" data-id=\"c0ed571\" data-element_type=\"section\">\n\t\t\t\t\t\t<div class=\"elementor-container elementor-column-gap-default\">\n\t\t\t\t\t<div class=\"elementor-column elementor-col-50 elementor-top-column elementor-element elementor-element-7811128\" data-id=\"7811128\" data-element_type=\"column\">\n\t\t\t<div class=\"elementor-widget-wrap elementor-element-populated\">\n\t\t\t\t\t\t<div class=\"elementor-element elementor-element-2946f46 elementor-widget elementor-widget-heading\" data-id=\"2946f46\" data-element_type=\"widget\" data-widget_type=\"heading.default\">\n\t\t\t\t<div class=\"elementor-widget-container\">\n\t\t\t\t\t<h2 class=\"elementor-heading-title elementor-size-default\">Soy...<\/h2>\t\t\t\t<\/div>\n\t\t\t\t<\/div>\n\t\t\t\t\t<\/div>\n\t\t<\/div>\n\t\t\t\t<div class=\"elementor-column elementor-col-50 elementor-top-column elementor-element elementor-element-aa6e1e2\" data-id=\"aa6e1e2\" data-element_type=\"column\">\n\t\t\t<div class=\"elementor-widget-wrap elementor-element-populated\">\n\t\t\t\t\t\t<div class=\"elementor-element elementor-element-e323d06 elementor-widget elementor-widget-image\" data-id=\"e323d06\" data-element_type=\"widget\" data-widget_type=\"image.default\">\n\t\t\t\t<div class=\"elementor-widget-container\">\n\t\t\t\t\t\t\t\t\t\t\t\t\t\t\t<img decoding=\"async\" src=\"https:\/\/blogsaverroes.juntadeandalucia.es\/antoniomarin\/files\/elementor\/thumbs\/foto-omn2ytlv7h3kgl9zrsc7dovorfrztooa33bwq9qaq8.jpg\" title=\"foto\" alt=\"foto\" loading=\"lazy\" \/>\t\t\t\t\t\t\t\t\t\t\t\t\t\t\t<\/div>\n\t\t\t\t<\/div>\n\t\t\t\t\t<\/div>\n\t\t<\/div>\n\t\t\t\t\t<\/div>\n\t\t<\/section>\n\t\t\t\t<section class=\"elementor-section elementor-top-section elementor-element elementor-element-9101ace elementor-section-boxed elementor-section-height-default elementor-section-height-default\" data-id=\"9101ace\" data-element_type=\"section\">\n\t\t\t\t\t\t<div class=\"elementor-container elementor-column-gap-default\">\n\t\t\t\t\t<div class=\"elementor-column elementor-col-100 elementor-top-column elementor-element elementor-element-fc19fac\" data-id=\"fc19fac\" data-element_type=\"column\">\n\t\t\t<div class=\"elementor-widget-wrap elementor-element-populated\">\n\t\t\t\t\t\t<div class=\"elementor-element elementor-element-2a73de8 elementor-widget elementor-widget-text-editor\" data-id=\"2a73de8\" data-element_type=\"widget\" data-widget_type=\"text-editor.default\">\n\t\t\t\t<div class=\"elementor-widget-container\">\n\t\t\t\t\t\t\t\t\t<p><span style=\"color: #ffffff;font-size: 14pt\">&#8230; un profesor de inform\u00e1tica de La Rambla (C\u00f3rdoba), que nunca para de descubrir nuevos desaf\u00edos.<\/span><\/p><p><span style=\"color: #ffffff;font-size: 14pt\">Ahora mismo estoy aportando mi granito de arena en la Delegaci\u00f3n de Educaci\u00f3n de C\u00f3rdoba<\/span><\/p><p><span style=\"color: #ffffff;font-size: 14pt\">En este curso llamado \u00abLa Funci\u00f3n Directiva\u00bb, espero descubrir los pormenores de la gesti\u00f3n de centros.<\/span><\/p><p><span style=\"color: #ffffff\">En esta primera actividad de presentaci\u00f3n, os cuento un poco que&#8230;<\/span><\/p>\t\t\t\t\t\t\t\t<\/div>\n\t\t\t\t<\/div>\n\t\t\t\t\t<\/div>\n\t\t<\/div>\n\t\t\t\t\t<\/div>\n\t\t<\/section>\n\t\t\t\t<section class=\"elementor-section elementor-top-section elementor-element elementor-element-cf16823 elementor-section-boxed elementor-section-height-default elementor-section-height-default\" data-id=\"cf16823\" data-element_type=\"section\">\n\t\t\t\t\t\t<div class=\"elementor-container elementor-column-gap-default\">\n\t\t\t\t\t<div class=\"elementor-column elementor-col-100 elementor-top-column elementor-element elementor-element-662638b\" data-id=\"662638b\" data-element_type=\"column\">\n\t\t\t<div class=\"elementor-widget-wrap elementor-element-populated\">\n\t\t\t\t\t\t<div class=\"elementor-element elementor-element-ede5c08 elementor-tabs-view-horizontal elementor-widget elementor-widget-tabs\" data-id=\"ede5c08\" data-element_type=\"widget\" data-widget_type=\"tabs.default\">\n\t\t\t\t<div class=\"elementor-widget-container\">\n\t\t\t\t\t\t\t<div class=\"elementor-tabs\">\n\t\t\t<div class=\"elementor-tabs-wrapper\" role=\"tablist\" >\n\t\t\t\t\t\t\t\t\t<div id=\"elementor-tab-title-2491\" class=\"elementor-tab-title elementor-tab-desktop-title\" aria-selected=\"true\" data-tab=\"1\" role=\"tab\" tabindex=\"0\" aria-controls=\"elementor-tab-content-2491\" aria-expanded=\"false\">1 - Soy profe porque...<\/div>\n\t\t\t\t\t\t\t\t\t<div id=\"elementor-tab-title-2492\" class=\"elementor-tab-title elementor-tab-desktop-title\" aria-selected=\"false\" data-tab=\"2\" role=\"tab\" tabindex=\"-1\" aria-controls=\"elementor-tab-content-2492\" aria-expanded=\"false\">2 - No dejar\u00eda de ...<\/div>\n\t\t\t\t\t\t\t\t\t<div id=\"elementor-tab-title-2493\" class=\"elementor-tab-title elementor-tab-desktop-title\" aria-selected=\"false\" data-tab=\"3\" role=\"tab\" tabindex=\"-1\" aria-controls=\"elementor-tab-content-2493\" aria-expanded=\"false\">3 - Personalmente...<\/div>\n\t\t\t\t\t\t\t<\/div>\n\t\t\t<div class=\"elementor-tabs-content-wrapper\" role=\"tablist\" aria-orientation=\"vertical\">\n\t\t\t\t\t\t\t\t\t<div class=\"elementor-tab-title elementor-tab-mobile-title\" aria-selected=\"true\" data-tab=\"1\" role=\"tab\" tabindex=\"0\" aria-controls=\"elementor-tab-content-2491\" aria-expanded=\"false\">1 - Soy profe porque...<\/div>\n\t\t\t\t\t<div id=\"elementor-tab-content-2491\" class=\"elementor-tab-content elementor-clearfix\" data-tab=\"1\" role=\"tabpanel\" aria-labelledby=\"elementor-tab-title-2491\" tabindex=\"0\" hidden=\"false\"><p><span style=\"color: #ffffff;font-size: 14pt\">&#8230; para m\u00ed, es la mejor manera que hay de seguir <span style=\"font-size: 18pt\"><strong>aprendiendo<\/strong><\/span> cosas nuevas cada d\u00eda, buscar nuevos retos y poder divertirme cada ma\u00f1ana con las ocurrencias que afloran en el aula.\u00a0<\/span><\/p><p><span style=\"color: #ffffff\"> <img fetchpriority=\"high\" decoding=\"async\" class=\"alignnone wp-image-63\" src=\"https:\/\/blogsaverroes.juntadeandalucia.es\/antoniomarin\/files\/2020\/03\/lesson-1014915_640-300x225.jpg\" alt=\"\" width=\"469\" height=\"352\" srcset=\"https:\/\/blogsaverroes.juntadeandalucia.es\/antoniomarin\/files\/2020\/03\/lesson-1014915_640-300x225.jpg 300w, https:\/\/blogsaverroes.juntadeandalucia.es\/antoniomarin\/files\/2020\/03\/lesson-1014915_640-24x18.jpg 24w, https:\/\/blogsaverroes.juntadeandalucia.es\/antoniomarin\/files\/2020\/03\/lesson-1014915_640-36x27.jpg 36w, https:\/\/blogsaverroes.juntadeandalucia.es\/antoniomarin\/files\/2020\/03\/lesson-1014915_640-48x36.jpg 48w, https:\/\/blogsaverroes.juntadeandalucia.es\/antoniomarin\/files\/2020\/03\/lesson-1014915_640.jpg 640w\" sizes=\"(max-width: 469px) 100vw, 469px\" \/><\/span><\/p><\/div>\n\t\t\t\t\t\t\t\t\t<div class=\"elementor-tab-title elementor-tab-mobile-title\" aria-selected=\"false\" data-tab=\"2\" role=\"tab\" tabindex=\"-1\" aria-controls=\"elementor-tab-content-2492\" aria-expanded=\"false\">2 - No dejar\u00eda de ...<\/div>\n\t\t\t\t\t<div id=\"elementor-tab-content-2492\" class=\"elementor-tab-content elementor-clearfix\" data-tab=\"2\" role=\"tabpanel\" aria-labelledby=\"elementor-tab-title-2492\" tabindex=\"0\" hidden=\"hidden\"><p><span style=\"font-size: 14pt;color: #ffffff\">1 &#8211; Hacer <span style=\"font-size: 18pt\"><strong>deporte<\/strong><\/span>, aunque cueste un poco, te mantiene activo y sano. Correr es la actividad que m\u00e1s me gusta, la practico desde hace 10 a\u00f1os y, adem\u00e1s, reseteamos nuestro ordenador personal, la mente.<\/span><\/p><p><span style=\"font-size: 14pt;color: #ffffff\">2- Salir a tomar algo con <span style=\"font-size: 18pt\"><strong>amigos<\/strong><\/span> y <strong><span style=\"font-size: 18pt\">familia<\/span><\/strong> para ponernos al d\u00eda, ser\u00eda impensable no hacerlo!<\/span><\/p><p><img decoding=\"async\" class=\"alignnone wp-image-62\" src=\"https:\/\/blogsaverroes.juntadeandalucia.es\/antoniomarin\/files\/2020\/03\/sport-1201014_640-300x168.jpg\" alt=\"\" width=\"466\" height=\"261\" srcset=\"https:\/\/blogsaverroes.juntadeandalucia.es\/antoniomarin\/files\/2020\/03\/sport-1201014_640-300x168.jpg 300w, https:\/\/blogsaverroes.juntadeandalucia.es\/antoniomarin\/files\/2020\/03\/sport-1201014_640-24x13.jpg 24w, https:\/\/blogsaverroes.juntadeandalucia.es\/antoniomarin\/files\/2020\/03\/sport-1201014_640-36x20.jpg 36w, https:\/\/blogsaverroes.juntadeandalucia.es\/antoniomarin\/files\/2020\/03\/sport-1201014_640-48x27.jpg 48w, https:\/\/blogsaverroes.juntadeandalucia.es\/antoniomarin\/files\/2020\/03\/sport-1201014_640.jpg 640w\" sizes=\"(max-width: 466px) 100vw, 466px\" \/><\/p><\/div>\n\t\t\t\t\t\t\t\t\t<div class=\"elementor-tab-title elementor-tab-mobile-title\" aria-selected=\"false\" data-tab=\"3\" role=\"tab\" tabindex=\"-1\" aria-controls=\"elementor-tab-content-2493\" aria-expanded=\"false\">3 - Personalmente...<\/div>\n\t\t\t\t\t<div id=\"elementor-tab-content-2493\" class=\"elementor-tab-content elementor-clearfix\" data-tab=\"3\" role=\"tabpanel\" aria-labelledby=\"elementor-tab-title-2493\" tabindex=\"0\" hidden=\"hidden\"><p><span style=\"font-size: 14pt;color: #ffffff\">Soy una persona que siempre&#8230;<\/span><\/p><ul><li><span style=\"font-size: 14pt;color: #ffffff\">est\u00e1 deseando <span style=\"font-size: 18pt\"><strong>ayudar<\/strong><\/span> a qui\u00e9n lo necesite (y la inform\u00e1tica se presta mucho a ello)<\/span><\/li><li><span style=\"font-size: 14pt;color: #ffffff\">tiene inquietud por <span style=\"font-size: 18pt\"><strong>aprender<\/strong><\/span> algo nuevo (alg\u00fan d\u00eda podr\u00eda descansar un poco, no s\u00e9 si llegar\u00e1 ese d\u00eda)<\/span><\/li><li><span style=\"font-size: 14pt;color: #ffffff\">le gusta llevar el <span style=\"font-size: 18pt\"><strong>humor<\/strong><\/span> tanto a lo bueno del d\u00eda a d\u00eda como a los momentos complicados<\/span>\u00a0<\/li><li>\u00a0<img decoding=\"async\" class=\"alignnone wp-image-60\" style=\"color: #ffffff;font-size: 14pt\" src=\"https:\/\/blogsaverroes.juntadeandalucia.es\/antoniomarin\/files\/2020\/03\/brain-2062057_640-300x228.jpg\" alt=\"\" width=\"324\" height=\"246\" srcset=\"https:\/\/blogsaverroes.juntadeandalucia.es\/antoniomarin\/files\/2020\/03\/brain-2062057_640-300x228.jpg 300w, https:\/\/blogsaverroes.juntadeandalucia.es\/antoniomarin\/files\/2020\/03\/brain-2062057_640-24x18.jpg 24w, https:\/\/blogsaverroes.juntadeandalucia.es\/antoniomarin\/files\/2020\/03\/brain-2062057_640-36x27.jpg 36w, https:\/\/blogsaverroes.juntadeandalucia.es\/antoniomarin\/files\/2020\/03\/brain-2062057_640-48x37.jpg 48w, https:\/\/blogsaverroes.juntadeandalucia.es\/antoniomarin\/files\/2020\/03\/brain-2062057_640.jpg 640w\" sizes=\"(max-width: 324px) 100vw, 324px\" \/><\/li><\/ul><\/div>\n\t\t\t\t\t\t\t<\/div>\n\t\t<\/div>\n\t\t\t\t\t\t<\/div>\n\t\t\t\t<\/div>\n\t\t\t\t\t<\/div>\n\t\t<\/div>\n\t\t\t\t\t<\/div>\n\t\t<\/section>\n\t\t\t\t<\/div>\n\t\t<!--themify_builder_content-->\n<div id=\"themify_builder_content-2\" data-postid=\"2\" class=\"themify_builder_content themify_builder_content-2 themify_builder tf_clear\">\n    <\/div>\n<!--\/themify_builder_content-->\n","protected":false},"excerpt":{"rendered":"<p>Soy&#8230; &#8230; un profesor de inform\u00e1tica de La Rambla (C\u00f3rdoba), que nunca para de descubrir nuevos desaf\u00edos. Ahora mismo estoy aportando mi granito de arena en la Delegaci\u00f3n de Educaci\u00f3n de C\u00f3rdoba En este curso llamado \u00abLa Funci\u00f3n Directiva\u00bb, espero descubrir los pormenores de la gesti\u00f3n de centros. En esta primera actividad de presentaci\u00f3n, os [&hellip;]<\/p>\n","protected":false},"author":7704,"featured_media":0,"parent":0,"menu_order":0,"comment_status":"closed","ping_status":"open","template":"","meta":{"ngg_post_thumbnail":0,"footnotes":""},"aioseo_notices":[],"_links":{"self":[{"href":"https:\/\/blogsaverroes.juntadeandalucia.es\/antoniomarin\/wp-json\/wp\/v2\/pages\/2"}],"collection":[{"href":"https:\/\/blogsaverroes.juntadeandalucia.es\/antoniomarin\/wp-json\/wp\/v2\/pages"}],"about":[{"href":"https:\/\/blogsaverroes.juntadeandalucia.es\/antoniomarin\/wp-json\/wp\/v2\/types\/page"}],"author":[{"embeddable":true,"href":"https:\/\/blogsaverroes.juntadeandalucia.es\/antoniomarin\/wp-json\/wp\/v2\/users\/7704"}],"replies":[{"embeddable":true,"href":"https:\/\/blogsaverroes.juntadeandalucia.es\/antoniomarin\/wp-json\/wp\/v2\/comments?post=2"}],"version-history":[{"count":22,"href":"https:\/\/blogsaverroes.juntadeandalucia.es\/antoniomarin\/wp-json\/wp\/v2\/pages\/2\/revisions"}],"predecessor-version":[{"id":161,"href":"https:\/\/blogsaverroes.juntadeandalucia.es\/antoniomarin\/wp-json\/wp\/v2\/pages\/2\/revisions\/161"}],"wp:attachment":[{"href":"https:\/\/blogsaverroes.juntadeandalucia.es\/antoniomarin\/wp-json\/wp\/v2\/media?parent=2"}],"curies":[{"name":"wp","href":"https:\/\/api.w.org\/{rel}","templated":true}]}}