{"id":149,"date":"2015-03-17T20:13:57","date_gmt":"2015-03-17T19:13:57","guid":{"rendered":"http:\/\/blogsaverroes.juntadeandalucia.es\/aprendeconmigo\/?page_id=149"},"modified":"2015-03-17T20:59:09","modified_gmt":"2015-03-17T19:59:09","slug":"149-2","status":"publish","type":"page","link":"https:\/\/blogsaverroes.juntadeandalucia.es\/aprendeconmigo\/biografias\/149-2\/","title":{"rendered":"Marie Curie"},"content":{"rendered":"<p>&nbsp;<\/p>\n<div id=\"cont-left\" class=\"col-md-8\">\n<div class=\"row\">\n<div class=\"col-sm-9\">\n<div class=\"titt\">\n<h1>Marie Curie <small><br \/>\n(1867\/11\/07 &#8211; 1934\/07\/04)<\/small><\/h1>\n<\/div>\n<div class=\"col-sm-3\"><img loading=\"lazy\" decoding=\"async\" class=\"img-responsive img-rounded hidden-xs foto alignleft\" src=\"http:\/\/www.buscabiografias.com\/img\/people\/Marie_Curie.jpg\" alt=\"Marie Curie \" width=\"119\" height=\"160\" \/><\/div>\n<p class=\"text-justify\">Marie Curie<br \/>\nMarja Sklodowska<\/p>\n<p class=\"text-justify\">F\u00edsica francesa<\/p>\n<\/div>\n<\/div>\n<\/div>\n<p style=\"text-align: justify\">Naci\u00f3 el 7 de noviembre de 1867 en <b>Varsovia<\/b> (<b>Polonia<\/b>).<\/p>\n<p style=\"text-align: justify\">Fue la \u00faltima de los cinco hijos de los maestros Bronislawa Boguska, y Wladyslaw Sklodowski, que impart\u00edan clases de matem\u00e1ticas y f\u00edsica.<\/p>\n<p style=\"text-align: justify\">Cuando ten\u00eda diez a\u00f1os de edad comenz\u00f3 a asistir a la escuela internado de J. Sikorska; despu\u00e9s asisti\u00f3 a una escuela para las ni\u00f1as, en la que se gradu\u00f3 el 12 de junio 1883 con medalla de oro. Sufri\u00f3 un colapso, posiblemente debido a una depresi\u00f3n, y pas\u00f3 un a\u00f1o en el campo con parientes de su padre, y el a\u00f1o siguiente con su padre en Varsovia, donde dio clases particulares porque no fue posible inscribirla en una instituci\u00f3n de educaci\u00f3n superior por ser mujer. Junto a su hermana Bronislawa ingres\u00f3 en la clandestina\u00a0<strong>Uniwersytet Latajacy<\/strong>, una instituci\u00f3n de educaci\u00f3n superior que s\u00ed admit\u00eda estudiantes femeninos.<\/p>\n<p style=\"text-align: justify\">En 1891 parti\u00f3 hacia <b>Par\u00eds<\/b>, donde cambi\u00f3 su nombre por <b>Marie<\/b>. En 1891 se matricul\u00f3 en el curso de ciencias de la Universidad parisiense de la <b>Sorbona<\/b>. Pasados dos a\u00f1os, finaliz\u00f3 sus estudios de f\u00edsica con el <b>n\u00famero uno<\/b> de su promoci\u00f3n. Comparti\u00f3 su tiempo de estudio con el aprendizaje y la actuaci\u00f3n en un teatro de aficionados.<\/p>\n<p style=\"text-align: justify\">En 1894 conoci\u00f3 a <b><a href=\"http:\/\/www.buscabiografias.com\/biografia\/verDetalle\/2827\/Pierre%20Curie\">Pierre Curie<\/a><\/b>. En ese momento, los dos trabajaban en el campo del <b>magnetismo<\/b>. Con 35 a\u00f1os, Pierre Curie era una brillante esperanza en la f\u00edsica francesa. Se enamor\u00f3 enseguida de aquella fina y casi austera polaca de 27 a\u00f1os que compart\u00eda su fe altruista en la ciencia. Despu\u00e9s de que Pierre le propusiera matrimonio y la convenciera para vivir en Par\u00eds, celebran el 26 de julio de 1895 su boda con una sencillez extrema: ni fiesta, ni alianzas, ni vestido blanco. La novia luce ese d\u00eda un traje azul com\u00fan y corriente y luego, con su novio, monta en una bicicleta para iniciar la luna de miel por las carreteras de Francia. El matrimonio tuvo dos hijas, una de ellas tambi\u00e9n gan\u00f3 un Nobel:<b> <a href=\"http:\/\/www.buscabiografias.com\/biografia\/verDetalle\/4258\/Jean%20Frederic%20Joliot-Curie\">Ir\u00e8ne Joliot-Curie y su marido, Fr\u00e9d\u00e9ric<\/a><\/b>, recibieron el <b>Premio Nobel de Qu\u00edmica<\/b> en 1935 por la obtenci\u00f3n de nuevos elementos radiactivos.<\/p>\n<p style=\"text-align: justify\">Marie Curie estaba interesada en los recientes descubrimientos de los nuevos tipos de <b>radiaci\u00f3n<\/b>. <b><a href=\"http:\/\/www.buscabiografias.com\/biografia\/verDetalle\/6268\/Wilhelm%20Roentgen\">Wilhelm Roentgen<\/a><\/b> hab\u00eda descubierto los <b>rayos X<\/b> en 1895, y en 1896 <b><a href=\"http:\/\/www.buscabiografias.com\/biografia\/verDetalle\/5862\/Antoine%20Henri%20Becquerel\">Antoine Henri Becquerel<\/a><\/b> descubri\u00f3 que el <b>uranio<\/b> emit\u00eda radiaciones invisibles similares. Por todo esto comenz\u00f3 a estudiar las radiaciones del uranio y, utilizando las t\u00e9cnicas piezoel\u00e9ctricas inventadas por Pierre, midi\u00f3 cuidadosamente las radiaciones en la <b>pechblenda<\/b>, un mineral que contiene uranio. Cuando vio que las radiaciones del mineral eran m\u00e1s intensas que las del propio uranio, se dio cuenta de que ten\u00eda que haber elementos desconocidos, incluso m\u00e1s radiactivos que el uranio. Marie Curie fue la primera en utilizar el t\u00e9rmino &#8216;<b>radiactivo<\/b>&#8216; para describir los elementos que emiten radiaciones cuando se descomponen sus n\u00facleos.<\/p>\n<p style=\"text-align: justify\">Su marido acab\u00f3 su trabajo sobre el magnetismo para unirse a la investigaci\u00f3n de su esposa, y en 1898 el matrimonio anunci\u00f3 el descubrimiento de dos nuevos elementos: el <b>polonio<\/b> (Marie le dio ese nombre en honor de su pa\u00eds de nacimiento) y el <b>radio<\/b>. Durante los siguientes cuatro a\u00f1os el matrimonio, trabajando en condiciones muy precarias, trat\u00f3 una tonelada de pechblenda, de la que aislaron una fracci\u00f3n de radio de un gramo.<\/p>\n<p style=\"text-align: justify\">En 1903 les concedieron el <b>Premio <a href=\"http:\/\/www.buscabiografias.com\/biografia\/verDetalle\/1859\/Alfred%20Nobel\">Nobel<\/a> de F\u00edsica<\/b> por el descubrimiento de los elementos radiactivos, que compartieron con <b><a href=\"http:\/\/www.buscabiografias.com\/biografia\/verDetalle\/5862\/Antoine%20Henri%20Becquerel\">Becquerel<\/a><\/b>. Sin embargo, para ellos, esta gloria es un \u00abdesastre\u00bb; muy reservados los dos, devorados por la misma pasi\u00f3n por la investigaci\u00f3n, sufren al verse apartados de ella y al ver su laboratorio asaltado por gente inoportuna, su modesto pabell\u00f3n parisino invadido por los periodistas y los fot\u00f3grafos. A las frivolidades que les pesan, se a\u00f1ade un correo cada vez m\u00e1s voluminoso, del que se ocupan los domingos. Marie Curie se convirti\u00f3 en la <b>primera mujer<\/b> que recib\u00eda este premio.<\/p>\n<p style=\"text-align: justify\">En 1904 Pierre Curie fue nombrado profesor de f\u00edsica en la Universidad de Par\u00eds, y en 1905 miembro de la <b>Academia Francesa<\/b>. Estos cargos no eran normalmente ocupados por mujeres, y Marie no tuvo el mismo reconocimiento. Pierre falleci\u00f3 mientras cruzaba la calle Dauphine, atropellado por un carro de caballos el 19 de abril de 1906. A partir de este momento, Marie se ocup\u00f3 de sus clases y continu\u00f3 sus propias investigaciones.<\/p>\n<p style=\"text-align: justify\">En 1911, Marie protagoniza un esc\u00e1ndalo cuando establece una relaci\u00f3n con el sabio <b>Paul Langevin<\/b>, que est\u00e1 casado. Parte de la prensa se lanza contra la \u00abladrona de maridos\u00bb, \u00abla extranjera\u00bb. Este mismo a\u00f1o le otorgaron un\u00a0<b>segundo Nobel<\/b>, el de <b>Qu\u00edmica<\/b>, por sus investigaciones sobre el radio y sus compuestos. Fue nombrada directora del Instituto del Radio de Par\u00eds en 1914 y se fund\u00f3 el Instituto Curie.<\/p>\n<p style=\"text-align: justify\">En mayo de 1921, gracias a la periodista estadounidense Mary Meloney, ella y sus hijas se trasladaron a los Estados Unidos, donde, gracias a fondos recaudados entre la comunidad polaca y a alg\u00fan millonario estadounidense pudieron comprar un gramo de radio para el Instituto del Radio. Adem\u00e1s consigui\u00f3 el dinero extra para equipo de laboratorio.<\/p>\n<p style=\"text-align: justify\">Marie Curie sufri\u00f3 una anemia perniciosa causada por las largas exposiciones a la radiaci\u00f3n. Tras quedar ciega, falleci\u00f3 el 4 de julio de 1934 en la Cl\u00ednica Sancellemoz, cerca de <b>Passy<\/b>, Alta Saboya, Francia. Fue enterrada junto a su marido en el cementerio de Sceaux, a pocos kil\u00f3metros al sur de Par\u00eds.<\/p>\n<p><strong>Premios m\u00e1s destacados<\/strong><\/p>\n<p>Premio Nobel de F\u00edsica \u2014 1903<br \/>\nMedalla Davy \u2014 1903<br \/>\nMedalla Matteucci \u2014 1904<br \/>\nPremio Nobel de Qu\u00edmica \u2014 1911<\/p>\n","protected":false},"excerpt":{"rendered":"<p>&nbsp; Marie Curie (1867\/11\/07 &#8211; 1934\/07\/04) Marie Curie Marja Sklodowska F\u00edsica francesa Naci\u00f3 el 7 de noviembre de 1867 en Varsovia (Polonia). Fue la \u00faltima de los cinco hijos de los maestros Bronislawa Boguska, y Wladyslaw Sklodowski, que impart\u00edan clases de matem\u00e1ticas y f\u00edsica. Cuando ten\u00eda diez a\u00f1os de edad comenz\u00f3 a asistir a la &hellip; <a href=\"https:\/\/blogsaverroes.juntadeandalucia.es\/aprendeconmigo\/biografias\/149-2\/\" class=\"more-link\">Seguir leyendo <span class=\"screen-reader-text\">Marie Curie<\/span> <span class=\"meta-nav\">&rarr;<\/span><\/a><\/p>\n","protected":false},"author":1529,"featured_media":0,"parent":158,"menu_order":0,"comment_status":"open","ping_status":"open","template":"","meta":{"footnotes":""},"aioseo_notices":[],"_links":{"self":[{"href":"https:\/\/blogsaverroes.juntadeandalucia.es\/aprendeconmigo\/wp-json\/wp\/v2\/pages\/149"}],"collection":[{"href":"https:\/\/blogsaverroes.juntadeandalucia.es\/aprendeconmigo\/wp-json\/wp\/v2\/pages"}],"about":[{"href":"https:\/\/blogsaverroes.juntadeandalucia.es\/aprendeconmigo\/wp-json\/wp\/v2\/types\/page"}],"author":[{"embeddable":true,"href":"https:\/\/blogsaverroes.juntadeandalucia.es\/aprendeconmigo\/wp-json\/wp\/v2\/users\/1529"}],"replies":[{"embeddable":true,"href":"https:\/\/blogsaverroes.juntadeandalucia.es\/aprendeconmigo\/wp-json\/wp\/v2\/comments?post=149"}],"version-history":[{"count":10,"href":"https:\/\/blogsaverroes.juntadeandalucia.es\/aprendeconmigo\/wp-json\/wp\/v2\/pages\/149\/revisions"}],"predecessor-version":[{"id":167,"href":"https:\/\/blogsaverroes.juntadeandalucia.es\/aprendeconmigo\/wp-json\/wp\/v2\/pages\/149\/revisions\/167"}],"up":[{"embeddable":true,"href":"https:\/\/blogsaverroes.juntadeandalucia.es\/aprendeconmigo\/wp-json\/wp\/v2\/pages\/158"}],"wp:attachment":[{"href":"https:\/\/blogsaverroes.juntadeandalucia.es\/aprendeconmigo\/wp-json\/wp\/v2\/media?parent=149"}],"curies":[{"name":"wp","href":"https:\/\/api.w.org\/{rel}","templated":true}]}}