{"id":340,"date":"2015-06-05T18:36:59","date_gmt":"2015-06-05T16:36:59","guid":{"rendered":"http:\/\/blogsaverroes.juntadeandalucia.es\/aprendeconmigo\/?page_id=340"},"modified":"2018-02-01T19:49:53","modified_gmt":"2018-02-01T18:49:53","slug":"practicas-de-laboratorio-sencillas","status":"publish","type":"page","link":"https:\/\/blogsaverroes.juntadeandalucia.es\/aprendeconmigo\/practicas\/practicas-de-laboratorio-sencillas\/","title":{"rendered":"PR\u00c1CTICAS DE LABORATORIO SENCILLAS"},"content":{"rendered":"<p>En esta p\u00e1gina se incluyen algunas pr\u00e1cticas sencillas que podemos realizar en nuestro laboratorio. Para ver el gui\u00f3n y desarrollo de cada una de ellas, pincha sobre el t\u00edtulo de la misma. Espero os sea de utilidad.<\/p>\n<p><a href=\"https:\/\/drive.google.com\/file\/d\/0B6FT-SXhqYzdQjlxSUpBSkZHODg\/view?usp=sharing\" target=\"_blank\" rel=\"noopener\">EL M\u00c9TODO CIENT\u00cdFICO<\/a><\/p>\n<p><a href=\"https:\/\/drive.google.com\/file\/d\/0B6FT-SXhqYzdWDdtX25LWXVJYVk\/view?usp=sharing\" target=\"_blank\" rel=\"noopener\">DETERMINACI\u00d3N DEL VOLUMEN DE UN S\u00d3LIDO<\/a><\/p>\n<p><a href=\"https:\/\/drive.google.com\/file\/d\/0B6FT-SXhqYzdSDNfNkhFOWZyX2s\/view?usp=sharing\" target=\"_blank\" rel=\"noopener\">DETERMINACI\u00d3N DEL VOLUMEN DE UN L\u00cdQUIDO<\/a><\/p>\n<p><a href=\"https:\/\/drive.google.com\/file\/d\/0B6FT-SXhqYzdZHVPUmdhd1l4eWc\/view?usp=sharing\" target=\"_blank\" rel=\"noopener\">DETERMINACI\u00d3N DE LA DENSIDAD DE UN S\u00d3LIDO<\/a><\/p>\n<p><a href=\"https:\/\/drive.google.com\/file\/d\/0B6FT-SXhqYzdb0hOVlQxOVJvS1k\/view?usp=sharing\" target=\"_blank\" rel=\"noopener\">DETERMINACI\u00d3N DE LA DENSIDAD DE UN L\u00cdQUIDO<\/a><\/p>\n<p><a href=\"https:\/\/drive.google.com\/file\/d\/0B6FT-SXhqYzddWVDazAtZ0ZXVTA\/view?usp=sharing\" target=\"_blank\" rel=\"noopener\">MASA Y PESO. EL DINAM\u00d3METRO<\/a><\/p>\n<p><a href=\"https:\/\/drive.google.com\/file\/d\/0B6FT-SXhqYzdSFA1LVJ6QjJVNEU\/view?usp=sharing\" target=\"_blank\" rel=\"noopener\">COMPROBACI\u00d3N DEL PRINCIPIO DE ARQU\u00cdMEDES<\/a><\/p>\n<p><a href=\"https:\/\/drive.google.com\/file\/d\/0B6FT-SXhqYzdb0pnVEdpeWZfczA\/view?usp=sharing\" target=\"_blank\" rel=\"noopener\">EL P\u00c9NDULO SIMPLE<\/a><\/p>\n<p><a href=\"https:\/\/drive.google.com\/file\/d\/0B6FT-SXhqYzdUWNhbVV1MUotWEE\/view?usp=sharing\" target=\"_blank\" rel=\"noopener\">CONSTANTE EL\u00c1STICA DE UN RESORTE<\/a><\/p>\n<p><a href=\"https:\/\/drive.google.com\/file\/d\/0B6FT-SXhqYzdSmgzSzNlM2I4LUE\/view?usp=sharing\" target=\"_blank\" rel=\"noopener\">ELABORACI\u00d3N DE JAB\u00d3N CASERO<\/a><\/p>\n<p><a href=\"https:\/\/drive.google.com\/file\/d\/1N74Kpg7QjTWN521CCxvWyXpg5rF3sOqY\/view?usp=sharing\">ELABORACI\u00d3N DE JAB\u00d3N CASERO (II)<\/a><\/p>\n<p><a href=\"https:\/\/drive.google.com\/file\/d\/0B6FT-SXhqYzdaVpYbDRlX3pEX0U\/view?usp=sharing\" target=\"_blank\" rel=\"noopener\">ELABORACI\u00d3N DE JAB\u00d3N DE GLICERINA Y ALOE VERA<\/a><\/p>\n<p><a href=\"https:\/\/drive.google.com\/file\/d\/0B6FT-SXhqYzdYkFVcV9BSFZJLTQ\/view?usp=sharing\" target=\"_blank\" rel=\"noopener\">SEPARACI\u00d3N DE LOS COMPONENTES DE UNA MEZCLA<\/a><\/p>\n<p><a href=\"https:\/\/drive.google.com\/file\/d\/0B6FT-SXhqYzdTWZwVzRsWEFMWDg\/view?usp=sharing\" target=\"_blank\" rel=\"noopener\">EXTRACCI\u00d3N DEL YODO CON DISOLVENTE Y DECANTACI\u00d3N<\/a><\/p>\n<p><a href=\"https:\/\/drive.google.com\/file\/d\/0B6FT-SXhqYzdYXBpb3BkaXVsR2c\/view?usp=sharing\" target=\"_blank\" rel=\"noopener\">LA LLUVIA DE ORO<\/a><\/p>\n<p><a href=\"https:\/\/drive.google.com\/file\/d\/0B6FT-SXhqYzdT2JHZWlVRzV1MVU\/view?usp=sharing\" target=\"_blank\" rel=\"noopener\">CROMATOGRAF\u00cdA DE LA TINTA<\/a><\/p>\n<p><a href=\"https:\/\/drive.google.com\/file\/d\/0B6FT-SXhqYzdV3BiSjR5YV9UdGc\/view?usp=sharing\" target=\"_blank\" rel=\"noopener\">CROMATOGRAF\u00cdA DE PIGMENTOS FOTOSINT\u00c9TICOS<\/a><\/p>\n<p><a href=\"https:\/\/drive.google.com\/file\/d\/0B6FT-SXhqYzdcERSVUlyaGNiUDA\/view?usp=sharing\" target=\"_blank\" rel=\"noopener\">PREPARACI\u00d3N DE REACTIVOS<\/a><\/p>\n<p><a href=\"https:\/\/drive.google.com\/file\/d\/0B6FT-SXhqYzdbzJKbjNmalUwX3M\/view?usp=sharing\" target=\"_blank\" rel=\"noopener\">INDICADORES \u00c1CIDO-BASE<\/a><\/p>\n<p><a href=\"https:\/\/drive.google.com\/file\/d\/0B6FT-SXhqYzdRThyUlZLUVZUMnc\/view?usp=sharing\" target=\"_blank\" rel=\"noopener\">MEDIDA DE LA ACIDEZ DEL VINAGRE<\/a><\/p>\n<p><a href=\"https:\/\/drive.google.com\/file\/d\/0B6FT-SXhqYzdcUJGY09jRWE1Mnc\/view?usp=sharing\" target=\"_blank\" rel=\"noopener\">MEDIDA DE LA ACIDEZ DEL ACEITE<\/a><\/p>\n<p><a href=\"https:\/\/drive.google.com\/file\/d\/0B6FT-SXhqYzdb3JfSEdRR1ctN00\/view?usp=sharing\" target=\"_blank\" rel=\"noopener\">MEDIDA DE LA ACIDEZ DE LA LECHE<\/a><\/p>\n","protected":false},"excerpt":{"rendered":"<p>En esta p\u00e1gina se incluyen algunas pr\u00e1cticas sencillas que podemos realizar en nuestro laboratorio. Para ver el gui\u00f3n y desarrollo de cada una de ellas, pincha sobre el t\u00edtulo de la misma. Espero os sea de utilidad. EL M\u00c9TODO CIENT\u00cdFICO DETERMINACI\u00d3N DEL VOLUMEN DE UN S\u00d3LIDO DETERMINACI\u00d3N DEL VOLUMEN DE UN L\u00cdQUIDO DETERMINACI\u00d3N DE LA &hellip; <a href=\"https:\/\/blogsaverroes.juntadeandalucia.es\/aprendeconmigo\/practicas\/practicas-de-laboratorio-sencillas\/\" class=\"more-link\">Seguir leyendo <span class=\"screen-reader-text\">PR\u00c1CTICAS DE LABORATORIO SENCILLAS<\/span> <span class=\"meta-nav\">&rarr;<\/span><\/a><\/p>\n","protected":false},"author":1529,"featured_media":0,"parent":44,"menu_order":0,"comment_status":"open","ping_status":"open","template":"","meta":{"footnotes":""},"aioseo_notices":[],"_links":{"self":[{"href":"https:\/\/blogsaverroes.juntadeandalucia.es\/aprendeconmigo\/wp-json\/wp\/v2\/pages\/340"}],"collection":[{"href":"https:\/\/blogsaverroes.juntadeandalucia.es\/aprendeconmigo\/wp-json\/wp\/v2\/pages"}],"about":[{"href":"https:\/\/blogsaverroes.juntadeandalucia.es\/aprendeconmigo\/wp-json\/wp\/v2\/types\/page"}],"author":[{"embeddable":true,"href":"https:\/\/blogsaverroes.juntadeandalucia.es\/aprendeconmigo\/wp-json\/wp\/v2\/users\/1529"}],"replies":[{"embeddable":true,"href":"https:\/\/blogsaverroes.juntadeandalucia.es\/aprendeconmigo\/wp-json\/wp\/v2\/comments?post=340"}],"version-history":[{"count":27,"href":"https:\/\/blogsaverroes.juntadeandalucia.es\/aprendeconmigo\/wp-json\/wp\/v2\/pages\/340\/revisions"}],"predecessor-version":[{"id":611,"href":"https:\/\/blogsaverroes.juntadeandalucia.es\/aprendeconmigo\/wp-json\/wp\/v2\/pages\/340\/revisions\/611"}],"up":[{"embeddable":true,"href":"https:\/\/blogsaverroes.juntadeandalucia.es\/aprendeconmigo\/wp-json\/wp\/v2\/pages\/44"}],"wp:attachment":[{"href":"https:\/\/blogsaverroes.juntadeandalucia.es\/aprendeconmigo\/wp-json\/wp\/v2\/media?parent=340"}],"curies":[{"name":"wp","href":"https:\/\/api.w.org\/{rel}","templated":true}]}}