{"id":355,"date":"2015-07-14T19:26:24","date_gmt":"2015-07-14T17:26:24","guid":{"rendered":"http:\/\/blogsaverroes.juntadeandalucia.es\/aprendeconmigo\/?page_id=355"},"modified":"2015-10-01T18:14:44","modified_gmt":"2015-10-01T16:14:44","slug":"campos","status":"publish","type":"page","link":"https:\/\/blogsaverroes.juntadeandalucia.es\/aprendeconmigo\/2o-bachillerato\/campos\/","title":{"rendered":"Campos"},"content":{"rendered":"<p style=\"text-align: justify\">En esta unidad se introduce el concepto de campo como una regi\u00f3n del espacio en la que se aprecia el efecto de una perturbaci\u00f3n provocada por un cuerpo que tiene una propiedad que le hace interaccionar con otros cuerpos que tambi\u00e9n tienen esa propiedad. Para que se produzca la interacci\u00f3n entre el cuerpo que crea el campo y los dem\u00e1s no es necesario que se pongan en contacto f\u00edsico; la perturbaci\u00f3n del medio hace que la interacci\u00f3n se transmita a distancia.<\/p>\n<p style=\"text-align: justify\">Tambi\u00e9n estudiaremos el concepto de energ\u00eda potencial asociada a una fuerza conservativa y los conceptos de intensidad de campo y potencial.<\/p>\n<p style=\"text-align: justify\">Para ver un resumen del tema, <a href=\"https:\/\/drive.google.com\/file\/d\/0B6FT-SXhqYzdRjA1LTY2RmdVUUE\/view?usp=sharing\" target=\"_blank\">pincha aqu\u00ed.<\/a><\/p>\n<p style=\"text-align: justify\">Para ver la relaci\u00f3n de problemas, <a href=\"https:\/\/drive.google.com\/file\/d\/0B6FT-SXhqYzdT0Zob2ZnYjNudDA\/view?usp=sharing\" target=\"_blank\">pincha aqu\u00ed.<\/a><\/p>\n","protected":false},"excerpt":{"rendered":"<p>En esta unidad se introduce el concepto de campo como una regi\u00f3n del espacio en la que se aprecia el efecto de una perturbaci\u00f3n provocada por un cuerpo que tiene una propiedad que le hace interaccionar con otros cuerpos que tambi\u00e9n tienen esa propiedad. Para que se produzca la interacci\u00f3n entre el cuerpo que crea &hellip; <a href=\"https:\/\/blogsaverroes.juntadeandalucia.es\/aprendeconmigo\/2o-bachillerato\/campos\/\" class=\"more-link\">Seguir leyendo <span class=\"screen-reader-text\">Campos<\/span> <span class=\"meta-nav\">&rarr;<\/span><\/a><\/p>\n","protected":false},"author":1529,"featured_media":0,"parent":38,"menu_order":2,"comment_status":"open","ping_status":"open","template":"","meta":{"footnotes":""},"aioseo_notices":[],"_links":{"self":[{"href":"https:\/\/blogsaverroes.juntadeandalucia.es\/aprendeconmigo\/wp-json\/wp\/v2\/pages\/355"}],"collection":[{"href":"https:\/\/blogsaverroes.juntadeandalucia.es\/aprendeconmigo\/wp-json\/wp\/v2\/pages"}],"about":[{"href":"https:\/\/blogsaverroes.juntadeandalucia.es\/aprendeconmigo\/wp-json\/wp\/v2\/types\/page"}],"author":[{"embeddable":true,"href":"https:\/\/blogsaverroes.juntadeandalucia.es\/aprendeconmigo\/wp-json\/wp\/v2\/users\/1529"}],"replies":[{"embeddable":true,"href":"https:\/\/blogsaverroes.juntadeandalucia.es\/aprendeconmigo\/wp-json\/wp\/v2\/comments?post=355"}],"version-history":[{"count":4,"href":"https:\/\/blogsaverroes.juntadeandalucia.es\/aprendeconmigo\/wp-json\/wp\/v2\/pages\/355\/revisions"}],"predecessor-version":[{"id":434,"href":"https:\/\/blogsaverroes.juntadeandalucia.es\/aprendeconmigo\/wp-json\/wp\/v2\/pages\/355\/revisions\/434"}],"up":[{"embeddable":true,"href":"https:\/\/blogsaverroes.juntadeandalucia.es\/aprendeconmigo\/wp-json\/wp\/v2\/pages\/38"}],"wp:attachment":[{"href":"https:\/\/blogsaverroes.juntadeandalucia.es\/aprendeconmigo\/wp-json\/wp\/v2\/media?parent=355"}],"curies":[{"name":"wp","href":"https:\/\/api.w.org\/{rel}","templated":true}]}}