{"id":486,"date":"2016-02-22T19:27:38","date_gmt":"2016-02-22T18:27:38","guid":{"rendered":"http:\/\/blogsaverroes.juntadeandalucia.es\/aprendeconmigo\/?page_id=486"},"modified":"2017-11-21T19:54:59","modified_gmt":"2017-11-21T18:54:59","slug":"selectividad","status":"publish","type":"page","link":"https:\/\/blogsaverroes.juntadeandalucia.es\/aprendeconmigo\/selectividad\/","title":{"rendered":"SELECTIVIDAD"},"content":{"rendered":"<p><a href=\"https:\/\/drive.google.com\/file\/d\/0B6FT-SXhqYzdMzdKamIzcGwwRFU\/view?usp=sharing\" target=\"_blank\" rel=\"noopener\">EXAMEN DE F\u00cdSICA RESUELTO PRUEBA PAU JUNIO 2015 ANDALUC\u00cdA<\/a>.<\/p>\n<p><a href=\"http:\/\/www.juntadeandalucia.es\/innovacioncienciayempresa\/sguit\/g_b_examenes_anteriores.php\" target=\"_blank\" rel=\"noopener\">ENLACE UNIVERSIDAD DE JA\u00c9N: Documentos de Orientaci\u00f3n y Ex\u00e1menes de cursos anteriores.<\/a><\/p>\n<figure id=\"attachment_86\" aria-describedby=\"caption-attachment-86\" style=\"width: 473px\" class=\"wp-caption alignnone\"><a href=\"http:\/\/blogsaverroes.juntadeandalucia.es\/aprendeconmigo\/files\/2015\/03\/Panor\u00e1mica_de_la_fuente_Universidad_de_Ja\u00e9n_Ja\u00e9n_Espa\u00f1a_2014.jpg\"><img loading=\"lazy\" decoding=\"async\" class=\" wp-image-86\" src=\"http:\/\/blogsaverroes.juntadeandalucia.es\/aprendeconmigo\/files\/2015\/03\/Panor\u00e1mica_de_la_fuente_Universidad_de_Ja\u00e9n_Ja\u00e9n_Espa\u00f1a_2014-300x97.jpg\" alt=\"Panor\u00e1mica de la fuente de la Universidad de Ja\u00e9n\" width=\"473\" height=\"153\" srcset=\"https:\/\/blogsaverroes.juntadeandalucia.es\/aprendeconmigo\/files\/2015\/03\/Panor\u00e1mica_de_la_fuente_Universidad_de_Ja\u00e9n_Ja\u00e9n_Espa\u00f1a_2014-300x97.jpg 300w, https:\/\/blogsaverroes.juntadeandalucia.es\/aprendeconmigo\/files\/2015\/03\/Panor\u00e1mica_de_la_fuente_Universidad_de_Ja\u00e9n_Ja\u00e9n_Espa\u00f1a_2014-1024x332.jpg 1024w, https:\/\/blogsaverroes.juntadeandalucia.es\/aprendeconmigo\/files\/2015\/03\/Panor\u00e1mica_de_la_fuente_Universidad_de_Ja\u00e9n_Ja\u00e9n_Espa\u00f1a_2014.jpg 1600w\" sizes=\"(max-width: 473px) 100vw, 473px\" \/><\/a><figcaption id=\"caption-attachment-86\" class=\"wp-caption-text\">Panor\u00e1mica de la fuente de la Universidad de Ja\u00e9n<\/figcaption><\/figure>\n","protected":false},"excerpt":{"rendered":"<p>EXAMEN DE F\u00cdSICA RESUELTO PRUEBA PAU JUNIO 2015 ANDALUC\u00cdA. ENLACE UNIVERSIDAD DE JA\u00c9N: Documentos de Orientaci\u00f3n y Ex\u00e1menes de cursos anteriores.<\/p>\n","protected":false},"author":1529,"featured_media":0,"parent":0,"menu_order":9,"comment_status":"open","ping_status":"open","template":"","meta":{"footnotes":""},"aioseo_notices":[],"_links":{"self":[{"href":"https:\/\/blogsaverroes.juntadeandalucia.es\/aprendeconmigo\/wp-json\/wp\/v2\/pages\/486"}],"collection":[{"href":"https:\/\/blogsaverroes.juntadeandalucia.es\/aprendeconmigo\/wp-json\/wp\/v2\/pages"}],"about":[{"href":"https:\/\/blogsaverroes.juntadeandalucia.es\/aprendeconmigo\/wp-json\/wp\/v2\/types\/page"}],"author":[{"embeddable":true,"href":"https:\/\/blogsaverroes.juntadeandalucia.es\/aprendeconmigo\/wp-json\/wp\/v2\/users\/1529"}],"replies":[{"embeddable":true,"href":"https:\/\/blogsaverroes.juntadeandalucia.es\/aprendeconmigo\/wp-json\/wp\/v2\/comments?post=486"}],"version-history":[{"count":8,"href":"https:\/\/blogsaverroes.juntadeandalucia.es\/aprendeconmigo\/wp-json\/wp\/v2\/pages\/486\/revisions"}],"predecessor-version":[{"id":564,"href":"https:\/\/blogsaverroes.juntadeandalucia.es\/aprendeconmigo\/wp-json\/wp\/v2\/pages\/486\/revisions\/564"}],"wp:attachment":[{"href":"https:\/\/blogsaverroes.juntadeandalucia.es\/aprendeconmigo\/wp-json\/wp\/v2\/media?parent=486"}],"curies":[{"name":"wp","href":"https:\/\/api.w.org\/{rel}","templated":true}]}}