{"id":501,"date":"2016-02-23T21:04:46","date_gmt":"2016-02-23T20:04:46","guid":{"rendered":"http:\/\/blogsaverroes.juntadeandalucia.es\/aprendeconmigo\/?page_id=501"},"modified":"2016-02-23T21:16:14","modified_gmt":"2016-02-23T20:16:14","slug":"albert-einstein","status":"publish","type":"page","link":"https:\/\/blogsaverroes.juntadeandalucia.es\/aprendeconmigo\/biografias\/albert-einstein\/","title":{"rendered":"Albert Einstein"},"content":{"rendered":"<p style=\"text-align: justify\">(Ulm, Alemania, 1879 &#8211; Princeton, 1955) Cient\u00edfico estadounidense de origen alem\u00e1n. En 1880 su familia se traslad\u00f3 a Munich y luego (1894-96) a Mil\u00e1n. Frecuent\u00f3 un instituto muniqu\u00e9s, prosigui\u00f3 sus estudios en Italia y finalmente se matricul\u00f3 en la Escuela Polit\u00e9cnica de Zurich (1896-1901). Obtenida la ciudadan\u00eda suiza (1901), encontr\u00f3 un empleo en el Departamento de Patentes; aquel mismo a\u00f1o contrajo matrimonio.<a href=\"http:\/\/blogsaverroes.juntadeandalucia.es\/aprendeconmigo\/files\/2016\/02\/einstein-1.jpg\"><img loading=\"lazy\" decoding=\"async\" class=\"alignleft wp-image-503 size-medium\" src=\"http:\/\/blogsaverroes.juntadeandalucia.es\/aprendeconmigo\/files\/2016\/02\/einstein-1-223x300.jpg\" alt=\"einstein (1)\" width=\"223\" height=\"300\" srcset=\"https:\/\/blogsaverroes.juntadeandalucia.es\/aprendeconmigo\/files\/2016\/02\/einstein-1-223x300.jpg 223w, https:\/\/blogsaverroes.juntadeandalucia.es\/aprendeconmigo\/files\/2016\/02\/einstein-1.jpg 340w\" sizes=\"(max-width: 223px) 100vw, 223px\" \/><\/a><\/p>\n<p style=\"text-align: justify\">En 1905 public\u00f3 en Annalen der Physik sus primeros trabajos sobre la teor\u00eda de los quanta, la de la relatividad y los movimientos brownianos, y lleg\u00f3 a profesor libre de la Universidad de Berna. En 1909 fue nombrado profesor adjunto de la de Zurich y en 1910 pas\u00f3 a ense\u00f1ar F\u00edsica te\u00f3rica en la Universidad alemana de Praga. Luego dio clases de esta misma disciplina en la Escuela Polit\u00e9cnica zuriquesa (1912). En 1913, nombrado miembro de la Academia de Prusia, se traslad\u00f3 a Berl\u00edn. En 1916 se cas\u00f3 en segundas nupcias. Public\u00f3 entonces Die Grundlage der allgemeinen Relativit\u00e4tstheorie e inici\u00f3 una serie de viajes a los Estados Unidos, Inglaterra, Francia, China, Jap\u00f3n, Palestina y Espa\u00f1a (1919-32).<\/p>\n<p style=\"text-align: justify\">En 1924 entreg\u00f3 a la imprenta \u00dcber die spezielle und die allgemeine Relativit\u00e4tstheorie y el a\u00f1o siguiente recibi\u00f3 el premio Nobel por su teor\u00eda sobre el efecto fotoel\u00e9ctrico. En 1933 abandon\u00f3 la Academia de Prusia y se enfrent\u00f3 valerosamente a Hitler. Iniciada la persecuci\u00f3n nazi contra los jud\u00edos, march\u00f3 a Am\u00e9rica y ense\u00f1\u00f3 en el Instituto de Estudios Superiores de Princeton (Nueva Jersey). En 1945 se retir\u00f3 a la vida privada, a pesar de lo cual prosigui\u00f3 intensamente su actividad cient\u00edfica.<\/p>\n<p style=\"text-align: justify\">Einstein es uno de los grandes genios de la humanidad. En el \u00e1mbito de las ciencias f\u00edsicas llev\u00f3 a cabo una revoluci\u00f3n todav\u00eda en marcha y cuyos alcances no pueden medirse a\u00fan en toda su amplitud. En su primera formulaci\u00f3n (teor\u00eda de la relatividad restringida) extendi\u00f3 a los fen\u00f3menos \u00f3pticos y electromagn\u00e9ticos el principio de relatividad galileo-newtoniano, anteriormente limitado s\u00f3lo al campo de la Mec\u00e1nica, y afirm\u00f3 la validez de las leyes de esta \u00faltima tanto respecto de un sistema galileano de referencia K, como en relaci\u00f3n con otro de referencia K&#8217; en movimiento rectil\u00edneo y uniforme respecto de K.<\/p>\n<p style=\"text-align: justify\">Seg\u00fan las teor\u00edas de Einstein, la ley de la propagaci\u00f3n de la luz en el vac\u00edo debe tener, como cualquier otra general de la naturaleza, la misma expresi\u00f3n ya referida, por ejemplo, a una garita ferroviaria o a un vag\u00f3n de tren en movimiento rectil\u00edneo y uniforme en relaci\u00f3n con \u00e9sta; dicho en otros t\u00e9rminos, la velocidad de la luz no se ajusta a la de los sistemas de referencia que se mueven en l\u00ednea recta y de manera uniforme respecto del movimiento de la misma luz. En realidad, el experimento de Michelson-Morley, mil veces repetido y comprobado a partir de 1881, hab\u00eda demostrado la diferencia existente entre la velocidad de la luz y la de la Tierra.<\/p>\n<p style=\"text-align: justify\">La relatividad restringida ofrece la raz\u00f3n de tal hecho, antes inexplicable. A su vez, la invariabilidad de la velocidad de la luz lleva a la introducci\u00f3n, en F\u00edsica, de las transformaciones de Lorentz, seg\u00fan las cuales la distancia temporal entre dos acontecimientos y la que separa dos puntos de un cuerpo r\u00edgido se hallan en funci\u00f3n del movimiento del sistema de referencia, y por ello resultan distintas para K y K&#8217;. Ello nos libra, en la formulaci\u00f3n de las leyes \u00f3pticas y electromagn\u00e9ticas, de la relaci\u00f3n con el hipot\u00e9tico sistema fijo \u00ababsoluto\u00bb, rompecabezas metaf\u00edsico de la F\u00edsica cl\u00e1sica, puesto que tales leyes, como aparecen formuladas en la relatividad restringida, valen para K e igualmente para K&#8217;, lo mismo que las de la Mec\u00e1nica.<\/p>\n<p style=\"text-align: justify\">El tr\u00e1nsito de la F\u00edsica cl\u00e1sica a la relatividad restringida representa no s\u00f3lo un progreso metodol\u00f3gico. Esta \u00faltima, en efecto, presenta -como observa Einstein (Sobre la teor\u00eda especial y general de la relatividad)- un valor heur\u00edstico mucho mayor que el de la F\u00edsica cl\u00e1sica, por cuanto permite incluir en la teor\u00eda, como consecuencia de ella, un notable n\u00famero de fen\u00f3menos, entre los que figuran, por ejemplo, la aparente excepci\u00f3n en la relaci\u00f3n de la velocidad de la luz con la de una corriente de agua en el experimento de Fizeau; el aumento de la masa de los electrones al incrementarse las velocidades de \u00e9stos, observado en los rayos cat\u00f3dicos y en las emanaciones del radio; la masa de los rayos c\u00f3smicos, cuarenta mil veces superior a la de la misma en reposo; el efecto Doppler; el efecto Compton; la existencia del fot\u00f3n y la magnitud de su impulso, previstas por Einstein y comprobadas luego experimentalmente; la cantidad de energ\u00eda requerida por las masas de los n\u00facleos para la transmutaci\u00f3n de los elementos; la fina estructura de las rayas del espectro, calculada por Sommerfield mediante la Mec\u00e1nica relativista; la existencia de los electrones positivos, prevista por Dirac como soluci\u00f3n a ciertas ecuaciones procedentes de la Mec\u00e1nica de la relatividad; el magnetismo de los electrones, calculado por Dirac con la transformaci\u00f3n de las ecuaciones de Schr\u00f6dinger en las correspondientes de la Mec\u00e1nica relativista, etc.<\/p>\n<p style=\"text-align: justify\">Una de las consecuencias de la relatividad restringida es el descubrimiento de la existencia de una energ\u00eda E igual a mc2 en toda masa m. Esta famosa y casi m\u00e1gica f\u00f3rmula nos dice que la masa puede transformarse en energ\u00eda, y viceversa; de ah\u00ed el memorable anuncio hecho por Einstein hace cincuenta a\u00f1os sobre la posibilidad de la desintegraci\u00f3n de la materia, llevada luego a cabo por Fermi.<\/p>\n<p style=\"text-align: justify\">Sin embargo, la relatividad restringida no elimina el sistema fijo absoluto del campo de la F\u00edsica de la gravitaci\u00f3n. Tal sistema, en \u00faltima instancia, nace del hecho por el cual la relatividad restringida admite a\u00fan, en la formulaci\u00f3n de las leyes de la naturaleza, la necesidad de situarse bajo el \u00e1ngulo de los sistemas privilegiados K y K&#8217; \u00bfQu\u00e9 ocurrir\u00eda de ser formuladas las leyes f\u00edsicas de tal suerte que valieran tambi\u00e9n para un sistema K\u00bb en movimiento rectil\u00edneo no uniforme, o bien uniforme pero no seg\u00fan una l\u00ednea recta? Aqu\u00ed la distinci\u00f3n entre campo de inercia y de gravitaci\u00f3n deja de ser absoluta, puesto que, por ejemplo, respecto de varios individuos situados en un ascensor que caiga de acuerdo con un movimiento uniformemente acelerado, todos los objetos del interior del ascensor se hallan en un campo de inercia (quien dejara suelto entonces un pa\u00f1uelo ver\u00eda c\u00f3mo \u00e9ste se mantiene inm\u00f3vil ante s\u00ed), en tanto que para un observador situado fuera, y en relaci\u00f3n con el cual el aparato se mueve con un movimiento uniformemente acelerado, el ascensor se comporta como un campo de gravitaci\u00f3n.<\/p>\n<p style=\"text-align: justify\">La relatividad general es precisamente la F\u00edsica que mantiene la validez de las leyes incluso respecto del sistema K\u00bb. El postulado de \u00e9sta tiene como consecuencia inmediata la igualdad de la masa inerte y de la ponderal, que la F\u00edsica cl\u00e1sica hab\u00eda de limitarse a aceptar como hecho inexplicable. Con la relatividad general, la F\u00edsica alcanza el mayor grado de generalidad y, si cabe, de objetividad. \u00bfQu\u00e9 ley natural, en efecto, es v\u00e1lida para sistemas de referencia privilegiados? Ninguna, en realidad. Las leyes naturales deben poder ser aplicables a cualquier sistema de referencia; es il\u00f3gico pensar, por ejemplo, que la F\u00edsica no resulta admisible dentro de un ascensor que caiga con un movimiento uniformemente acelerado o en un tiovivo que gire.<\/p>\n<p style=\"text-align: justify\">La relatividad general comporta la previsi\u00f3n te\u00f3rica de numerosos hechos; as\u00ed, por ejemplo: la desviaci\u00f3n de los rayos luminosos que se aproximan a una masa; la traslaci\u00f3n de las rayas espectrales; la del movimiento perih\u00e9lico de Mercurio, etc. La experiencia ha confirmado plenamente estas previsiones te\u00f3ricas.<\/p>\n<p style=\"text-align: justify\">Durante los \u00faltimos a\u00f1os de su existencia, Einstein fij\u00f3 los fundamentos de una tercera teor\u00eda, la del \u00abcampo unitario\u00bb, que unifica en un solo sistema tanto las ecuaciones del \u00e1mbito electromagn\u00e9tico como las del campo de la gravitaci\u00f3n. El desarrollo ulterior de esta teor\u00eda, dejada por el sabio como herencia, permitir\u00e1 seguramente la obtenci\u00f3n -seg\u00fan observa Infeld, disc\u00edpulo de Einstein- no s\u00f3lo de las ecuaciones de ambos campos, sino tambi\u00e9n de las correspondientes a la teor\u00eda de los quanta. Entre sus obras deben destacarse Las bases de la teor\u00eda general de la relatividad (1916); Sobre la teor\u00eda especial y general de la relatividad(1920); Geometr\u00eda y experiencia (1921) y El significado de la relatividad (1945).<\/p>\n","protected":false},"excerpt":{"rendered":"<p>(Ulm, Alemania, 1879 &#8211; Princeton, 1955) Cient\u00edfico estadounidense de origen alem\u00e1n. En 1880 su familia se traslad\u00f3 a Munich y luego (1894-96) a Mil\u00e1n. Frecuent\u00f3 un instituto muniqu\u00e9s, prosigui\u00f3 sus estudios en Italia y finalmente se matricul\u00f3 en la Escuela Polit\u00e9cnica de Zurich (1896-1901). Obtenida la ciudadan\u00eda suiza (1901), encontr\u00f3 un empleo en el Departamento &hellip; <a href=\"https:\/\/blogsaverroes.juntadeandalucia.es\/aprendeconmigo\/biografias\/albert-einstein\/\" class=\"more-link\">Seguir leyendo <span class=\"screen-reader-text\">Albert Einstein<\/span> <span class=\"meta-nav\">&rarr;<\/span><\/a><\/p>\n","protected":false},"author":1529,"featured_media":0,"parent":158,"menu_order":1,"comment_status":"open","ping_status":"open","template":"","meta":{"footnotes":""},"aioseo_notices":[],"_links":{"self":[{"href":"https:\/\/blogsaverroes.juntadeandalucia.es\/aprendeconmigo\/wp-json\/wp\/v2\/pages\/501"}],"collection":[{"href":"https:\/\/blogsaverroes.juntadeandalucia.es\/aprendeconmigo\/wp-json\/wp\/v2\/pages"}],"about":[{"href":"https:\/\/blogsaverroes.juntadeandalucia.es\/aprendeconmigo\/wp-json\/wp\/v2\/types\/page"}],"author":[{"embeddable":true,"href":"https:\/\/blogsaverroes.juntadeandalucia.es\/aprendeconmigo\/wp-json\/wp\/v2\/users\/1529"}],"replies":[{"embeddable":true,"href":"https:\/\/blogsaverroes.juntadeandalucia.es\/aprendeconmigo\/wp-json\/wp\/v2\/comments?post=501"}],"version-history":[{"count":6,"href":"https:\/\/blogsaverroes.juntadeandalucia.es\/aprendeconmigo\/wp-json\/wp\/v2\/pages\/501\/revisions"}],"predecessor-version":[{"id":508,"href":"https:\/\/blogsaverroes.juntadeandalucia.es\/aprendeconmigo\/wp-json\/wp\/v2\/pages\/501\/revisions\/508"}],"up":[{"embeddable":true,"href":"https:\/\/blogsaverroes.juntadeandalucia.es\/aprendeconmigo\/wp-json\/wp\/v2\/pages\/158"}],"wp:attachment":[{"href":"https:\/\/blogsaverroes.juntadeandalucia.es\/aprendeconmigo\/wp-json\/wp\/v2\/media?parent=501"}],"curies":[{"name":"wp","href":"https:\/\/api.w.org\/{rel}","templated":true}]}}