{"id":665,"date":"2018-09-22T18:29:05","date_gmt":"2018-09-22T16:29:05","guid":{"rendered":"http:\/\/blogsaverroes.juntadeandalucia.es\/aprendeconmigo\/?page_id=665"},"modified":"2018-09-22T18:40:16","modified_gmt":"2018-09-22T16:40:16","slug":"criterios-de-evaluacion-1o-bachillerato","status":"publish","type":"page","link":"https:\/\/blogsaverroes.juntadeandalucia.es\/aprendeconmigo\/1o-bachillerato\/criterios-de-evaluacion-1o-bachillerato\/","title":{"rendered":"CRITERIOS DE EVALUACI\u00d3N 1\u00ba BACHILLERATO"},"content":{"rendered":"<p style=\"text-align: justify\">Los <strong>criterios de evaluaci\u00f3n<\/strong> describen aquello que se requiere valorar y que el alumnado debe lograr, tanto en conocimientos como en competencias clave. Responden a lo que se pretende conseguir en cada materia. Se convierten de este modo en el referente espec\u00edfico para evaluar el aprendizaje del alumnado.<\/p>\n<p style=\"text-align: justify\">Los criterios de evaluaci\u00f3n en Andaluc\u00eda vienen recogidos en la Orden de 14 de julio de 2016 del Bolet\u00edn Oficial de la Junta de Andaluc\u00eda.<\/p>\n<p>Para ver los criterios de evaluaci\u00f3n de 1\u00ba de Bachillerato recogidos en la citada Orden, <a href=\"https:\/\/drive.google.com\/file\/d\/16aIKYLUzdcNl86mPjMddPFFrDB1JNXAn\/view?usp=sharing\">pincha aqu\u00ed.<\/a>&nbsp;<\/p>\n<p>&nbsp;<\/p>\n","protected":false},"excerpt":{"rendered":"<p>Los criterios de evaluaci\u00f3n describen aquello que se requiere valorar y que el alumnado debe lograr, tanto en conocimientos como en competencias clave. Responden a lo que se pretende conseguir en cada materia. Se convierten de este modo en el referente espec\u00edfico para evaluar el aprendizaje del alumnado. Los criterios de evaluaci\u00f3n en Andaluc\u00eda vienen &hellip; <a href=\"https:\/\/blogsaverroes.juntadeandalucia.es\/aprendeconmigo\/1o-bachillerato\/criterios-de-evaluacion-1o-bachillerato\/\" class=\"more-link\">Seguir leyendo <span class=\"screen-reader-text\">CRITERIOS DE EVALUACI\u00d3N 1\u00ba BACHILLERATO<\/span> <span class=\"meta-nav\">&rarr;<\/span><\/a><\/p>\n","protected":false},"author":1529,"featured_media":0,"parent":34,"menu_order":7,"comment_status":"closed","ping_status":"closed","template":"","meta":{"footnotes":""},"aioseo_notices":[],"_links":{"self":[{"href":"https:\/\/blogsaverroes.juntadeandalucia.es\/aprendeconmigo\/wp-json\/wp\/v2\/pages\/665"}],"collection":[{"href":"https:\/\/blogsaverroes.juntadeandalucia.es\/aprendeconmigo\/wp-json\/wp\/v2\/pages"}],"about":[{"href":"https:\/\/blogsaverroes.juntadeandalucia.es\/aprendeconmigo\/wp-json\/wp\/v2\/types\/page"}],"author":[{"embeddable":true,"href":"https:\/\/blogsaverroes.juntadeandalucia.es\/aprendeconmigo\/wp-json\/wp\/v2\/users\/1529"}],"replies":[{"embeddable":true,"href":"https:\/\/blogsaverroes.juntadeandalucia.es\/aprendeconmigo\/wp-json\/wp\/v2\/comments?post=665"}],"version-history":[{"count":2,"href":"https:\/\/blogsaverroes.juntadeandalucia.es\/aprendeconmigo\/wp-json\/wp\/v2\/pages\/665\/revisions"}],"predecessor-version":[{"id":673,"href":"https:\/\/blogsaverroes.juntadeandalucia.es\/aprendeconmigo\/wp-json\/wp\/v2\/pages\/665\/revisions\/673"}],"up":[{"embeddable":true,"href":"https:\/\/blogsaverroes.juntadeandalucia.es\/aprendeconmigo\/wp-json\/wp\/v2\/pages\/34"}],"wp:attachment":[{"href":"https:\/\/blogsaverroes.juntadeandalucia.es\/aprendeconmigo\/wp-json\/wp\/v2\/media?parent=665"}],"curies":[{"name":"wp","href":"https:\/\/api.w.org\/{rel}","templated":true}]}}