{"id":83,"date":"2015-03-14T23:38:39","date_gmt":"2015-03-14T22:38:39","guid":{"rendered":"http:\/\/blogsaverroes.juntadeandalucia.es\/aprendeconmigo\/?page_id=83"},"modified":"2019-11-05T20:45:37","modified_gmt":"2019-11-05T19:45:37","slug":"httpsdrive-google-comfiled1ime4efm6_n_eqjn13f538vtu_6hwbmbhviewuspsharing","status":"publish","type":"page","link":"https:\/\/blogsaverroes.juntadeandalucia.es\/aprendeconmigo\/2o-bachillerato\/httpsdrive-google-comfiled1ime4efm6_n_eqjn13f538vtu_6hwbmbhviewuspsharing\/","title":{"rendered":"Orientaciones F\u00edsica Selectividad 2019\/2020"},"content":{"rendered":"<p><a href=\"https:\/\/drive.google.com\/file\/d\/1Nb8nQFRCZXw1TBExvxr-Z-TRsJvs95P0\/view?usp=sharing\">Directrices y orientaciones para la prueba PBAU de F\u00edsica de la Universidad de Ja\u00e9n para el curso 2019\/2020.<\/a><\/p>\n<figure id=\"attachment_86\" aria-describedby=\"caption-attachment-86\" style=\"width: 300px\" class=\"wp-caption aligncenter\"><a href=\"http:\/\/blogsaverroes.juntadeandalucia.es\/aprendeconmigo\/files\/2015\/03\/Panor\u00e1mica_de_la_fuente_Universidad_de_Ja\u00e9n_Ja\u00e9n_Espa\u00f1a_2014.jpg\"><img loading=\"lazy\" decoding=\"async\" class=\"wp-image-86 size-medium\" src=\"http:\/\/blogsaverroes.juntadeandalucia.es\/aprendeconmigo\/files\/2015\/03\/Panor\u00e1mica_de_la_fuente_Universidad_de_Ja\u00e9n_Ja\u00e9n_Espa\u00f1a_2014-300x97.jpg\" alt=\"Panor\u00e1mica de la fuente de la Universidad de Ja\u00e9n\" width=\"300\" height=\"97\" srcset=\"https:\/\/blogsaverroes.juntadeandalucia.es\/aprendeconmigo\/files\/2015\/03\/Panor\u00e1mica_de_la_fuente_Universidad_de_Ja\u00e9n_Ja\u00e9n_Espa\u00f1a_2014-300x97.jpg 300w, https:\/\/blogsaverroes.juntadeandalucia.es\/aprendeconmigo\/files\/2015\/03\/Panor\u00e1mica_de_la_fuente_Universidad_de_Ja\u00e9n_Ja\u00e9n_Espa\u00f1a_2014-1024x332.jpg 1024w, https:\/\/blogsaverroes.juntadeandalucia.es\/aprendeconmigo\/files\/2015\/03\/Panor\u00e1mica_de_la_fuente_Universidad_de_Ja\u00e9n_Ja\u00e9n_Espa\u00f1a_2014.jpg 1600w\" sizes=\"(max-width: 300px) 100vw, 300px\" \/><\/a><figcaption id=\"caption-attachment-86\" class=\"wp-caption-text\">Panor\u00e1mica de la fuente de la Universidad de Ja\u00e9n<\/figcaption><\/figure>\n","protected":false},"excerpt":{"rendered":"<p>Directrices y orientaciones para la prueba PBAU de F\u00edsica de la Universidad de Ja\u00e9n para el curso 2019\/2020.<\/p>\n","protected":false},"author":1529,"featured_media":0,"parent":38,"menu_order":0,"comment_status":"closed","ping_status":"closed","template":"","meta":{"footnotes":""},"aioseo_notices":[],"_links":{"self":[{"href":"https:\/\/blogsaverroes.juntadeandalucia.es\/aprendeconmigo\/wp-json\/wp\/v2\/pages\/83"}],"collection":[{"href":"https:\/\/blogsaverroes.juntadeandalucia.es\/aprendeconmigo\/wp-json\/wp\/v2\/pages"}],"about":[{"href":"https:\/\/blogsaverroes.juntadeandalucia.es\/aprendeconmigo\/wp-json\/wp\/v2\/types\/page"}],"author":[{"embeddable":true,"href":"https:\/\/blogsaverroes.juntadeandalucia.es\/aprendeconmigo\/wp-json\/wp\/v2\/users\/1529"}],"replies":[{"embeddable":true,"href":"https:\/\/blogsaverroes.juntadeandalucia.es\/aprendeconmigo\/wp-json\/wp\/v2\/comments?post=83"}],"version-history":[{"count":18,"href":"https:\/\/blogsaverroes.juntadeandalucia.es\/aprendeconmigo\/wp-json\/wp\/v2\/pages\/83\/revisions"}],"predecessor-version":[{"id":703,"href":"https:\/\/blogsaverroes.juntadeandalucia.es\/aprendeconmigo\/wp-json\/wp\/v2\/pages\/83\/revisions\/703"}],"up":[{"embeddable":true,"href":"https:\/\/blogsaverroes.juntadeandalucia.es\/aprendeconmigo\/wp-json\/wp\/v2\/pages\/38"}],"wp:attachment":[{"href":"https:\/\/blogsaverroes.juntadeandalucia.es\/aprendeconmigo\/wp-json\/wp\/v2\/media?parent=83"}],"curies":[{"name":"wp","href":"https:\/\/api.w.org\/{rel}","templated":true}]}}