{"id":98,"date":"2015-03-15T13:19:04","date_gmt":"2015-03-15T12:19:04","guid":{"rendered":"http:\/\/blogsaverroes.juntadeandalucia.es\/aprendeconmigo\/?page_id=98"},"modified":"2015-03-31T13:31:50","modified_gmt":"2015-03-31T11:31:50","slug":"pagina-de-inicio","status":"publish","type":"page","link":"https:\/\/blogsaverroes.juntadeandalucia.es\/aprendeconmigo\/","title":{"rendered":"BIENVENIDO"},"content":{"rendered":"<p><span style=\"color: #800000\"><b><a href=\"http:\/\/blogsaverroes.juntadeandalucia.es\/aprendeconmigo\/files\/2015\/03\/ciencia_divertida_212.jpg\"><img loading=\"lazy\" decoding=\"async\" class=\"alignright wp-image-115\" src=\"http:\/\/blogsaverroes.juntadeandalucia.es\/aprendeconmigo\/files\/2015\/03\/ciencia_divertida_212-298x300.jpg\" alt=\"ciencia_divertida_212\" width=\"139\" height=\"140\" srcset=\"https:\/\/blogsaverroes.juntadeandalucia.es\/aprendeconmigo\/files\/2015\/03\/ciencia_divertida_212-298x300.jpg 298w, https:\/\/blogsaverroes.juntadeandalucia.es\/aprendeconmigo\/files\/2015\/03\/ciencia_divertida_212-150x150.jpg 150w, https:\/\/blogsaverroes.juntadeandalucia.es\/aprendeconmigo\/files\/2015\/03\/ciencia_divertida_212.jpg 318w\" sizes=\"(max-width: 139px) 100vw, 139px\" \/><\/a>APRENDE CONMIGO<\/b><\/span><\/p>\n<p style=\"text-align: justify\"><span style=\"color: #000080\">Enfrascados en la ardua tarea de la ense\u00f1anza, considero que podr\u00eda ser \u00fatil proporcionar a nuestros alumnos y alumnas una serie de art\u00edculos relacionados muy directamente con la materia de F\u00edsica y Qu\u00edmica.<\/span><\/p>\n<p style=\"text-align: justify\"><span style=\"color: #000080\">En este blog incluyo unidades did\u00e1cticas, bater\u00edas de ejercicios y actividades, algunas pr\u00e1cticas de laboratorio sencillas y una serie de utilidades diversas.<\/span><\/p>\n<p style=\"text-align: justify\"><span style=\"color: #000080\">En principio est\u00e1n dirigidas a nuestro alumnado de 3\u00baESO, 4\u00baESO, 1\u00baBachillerato y 2\u00ba Bachillerato, si bien m\u00e1s adelante podr\u00eda hacerse extensivo a otros niveles.<\/span><\/p>\n<p style=\"text-align: justify\"><span style=\"color: #000080\">Con la intenci\u00f3n de educar y ense\u00f1ar, espero os guste y sea de utilidad.<\/span><\/p>\n<p style=\"text-align: justify\"><span style=\"color: #000080\">Un saludo.<\/span><\/p>\n","protected":false},"excerpt":{"rendered":"<p>APRENDE CONMIGO Enfrascados en la ardua tarea de la ense\u00f1anza, considero que podr\u00eda ser \u00fatil proporcionar a nuestros alumnos y alumnas una serie de art\u00edculos relacionados muy directamente con la materia de F\u00edsica y Qu\u00edmica. En este blog incluyo unidades did\u00e1cticas, bater\u00edas de ejercicios y actividades, algunas pr\u00e1cticas de laboratorio sencillas y una serie de &hellip; <a href=\"https:\/\/blogsaverroes.juntadeandalucia.es\/aprendeconmigo\/\" class=\"more-link\">Seguir leyendo <span class=\"screen-reader-text\">BIENVENIDO<\/span> <span class=\"meta-nav\">&rarr;<\/span><\/a><\/p>\n","protected":false},"author":1529,"featured_media":0,"parent":0,"menu_order":0,"comment_status":"closed","ping_status":"closed","template":"","meta":{"footnotes":""},"aioseo_notices":[],"_links":{"self":[{"href":"https:\/\/blogsaverroes.juntadeandalucia.es\/aprendeconmigo\/wp-json\/wp\/v2\/pages\/98"}],"collection":[{"href":"https:\/\/blogsaverroes.juntadeandalucia.es\/aprendeconmigo\/wp-json\/wp\/v2\/pages"}],"about":[{"href":"https:\/\/blogsaverroes.juntadeandalucia.es\/aprendeconmigo\/wp-json\/wp\/v2\/types\/page"}],"author":[{"embeddable":true,"href":"https:\/\/blogsaverroes.juntadeandalucia.es\/aprendeconmigo\/wp-json\/wp\/v2\/users\/1529"}],"replies":[{"embeddable":true,"href":"https:\/\/blogsaverroes.juntadeandalucia.es\/aprendeconmigo\/wp-json\/wp\/v2\/comments?post=98"}],"version-history":[{"count":12,"href":"https:\/\/blogsaverroes.juntadeandalucia.es\/aprendeconmigo\/wp-json\/wp\/v2\/pages\/98\/revisions"}],"predecessor-version":[{"id":179,"href":"https:\/\/blogsaverroes.juntadeandalucia.es\/aprendeconmigo\/wp-json\/wp\/v2\/pages\/98\/revisions\/179"}],"wp:attachment":[{"href":"https:\/\/blogsaverroes.juntadeandalucia.es\/aprendeconmigo\/wp-json\/wp\/v2\/media?parent=98"}],"curies":[{"name":"wp","href":"https:\/\/api.w.org\/{rel}","templated":true}]}}