{"id":33,"date":"2021-07-08T08:46:05","date_gmt":"2021-07-08T08:46:05","guid":{"rendered":"https:\/\/blogsaverroes.juntadeandalucia.es\/aprendiendotde\/?page_id=33"},"modified":"2021-11-16T11:11:08","modified_gmt":"2021-11-16T11:11:08","slug":"sesion-1","status":"publish","type":"page","link":"https:\/\/blogsaverroes.juntadeandalucia.es\/aprendiendotde\/sesion-1\/","title":{"rendered":"Sesi\u00f3n 1."},"content":{"rendered":"<h1><b>La competencia digital en la educaci\u00f3n.<\/b><\/h1>\n<p>En esta primera sesi\u00f3n vamos a trabajar los siguientes contenidos:<\/p>\n<h2><em><strong>1.- Marco normativo:<\/strong><\/em><\/h2>\n<h3 style=\"padding-left: 40px\">1.1.- Marco europeo:<\/h3>\n<h3 style=\"padding-left: 40px\">1.2.- Marcos de referencia europeos.<\/h3>\n<h3 style=\"padding-left: 40px\">1.3.- Legislaci\u00f3n andaluza.<\/h3>\n<h4 style=\"padding-left: 80px\">1.3.1.- Qu\u00e9 funciones corresponden y cu\u00e1les no a la coordinaci\u00f3n TDE.<\/h4>\n<h2><em><strong>2.- Progresi\u00f3n de la competencia digital en el profesorado.<\/strong><\/em><\/h2>\n<h2><em><strong>3.- Herramientas de formaci\u00f3n, ayuda y trabajo colaborativo. <\/strong><\/em><\/h2>\n<h2><em><strong>4.- Cr\u00e9ditos.<\/strong><\/em><\/h2>\n<p>&nbsp;<\/p>\n<p>El material que vamos a usar en la sesi\u00f3n es un REA creado con ExeLearning, y que puede ser reutilizado libremente, siempre y cuando se respeten los t\u00e9rminos de atribuci\u00f3n, uso no comercial y compartir igual, seg\u00fan el est\u00e1ndar Creative Commons. Puedes acceder a dicho material en el siguiente enlace:<\/p>\n<p><a title=\"Sesi\u00f3n 1.\" href=\"https:\/\/graasp.eu\/resources\/613eeebc7587fd3980741dce\/raw\" target=\"_blank\" rel=\"noopener noreferrer\">Sesi\u00f3n 1.<\/a><\/p>\n<p>Tambi\u00e9n puedes ver los contenidos embebidos en esta misma p\u00e1gina:<\/p>\n<p><iframe loading=\"lazy\" src=\"https:\/\/graasp.eu\/resources\/613eeebc7587fd3980741dce\/raw\" width=\"800\" height=\"1200\"><\/iframe><\/p>\n","protected":false},"excerpt":{"rendered":"<p>La competencia digital en la educaci\u00f3n. En esta primera sesi\u00f3n vamos a trabajar los siguientes contenidos: 1.- Marco normativo: 1.1.- Marco europeo: 1.2.- Marcos de referencia europeos. 1.3.- Legislaci\u00f3n andaluza. 1.3.1.- Qu\u00e9 funciones corresponden y cu\u00e1les no a la coordinaci\u00f3n TDE. 2.- Progresi\u00f3n de la competencia digital en el profesorado. 3.- Herramientas de formaci\u00f3n, ayuda &hellip; <a href=\"https:\/\/blogsaverroes.juntadeandalucia.es\/aprendiendotde\/sesion-1\/\" class=\"more-link\">Seguir leyendo <span class=\"screen-reader-text\">Sesi\u00f3n 1.<\/span> <span class=\"meta-nav\">&rarr;<\/span><\/a><\/p>\n","protected":false},"author":7900,"featured_media":0,"parent":0,"menu_order":0,"comment_status":"closed","ping_status":"closed","template":"","meta":{"ngg_post_thumbnail":0,"footnotes":""},"aioseo_notices":[],"_links":{"self":[{"href":"https:\/\/blogsaverroes.juntadeandalucia.es\/aprendiendotde\/wp-json\/wp\/v2\/pages\/33"}],"collection":[{"href":"https:\/\/blogsaverroes.juntadeandalucia.es\/aprendiendotde\/wp-json\/wp\/v2\/pages"}],"about":[{"href":"https:\/\/blogsaverroes.juntadeandalucia.es\/aprendiendotde\/wp-json\/wp\/v2\/types\/page"}],"author":[{"embeddable":true,"href":"https:\/\/blogsaverroes.juntadeandalucia.es\/aprendiendotde\/wp-json\/wp\/v2\/users\/7900"}],"replies":[{"embeddable":true,"href":"https:\/\/blogsaverroes.juntadeandalucia.es\/aprendiendotde\/wp-json\/wp\/v2\/comments?post=33"}],"version-history":[{"count":46,"href":"https:\/\/blogsaverroes.juntadeandalucia.es\/aprendiendotde\/wp-json\/wp\/v2\/pages\/33\/revisions"}],"predecessor-version":[{"id":181,"href":"https:\/\/blogsaverroes.juntadeandalucia.es\/aprendiendotde\/wp-json\/wp\/v2\/pages\/33\/revisions\/181"}],"wp:attachment":[{"href":"https:\/\/blogsaverroes.juntadeandalucia.es\/aprendiendotde\/wp-json\/wp\/v2\/media?parent=33"}],"curies":[{"name":"wp","href":"https:\/\/api.w.org\/{rel}","templated":true}]}}