{"id":36,"date":"2021-07-08T08:47:23","date_gmt":"2021-07-08T08:47:23","guid":{"rendered":"https:\/\/blogsaverroes.juntadeandalucia.es\/aprendiendotde\/?page_id=36"},"modified":"2021-11-16T11:11:03","modified_gmt":"2021-11-16T11:11:03","slug":"sesion-2","status":"publish","type":"page","link":"https:\/\/blogsaverroes.juntadeandalucia.es\/aprendiendotde\/sesion-2\/","title":{"rendered":"Sesi\u00f3n 2."},"content":{"rendered":"<h1><b>Puesta en com\u00fan sobre dificultades y bondades del uso de tecnolog\u00edas en el aula.<\/b><\/h1>\n<p>En la segunda sesi\u00f3n de la formaci\u00f3n TDE vamos a ver los aspectos que se detallan a continuaci\u00f3n. Puedes mandar sugerencias, dudas, dificultades, experiencias, materiales&#8230; en el correo ernestoabad@iescasabermeja.com, y las trataremos en la sesi\u00f3n para beneficio com\u00fan.<\/p>\n<h2><em><strong>1.- Moodle Centros vs. Google Workspace vs. Microsoft 365.<br \/>\n<\/strong><\/em><\/h2>\n<h2><em><strong>2.-Adittio, iDoceo y Cuaderno de S\u00e9neca.<br \/>\n<\/strong><\/em><\/h2>\n<h2><em><strong>3.- Otras plataformas y el problema de la privacidad.<\/strong><\/em><\/h2>\n<h3 style=\"padding-left: 40px\">3.1.- Control del aula a trav\u00e9s de la ludificaci\u00f3n.<\/h3>\n<h3 style=\"padding-left: 40px\">3.2.-Herramientas para que el alumnado cree evidencias de aprendizaje.<\/h3>\n<h3 style=\"padding-left: 40px\">3.3.- Fomento del pensamiento computacional.<\/h3>\n<h3 style=\"padding-left: 40px\">3.4.- Dise\u00f1o 3D y computaci\u00f3n f\u00edsica.<\/h3>\n<h2><em><strong>4.- Uso de los REA en el aula: ExeLearning.<\/strong><\/em><\/h2>\n<h3 style=\"padding-left: 40px\">4.1.- \u00bfQu\u00e9 es un REA?<\/h3>\n<h3 style=\"padding-left: 40px\">4.2.- Repositorios de REA.<\/h3>\n<h3 style=\"padding-left: 40px\">4.3.- ExeLearning.<\/h3>\n<h3 style=\"padding-left: 40px\">4.4.- Estilos EducaAnd.<\/h3>\n<h2><em><strong>5.- Cr\u00e9ditos.<\/strong><\/em><\/h2>\n<p>&nbsp;<\/p>\n<p>Material de la <a title=\"REA de la Sesi\u00f3n 2.\" href=\"https:\/\/graasp.eu\/resources\/6159ac5d8aced55d21d98dd6\/index.html\" target=\"_blank\" rel=\"noopener noreferrer\">Sesi\u00f3n 2.<\/a><\/p>\n<p>&nbsp;<\/p>\n<p><iframe loading=\"lazy\" src=\"https:\/\/graasp.eu\/resources\/6159ac5d8aced55d21d98dd6\/raw\" width=\"800\" height=\"1200\"><\/iframe><\/p>\n","protected":false},"excerpt":{"rendered":"<p>Puesta en com\u00fan sobre dificultades y bondades del uso de tecnolog\u00edas en el aula. En la segunda sesi\u00f3n de la formaci\u00f3n TDE vamos a ver los aspectos que se detallan a continuaci\u00f3n. Puedes mandar sugerencias, dudas, dificultades, experiencias, materiales&#8230; en el correo ernestoabad@iescasabermeja.com, y las trataremos en la sesi\u00f3n para beneficio com\u00fan. 1.- Moodle Centros &hellip; <a href=\"https:\/\/blogsaverroes.juntadeandalucia.es\/aprendiendotde\/sesion-2\/\" class=\"more-link\">Seguir leyendo <span class=\"screen-reader-text\">Sesi\u00f3n 2.<\/span> <span class=\"meta-nav\">&rarr;<\/span><\/a><\/p>\n","protected":false},"author":7900,"featured_media":0,"parent":0,"menu_order":0,"comment_status":"closed","ping_status":"closed","template":"","meta":{"ngg_post_thumbnail":0,"footnotes":""},"aioseo_notices":[],"_links":{"self":[{"href":"https:\/\/blogsaverroes.juntadeandalucia.es\/aprendiendotde\/wp-json\/wp\/v2\/pages\/36"}],"collection":[{"href":"https:\/\/blogsaverroes.juntadeandalucia.es\/aprendiendotde\/wp-json\/wp\/v2\/pages"}],"about":[{"href":"https:\/\/blogsaverroes.juntadeandalucia.es\/aprendiendotde\/wp-json\/wp\/v2\/types\/page"}],"author":[{"embeddable":true,"href":"https:\/\/blogsaverroes.juntadeandalucia.es\/aprendiendotde\/wp-json\/wp\/v2\/users\/7900"}],"replies":[{"embeddable":true,"href":"https:\/\/blogsaverroes.juntadeandalucia.es\/aprendiendotde\/wp-json\/wp\/v2\/comments?post=36"}],"version-history":[{"count":10,"href":"https:\/\/blogsaverroes.juntadeandalucia.es\/aprendiendotde\/wp-json\/wp\/v2\/pages\/36\/revisions"}],"predecessor-version":[{"id":180,"href":"https:\/\/blogsaverroes.juntadeandalucia.es\/aprendiendotde\/wp-json\/wp\/v2\/pages\/36\/revisions\/180"}],"wp:attachment":[{"href":"https:\/\/blogsaverroes.juntadeandalucia.es\/aprendiendotde\/wp-json\/wp\/v2\/media?parent=36"}],"curies":[{"name":"wp","href":"https:\/\/api.w.org\/{rel}","templated":true}]}}