{"id":38,"date":"2021-07-08T08:57:08","date_gmt":"2021-07-08T08:57:08","guid":{"rendered":"https:\/\/blogsaverroes.juntadeandalucia.es\/aprendiendotde\/?page_id=38"},"modified":"2021-11-16T11:09:12","modified_gmt":"2021-11-16T11:09:12","slug":"sesion-3","status":"publish","type":"page","link":"https:\/\/blogsaverroes.juntadeandalucia.es\/aprendiendotde\/sesion-3\/","title":{"rendered":"Sesi\u00f3n 3."},"content":{"rendered":"<h1><b>Posibilidades de inversi\u00f3n en recursos tecnol\u00f3gicos para el aula.<\/b><\/h1>\n<p>Para la tercera sesi\u00f3n de la formaci\u00f3n TDE se tratar\u00e1n los temas que aparecen en el siguiente \u00edndice. Si quieres plantear dudas, problemas o dificultades, o compartir alguna experiencia, puedes mandarme un correo a ernestoabad@iescasabermeja.com para que lo tenga previsto.<\/p>\n<h2><em><strong>1.- Aulas de futuro.<\/strong><\/em><\/h2>\n<h2><em><strong>2.- Tablets como sustitutas del trabajo con port\u00e1tiles.<\/strong><\/em><\/h2>\n<h2><em><strong>3.- Televisores + marcos infrarrojos como sustitutos de las PDI\/SDI.<\/strong><\/em><\/h2>\n<h2><em><strong>4.- Materiales para la creaci\u00f3n de una radio escolar.<\/strong><\/em><\/h2>\n<h2><em><strong>5.- Creaci\u00f3n de un estudio de grabaci\u00f3n de v\u00eddeo (croma, focos,&#8230;)<\/strong><\/em><\/h2>\n<h2><em><strong>6.- Kits de rob\u00f3tica e impresoras 3D.<\/strong><\/em><\/h2>\n<h3 style=\"padding-left: 40px\">6.1.- Kits de rob\u00f3tica.<\/h3>\n<h3 style=\"padding-left: 40px\">6.2.- Impresoras 3D.<\/h3>\n<h2><em><strong>7.- Cr\u00e9ditos.<\/strong><\/em><\/h2>\n<p>&nbsp;<\/p>\n<p>Material de la <a title=\"Sesi\u00f3n 3 de la formaci\u00f3n TDE.\" href=\"https:\/\/graasp.eu\/resources\/6189af35aeb6db379ce97191\/raw\" target=\"_blank\" rel=\"noopener noreferrer\">sesi\u00f3n 3<\/a>.<\/p>\n<p>&nbsp;<\/p>\n<p><iframe loading=\"lazy\" src=\"https:\/\/graasp.eu\/resources\/6189af35aeb6db379ce97191\/raw\" width=\"800\" height=\"1200\"><\/iframe><\/p>\n","protected":false},"excerpt":{"rendered":"<p>Posibilidades de inversi\u00f3n en recursos tecnol\u00f3gicos para el aula. Para la tercera sesi\u00f3n de la formaci\u00f3n TDE se tratar\u00e1n los temas que aparecen en el siguiente \u00edndice. Si quieres plantear dudas, problemas o dificultades, o compartir alguna experiencia, puedes mandarme un correo a ernestoabad@iescasabermeja.com para que lo tenga previsto. 1.- Aulas de futuro. 2.- Tablets &hellip; <a href=\"https:\/\/blogsaverroes.juntadeandalucia.es\/aprendiendotde\/sesion-3\/\" class=\"more-link\">Seguir leyendo <span class=\"screen-reader-text\">Sesi\u00f3n 3.<\/span> <span class=\"meta-nav\">&rarr;<\/span><\/a><\/p>\n","protected":false},"author":7900,"featured_media":0,"parent":0,"menu_order":0,"comment_status":"closed","ping_status":"closed","template":"","meta":{"ngg_post_thumbnail":0,"footnotes":""},"aioseo_notices":[],"_links":{"self":[{"href":"https:\/\/blogsaverroes.juntadeandalucia.es\/aprendiendotde\/wp-json\/wp\/v2\/pages\/38"}],"collection":[{"href":"https:\/\/blogsaverroes.juntadeandalucia.es\/aprendiendotde\/wp-json\/wp\/v2\/pages"}],"about":[{"href":"https:\/\/blogsaverroes.juntadeandalucia.es\/aprendiendotde\/wp-json\/wp\/v2\/types\/page"}],"author":[{"embeddable":true,"href":"https:\/\/blogsaverroes.juntadeandalucia.es\/aprendiendotde\/wp-json\/wp\/v2\/users\/7900"}],"replies":[{"embeddable":true,"href":"https:\/\/blogsaverroes.juntadeandalucia.es\/aprendiendotde\/wp-json\/wp\/v2\/comments?post=38"}],"version-history":[{"count":12,"href":"https:\/\/blogsaverroes.juntadeandalucia.es\/aprendiendotde\/wp-json\/wp\/v2\/pages\/38\/revisions"}],"predecessor-version":[{"id":179,"href":"https:\/\/blogsaverroes.juntadeandalucia.es\/aprendiendotde\/wp-json\/wp\/v2\/pages\/38\/revisions\/179"}],"wp:attachment":[{"href":"https:\/\/blogsaverroes.juntadeandalucia.es\/aprendiendotde\/wp-json\/wp\/v2\/media?parent=38"}],"curies":[{"name":"wp","href":"https:\/\/api.w.org\/{rel}","templated":true}]}}