{"id":40,"date":"2021-07-08T08:57:38","date_gmt":"2021-07-08T08:57:38","guid":{"rendered":"https:\/\/blogsaverroes.juntadeandalucia.es\/aprendiendotde\/?page_id=40"},"modified":"2021-11-16T12:39:53","modified_gmt":"2021-11-16T12:39:53","slug":"sesion-4","status":"publish","type":"page","link":"https:\/\/blogsaverroes.juntadeandalucia.es\/aprendiendotde\/sesion-4\/","title":{"rendered":"Sesi\u00f3n 4."},"content":{"rendered":"<h1><b>Actualizaci\u00f3n de equipos inform\u00e1ticos en el \u00e1mbito escolar.<\/b><\/h1>\n<p>En la \u00faltima sesi\u00f3n, nos centraremos en el material obsoleto de que disponemos en los centros, tal y como se ve a continuaci\u00f3n. Como siempre, para cualquier duda o aportaci\u00f3n, puedes contactar conmigo en el correo ernestoabad@iescasabermeja.com<\/p>\n<h2><em><strong>1.- De Guadalinex a EducaAndOs.<\/strong><\/em><\/h2>\n<h2><em><strong>2.- Proyecto And@red: dotaci\u00f3n para los centros docentes.<\/strong><\/em><\/h2>\n<h3 style=\"padding-left: 40px\">2.1.- Ordenadores de sobremesa.<\/h3>\n<h3 style=\"padding-left: 40px\">2.2.- Port\u00e1tiles Toshiba.<\/h3>\n<h2><em><strong>3.- Escuela TIC 2.0.<\/strong><\/em><\/h2>\n<h3 style=\"padding-left: 40px\">3.1.- Dotaci\u00f3n TIC 2.0: notebooks.<\/h3>\n<h3 style=\"padding-left: 40px\">3.2.- Tablets Vexia EDU Atla 10 duadas (Android y Guadalinex).<\/h3>\n<h3 style=\"padding-left: 40px\">3.3.- PDI y SDI.<\/h3>\n<h2><em><strong>4.- <\/strong><\/em><em><strong>Material obsoleto de dotaci\u00f3n en el centro.<\/strong><\/em><\/h2>\n<h3 style=\"padding-left: 40px\">4.1.- Posibles usos del material en desuso.<\/h3>\n<h3 style=\"padding-left: 40px\">4.2.- Aprovechamiento de routers antiguos para configurar puntos de acceso.<\/h3>\n<h3 style=\"padding-left: 40px\">4.3.- Proceso para la baja del material escolar.<\/h3>\n<h2><em><strong>5.- Creaci\u00f3n de pendrive para borrado de port\u00e1tiles de dotaci\u00f3n TDE.<\/strong><\/em><\/h2>\n<h2><em><strong>6.- Cr\u00e9ditos.<\/strong><\/em><\/h2>\n<p>&nbsp;<\/p>\n<p>El material que vamos a usar en la sesi\u00f3n es un REA creado con ExeLearning, y que puede ser reutilizado libremente, siempre y cuando se respeten los t\u00e9rminos de atribuci\u00f3n, uso no comercial y compartir igual, seg\u00fan el est\u00e1ndar Creative Commons. Puedes acceder a dicho material en el siguiente enlace:<\/p>\n<p><a title=\"Sesi\u00f3n 1.\" href=\"https:\/\/graasp.eu\/resources\/6192ffcb4d713c5eba727c24\/raw\" target=\"_blank\" rel=\"noopener noreferrer\">Sesi\u00f3n 4.<\/a><\/p>\n<p>Tambi\u00e9n puedes ver los contenidos embebidos en esta misma p\u00e1gina:<\/p>\n<p><iframe loading=\"lazy\" src=\"https:\/\/graasp.eu\/resources\/6192ffcb4d713c5eba727c24\/raw\" width=\"800\" height=\"1200\"><\/iframe><\/p>\n","protected":false},"excerpt":{"rendered":"<p>Actualizaci\u00f3n de equipos inform\u00e1ticos en el \u00e1mbito escolar. En la \u00faltima sesi\u00f3n, nos centraremos en el material obsoleto de que disponemos en los centros, tal y como se ve a continuaci\u00f3n. Como siempre, para cualquier duda o aportaci\u00f3n, puedes contactar conmigo en el correo ernestoabad@iescasabermeja.com 1.- De Guadalinex a EducaAndOs. 2.- Proyecto And@red: dotaci\u00f3n para &hellip; <a href=\"https:\/\/blogsaverroes.juntadeandalucia.es\/aprendiendotde\/sesion-4\/\" class=\"more-link\">Seguir leyendo <span class=\"screen-reader-text\">Sesi\u00f3n 4.<\/span> <span class=\"meta-nav\">&rarr;<\/span><\/a><\/p>\n","protected":false},"author":7900,"featured_media":0,"parent":0,"menu_order":0,"comment_status":"closed","ping_status":"closed","template":"","meta":{"ngg_post_thumbnail":0,"footnotes":""},"aioseo_notices":[],"_links":{"self":[{"href":"https:\/\/blogsaverroes.juntadeandalucia.es\/aprendiendotde\/wp-json\/wp\/v2\/pages\/40"}],"collection":[{"href":"https:\/\/blogsaverroes.juntadeandalucia.es\/aprendiendotde\/wp-json\/wp\/v2\/pages"}],"about":[{"href":"https:\/\/blogsaverroes.juntadeandalucia.es\/aprendiendotde\/wp-json\/wp\/v2\/types\/page"}],"author":[{"embeddable":true,"href":"https:\/\/blogsaverroes.juntadeandalucia.es\/aprendiendotde\/wp-json\/wp\/v2\/users\/7900"}],"replies":[{"embeddable":true,"href":"https:\/\/blogsaverroes.juntadeandalucia.es\/aprendiendotde\/wp-json\/wp\/v2\/comments?post=40"}],"version-history":[{"count":13,"href":"https:\/\/blogsaverroes.juntadeandalucia.es\/aprendiendotde\/wp-json\/wp\/v2\/pages\/40\/revisions"}],"predecessor-version":[{"id":182,"href":"https:\/\/blogsaverroes.juntadeandalucia.es\/aprendiendotde\/wp-json\/wp\/v2\/pages\/40\/revisions\/182"}],"wp:attachment":[{"href":"https:\/\/blogsaverroes.juntadeandalucia.es\/aprendiendotde\/wp-json\/wp\/v2\/media?parent=40"}],"curies":[{"name":"wp","href":"https:\/\/api.w.org\/{rel}","templated":true}]}}