{"id":165,"date":"2020-06-16T17:34:53","date_gmt":"2020-06-16T17:34:53","guid":{"rendered":"https:\/\/blogsaverroes.juntadeandalucia.es\/aprendomatematicas\/?page_id=165"},"modified":"2020-06-16T17:47:34","modified_gmt":"2020-06-16T17:47:34","slug":"numeros-naturales","status":"publish","type":"page","link":"https:\/\/blogsaverroes.juntadeandalucia.es\/aprendomatematicas\/numeros-naturales\/","title":{"rendered":"N\u00daMEROS NATURALES"},"content":{"rendered":"<p><img loading=\"lazy\" decoding=\"async\" class=\"alignnone size-medium wp-image-166 aligncenter\" src=\"https:\/\/blogsaverroes.juntadeandalucia.es\/aprendomatematicas\/files\/2020\/06\/pocket-watch-2036304_1920-300x169.jpg\" alt=\"\" width=\"300\" height=\"169\" srcset=\"https:\/\/blogsaverroes.juntadeandalucia.es\/aprendomatematicas\/files\/2020\/06\/pocket-watch-2036304_1920-300x169.jpg 300w, https:\/\/blogsaverroes.juntadeandalucia.es\/aprendomatematicas\/files\/2020\/06\/pocket-watch-2036304_1920-768x432.jpg 768w, https:\/\/blogsaverroes.juntadeandalucia.es\/aprendomatematicas\/files\/2020\/06\/pocket-watch-2036304_1920-1024x576.jpg 1024w, https:\/\/blogsaverroes.juntadeandalucia.es\/aprendomatematicas\/files\/2020\/06\/pocket-watch-2036304_1920-24x14.jpg 24w, https:\/\/blogsaverroes.juntadeandalucia.es\/aprendomatematicas\/files\/2020\/06\/pocket-watch-2036304_1920-36x20.jpg 36w, https:\/\/blogsaverroes.juntadeandalucia.es\/aprendomatematicas\/files\/2020\/06\/pocket-watch-2036304_1920-48x27.jpg 48w, https:\/\/blogsaverroes.juntadeandalucia.es\/aprendomatematicas\/files\/2020\/06\/pocket-watch-2036304_1920.jpg 1600w\" sizes=\"(max-width: 300px) 100vw, 300px\" \/><\/p>\n<p>Todas las civilizaciones han tenido un sistema de numeraci\u00f3n. Estos han pasado de unos pueblos a otros y han evolucionado a lo largo del tiempo.<\/p>\n<p>A continuaci\u00f3n veremos un v\u00eddeo donde se observar\u00e1 de forma breve la evoluci\u00f3n de los n\u00fameros.<\/p>\n<p><iframe loading=\"lazy\" title=\"1.  Brev\u00edsima historia de los n\u00fameros\" width=\"500\" height=\"281\" src=\"https:\/\/www.youtube.com\/embed\/IQK4mKYFCs8?feature=oembed&#038;wmode=opaque\" frameborder=\"0\" allow=\"accelerometer; autoplay; encrypted-media; gyroscope; picture-in-picture\" allowfullscreen><\/iframe><\/p>\n<p><span style=\"font-size: 8pt\">Fuente: Youtube, Daniel Liviano Sol\u00eds, Licencia CC-BY (Youtube)<\/span><\/p>\n<p>Una vez visionado, vamos a realizar unas actividades sobre este tema:<\/p>\n<ol>\n<li>Seg\u00fan la tabla siguiente que muestra la relaci\u00f3n entre los n\u00fameros romanos y los nuestros, escribe en sistema de numeraci\u00f3n romano los siguientes n\u00fameros:<\/li>\n<\/ol>\n<p>&nbsp; &nbsp; &nbsp; &nbsp; &nbsp; &nbsp; 345&nbsp; &nbsp; &nbsp; &nbsp; &nbsp; &nbsp; &nbsp; &nbsp;456&nbsp; &nbsp; &nbsp; &nbsp; &nbsp; &nbsp; &nbsp; &nbsp; &nbsp; &nbsp; 278&nbsp; &nbsp; &nbsp; &nbsp; &nbsp; &nbsp; &nbsp; &nbsp; &nbsp; &nbsp; &nbsp; &nbsp; &nbsp;46&nbsp; &nbsp; &nbsp; &nbsp; &nbsp; &nbsp; &nbsp; &nbsp; &nbsp; &nbsp; &nbsp;2358&nbsp; &nbsp; &nbsp; &nbsp; &nbsp; &nbsp; &nbsp; &nbsp; &nbsp; &nbsp; &nbsp; &nbsp; 328&nbsp; &nbsp; &nbsp; &nbsp; &nbsp; &nbsp; &nbsp; &nbsp; &nbsp; 84&nbsp; &nbsp; &nbsp; &nbsp; &nbsp; &nbsp; &nbsp; &nbsp; &nbsp; &nbsp; 765&nbsp; &nbsp; &nbsp; &nbsp; &nbsp; &nbsp; &nbsp; &nbsp; &nbsp;39<\/p>\n<p><img loading=\"lazy\" decoding=\"async\" class=\"alignnone size-medium wp-image-167\" src=\"https:\/\/blogsaverroes.juntadeandalucia.es\/aprendomatematicas\/files\/2020\/06\/numeros-romanos-300x205.jpg\" alt=\"\" width=\"300\" height=\"205\" srcset=\"https:\/\/blogsaverroes.juntadeandalucia.es\/aprendomatematicas\/files\/2020\/06\/numeros-romanos-300x205.jpg 300w, https:\/\/blogsaverroes.juntadeandalucia.es\/aprendomatematicas\/files\/2020\/06\/numeros-romanos-24x16.jpg 24w, https:\/\/blogsaverroes.juntadeandalucia.es\/aprendomatematicas\/files\/2020\/06\/numeros-romanos-36x25.jpg 36w, https:\/\/blogsaverroes.juntadeandalucia.es\/aprendomatematicas\/files\/2020\/06\/numeros-romanos-48x33.jpg 48w, https:\/\/blogsaverroes.juntadeandalucia.es\/aprendomatematicas\/files\/2020\/06\/numeros-romanos.jpg 515w\" sizes=\"(max-width: 300px) 100vw, 300px\" \/><\/p>\n<p>&nbsp; &nbsp; &nbsp; &nbsp; &nbsp; &nbsp;2.Ahora nos toca al rev\u00e9s que antes. Escribir en el sistema de numeraci\u00f3n decimal los siguientes n\u00fameros romanos:<\/p>\n<p>&nbsp; &nbsp; &nbsp; &nbsp; &nbsp; &nbsp; &nbsp; &nbsp; &nbsp; &nbsp; &nbsp; &nbsp; &nbsp; &nbsp; &nbsp; &nbsp; &nbsp; &nbsp; &nbsp; &nbsp; &nbsp; &nbsp; &nbsp; &nbsp; &nbsp; &nbsp; CXLI&nbsp; &nbsp; &nbsp; &nbsp; &nbsp; DLI&nbsp; &nbsp; &nbsp; MMCCXX&nbsp; &nbsp; &nbsp; &nbsp;XXVI&nbsp; &nbsp; &nbsp; &nbsp;CCCLXII&nbsp; &nbsp; DCCLV&nbsp; &nbsp; &nbsp; &nbsp;MMDCDIII<\/p>\n<p>&nbsp; &nbsp; &nbsp; &nbsp; &nbsp; &nbsp;3. Inventad un sistema de numeraci\u00f3n y escribe tres n\u00fameros&nbsp; en \u00e9l. P\u00e1salo a tu compa\u00f1ero para que averig\u00fce que n\u00famero es en el sistema de numeraci\u00f3n decimal.<\/p>\n<p>&nbsp;<\/p>\n<p>&nbsp;<\/p>\n","protected":false},"excerpt":{"rendered":"<p>Todas las civilizaciones han tenido un sistema de numeraci\u00f3n. Estos han pasado de unos pueblos a otros y han evolucionado a lo largo del tiempo. A continuaci\u00f3n veremos un v\u00eddeo donde se observar\u00e1 de&#46;&#46;&#46;<\/p>\n","protected":false},"author":5969,"featured_media":0,"parent":0,"menu_order":0,"comment_status":"closed","ping_status":"closed","template":"","meta":{"ngg_post_thumbnail":0,"footnotes":""},"aioseo_notices":[],"_links":{"self":[{"href":"https:\/\/blogsaverroes.juntadeandalucia.es\/aprendomatematicas\/wp-json\/wp\/v2\/pages\/165"}],"collection":[{"href":"https:\/\/blogsaverroes.juntadeandalucia.es\/aprendomatematicas\/wp-json\/wp\/v2\/pages"}],"about":[{"href":"https:\/\/blogsaverroes.juntadeandalucia.es\/aprendomatematicas\/wp-json\/wp\/v2\/types\/page"}],"author":[{"embeddable":true,"href":"https:\/\/blogsaverroes.juntadeandalucia.es\/aprendomatematicas\/wp-json\/wp\/v2\/users\/5969"}],"replies":[{"embeddable":true,"href":"https:\/\/blogsaverroes.juntadeandalucia.es\/aprendomatematicas\/wp-json\/wp\/v2\/comments?post=165"}],"version-history":[{"count":3,"href":"https:\/\/blogsaverroes.juntadeandalucia.es\/aprendomatematicas\/wp-json\/wp\/v2\/pages\/165\/revisions"}],"predecessor-version":[{"id":174,"href":"https:\/\/blogsaverroes.juntadeandalucia.es\/aprendomatematicas\/wp-json\/wp\/v2\/pages\/165\/revisions\/174"}],"wp:attachment":[{"href":"https:\/\/blogsaverroes.juntadeandalucia.es\/aprendomatematicas\/wp-json\/wp\/v2\/media?parent=165"}],"curies":[{"name":"wp","href":"https:\/\/api.w.org\/{rel}","templated":true}]}}