{"id":141,"date":"2015-03-17T07:13:24","date_gmt":"2015-03-17T07:13:24","guid":{"rendered":"http:\/\/blogsaverroes.juntadeandalucia.es\/pre\/ceip\/?page_id=141"},"modified":"2020-10-13T15:38:49","modified_gmt":"2020-10-13T15:38:49","slug":"escolarizacion","status":"publish","type":"page","link":"https:\/\/blogsaverroes.juntadeandalucia.es\/aralmodovar\/escolarizacion\/","title":{"rendered":"Blogs de inter\u00e9s"},"content":{"rendered":"<p>Si haces&nbsp;click en los enlaces siguientes, tendr\u00e1s acceso a los blogs desarrollados por el profesorado que imparte docencia en nuestro centro.&nbsp;En ellos encontrar\u00e1s material did\u00e1ctico para practicar con los peque\u00f1os en casa:<\/p>\n<p>Puedes visitar el blog del \u00e1rea de ingl\u00e9s, creado por el profe Diego, en:&nbsp;<a href=\"https:\/\/englishatara.blogspot.com\/\" target=\"_blank\" rel=\"noopener noreferrer\">https:\/\/englishatara.blogspot.com\/<\/a><\/p>\n<p><a href=\"https:\/\/englishatara.blogspot.com\/\" target=\"_blank\" rel=\"noopener noreferrer\"><img decoding=\"async\" class=\"aligncenter wp-image-2677 size-medium\" src=\"https:\/\/blogsaverroes.juntadeandalucia.es\/aralmodovar\/files\/2020\/10\/english-at-ara-300x158.png\" alt=\"\" width=\"300\" height=\"158\" srcset=\"https:\/\/blogsaverroes.juntadeandalucia.es\/aralmodovar\/files\/2020\/10\/english-at-ara-300x158.png 300w, https:\/\/blogsaverroes.juntadeandalucia.es\/aralmodovar\/files\/2020\/10\/english-at-ara-1024x541.png 1024w, https:\/\/blogsaverroes.juntadeandalucia.es\/aralmodovar\/files\/2020\/10\/english-at-ara-768x405.png 768w, https:\/\/blogsaverroes.juntadeandalucia.es\/aralmodovar\/files\/2020\/10\/english-at-ara-24x13.png 24w, https:\/\/blogsaverroes.juntadeandalucia.es\/aralmodovar\/files\/2020\/10\/english-at-ara-36x19.png 36w, https:\/\/blogsaverroes.juntadeandalucia.es\/aralmodovar\/files\/2020\/10\/english-at-ara-48x25.png 48w, https:\/\/blogsaverroes.juntadeandalucia.es\/aralmodovar\/files\/2020\/10\/english-at-ara.png 1129w\" sizes=\"(max-width: 300px) 100vw, 300px\" \/><\/a><\/p>\n<p>Otros blogs muy importantes en nuestro centros son los que tienen contenidos de las \u00e1reas que se imparten en ingl\u00e9s, como Science, Art, Music&#8230; Entra en nuestro Bilingual World y elige el curso que te interese:&nbsp;<a href=\"http:\/\/bilingualatara.blogspot.com\/\" target=\"_blank\" rel=\"noopener noreferrer\">http:\/\/bilingualatara.blogspot.com\/<\/a><\/p>\n<p><a href=\"http:\/\/bilingualatara.blogspot.com\/\" target=\"_blank\" rel=\"noopener noreferrer\"><img fetchpriority=\"high\" decoding=\"async\" class=\"aligncenter wp-image-2668 size-medium\" src=\"https:\/\/blogsaverroes.juntadeandalucia.es\/aralmodovar\/files\/2020\/10\/Bilingual-world-300x198.png\" alt=\"\" width=\"300\" height=\"198\" srcset=\"https:\/\/blogsaverroes.juntadeandalucia.es\/aralmodovar\/files\/2020\/10\/Bilingual-world-300x198.png 300w, https:\/\/blogsaverroes.juntadeandalucia.es\/aralmodovar\/files\/2020\/10\/Bilingual-world-1024x675.png 1024w, https:\/\/blogsaverroes.juntadeandalucia.es\/aralmodovar\/files\/2020\/10\/Bilingual-world-768x506.png 768w, https:\/\/blogsaverroes.juntadeandalucia.es\/aralmodovar\/files\/2020\/10\/Bilingual-world-24x16.png 24w, https:\/\/blogsaverroes.juntadeandalucia.es\/aralmodovar\/files\/2020\/10\/Bilingual-world-36x24.png 36w, https:\/\/blogsaverroes.juntadeandalucia.es\/aralmodovar\/files\/2020\/10\/Bilingual-world-48x32.png 48w, https:\/\/blogsaverroes.juntadeandalucia.es\/aralmodovar\/files\/2020\/10\/Bilingual-world.png 1274w\" sizes=\"(max-width: 300px) 100vw, 300px\" \/><\/a><\/p>\n<p>Si tienes prisa, puedes acceder directamente al curso que necesites desde aqu\u00ed:<\/p>\n<p><a href=\"https:\/\/bilingualyear1ara.blogspot.com\/\" target=\"_blank\" rel=\"noopener noreferrer\"><img decoding=\"async\" class=\"aligncenter wp-image-2670 size-medium\" src=\"https:\/\/blogsaverroes.juntadeandalucia.es\/aralmodovar\/files\/2020\/10\/1\u00ba-300x28.png\" alt=\"\" width=\"300\" height=\"28\" srcset=\"https:\/\/blogsaverroes.juntadeandalucia.es\/aralmodovar\/files\/2020\/10\/1\u00ba-300x28.png 300w, https:\/\/blogsaverroes.juntadeandalucia.es\/aralmodovar\/files\/2020\/10\/1\u00ba-1024x95.png 1024w, https:\/\/blogsaverroes.juntadeandalucia.es\/aralmodovar\/files\/2020\/10\/1\u00ba-768x71.png 768w, https:\/\/blogsaverroes.juntadeandalucia.es\/aralmodovar\/files\/2020\/10\/1\u00ba-24x2.png 24w, https:\/\/blogsaverroes.juntadeandalucia.es\/aralmodovar\/files\/2020\/10\/1\u00ba-36x3.png 36w, https:\/\/blogsaverroes.juntadeandalucia.es\/aralmodovar\/files\/2020\/10\/1\u00ba-48x4.png 48w, https:\/\/blogsaverroes.juntadeandalucia.es\/aralmodovar\/files\/2020\/10\/1\u00ba.png 1116w\" sizes=\"(max-width: 300px) 100vw, 300px\" \/><\/a> <a href=\"https:\/\/bilingualyear2ara.blogspot.com\/\" target=\"_blank\" rel=\"noopener noreferrer\"><img loading=\"lazy\" decoding=\"async\" class=\"aligncenter wp-image-2671 size-medium\" src=\"https:\/\/blogsaverroes.juntadeandalucia.es\/aralmodovar\/files\/2020\/10\/2\u00ba-300x28.png\" alt=\"\" width=\"300\" height=\"28\" srcset=\"https:\/\/blogsaverroes.juntadeandalucia.es\/aralmodovar\/files\/2020\/10\/2\u00ba-300x28.png 300w, https:\/\/blogsaverroes.juntadeandalucia.es\/aralmodovar\/files\/2020\/10\/2\u00ba-1024x95.png 1024w, https:\/\/blogsaverroes.juntadeandalucia.es\/aralmodovar\/files\/2020\/10\/2\u00ba-768x71.png 768w, https:\/\/blogsaverroes.juntadeandalucia.es\/aralmodovar\/files\/2020\/10\/2\u00ba-24x2.png 24w, https:\/\/blogsaverroes.juntadeandalucia.es\/aralmodovar\/files\/2020\/10\/2\u00ba-36x3.png 36w, https:\/\/blogsaverroes.juntadeandalucia.es\/aralmodovar\/files\/2020\/10\/2\u00ba-48x4.png 48w, https:\/\/blogsaverroes.juntadeandalucia.es\/aralmodovar\/files\/2020\/10\/2\u00ba.png 1115w\" sizes=\"(max-width: 300px) 100vw, 300px\" \/><\/a><a href=\"https:\/\/bilingualyear3ara.blogspot.com\/\" target=\"_blank\" rel=\"noopener noreferrer\"><img loading=\"lazy\" decoding=\"async\" class=\"aligncenter wp-image-2675 size-medium\" src=\"https:\/\/blogsaverroes.juntadeandalucia.es\/aralmodovar\/files\/2020\/10\/3\u00ba-1-300x20.png\" alt=\"\" width=\"300\" height=\"20\" srcset=\"https:\/\/blogsaverroes.juntadeandalucia.es\/aralmodovar\/files\/2020\/10\/3\u00ba-1-300x20.png 300w, https:\/\/blogsaverroes.juntadeandalucia.es\/aralmodovar\/files\/2020\/10\/3\u00ba-1-1024x68.png 1024w, https:\/\/blogsaverroes.juntadeandalucia.es\/aralmodovar\/files\/2020\/10\/3\u00ba-1-768x51.png 768w, https:\/\/blogsaverroes.juntadeandalucia.es\/aralmodovar\/files\/2020\/10\/3\u00ba-1-24x2.png 24w, https:\/\/blogsaverroes.juntadeandalucia.es\/aralmodovar\/files\/2020\/10\/3\u00ba-1-36x2.png 36w, https:\/\/blogsaverroes.juntadeandalucia.es\/aralmodovar\/files\/2020\/10\/3\u00ba-1-48x3.png 48w, https:\/\/blogsaverroes.juntadeandalucia.es\/aralmodovar\/files\/2020\/10\/3\u00ba-1.png 1518w\" sizes=\"(max-width: 300px) 100vw, 300px\" \/><\/a> <a href=\"https:\/\/bilingualyear4ara.blogspot.com\/\" target=\"_blank\" rel=\"noopener noreferrer\"><img loading=\"lazy\" decoding=\"async\" class=\"aligncenter wp-image-2672 size-medium\" src=\"https:\/\/blogsaverroes.juntadeandalucia.es\/aralmodovar\/files\/2020\/10\/4\u00ba-300x28.png\" alt=\"\" width=\"300\" height=\"28\" srcset=\"https:\/\/blogsaverroes.juntadeandalucia.es\/aralmodovar\/files\/2020\/10\/4\u00ba-300x28.png 300w, https:\/\/blogsaverroes.juntadeandalucia.es\/aralmodovar\/files\/2020\/10\/4\u00ba-1024x95.png 1024w, https:\/\/blogsaverroes.juntadeandalucia.es\/aralmodovar\/files\/2020\/10\/4\u00ba-768x72.png 768w, https:\/\/blogsaverroes.juntadeandalucia.es\/aralmodovar\/files\/2020\/10\/4\u00ba-24x2.png 24w, https:\/\/blogsaverroes.juntadeandalucia.es\/aralmodovar\/files\/2020\/10\/4\u00ba-36x3.png 36w, https:\/\/blogsaverroes.juntadeandalucia.es\/aralmodovar\/files\/2020\/10\/4\u00ba-48x4.png 48w, https:\/\/blogsaverroes.juntadeandalucia.es\/aralmodovar\/files\/2020\/10\/4\u00ba.png 1117w\" sizes=\"(max-width: 300px) 100vw, 300px\" \/><\/a> <a href=\"https:\/\/bilingualyear5ara.blogspot.com\/\" target=\"_blank\" rel=\"noopener noreferrer\"><img loading=\"lazy\" decoding=\"async\" class=\"aligncenter wp-image-2673 size-medium\" src=\"https:\/\/blogsaverroes.juntadeandalucia.es\/aralmodovar\/files\/2020\/10\/5\u00ba-300x28.png\" alt=\"\" width=\"300\" height=\"28\" srcset=\"https:\/\/blogsaverroes.juntadeandalucia.es\/aralmodovar\/files\/2020\/10\/5\u00ba-300x28.png 300w, https:\/\/blogsaverroes.juntadeandalucia.es\/aralmodovar\/files\/2020\/10\/5\u00ba-1024x96.png 1024w, https:\/\/blogsaverroes.juntadeandalucia.es\/aralmodovar\/files\/2020\/10\/5\u00ba-768x72.png 768w, https:\/\/blogsaverroes.juntadeandalucia.es\/aralmodovar\/files\/2020\/10\/5\u00ba-24x2.png 24w, https:\/\/blogsaverroes.juntadeandalucia.es\/aralmodovar\/files\/2020\/10\/5\u00ba-36x3.png 36w, https:\/\/blogsaverroes.juntadeandalucia.es\/aralmodovar\/files\/2020\/10\/5\u00ba-48x4.png 48w, https:\/\/blogsaverroes.juntadeandalucia.es\/aralmodovar\/files\/2020\/10\/5\u00ba.png 1115w\" sizes=\"(max-width: 300px) 100vw, 300px\" \/><\/a> <a href=\"https:\/\/bilingualyear6ara.blogspot.com\/\" target=\"_blank\" rel=\"noopener noreferrer\"><img loading=\"lazy\" decoding=\"async\" class=\"aligncenter wp-image-2669 size-medium\" src=\"https:\/\/blogsaverroes.juntadeandalucia.es\/aralmodovar\/files\/2020\/10\/6\u00ba-300x28.png\" alt=\"\" width=\"300\" height=\"28\" srcset=\"https:\/\/blogsaverroes.juntadeandalucia.es\/aralmodovar\/files\/2020\/10\/6\u00ba-300x28.png 300w, https:\/\/blogsaverroes.juntadeandalucia.es\/aralmodovar\/files\/2020\/10\/6\u00ba-1024x95.png 1024w, https:\/\/blogsaverroes.juntadeandalucia.es\/aralmodovar\/files\/2020\/10\/6\u00ba-768x71.png 768w, https:\/\/blogsaverroes.juntadeandalucia.es\/aralmodovar\/files\/2020\/10\/6\u00ba-24x2.png 24w, https:\/\/blogsaverroes.juntadeandalucia.es\/aralmodovar\/files\/2020\/10\/6\u00ba-36x3.png 36w, https:\/\/blogsaverroes.juntadeandalucia.es\/aralmodovar\/files\/2020\/10\/6\u00ba-48x4.png 48w, https:\/\/blogsaverroes.juntadeandalucia.es\/aralmodovar\/files\/2020\/10\/6\u00ba.png 1113w\" sizes=\"(max-width: 300px) 100vw, 300px\" \/><\/a><\/p>\n<p style=\"text-align: center\"><strong>\u00a1ESPERAMOS QUE OS GUSTEN! \ud83d\ude09&nbsp;<\/strong><\/p>\n","protected":false},"excerpt":{"rendered":"<p>Si haces&nbsp;click en los enlaces siguientes, tendr\u00e1s acceso a los blogs desarrollados por el profesorado que imparte docencia en nuestro centro.&nbsp;En ellos encontrar\u00e1s material did\u00e1ctico&hellip;<\/p>\n","protected":false},"author":1,"featured_media":2146,"parent":0,"menu_order":0,"comment_status":"closed","ping_status":"open","template":"","meta":{"ngg_post_thumbnail":0,"footnotes":"","_mc_calendar":[]},"aioseo_notices":[],"_links":{"self":[{"href":"https:\/\/blogsaverroes.juntadeandalucia.es\/aralmodovar\/wp-json\/wp\/v2\/pages\/141"}],"collection":[{"href":"https:\/\/blogsaverroes.juntadeandalucia.es\/aralmodovar\/wp-json\/wp\/v2\/pages"}],"about":[{"href":"https:\/\/blogsaverroes.juntadeandalucia.es\/aralmodovar\/wp-json\/wp\/v2\/types\/page"}],"author":[{"embeddable":true,"href":"https:\/\/blogsaverroes.juntadeandalucia.es\/aralmodovar\/wp-json\/wp\/v2\/users\/1"}],"replies":[{"embeddable":true,"href":"https:\/\/blogsaverroes.juntadeandalucia.es\/aralmodovar\/wp-json\/wp\/v2\/comments?post=141"}],"version-history":[{"count":23,"href":"https:\/\/blogsaverroes.juntadeandalucia.es\/aralmodovar\/wp-json\/wp\/v2\/pages\/141\/revisions"}],"predecessor-version":[{"id":2680,"href":"https:\/\/blogsaverroes.juntadeandalucia.es\/aralmodovar\/wp-json\/wp\/v2\/pages\/141\/revisions\/2680"}],"wp:featuredmedia":[{"embeddable":true,"href":"https:\/\/blogsaverroes.juntadeandalucia.es\/aralmodovar\/wp-json\/wp\/v2\/media\/2146"}],"wp:attachment":[{"href":"https:\/\/blogsaverroes.juntadeandalucia.es\/aralmodovar\/wp-json\/wp\/v2\/media?parent=141"}],"curies":[{"name":"wp","href":"https:\/\/api.w.org\/{rel}","templated":true}]}}