{"id":2310,"date":"2016-02-08T11:54:57","date_gmt":"2016-02-08T11:54:57","guid":{"rendered":"http:\/\/blogsaverroes.juntadeandalucia.es\/aralmodovar\/?page_id=2310"},"modified":"2018-09-02T09:28:58","modified_gmt":"2018-09-02T09:28:58","slug":"comedor","status":"publish","type":"page","link":"https:\/\/blogsaverroes.juntadeandalucia.es\/aralmodovar\/comedor\/","title":{"rendered":"Comedor Escolar"},"content":{"rendered":"<p>Nuestro Comedor Escolar abre a las 14.00 horas de lunes a viernes, al finalizar el horario lectivo del alumnado. Puede&nbsp;utilizarse&nbsp;cualquier d\u00eda, previa inscripci\u00f3n y domiciliaci\u00f3n bancaria.<\/p>\n<p><a href=\"https:\/\/blogsaverroes.juntadeandalucia.es\/aralmodovar\/files\/2016\/02\/IMG-20160211-WA0016.jpg\"><img fetchpriority=\"high\" decoding=\"async\" class=\"size-medium wp-image-2394 aligncenter\" src=\"https:\/\/blogsaverroes.juntadeandalucia.es\/aralmodovar\/files\/2016\/02\/IMG-20160211-WA0016-300x180.jpg\" alt=\"\" width=\"300\" height=\"180\" srcset=\"https:\/\/blogsaverroes.juntadeandalucia.es\/aralmodovar\/files\/2016\/02\/IMG-20160211-WA0016-300x180.jpg 300w, https:\/\/blogsaverroes.juntadeandalucia.es\/aralmodovar\/files\/2016\/02\/IMG-20160211-WA0016-1024x614.jpg 1024w, https:\/\/blogsaverroes.juntadeandalucia.es\/aralmodovar\/files\/2016\/02\/IMG-20160211-WA0016-700x420.jpg 700w, https:\/\/blogsaverroes.juntadeandalucia.es\/aralmodovar\/files\/2016\/02\/IMG-20160211-WA0016.jpg 1600w\" sizes=\"(max-width: 300px) 100vw, 300px\" \/><\/a><\/p>\n","protected":false},"excerpt":{"rendered":"<p>Nuestro Comedor Escolar abre a las 14.00 horas de lunes a viernes, al finalizar el horario lectivo del alumnado. Puede&nbsp;utilizarse&nbsp;cualquier d\u00eda, previa inscripci\u00f3n y domiciliaci\u00f3n&hellip;<\/p>\n","protected":false},"author":1441,"featured_media":0,"parent":0,"menu_order":0,"comment_status":"open","ping_status":"open","template":"","meta":{"ngg_post_thumbnail":0,"footnotes":"","_mc_calendar":[]},"aioseo_notices":[],"_links":{"self":[{"href":"https:\/\/blogsaverroes.juntadeandalucia.es\/aralmodovar\/wp-json\/wp\/v2\/pages\/2310"}],"collection":[{"href":"https:\/\/blogsaverroes.juntadeandalucia.es\/aralmodovar\/wp-json\/wp\/v2\/pages"}],"about":[{"href":"https:\/\/blogsaverroes.juntadeandalucia.es\/aralmodovar\/wp-json\/wp\/v2\/types\/page"}],"author":[{"embeddable":true,"href":"https:\/\/blogsaverroes.juntadeandalucia.es\/aralmodovar\/wp-json\/wp\/v2\/users\/1441"}],"replies":[{"embeddable":true,"href":"https:\/\/blogsaverroes.juntadeandalucia.es\/aralmodovar\/wp-json\/wp\/v2\/comments?post=2310"}],"version-history":[{"count":4,"href":"https:\/\/blogsaverroes.juntadeandalucia.es\/aralmodovar\/wp-json\/wp\/v2\/pages\/2310\/revisions"}],"predecessor-version":[{"id":2467,"href":"https:\/\/blogsaverroes.juntadeandalucia.es\/aralmodovar\/wp-json\/wp\/v2\/pages\/2310\/revisions\/2467"}],"wp:attachment":[{"href":"https:\/\/blogsaverroes.juntadeandalucia.es\/aralmodovar\/wp-json\/wp\/v2\/media?parent=2310"}],"curies":[{"name":"wp","href":"https:\/\/api.w.org\/{rel}","templated":true}]}}