{"id":2312,"date":"2016-02-08T11:55:33","date_gmt":"2016-02-08T11:55:33","guid":{"rendered":"http:\/\/blogsaverroes.juntadeandalucia.es\/aralmodovar\/?page_id=2312"},"modified":"2018-09-02T09:20:50","modified_gmt":"2018-09-02T09:20:50","slug":"centro","status":"publish","type":"page","link":"https:\/\/blogsaverroes.juntadeandalucia.es\/aralmodovar\/centro\/","title":{"rendered":"Contacta con nosotr@s"},"content":{"rendered":"<p>Para ponerte en contacto con el centro env\u00edanos un correo a la direcci\u00f3n: <a href=\"mailto:41018860.edu@juntadeandalucia.es\">41018860.edu@juntadeandalucia.es<\/a><\/p>\n<p>Tambi\u00e9n puedes dejarnos un comentario m\u00e1s abajo:<\/p>\n","protected":false},"excerpt":{"rendered":"<p>Para ponerte en contacto con el centro env\u00edanos un correo a la direcci\u00f3n: 41018860.edu@juntadeandalucia.es Tambi\u00e9n puedes dejarnos un comentario m\u00e1s abajo:<\/p>\n","protected":false},"author":1441,"featured_media":0,"parent":0,"menu_order":0,"comment_status":"open","ping_status":"open","template":"","meta":{"ngg_post_thumbnail":0,"footnotes":"","_mc_calendar":[]},"aioseo_notices":[],"_links":{"self":[{"href":"https:\/\/blogsaverroes.juntadeandalucia.es\/aralmodovar\/wp-json\/wp\/v2\/pages\/2312"}],"collection":[{"href":"https:\/\/blogsaverroes.juntadeandalucia.es\/aralmodovar\/wp-json\/wp\/v2\/pages"}],"about":[{"href":"https:\/\/blogsaverroes.juntadeandalucia.es\/aralmodovar\/wp-json\/wp\/v2\/types\/page"}],"author":[{"embeddable":true,"href":"https:\/\/blogsaverroes.juntadeandalucia.es\/aralmodovar\/wp-json\/wp\/v2\/users\/1441"}],"replies":[{"embeddable":true,"href":"https:\/\/blogsaverroes.juntadeandalucia.es\/aralmodovar\/wp-json\/wp\/v2\/comments?post=2312"}],"version-history":[{"count":5,"href":"https:\/\/blogsaverroes.juntadeandalucia.es\/aralmodovar\/wp-json\/wp\/v2\/pages\/2312\/revisions"}],"predecessor-version":[{"id":2462,"href":"https:\/\/blogsaverroes.juntadeandalucia.es\/aralmodovar\/wp-json\/wp\/v2\/pages\/2312\/revisions\/2462"}],"wp:attachment":[{"href":"https:\/\/blogsaverroes.juntadeandalucia.es\/aralmodovar\/wp-json\/wp\/v2\/media?parent=2312"}],"curies":[{"name":"wp","href":"https:\/\/api.w.org\/{rel}","templated":true}]}}