{"id":2650,"date":"2020-10-13T10:22:28","date_gmt":"2020-10-13T10:22:28","guid":{"rendered":"http:\/\/blogsaverroes.juntadeandalucia.es\/aralmodovar\/?page_id=2650"},"modified":"2024-11-08T07:54:16","modified_gmt":"2024-11-08T07:54:16","slug":"proyecto-educativo","status":"publish","type":"page","link":"https:\/\/blogsaverroes.juntadeandalucia.es\/aralmodovar\/proyecto-educativo\/","title":{"rendered":"Plan de Centro"},"content":{"rendered":"<p>Pinchando en la imagen tendr\u00e1s acceso a nuestro Plan de Centro. A trav\u00e9s de la infograf\u00eda puedes consultar toda la documentaci\u00f3n que necesites.<\/p>\n<p><a href=\"https:\/\/drive.google.com\/file\/d\/1Ge_Y6lSBfEsSfF_mOewrtVc7dzRy0Cor\/view\"><img decoding=\"async\" class=\"aligncenter wp-image-3225 size-medium\" src=\"https:\/\/blogsaverroes.juntadeandalucia.es\/aralmodovar\/files\/2024\/11\/Plan-de-centro-imagen-300x156.png\" alt=\"\" width=\"300\" height=\"156\" srcset=\"https:\/\/blogsaverroes.juntadeandalucia.es\/aralmodovar\/files\/2024\/11\/Plan-de-centro-imagen-300x156.png 300w, https:\/\/blogsaverroes.juntadeandalucia.es\/aralmodovar\/files\/2024\/11\/Plan-de-centro-imagen.png 680w\" sizes=\"(max-width: 300px) 100vw, 300px\" \/><\/a><\/p>\n<p style=\"text-align: center\">&nbsp;<\/p>\n","protected":false},"excerpt":{"rendered":"<p>Pinchando en la imagen tendr\u00e1s acceso a nuestro Plan de Centro. A trav\u00e9s de la infograf\u00eda puedes consultar toda la documentaci\u00f3n que necesites. &nbsp;<\/p>\n","protected":false},"author":1441,"featured_media":0,"parent":0,"menu_order":0,"comment_status":"closed","ping_status":"closed","template":"","meta":{"ngg_post_thumbnail":0,"footnotes":"","_mc_calendar":[]},"aioseo_notices":[],"_links":{"self":[{"href":"https:\/\/blogsaverroes.juntadeandalucia.es\/aralmodovar\/wp-json\/wp\/v2\/pages\/2650"}],"collection":[{"href":"https:\/\/blogsaverroes.juntadeandalucia.es\/aralmodovar\/wp-json\/wp\/v2\/pages"}],"about":[{"href":"https:\/\/blogsaverroes.juntadeandalucia.es\/aralmodovar\/wp-json\/wp\/v2\/types\/page"}],"author":[{"embeddable":true,"href":"https:\/\/blogsaverroes.juntadeandalucia.es\/aralmodovar\/wp-json\/wp\/v2\/users\/1441"}],"replies":[{"embeddable":true,"href":"https:\/\/blogsaverroes.juntadeandalucia.es\/aralmodovar\/wp-json\/wp\/v2\/comments?post=2650"}],"version-history":[{"count":8,"href":"https:\/\/blogsaverroes.juntadeandalucia.es\/aralmodovar\/wp-json\/wp\/v2\/pages\/2650\/revisions"}],"predecessor-version":[{"id":3226,"href":"https:\/\/blogsaverroes.juntadeandalucia.es\/aralmodovar\/wp-json\/wp\/v2\/pages\/2650\/revisions\/3226"}],"wp:attachment":[{"href":"https:\/\/blogsaverroes.juntadeandalucia.es\/aralmodovar\/wp-json\/wp\/v2\/media?parent=2650"}],"curies":[{"name":"wp","href":"https:\/\/api.w.org\/{rel}","templated":true}]}}