{"id":2973,"date":"2021-08-30T10:24:00","date_gmt":"2021-08-30T10:24:00","guid":{"rendered":"http:\/\/blogsaverroes.juntadeandalucia.es\/aralmodovar\/?page_id=2973"},"modified":"2021-09-03T07:40:57","modified_gmt":"2021-09-03T07:40:57","slug":"servicios","status":"publish","type":"page","link":"https:\/\/blogsaverroes.juntadeandalucia.es\/aralmodovar\/servicios\/","title":{"rendered":"Servicios"},"content":{"rendered":"<p><strong>COMEDOR<\/strong><\/p>\n<p>El servicio de comedor comienza el viernes <span style=\"text-decoration: underline\"><strong>10 de septiembre<\/strong><\/span> en horario de <span style=\"text-decoration: underline\"><strong>14:00 a 16:00<\/strong><\/span>. Habr\u00e1 dos turnos de recogida:<\/p>\n<ul>\n<li>De 14:45 a 15:00<\/li>\n<li>De 15:45 a 16:00<\/li>\n<\/ul>\n<p><strong>AULA MATINAL<\/strong><\/p>\n<p>El servicio de aula matinal comienza el lunes <span style=\"text-decoration: underline\"><strong>13 de septiembre<\/strong><\/span> en horario de <span style=\"text-decoration: underline\"><strong>7:30 a 8:45<\/strong><\/span>.<\/p>\n<p><strong><em><u>LA SOLICITUDES DE BONIFICACI\u00d3N DEBER\u00c1N SER SOLICITADAS POR LAS FAMILIAS A TRAV\u00c9S DE LA SECRETAR\u00cdA VIRTUAL DE LA DELEGACI\u00d3N DE EDUCACI\u00d3N DE LA JUNTA DE ANDALUC\u00cdA en el plazo comprendido entre los d\u00edas 1 y 7 de septiembre.<\/u><\/em><\/strong><\/p>\n<p><a href=\"https:\/\/www.juntadeandalucia.es\/educacion\/secretariavirtual\/accesoTramite\/381\/\">https:\/\/www.juntadeandalucia.es\/educacion\/secretariavirtual\/accesoTramite\/381\/<\/a><\/p>\n","protected":false},"excerpt":{"rendered":"<p>COMEDOR El servicio de comedor comienza el viernes 10 de septiembre en horario de 14:00 a 16:00. Habr\u00e1 dos turnos de recogida: De 14:45 a&hellip;<\/p>\n","protected":false},"author":1441,"featured_media":0,"parent":0,"menu_order":0,"comment_status":"closed","ping_status":"closed","template":"","meta":{"ngg_post_thumbnail":0,"footnotes":"","_mc_calendar":[]},"aioseo_notices":[],"_links":{"self":[{"href":"https:\/\/blogsaverroes.juntadeandalucia.es\/aralmodovar\/wp-json\/wp\/v2\/pages\/2973"}],"collection":[{"href":"https:\/\/blogsaverroes.juntadeandalucia.es\/aralmodovar\/wp-json\/wp\/v2\/pages"}],"about":[{"href":"https:\/\/blogsaverroes.juntadeandalucia.es\/aralmodovar\/wp-json\/wp\/v2\/types\/page"}],"author":[{"embeddable":true,"href":"https:\/\/blogsaverroes.juntadeandalucia.es\/aralmodovar\/wp-json\/wp\/v2\/users\/1441"}],"replies":[{"embeddable":true,"href":"https:\/\/blogsaverroes.juntadeandalucia.es\/aralmodovar\/wp-json\/wp\/v2\/comments?post=2973"}],"version-history":[{"count":3,"href":"https:\/\/blogsaverroes.juntadeandalucia.es\/aralmodovar\/wp-json\/wp\/v2\/pages\/2973\/revisions"}],"predecessor-version":[{"id":2982,"href":"https:\/\/blogsaverroes.juntadeandalucia.es\/aralmodovar\/wp-json\/wp\/v2\/pages\/2973\/revisions\/2982"}],"wp:attachment":[{"href":"https:\/\/blogsaverroes.juntadeandalucia.es\/aralmodovar\/wp-json\/wp\/v2\/media?parent=2973"}],"curies":[{"name":"wp","href":"https:\/\/api.w.org\/{rel}","templated":true}]}}