{"id":2975,"date":"2021-08-30T10:27:33","date_gmt":"2021-08-30T10:27:33","guid":{"rendered":"http:\/\/blogsaverroes.juntadeandalucia.es\/aralmodovar\/?page_id=2975"},"modified":"2021-08-30T10:27:33","modified_gmt":"2021-08-30T10:27:33","slug":"materiales","status":"publish","type":"page","link":"https:\/\/blogsaverroes.juntadeandalucia.es\/aralmodovar\/materiales\/","title":{"rendered":"Materiales"},"content":{"rendered":"<p style=\"text-align: justify\"><strong>LA ENTREGA DE MATERIALES<\/strong> del alumnado se realizar\u00e1 <span style=\"text-decoration: underline\">una vez iniciado el curso<\/span>. Los alumnos y alumnas traer\u00e1n el material de manera escalonada, <span style=\"text-decoration: underline\">seg\u00fan indiquen los tutores\/as<\/span>.<\/p>\n<p style=\"text-align: justify\">El d\u00eda <strong>10 DE SEPTIEMBRE<\/strong>, el alumnado de primaria acudir\u00e1 <strong>SOLO<\/strong> con el estuche completo al centro.<\/p>\n<p style=\"text-align: justify\">El alumnado de 1\u00ba y 2\u00ba de primaria deber\u00e1 traer tambi\u00e9n el libro de E.F, <strong>SIN ABRIR Y SIN EL NOMBRE<\/strong>.<\/p>\n","protected":false},"excerpt":{"rendered":"<p>LA ENTREGA DE MATERIALES del alumnado se realizar\u00e1 una vez iniciado el curso. Los alumnos y alumnas traer\u00e1n el material de manera escalonada, seg\u00fan indiquen&hellip;<\/p>\n","protected":false},"author":1441,"featured_media":0,"parent":0,"menu_order":0,"comment_status":"closed","ping_status":"closed","template":"","meta":{"ngg_post_thumbnail":0,"footnotes":"","_mc_calendar":[]},"aioseo_notices":[],"_links":{"self":[{"href":"https:\/\/blogsaverroes.juntadeandalucia.es\/aralmodovar\/wp-json\/wp\/v2\/pages\/2975"}],"collection":[{"href":"https:\/\/blogsaverroes.juntadeandalucia.es\/aralmodovar\/wp-json\/wp\/v2\/pages"}],"about":[{"href":"https:\/\/blogsaverroes.juntadeandalucia.es\/aralmodovar\/wp-json\/wp\/v2\/types\/page"}],"author":[{"embeddable":true,"href":"https:\/\/blogsaverroes.juntadeandalucia.es\/aralmodovar\/wp-json\/wp\/v2\/users\/1441"}],"replies":[{"embeddable":true,"href":"https:\/\/blogsaverroes.juntadeandalucia.es\/aralmodovar\/wp-json\/wp\/v2\/comments?post=2975"}],"version-history":[{"count":2,"href":"https:\/\/blogsaverroes.juntadeandalucia.es\/aralmodovar\/wp-json\/wp\/v2\/pages\/2975\/revisions"}],"predecessor-version":[{"id":2977,"href":"https:\/\/blogsaverroes.juntadeandalucia.es\/aralmodovar\/wp-json\/wp\/v2\/pages\/2975\/revisions\/2977"}],"wp:attachment":[{"href":"https:\/\/blogsaverroes.juntadeandalucia.es\/aralmodovar\/wp-json\/wp\/v2\/media?parent=2975"}],"curies":[{"name":"wp","href":"https:\/\/api.w.org\/{rel}","templated":true}]}}